{"id":12984,"date":"2022-12-15T16:53:20","date_gmt":"2022-12-15T15:53:20","guid":{"rendered":"https:\/\/bulkgenetics.com\/werbeaktionen\/"},"modified":"2024-08-07T12:29:37","modified_gmt":"2024-08-07T10:29:37","slug":"werbeaktionen","status":"publish","type":"page","link":"https:\/\/bulkgenetics.com\/de\/werbeaktionen\/","title":{"rendered":"\u2b50 Werbeaktionen"},"content":{"rendered":"\n<p><\/p>\n\n\n\n<figure class=\"wp-block-image aligncenter size-full is-resized\"><img loading=\"lazy\" decoding=\"async\" width=\"825\" height=\"275\" src=\"https:\/\/bulkgenetics.com\/wp-content\/uploads\/2022\/12\/free-seeds-bulk.jpg\" alt=\"free-seeds-bulk-genetics\" class=\"wp-image-12921\" style=\"width:619px;height:206px\" srcset=\"https:\/\/bulkgenetics.com\/wp-content\/uploads\/2022\/12\/free-seeds-bulk.jpg 825w, https:\/\/bulkgenetics.com\/wp-content\/uploads\/2022\/12\/free-seeds-bulk-300x100.jpg 300w, https:\/\/bulkgenetics.com\/wp-content\/uploads\/2022\/12\/free-seeds-bulk-768x256.jpg 768w, https:\/\/bulkgenetics.com\/wp-content\/uploads\/2022\/12\/free-seeds-bulk-441x147.jpg 441w, https:\/\/bulkgenetics.com\/wp-content\/uploads\/2022\/12\/free-seeds-bulk-800x267.jpg 800w, https:\/\/bulkgenetics.com\/wp-content\/uploads\/2022\/12\/free-seeds-bulk-150x50.jpg 150w, https:\/\/bulkgenetics.com\/wp-content\/uploads\/2022\/12\/free-seeds-bulk-64x21.jpg 64w\" sizes=\"auto, (max-width: 825px) 100vw, 825px\" \/><figcaption class=\"wp-element-caption\"> <\/figcaption><\/figure>\n\n\n\n<p>Bei Bulk Genetics m\u00f6chten wir Ihnen <strong>kostenlose Marihuanasamen bei allen Ihren Bestellungen<\/strong> anbieten. Genau, egal wie viel Sie kaufen, Sie erhalten immer kostenlose Samen! So k\u00f6nnen Sie exklusive Sorten anbauen und einzigartige Ernten genie\u00dfen!<\/p>\n\n\n\n<p>Au\u00dferdem, wenn Sie eine Bestellung von 100 Euro oder mehr aufgeben, schenken wir Ihnen <strong>10 Samen<\/strong> von <a href=\"https:\/\/bulkgenetics.com\/de\/northern-lights\/\">Northern Lights<\/a>. Ein Geschenk, das es Ihnen erm\u00f6glicht, mit neuen Sorten zu experimentieren und ihre Aromen und Wirkungen zu genie\u00dfen!<\/p>\n\n\n\n<p>Aber das ist noch nicht alles: Wenn Sie eine Bestellung von 200 Euro oder mehr aufgeben, schenken wir Ihnen <strong>30 Samen<\/strong>:<\/p>\n\n\n\n<ul class=\"wp-block-list\">\n<li>10 x <a href=\"https:\/\/bulkgenetics.com\/de\/northern-lights\/\">Northern Lights<\/a><\/li>\n\n\n\n<li>10 x <a href=\"https:\/\/bulkgenetics.com\/de\/forbidden-fruit\/\">Forbidden Fruit<\/a><\/li>\n\n\n\n<li>10 x <a href=\"https:\/\/bulkgenetics.com\/de\/lemon-sherbet\/\">Lemon Sherbet<\/a><\/li>\n<\/ul>\n\n\n\n<p> Ein wahrer Schatz f\u00fcr Marihuana-Liebhaber!<\/p>\n\n\n\n<p>Warten Sie nicht l\u00e4nger und nutzen Sie diese Aktion, solange sie dauert. <strong>Bestellen Sie jetzt und genie\u00dfen Sie Ihre kostenlosen Samen!<\/strong><\/p>\n","protected":false},"excerpt":{"rendered":"<p>Bei Bulk Genetics m\u00f6chten wir Ihnen kostenlose Marihuanasamen bei allen Ihren Bestellungen anbieten. Genau, egal wie viel Sie kaufen, Sie erhalten immer kostenlose Samen! So k\u00f6nnen Sie exklusive Sorten anbauen und einzigartige Ernten genie\u00dfen! Au\u00dferdem, wenn Sie eine Bestellung von 100 Euro oder mehr aufgeben, schenken wir Ihnen 10 Samen von Northern Lights. Ein Geschenk, [&hellip;]<\/p>\n","protected":false},"author":2,"featured_media":0,"parent":0,"menu_order":0,"comment_status":"closed","ping_status":"closed","template":"template-fullwidth.php","meta":{"_acf_changed":false,"inline_featured_image":false,"_uag_custom_page_level_css":"","footnotes":""},"class_list":["post-12984","page","type-page","status-publish","hentry"],"acf":[],"uagb_featured_image_src":{"full":false,"thumbnail":false,"medium":false,"medium_large":false,"large":false,"1536x1536":false,"2048x2048":false,"commercegurus-pdp-large":false,"commercegurus-plp-mobile":false,"cgkit_image_swatch":false,"woocommerce_thumbnail":false,"woocommerce_single":false,"woocommerce_gallery_thumbnail":false,"dgwt-wcas-product-suggestion":false},"uagb_author_info":{"display_name":"\u00c1ngel Flores","author_link":"https:\/\/bulkgenetics.com\/de\/author\/angel\/"},"uagb_comment_info":0,"uagb_excerpt":"Bei Bulk Genetics m\u00f6chten wir Ihnen kostenlose Marihuanasamen bei allen Ihren Bestellungen anbieten. Genau, egal wie viel Sie kaufen, Sie erhalten immer kostenlose Samen! So k\u00f6nnen Sie exklusive Sorten anbauen und einzigartige Ernten genie\u00dfen! Au\u00dferdem, wenn Sie eine Bestellung von 100 Euro oder mehr aufgeben, schenken wir Ihnen 10 Samen von Northern Lights. Ein Geschenk,&hellip;","_links":{"self":[{"href":"https:\/\/bulkgenetics.com\/de\/wp-json\/wp\/v2\/pages\/12984","targetHints":{"allow":["GET"]}}],"collection":[{"href":"https:\/\/bulkgenetics.com\/de\/wp-json\/wp\/v2\/pages"}],"about":[{"href":"https:\/\/bulkgenetics.com\/de\/wp-json\/wp\/v2\/types\/page"}],"author":[{"embeddable":true,"href":"https:\/\/bulkgenetics.com\/de\/wp-json\/wp\/v2\/users\/2"}],"replies":[{"embeddable":true,"href":"https:\/\/bulkgenetics.com\/de\/wp-json\/wp\/v2\/comments?post=12984"}],"version-history":[{"count":0,"href":"https:\/\/bulkgenetics.com\/de\/wp-json\/wp\/v2\/pages\/12984\/revisions"}],"wp:attachment":[{"href":"https:\/\/bulkgenetics.com\/de\/wp-json\/wp\/v2\/media?parent=12984"}],"curies":[{"name":"wp","href":"https:\/\/api.w.org\/{rel}","templated":true}]}}