{"id":14150,"date":"2022-11-17T17:58:25","date_gmt":"2022-11-17T16:58:25","guid":{"rendered":"https:\/\/bulkgenetics.com\/cookies-politik\/"},"modified":"2023-02-02T14:51:32","modified_gmt":"2023-02-02T13:51:32","slug":"cookies-politik","status":"publish","type":"page","link":"https:\/\/bulkgenetics.com\/de\/cookies-politik\/","title":{"rendered":"Cookies-Politik"},"content":{"rendered":"\n<p>Wir sammeln und verwenden Informationen auf dieser Website in \u00dcbereinstimmung mit unserer Datenschutzrichtlinie. Eine der Methoden, mit denen wir Informationen sammeln, ist die Verwendung von &#8220;Cookies&#8221; genannten Technologien. Auf <strong>bulkgenetics.com<\/strong> verwenden wir Cookies f\u00fcr eine Reihe von Dingen.<\/p>\n\n\n\n<h2 class=\"wp-block-heading\">Was ist ein Keks?<\/h2>\n\n\n\n<p>Ein &#8220;Cookie&#8221; ist eine kleine Textdatei, die in Ihrem Browser <em>(z. B. Google Chrome oder Apple Safari)<\/em> gespeichert wird, wenn Sie die meisten Websites besuchen.<\/p>\n\n\n\n<h2 class=\"wp-block-heading\">Akzeptanz von Cookies<\/h2>\n\n\n\n<p>Wenn Sie zum ersten Mal auf diese Website oder Anwendung zugreifen, erscheint ein Warnhinweis, der Sie \u00fcber die Verwendung von Cookies informiert und Ihnen zeigt, wo Sie diese Cookie-Richtlinie einsehen k\u00f6nnen. <\/p>\n\n\n\n<p>Es werden keine Cookies heruntergeladen, solange der Nutzer der Installation von Cookies nicht ausdr\u00fccklich zustimmt. Wenn der Nutzer der Verwendung von Cookies zustimmt, werden diese auf dem Computer oder Ger\u00e4t des Nutzers installiert.<\/p>\n\n\n\n<p>Zus\u00e4tzlich zur Verwendung unserer eigenen Cookies erlauben wir Dritten, Cookies auf Ihrem Ger\u00e4t zu setzen und darauf zuzugreifen.<\/p>\n\n\n\n<h2 class=\"wp-block-heading\">Welche Informationen werden in einem Cookie gespeichert?<\/h2>\n\n\n\n<p>Cookies speichern in der Regel keine sensiblen Informationen \u00fcber Sie, wie Kreditkarten- oder Bankdaten, Fotos oder pers\u00f6nliche Informationen usw. Bei den gespeicherten Daten handelt es sich um technische und statistische Daten, Daten \u00fcber pers\u00f6nliche Pr\u00e4ferenzen, Daten zur Personalisierung von Inhalten usw.<\/p>\n\n\n\n<h2 class=\"wp-block-heading\">Welche Arten von Cookies gibt es?<\/h2>\n\n\n\n<ul class=\"wp-block-list\">\n<li><strong>Technische Cookies<\/strong>: Diese sind die grundlegendsten und erm\u00f6glichen es unter anderem zu wissen, wann ein Mensch oder eine automatisierte Anwendung surft, wann ein anonymer und wann ein registrierter Benutzer surft, grundlegende Aufgaben f\u00fcr den Betrieb jeder dynamischen Website.<\/li>\n\n\n\n<li><strong>Analyse-Cookies<\/strong>: Sie sammeln Informationen \u00fcber die Art des Surfens, die von Ihnen am h\u00e4ufigsten genutzten Bereiche, die aufgerufenen Produkte, die Nutzungsdauer, die Sprache usw.<\/li>\n\n\n\n<li><strong>Werbe-Cookies<\/strong>: Diese zeigen Werbung an, die auf Ihren Surfgewohnheiten, Ihrem Herkunftsland, Ihrer Sprache usw. basiert.<\/li>\n<\/ul>\n\n\n\n<h2 class=\"wp-block-heading\">Von der Verordnung akzeptierte Cookies und ausgenommene Cookies<\/h2>\n\n\n\n<p>Gem\u00e4\u00df der EU-Richtlinie handelt es sich bei den Cookies, f\u00fcr die eine informierte Zustimmung des Nutzers erforderlich ist, um analytische Cookies sowie Werbe- und Partnerschafts-Cookies, mit Ausnahme von technischen Cookies und solchen, die f\u00fcr den Betrieb der Website oder die Erbringung der vom Nutzer ausdr\u00fccklich gew\u00fcnschten Dienstleistungen erforderlich sind.<\/p>\n\n\n\n<h2 class=\"wp-block-heading\">Welche Cookies werden auf dieser Website verwendet?<\/h2>\n\n\n\n<p>Diese Website verwendet eigene und fremde Cookies. Die folgenden Cookies werden auf dieser Website verwendet:<\/p>\n\n\n\n<h3 class=\"has-text-align-center wp-block-heading\" style=\"text-transform:uppercase\">Eigene Cookies<\/h3>\n\n\n\n<p><strong>Login<\/strong>: Login-Cookies erm\u00f6glichen Ihnen die An- und Abmeldung bei Ihrem bulkgenetics.com-Konto.<\/p>\n\n\n\n<p><strong>Personalisierung<\/strong>: Cookies helfen uns, uns zu merken, mit welchen Personen oder Websites Sie interagiert haben, damit wir Ihnen verwandte Inhalte zeigen k\u00f6nnen.<\/p>\n\n\n\n<p><strong>Vorlieben<\/strong>: Cookies erm\u00f6glichen es uns, Ihre Einstellungen und Pr\u00e4ferenzen zu speichern, wie z. B. Ihre bevorzugte Sprache und Datenschutzeinstellungen.<\/p>\n\n\n\n<p><strong>Sicherheit<\/strong>: Wir verwenden Cookies, um Sicherheitsrisiken zu vermeiden. Haupts\u00e4chlich um zu erkennen, wenn jemand versucht, sich in Ihr bulkgenetics.com-Konto zu hacken.<\/p>\n\n\n\n<h3 class=\"has-text-align-center wp-block-heading\" style=\"text-transform:uppercase\">Cookies von Dritten<\/h3>\n\n\n\n<h4 class=\"has-text-align-center wp-block-heading\">Analytische Cookies<\/h4>\n\n\n\n<p>Diese Website nutzt Analysedienste, insbesondere <em>Google Analytics<\/em>, um die Nutzung der Website zu analysieren und die Benutzerfreundlichkeit zu verbessern, aber in keinem Fall werden diese mit Daten in Verbindung gebracht, die den Nutzer identifizieren k\u00f6nnten. Google Analytics ist ein Webanalysedienst, der von Google Inc. Der Nutzer kann <a href=\"https:\/\/policies.google.com\/technologies\/cookies?hl=de\" target=\"_blank\" rel=\"noopener\">hier<\/a> die Art der von Google verwendeten Cookies einsehen.<\/p>\n\n\n\n<h4 class=\"has-text-align-center wp-block-heading\">Cookies f\u00fcr soziale Medien<\/h4>\n\n\n\n<p>Cookies f\u00fcr soziale Medien k\u00f6nnen in Ihrem Browser gespeichert werden, w\u00e4hrend Sie auf bulkgenetics.com surfen, z. B. wenn Sie die Schaltfl\u00e4che zum Teilen von bulkgenetics.com in einem sozialen Netzwerk verwenden.<\/p>\n\n\n\n<p>Nachstehend finden Sie Informationen \u00fcber die Cookies der von dieser Website verwendeten sozialen Netzwerke in deren eigenen Cookie-Richtlinien:<\/p>\n\n\n\n<ul class=\"wp-block-list\">\n<li>Facebook-Cookies, weitere Informationen finden Sie in deren <em><u><a href=\"https:\/\/www.facebook.com\/policies\/cookies\/\" target=\"_blank\" rel=\"noopener\">Cookie-Richtlinie<\/a><\/u><\/em>.<\/li>\n\n\n\n<li>Twitter-Cookies, weitere Informationen finden Sie in deren <a href=\"https:\/\/twitter.com\/privacy\" target=\"_blank\" rel=\"noopener\"><em><u>Cookie-Richtlinie<\/u><\/em><\/a>.<\/li>\n\n\n\n<li>Cookies von Instagram, weitere Informationen finden Sie in deren <a href=\"https:\/\/www.facebook.com\/policies\/cookies\/\" target=\"_blank\" rel=\"noopener\"><em><u>Cookie-Richtlinie<\/u><\/em><\/a>.<\/li>\n\n\n\n<li>Youtube-Cookies, weitere Informationen finden Sie in deren <em><u><a href=\"http:\/\/www.google.com\/intl\/es\/policies\/technologies\/types\/\" target=\"_blank\" rel=\"noopener\">Cookie-Richtlinie<\/a><\/u><\/em>.<\/li>\n\n\n\n<li>Vimeo-Cookies, weitere Informationen finden Sie in deren <em><u><a href=\"https:\/\/vimeo.com\/cookie_policy\" target=\"_blank\" rel=\"noopener\">Cookie-Richtlinie<\/a><\/u><\/em>.<\/li>\n<\/ul>\n\n\n\n<h2 class=\"wp-block-heading\">K\u00f6nnen Cookies gel\u00f6scht werden?<\/h2>\n\n\n\n<p>Ja, und zwar nicht nur l\u00f6schen, sondern auch sperren, entweder allgemein oder f\u00fcr einen bestimmten Bereich.<\/p>\n\n\n\n<p>Um Cookies von einer Website zu l\u00f6schen, sollten Sie in den Einstellungen Ihres Browsers nach den Cookies suchen, die mit der betreffenden Domain verbunden sind, und diese l\u00f6schen.<\/p>\n\n\n\n<ul class=\"wp-block-list\">\n<li>Cookie-Einstellungen f\u00fcr <a href=\"http:\/\/support.google.com\/chrome\/bin\/answer.py?hl=es&amp;answer=95647\" target=\"_blank\" rel=\"noopener\"><em><u>Google Chrome<\/u><\/em><\/a><\/li>\n\n\n\n<li>Cookie-Einstellungen f\u00fcr <a href=\"https:\/\/support.apple.com\/es-es\/HT201265\" target=\"_blank\" rel=\"noopener\"><em><u>Apple Safari<\/u><\/em><\/a><\/li>\n\n\n\n<li>Cookie-Einstellungen f\u00fcr <a href=\"https:\/\/support.microsoft.com\/en-us\/help\/17442\/windows-internet-explorer-delete-manage-cookies#ie=ie-10\" target=\"_blank\" rel=\"noopener\"><em><u>Internet Explorer<\/u><\/em><\/a><\/li>\n\n\n\n<li>Cookie-Einstellungen f\u00fcr <a href=\"https:\/\/support.mozilla.org\/es\/kb\/habilitar-y-deshabilitar-cookies-sitios-web-rastrear-preferencias?redirectlocale=es&amp;redirectslug=habilitar-y-deshabilitar-cookies-que-los-sitios-we\" target=\"_blank\" rel=\"noopener\"><em><u>Mozilla Firefox<\/u><\/em><\/a><em><\/em><\/li>\n<\/ul>\n\n\n\n<h2 class=\"wp-block-heading\">Akzeptanz von Cookies<\/h2>\n\n\n\n<p>Wenn Sie zum ersten Mal auf diese Website oder Anwendung zugreifen, wird eine Warnung angezeigt, die Sie \u00fcber die Verwendung von Cookies informiert und Ihnen zeigt, wo Sie diese Cookie-Richtlinie einsehen k\u00f6nnen. Wenn der Nutzer der Verwendung von Cookies zustimmt, werden diese auf dem Computer oder Ger\u00e4t des Nutzers installiert.<\/p>\n\n\n\n<p>Zus\u00e4tzlich zur Verwendung unserer eigenen Cookies erlauben wir Dritten, Cookies auf Ihrem Computer zu setzen und darauf zuzugreifen. Die Zustimmung zur Verwendung von Cookies durch diese Unternehmen ist mit der Nutzung dieser Website verbunden.<\/p>\n\n\n\n<h2 class=\"wp-block-heading\">Weitere Informationen \u00fcber Cookies<\/h2>\n\n\n\n<p>Sie k\u00f6nnen die von der spanischen Datenschutzbeh\u00f6rde in ihrem <em>&#8220;<\/em><a href=\"https:\/\/www.aepd.es\/sites\/default\/files\/2020-07\/guia-cookies.pdf\" target=\"_blank\" rel=\"noopener\"><em><u>Leitfaden \u00fcber die Verwendung von Cookies&#8221;<\/u><\/em><\/a> ver\u00f6ffentlichte Verordnung \u00fcber Cookies einsehen und weitere Informationen \u00fcber Cookies im Internet erhalten, <a href=\"http:\/\/www.aboutcookies.org\/\" target=\"_blank\" rel=\"noopener\"><em><u>http:\/\/www.aboutcookies.org\/<\/u><\/em><\/a>.<\/p>\n\n\n\n<p>Wenn Sie eine bessere Kontrolle \u00fcber die Installation von Cookies haben m\u00f6chten, k\u00f6nnen Sie Programme oder Add-ons f\u00fcr Ihren Browser installieren, so genannte <em>&#8220;Do Not Track&#8221;<\/em>-Tools, mit denen Sie ausw\u00e4hlen k\u00f6nnen, welche Cookies Sie zulassen m\u00f6chten.<\/p>\n\n\n\n<p>Diese Cookie-Richtlinie wurde zuletzt am 17. November 2022 aktualisiert.<\/p>\n","protected":false},"excerpt":{"rendered":"<p>Wir sammeln und verwenden Informationen auf dieser Website in \u00dcbereinstimmung mit unserer Datenschutzrichtlinie. Eine der Methoden, mit denen wir Informationen sammeln, ist die Verwendung von &#8220;Cookies&#8221; genannten Technologien. Auf bulkgenetics.com verwenden wir Cookies f\u00fcr eine Reihe von Dingen. Was ist ein Keks? Ein &#8220;Cookie&#8221; ist eine kleine Textdatei, die in Ihrem Browser (z. B. Google [&hellip;]<\/p>\n","protected":false},"author":1,"featured_media":0,"parent":0,"menu_order":0,"comment_status":"closed","ping_status":"closed","template":"template-fullwidth-contained.php","meta":{"_acf_changed":false,"inline_featured_image":false,"_uag_custom_page_level_css":"","footnotes":""},"class_list":["post-14150","page","type-page","status-publish","hentry"],"acf":[],"uagb_featured_image_src":{"full":false,"thumbnail":false,"medium":false,"medium_large":false,"large":false,"1536x1536":false,"2048x2048":false,"commercegurus-pdp-large":false,"commercegurus-plp-mobile":false,"cgkit_image_swatch":false,"woocommerce_thumbnail":false,"woocommerce_single":false,"woocommerce_gallery_thumbnail":false,"dgwt-wcas-product-suggestion":false},"uagb_author_info":{"display_name":"Chris","author_link":"https:\/\/bulkgenetics.com\/de\/author\/chriscarter\/"},"uagb_comment_info":0,"uagb_excerpt":"Wir sammeln und verwenden Informationen auf dieser Website in \u00dcbereinstimmung mit unserer Datenschutzrichtlinie. Eine der Methoden, mit denen wir Informationen sammeln, ist die Verwendung von &#8220;Cookies&#8221; genannten Technologien. Auf bulkgenetics.com verwenden wir Cookies f\u00fcr eine Reihe von Dingen. Was ist ein Keks? Ein &#8220;Cookie&#8221; ist eine kleine Textdatei, die in Ihrem Browser (z. B. Google&hellip;","_links":{"self":[{"href":"https:\/\/bulkgenetics.com\/de\/wp-json\/wp\/v2\/pages\/14150","targetHints":{"allow":["GET"]}}],"collection":[{"href":"https:\/\/bulkgenetics.com\/de\/wp-json\/wp\/v2\/pages"}],"about":[{"href":"https:\/\/bulkgenetics.com\/de\/wp-json\/wp\/v2\/types\/page"}],"author":[{"embeddable":true,"href":"https:\/\/bulkgenetics.com\/de\/wp-json\/wp\/v2\/users\/1"}],"replies":[{"embeddable":true,"href":"https:\/\/bulkgenetics.com\/de\/wp-json\/wp\/v2\/comments?post=14150"}],"version-history":[{"count":0,"href":"https:\/\/bulkgenetics.com\/de\/wp-json\/wp\/v2\/pages\/14150\/revisions"}],"wp:attachment":[{"href":"https:\/\/bulkgenetics.com\/de\/wp-json\/wp\/v2\/media?parent=14150"}],"curies":[{"name":"wp","href":"https:\/\/api.w.org\/{rel}","templated":true}]}}