{"id":28532,"date":"2024-09-23T20:00:47","date_gmt":"2024-09-23T18:00:47","guid":{"rendered":"https:\/\/bulkgenetics.com\/?page_id=28532"},"modified":"2024-09-23T23:08:13","modified_gmt":"2024-09-23T21:08:13","slug":"zahlung-per-bankueberweisung","status":"publish","type":"page","link":"https:\/\/bulkgenetics.com\/de\/zahlung-per-bankueberweisung\/","title":{"rendered":"Zahlung per Bank\u00fcberweisung"},"content":{"rendered":"\n<p>Bei Bulk Genetics bieten wir dir die M\u00f6glichkeit, bequem per Bank\u00fcberweisung zu bezahlen. Unten findest du unsere Bankkonten, je nach bevorzugter W\u00e4hrung. Bitte achte darauf, das Konto zu nutzen, das der W\u00e4hrung entspricht, mit der du zahlen m\u00f6chtest.<\/p>\n\n\n\n<div style=\"height:48px\" aria-hidden=\"true\" class=\"wp-block-spacer\"><\/div>\n\n\n\n<hr class=\"wp-block-separator has-alpha-channel-opacity\"\/>\n\n\n\n<div style=\"height:48px\" aria-hidden=\"true\" class=\"wp-block-spacer\"><\/div>\n\n\n\n<h2 class=\"wp-block-heading\">Konten f\u00fcr Zahlungen in Euro (\u20ac) innerhalb der Europ\u00e4ischen Union und SEPA-L\u00e4nder<\/h2>\n\n\n\n<h3 class=\"wp-block-heading\"><strong>Konto 1:<br><\/strong><br><\/h3>\n\n\n\n<ul class=\"wp-block-list\">\n<li><strong>Bank:<\/strong> BBVA<\/li>\n\n\n\n<li><strong>Kontoinhaber:<\/strong> GLOBAL WEB MARKT S.L.<\/li>\n\n\n\n<li><strong>IBAN:<\/strong> ES5801821140320201662159<\/li>\n\n\n\n<li><strong>BIC\/SWIFT:<\/strong> BBVAESMMXXX<\/li>\n\n\n\n<li><strong>Bankadresse:<\/strong><br>Plaza de San Nicolas, 4<br>48005 Bilbao<br>Spanien<\/li>\n<\/ul>\n\n\n\n<div style=\"height:48px\" aria-hidden=\"true\" class=\"wp-block-spacer\"><\/div>\n\n\n\n<h3 class=\"wp-block-heading\"><strong>Konto 2:<\/strong><\/h3>\n\n\n\n<ul class=\"wp-block-list\">\n<li><strong>Bank:<\/strong> BANKING CIRCLE S.A. &#8211; GERMAN BRANCH<\/li>\n\n\n\n<li><strong>Kontoinhaber:<\/strong> GLOBAL WEB MARKT SL<\/li>\n\n\n\n<li><strong>IBAN:<\/strong> DE53202208000027722786<\/li>\n\n\n\n<li><strong>BIC\/SWIFT:<\/strong> SXPYDEHHXXX<\/li>\n\n\n\n<li><strong>Bankadresse:<\/strong><br>Maximilianstra\u00dfe 54<br>80538 M\u00fcnchen<br>Deutschland<\/li>\n<\/ul>\n\n\n\n<div style=\"height:48px\" aria-hidden=\"true\" class=\"wp-block-spacer\"><\/div>\n\n\n\n<h2 class=\"wp-block-heading\">Konto f\u00fcr Zahlungen in Euro (\u20ac) von au\u00dferhalb der Europ\u00e4ischen Union<\/h2>\n\n\n\n<h3 class=\"wp-block-heading\">Konto 3:<\/h3>\n\n\n\n<ul class=\"wp-block-list\">\n<li><strong>Bank:<\/strong> BANKING CIRCLE S.A.<\/li>\n\n\n\n<li><strong>Kontoinhaber:<\/strong> GLOBAL WEB MARKT SL<\/li>\n\n\n\n<li><strong>IBAN:<\/strong> LU834080000027722786<\/li>\n\n\n\n<li><strong>BIC\/SWIFT:<\/strong> BCIRLULLXXX<\/li>\n\n\n\n<li><strong>Bankadresse:<\/strong><br>2 Bd de la Foire<br>1528 Ville-Haute Luxembourg<br>Luxemburg<\/li>\n<\/ul>\n\n\n\n<div style=\"height:48px\" aria-hidden=\"true\" class=\"wp-block-spacer\"><\/div>\n\n\n\n<hr class=\"wp-block-separator has-alpha-channel-opacity\"\/>\n\n\n\n<div style=\"height:48px\" aria-hidden=\"true\" class=\"wp-block-spacer\"><\/div>\n\n\n\n<h2 class=\"wp-block-heading\">Konto f\u00fcr Zahlungen in US-Dollar (USD)<\/h2>\n\n\n\n<h3 class=\"wp-block-heading\"><strong>Konto 4:<\/strong><\/h3>\n\n\n\n<ul class=\"wp-block-list\">\n<li><strong>Bank:<\/strong> BANKING CIRCLE S.A.<\/li>\n\n\n\n<li><strong>Kontoinhaber:<\/strong> GLOBAL WEB MARKT SL<\/li>\n\n\n\n<li><strong>IBAN:<\/strong> LU834080000050979312<\/li>\n\n\n\n<li><strong>BIC\/SWIFT:<\/strong> BCIRLULLXXX<\/li>\n\n\n\n<li><strong>Bankadresse:<\/strong><br>2 Bd de la Foire<br>1528 Ville-Haute Luxembourg<br>Luxemburg<\/li>\n<\/ul>\n\n\n\n<div style=\"height:48px\" aria-hidden=\"true\" class=\"wp-block-spacer\"><\/div>\n\n\n\n<hr class=\"wp-block-separator has-alpha-channel-opacity\"\/>\n\n\n\n<div style=\"height:48px\" aria-hidden=\"true\" class=\"wp-block-spacer\"><\/div>\n\n\n\n<h2 class=\"wp-block-heading\">Konto f\u00fcr Zahlungen in Britischen Pfund (GBP)<\/h2>\n\n\n\n<h3 class=\"wp-block-heading\">Konto 5:<\/h3>\n\n\n\n<ul class=\"wp-block-list\">\n<li><strong>Bank:<\/strong> BANKING CIRCLE S.A.<\/li>\n\n\n\n<li><strong>Kontoinhaber:<\/strong> GLOBAL WEB MARKT SL<\/li>\n\n\n\n<li><strong>IBAN:<\/strong> LU744080000050896636<\/li>\n\n\n\n<li><strong>BIC\/SWIFT:<\/strong> BCIRLULLXXX<\/li>\n\n\n\n<li><strong>Bankadresse:<\/strong><br>2 Bd de la Foire<br>1528 Ville-Haute Luxembourg<br>Luxemburg<\/li>\n<\/ul>\n\n\n\n<div style=\"height:48px\" aria-hidden=\"true\" class=\"wp-block-spacer\"><\/div>\n\n\n\n<hr class=\"wp-block-separator has-alpha-channel-opacity\"\/>\n\n\n\n<div style=\"height:48px\" aria-hidden=\"true\" class=\"wp-block-spacer\"><\/div>\n\n\n\n<h2 class=\"wp-block-heading\">Wichtig<\/h2>\n\n\n\n<p><strong>Bestellreferenz:<\/strong> Bitte gib <strong>ausschlie\u00dflich<\/strong> die Referenz deiner Bestellung im Verwendungszweck der \u00dcberweisung an. Das hilft uns, deine Zahlung schnell zu identifizieren und deine Bestellung ohne Verz\u00f6gerungen zu bearbeiten.<\/p>\n\n\n\n<p><strong>Zahlungsbeleg:<\/strong> Wenn du den Prozess beschleunigen m\u00f6chtest, kannst du den \u00dcberweisungsbeleg an <a href=\"mailto:payments@globalwebmarkt.com\">payments@globalwebmarkt.com<\/a> senden.<\/p>\n\n\n\n<div style=\"height:48px\" aria-hidden=\"true\" class=\"wp-block-spacer\"><\/div>\n\n\n\n<h2 class=\"wp-block-heading\">H\u00e4ufig gestellte Fragen<\/h2>\n\n\n<div class=\"wp-block-uagb-faq uagb-faq__outer-wrap uagb-block-983e4e4b uagb-faq-icon-row uagb-faq-layout-accordion uagb-faq-expand-first-true uagb-faq-inactive-other-true uagb-faq__wrap uagb-buttons-layout-wrap uagb-faq-equal-height     \" data-faqtoggle=\"true\" role=\"tablist\"><div class=\"wp-block-uagb-faq-child uagb-faq-child__outer-wrap uagb-faq-item uagb-block-99739612 \" role=\"tab\" tabindex=\"0\"><div class=\"uagb-faq-questions-button uagb-faq-questions\">\t\t\t<span class=\"uagb-icon uagb-faq-icon-wrap\">\n\t\t\t\t\t\t\t\t<svg xmlns=\"https:\/\/www.w3.org\/2000\/svg\" viewBox= \"0 0 448 512\"><path d=\"M432 256c0 17.69-14.33 32.01-32 32.01H256v144c0 17.69-14.33 31.99-32 31.99s-32-14.3-32-31.99v-144H48c-17.67 0-32-14.32-32-32.01s14.33-31.99 32-31.99H192v-144c0-17.69 14.33-32.01 32-32.01s32 14.32 32 32.01v144h144C417.7 224 432 238.3 432 256z\"><\/path><\/svg>\n\t\t\t\t\t\t\t<\/span>\n\t\t\t\t\t\t<span class=\"uagb-icon-active uagb-faq-icon-wrap\">\n\t\t\t\t\t\t\t\t<svg xmlns=\"https:\/\/www.w3.org\/2000\/svg\" viewBox= \"0 0 448 512\"><path d=\"M400 288h-352c-17.69 0-32-14.32-32-32.01s14.31-31.99 32-31.99h352c17.69 0 32 14.3 32 31.99S417.7 288 400 288z\"><\/path><\/svg>\n\t\t\t\t\t\t\t<\/span>\n\t\t\t<span class=\"uagb-question\"><strong>Wie lange dauern internationale \u00dcberweisungen, bis sie ankommen?<\/strong><\/span><\/div><div class=\"uagb-faq-content\"><p>Internationale \u00dcberweisungen von au\u00dferhalb der Europ\u00e4ischen Union k\u00f6nnen bis zu <strong>5 Werktage<\/strong> dauern, bis sie auf unserem Bankkonto eintreffen. Bitte ber\u00fccksichtige diese zus\u00e4tzliche Zeit bei deiner Zahlung, um Verz\u00f6gerungen bei der Bearbeitung deiner Bestellung zu vermeiden.<\/p><\/div><\/div><div class=\"wp-block-uagb-faq-child uagb-faq-child__outer-wrap uagb-faq-item uagb-block-b186b743 \" role=\"tab\" tabindex=\"0\"><div class=\"uagb-faq-questions-button uagb-faq-questions\">\t\t\t<span class=\"uagb-icon uagb-faq-icon-wrap\">\n\t\t\t\t\t\t\t\t<svg xmlns=\"https:\/\/www.w3.org\/2000\/svg\" viewBox= \"0 0 448 512\"><path d=\"M432 256c0 17.69-14.33 32.01-32 32.01H256v144c0 17.69-14.33 31.99-32 31.99s-32-14.3-32-31.99v-144H48c-17.67 0-32-14.32-32-32.01s14.33-31.99 32-31.99H192v-144c0-17.69 14.33-32.01 32-32.01s32 14.32 32 32.01v144h144C417.7 224 432 238.3 432 256z\"><\/path><\/svg>\n\t\t\t\t\t\t\t<\/span>\n\t\t\t\t\t\t<span class=\"uagb-icon-active uagb-faq-icon-wrap\">\n\t\t\t\t\t\t\t\t<svg xmlns=\"https:\/\/www.w3.org\/2000\/svg\" viewBox= \"0 0 448 512\"><path d=\"M400 288h-352c-17.69 0-32-14.32-32-32.01s14.31-31.99 32-31.99h352c17.69 0 32 14.3 32 31.99S417.7 288 400 288z\"><\/path><\/svg>\n\t\t\t\t\t\t\t<\/span>\n\t\t\t<span class=\"uagb-question\"><strong>Gibt es zus\u00e4tzliche Geb\u00fchren f\u00fcr eine internationale \u00dcberweisung?<\/strong><\/span><\/div><div class=\"uagb-faq-content\"><p>Je nach deiner Bank und dem Land, aus dem du die \u00dcberweisung t\u00e4tigst, k\u00f6nnen zus\u00e4tzliche Geb\u00fchren anfallen. Stelle sicher, dass du alle Geb\u00fchren \u00fcbernimmst, die deine Bank erheben k\u00f6nnte, damit wir den exakten Betrag deiner Bestellung erhalten.<\/p><\/div><\/div><div class=\"wp-block-uagb-faq-child uagb-faq-child__outer-wrap uagb-faq-item uagb-block-9277976c \" role=\"tab\" tabindex=\"0\"><div class=\"uagb-faq-questions-button uagb-faq-questions\">\t\t\t<span class=\"uagb-icon uagb-faq-icon-wrap\">\n\t\t\t\t\t\t\t\t<svg xmlns=\"https:\/\/www.w3.org\/2000\/svg\" viewBox= \"0 0 448 512\"><path d=\"M432 256c0 17.69-14.33 32.01-32 32.01H256v144c0 17.69-14.33 31.99-32 31.99s-32-14.3-32-31.99v-144H48c-17.67 0-32-14.32-32-32.01s14.33-31.99 32-31.99H192v-144c0-17.69 14.33-32.01 32-32.01s32 14.32 32 32.01v144h144C417.7 224 432 238.3 432 256z\"><\/path><\/svg>\n\t\t\t\t\t\t\t<\/span>\n\t\t\t\t\t\t<span class=\"uagb-icon-active uagb-faq-icon-wrap\">\n\t\t\t\t\t\t\t\t<svg xmlns=\"https:\/\/www.w3.org\/2000\/svg\" viewBox= \"0 0 448 512\"><path d=\"M400 288h-352c-17.69 0-32-14.32-32-32.01s14.31-31.99 32-31.99h352c17.69 0 32 14.3 32 31.99S417.7 288 400 288z\"><\/path><\/svg>\n\t\t\t\t\t\t\t<\/span>\n\t\t\t<span class=\"uagb-question\"><strong>Was passiert, wenn ich die Bestellreferenz nicht im Verwendungszweck der \u00dcberweisung angebe?<\/strong><\/span><\/div><div class=\"uagb-faq-content\"><p>Wenn du die Referenz deiner Bestellung nicht im Verwendungszweck angibst, kann es zu Verz\u00f6gerungen bei der Identifizierung deiner Zahlung und somit bei der Bearbeitung deiner Bestellung kommen. Daher ist es essenziell, dass du <strong>nur<\/strong> die Bestellreferenz angibst.<\/p><\/div><\/div><div class=\"wp-block-uagb-faq-child uagb-faq-child__outer-wrap uagb-faq-item uagb-block-e24dd79b \" role=\"tab\" tabindex=\"0\"><div class=\"uagb-faq-questions-button uagb-faq-questions\">\t\t\t<span class=\"uagb-icon uagb-faq-icon-wrap\">\n\t\t\t\t\t\t\t\t<svg xmlns=\"https:\/\/www.w3.org\/2000\/svg\" viewBox= \"0 0 448 512\"><path d=\"M432 256c0 17.69-14.33 32.01-32 32.01H256v144c0 17.69-14.33 31.99-32 31.99s-32-14.3-32-31.99v-144H48c-17.67 0-32-14.32-32-32.01s14.33-31.99 32-31.99H192v-144c0-17.69 14.33-32.01 32-32.01s32 14.32 32 32.01v144h144C417.7 224 432 238.3 432 256z\"><\/path><\/svg>\n\t\t\t\t\t\t\t<\/span>\n\t\t\t\t\t\t<span class=\"uagb-icon-active uagb-faq-icon-wrap\">\n\t\t\t\t\t\t\t\t<svg xmlns=\"https:\/\/www.w3.org\/2000\/svg\" viewBox= \"0 0 448 512\"><path d=\"M400 288h-352c-17.69 0-32-14.32-32-32.01s14.31-31.99 32-31.99h352c17.69 0 32 14.3 32 31.99S417.7 288 400 288z\"><\/path><\/svg>\n\t\t\t\t\t\t\t<\/span>\n\t\t\t<span class=\"uagb-question\"><strong>Kann ich den Zahlungsbeleg senden, um den Prozess zu beschleunigen?<\/strong><\/span><\/div><div class=\"uagb-faq-content\"><p>Ja, du kannst den Beleg deiner \u00dcberweisung an <strong><a href=\"mailto:payments@globalwebmarkt.com\">payments@globalwebmarkt.com<\/a><\/strong> senden. Das hilft uns, deine Zahlung schneller zu verifizieren und deine Bestellung ohne Verz\u00f6gerungen zu bearbeiten.<\/p><\/div><\/div><div class=\"wp-block-uagb-faq-child uagb-faq-child__outer-wrap uagb-faq-item uagb-block-a288350f \" role=\"tab\" tabindex=\"0\"><div class=\"uagb-faq-questions-button uagb-faq-questions\">\t\t\t<span class=\"uagb-icon uagb-faq-icon-wrap\">\n\t\t\t\t\t\t\t\t<svg xmlns=\"https:\/\/www.w3.org\/2000\/svg\" viewBox= \"0 0 448 512\"><path d=\"M432 256c0 17.69-14.33 32.01-32 32.01H256v144c0 17.69-14.33 31.99-32 31.99s-32-14.3-32-31.99v-144H48c-17.67 0-32-14.32-32-32.01s14.33-31.99 32-31.99H192v-144c0-17.69 14.33-32.01 32-32.01s32 14.32 32 32.01v144h144C417.7 224 432 238.3 432 256z\"><\/path><\/svg>\n\t\t\t\t\t\t\t<\/span>\n\t\t\t\t\t\t<span class=\"uagb-icon-active uagb-faq-icon-wrap\">\n\t\t\t\t\t\t\t\t<svg xmlns=\"https:\/\/www.w3.org\/2000\/svg\" viewBox= \"0 0 448 512\"><path d=\"M400 288h-352c-17.69 0-32-14.32-32-32.01s14.31-31.99 32-31.99h352c17.69 0 32 14.3 32 31.99S417.7 288 400 288z\"><\/path><\/svg>\n\t\t\t\t\t\t\t<\/span>\n\t\t\t<span class=\"uagb-question\"><strong>Welche L\u00e4nder geh\u00f6ren zur Europ\u00e4ischen Union (EU) und zur SEPA-Zone?<\/strong><\/span><\/div><div class=\"uagb-faq-content\"><p>Die Europ\u00e4ische Union besteht aus folgenden L\u00e4ndern: Deutschland, \u00d6sterreich, Belgien, Bulgarien, Kroatien, Zypern, D\u00e4nemark, Slowakei, Slowenien, Spanien, Estland, Finnland, Frankreich, Griechenland, Ungarn, Irland, Italien, Lettland, Litauen, Luxemburg, Malta, Niederlande, Polen, Portugal, Tschechien, Rum\u00e4nien und Schweden. Alle diese L\u00e4nder sind Teil der SEPA-Zone (Einheitlicher Euro-Zahlungsverkehrsraum), die schnelle und effiziente Euro-\u00dcberweisungen erm\u00f6glicht. Zus\u00e4tzlich zu den EU-L\u00e4ndern umfasst die SEPA-Zone folgende L\u00e4nder: Andorra, Vatikanstadt, Island, Liechtenstein, Monaco, Norwegen, Vereinigtes K\u00f6nigreich, San Marino und Schweiz.<br><br>\u00dcberweisungen aus diesen L\u00e4ndern k\u00f6nnen sofort oder innerhalb von 1 bis 2 Werktagen ankommen. Die Geb\u00fchren sind in der Regel sehr niedrig oder in einigen F\u00e4llen sogar kostenlos, abh\u00e4ngig von den Konditionen deiner Bank.<\/p><\/div><\/div><\/div>\n\n\n<div style=\"height:48px\" aria-hidden=\"true\" class=\"wp-block-spacer\"><\/div>\n\n\n\n<h2 class=\"wp-block-heading\">Hinweis<\/h2>\n\n\n\n<p><strong>Bearbeitungszeit:<\/strong> \u00dcberweisungen innerhalb der Europ\u00e4ischen Union und der SEPA-Zone werden normalerweise innerhalb von <strong>1 bis 2 Werktagen<\/strong> auf unserem Konto gutgeschrieben. Internationale \u00dcberweisungen k\u00f6nnen bis zu <strong>5 Werktage<\/strong> dauern.<\/p>\n\n\n\n<p><strong>Bankgeb\u00fchren:<\/strong> Bitte stelle sicher, dass du alle Geb\u00fchren abdeckst, die deine Bank erheben k\u00f6nnte, damit wir den exakten Betrag deiner Bestellung erhalten.<\/p>\n\n\n\n<div style=\"height:48px\" aria-hidden=\"true\" class=\"wp-block-spacer\"><\/div>\n","protected":false},"excerpt":{"rendered":"<p>Bei Bulk Genetics bieten wir dir die M\u00f6glichkeit, bequem per Bank\u00fcberweisung zu bezahlen. Unten findest du unsere Bankkonten, je nach bevorzugter W\u00e4hrung. Bitte achte darauf, das Konto zu nutzen, das der W\u00e4hrung entspricht, mit der du zahlen m\u00f6chtest. Konten f\u00fcr Zahlungen in Euro (\u20ac) innerhalb der Europ\u00e4ischen Union und SEPA-L\u00e4nder Konto 1: Konto 2: Konto [&hellip;]<\/p>\n","protected":false},"author":1,"featured_media":0,"parent":0,"menu_order":0,"comment_status":"closed","ping_status":"closed","template":"template-fullwidth.php","meta":{"_acf_changed":false,"inline_featured_image":false,"_uag_custom_page_level_css":"","footnotes":""},"class_list":["post-28532","page","type-page","status-publish","hentry"],"acf":[],"uagb_featured_image_src":{"full":false,"thumbnail":false,"medium":false,"medium_large":false,"large":false,"1536x1536":false,"2048x2048":false,"commercegurus-pdp-large":false,"commercegurus-plp-mobile":false,"cgkit_image_swatch":false,"woocommerce_thumbnail":false,"woocommerce_single":false,"woocommerce_gallery_thumbnail":false,"dgwt-wcas-product-suggestion":false},"uagb_author_info":{"display_name":"Chris","author_link":"https:\/\/bulkgenetics.com\/de\/author\/chriscarter\/"},"uagb_comment_info":0,"uagb_excerpt":"Bei Bulk Genetics bieten wir dir die M\u00f6glichkeit, bequem per Bank\u00fcberweisung zu bezahlen. Unten findest du unsere Bankkonten, je nach bevorzugter W\u00e4hrung. Bitte achte darauf, das Konto zu nutzen, das der W\u00e4hrung entspricht, mit der du zahlen m\u00f6chtest. Konten f\u00fcr Zahlungen in Euro (\u20ac) innerhalb der Europ\u00e4ischen Union und SEPA-L\u00e4nder Konto 1: Konto 2: Konto&hellip;","_links":{"self":[{"href":"https:\/\/bulkgenetics.com\/de\/wp-json\/wp\/v2\/pages\/28532","targetHints":{"allow":["GET"]}}],"collection":[{"href":"https:\/\/bulkgenetics.com\/de\/wp-json\/wp\/v2\/pages"}],"about":[{"href":"https:\/\/bulkgenetics.com\/de\/wp-json\/wp\/v2\/types\/page"}],"author":[{"embeddable":true,"href":"https:\/\/bulkgenetics.com\/de\/wp-json\/wp\/v2\/users\/1"}],"replies":[{"embeddable":true,"href":"https:\/\/bulkgenetics.com\/de\/wp-json\/wp\/v2\/comments?post=28532"}],"version-history":[{"count":0,"href":"https:\/\/bulkgenetics.com\/de\/wp-json\/wp\/v2\/pages\/28532\/revisions"}],"wp:attachment":[{"href":"https:\/\/bulkgenetics.com\/de\/wp-json\/wp\/v2\/media?parent=28532"}],"curies":[{"name":"wp","href":"https:\/\/api.w.org\/{rel}","templated":true}]}}