{"id":9343,"date":"2022-09-05T19:34:09","date_gmt":"2022-09-05T17:34:09","guid":{"rendered":"https:\/\/www.bulkgenetics.com\/datenschutzrichtlinie\/"},"modified":"2022-11-10T15:54:15","modified_gmt":"2022-11-10T14:54:15","slug":"datenschutzrichtlinie","status":"publish","type":"page","link":"https:\/\/bulkgenetics.com\/de\/datenschutzrichtlinie\/","title":{"rendered":"Datenschutzrichtlinie"},"content":{"rendered":"\n<p>Was wir mit deinen pers\u00f6nlichen Daten auf dieser Website machen und was nicht, kannst du hier nachlesen.<\/p>\n\n<p>Diese Richtlinie legt fest, wie die pers\u00f6nlichen Daten aller Personen, die \u00fcber diese Website mit BULK GENETICS in Kontakt treten, behandelt und gesch\u00fctzt werden. Bitte lies alle Abschnitte des rechtlichen Hinweises, der Cookie-Richtlinie und dieser Datenschutzrichtlinie, bevor du diese Website nutzt.<\/p>\n\n<p>In \u00dcbereinstimmung mit den Bestimmungen der Verordnung (EU) 2016\/679 des Europ\u00e4ischen Parlaments und des Rates vom 27. April 2016 (RGPD) und dem Organgesetz 3\/2018 vom 5. Dezember \u00fcber den Schutz personenbezogener Daten und die Gew\u00e4hrleistung digitaler Rechte informiert dich Global Web Market SL, dass du mit der Annahme dieser Datenschutzrichtlinie deine ausdr\u00fcckliche, informierte, freie und unmissverst\u00e4ndliche Zustimmung zu den von dir bereitgestellten Daten gibst und zu den Sicherheits-, technischen und organisatorischen Ma\u00dfnahmen, die in der geltenden Gesetzgebung vorgesehen sind, Du gibst deine ausdr\u00fcckliche, informierte, freie und unmissverst\u00e4ndliche Zustimmung, dass die von dir bereitgestellten Daten, auf die die in den geltenden Vorschriften vorgesehenen Sicherheits-, technischen und organisatorischen Ma\u00dfnahmen angewendet werden, von Global Web Market SL als Datenverantwortlichem verarbeitet werden.<\/p>\n\n<h2 class=\"wp-block-heading\">Wer ist f\u00fcr diese Website verantwortlich?<\/h2>\n\n<ul class=\"wp-block-list\"><li><strong>Identit\u00e4t des Verantwortlichen:<\/strong> Global Web Market SL<\/li><li><strong>Handelsname:<\/strong> BULK GENETICS<\/li><li><strong>NIF\/CIF:<\/strong> {NIF\/CIF-Nummer angeben}<\/li><li><strong>Adresse:<\/strong> Calle Gandia, 2 local 12 &#8211; 03509 Finestrat (Alicante) Spanien<\/li><li><strong>E-Mail:<\/strong> info@bulkgenetics.com<\/li><li><strong>T\u00e4tigkeit:<\/strong> Verkauf von Saatgut<\/li><li><strong>Kontaktdaten des f\u00fcr die Datenverarbeitung Verantwortlichen oder Vertreters und<\/strong> ggf. <strong>des Datenschutzbeauftragten<\/strong>: Postanschrift, E-Mail-Adresse oder URL, die auf ein elektronisches Kontaktformular verweist, Telefonnummer.<\/li><li><strong>Eingetragen im Handelsregister<\/strong> von (falls zutreffend) {Stadt angeben}, in Band {Band angeben}, Buch {Buch angeben}, Folio {Folio angeben} und Seite {Seite angeben}, am {Datum tt-mm-jjjj angeben}.<\/li><\/ul>\n\n<h2 class=\"wp-block-heading\">Welche pers\u00f6nlichen Daten werden auf dieser Website gesammelt?<\/h2>\n\n<p>F\u00fcr die in dieser Datenschutzerkl\u00e4rung dargelegten Zwecke erhebt und verarbeitet BULK GENETICS die unten aufgef\u00fchrten personenbezogenen Daten, die von den verschiedenen Produkten oder Dienstleistungen abh\u00e4ngen, die du auf dieser Website anforderst:<\/p>\n\n<p><strong>Identifizierungsdaten:<\/strong> Name, Nachname, Vorname.<\/p>\n\n<p><strong>Kontaktinformationen<\/strong>: Postanschrift, E-Mail-Adresse, Handynummer.<\/p>\n\n<p><strong>Vertragsdaten:<\/strong> Daten \u00fcber vertragliche Transaktionen, DNI, gekaufte Produkte und Dienstleistungen, finanzielle Transaktionen, Zahlungsdaten.<\/p>\n\n<p><strong>Browsing-Daten<\/strong>: IP-Adresse, Art und Identifikation des Ger\u00e4ts, Art des Browsers, Domain, \u00fcber die du auf die Website zugreifst, Browsing-Daten, Aktivit\u00e4t auf der Website.<\/p>\n\n<h2 class=\"wp-block-heading\">Auf welcher Rechtsgrundlage werden diese Daten verarbeitet?<\/h2>\n\n<p>Wir verarbeiten deine personenbezogenen Daten auf den folgenden Rechtsgrundlagen:<\/p>\n\n<ul class=\"wp-block-list\"><li><strong>Die Ausf\u00fchrung eines Vertrags mit BULK <\/strong>GENETICS<strong>, <\/strong>um Dienstleistungen zu beauftragen, Anzeigen zu ver\u00f6ffentlichen und die angeforderten Dienstleistungen zu verwalten.<\/li><\/ul>\n\n<ul class=\"wp-block-list\"><li>Die <strong>Zustimmung<\/strong> der Nutzerin\/des Nutzers in Bezug auf die Kontaktaufnahme, das Abonnement von Inhalten und die Zusendung von kommerziellen Mitteilungen per E-Mail, Cookies oder Nachrichtensystem.<\/li><\/ul>\n\n<ul class=\"wp-block-list\"><li><strong>Das berechtigte Interesse<\/strong> des Datenverantwortlichen, die Nutzer der BULK GENETICS Website vor Missbrauch und Betrug bei der Nutzung unserer Dienste zu sch\u00fctzen.<\/li><\/ul>\n\n<h2 class=\"wp-block-heading\">Zu welchen Zwecken werden wir deine Daten verarbeiten?<\/h2>\n\n<p>Auf dieser Website gibt es verschiedene Formulare, in denen die gesammelten Informationen auf folgende Weise verwendet werden:<\/p>\n\n<p><strong>Formulare f\u00fcr Inhaltsabonnements: <\/strong>Es gibt mehrere Formulare, um das Abonnement zu aktivieren. Die angegebenen Daten werden ausschlie\u00dflich f\u00fcr den Versand des Newsletters verwendet, um dich \u00fcber Neuigkeiten und Sonderangebote auf dem Laufenden zu halten, die ausschlie\u00dflich f\u00fcr Abonnenten von bulkgenetics.com bestimmt sind.<\/p>\n\n<p><strong>Kommentare\/Feedback-Formular<\/strong>: Die pers\u00f6nlichen Daten, die du in das Formular zum Einf\u00fcgen dieser Kommentare\/Meinungen eingibst, werden ausschlie\u00dflich f\u00fcr die Moderation und Ver\u00f6ffentlichung der Kommentare\/Meinungen verwendet.<\/p>\n\n<p><strong>Kontaktformular:<\/strong> Es gibt auch ein Kontaktformular f\u00fcr Fragen, Anregungen oder beruflichen Kontakt. In diesem Fall wird die E-Mail-Adresse verwendet, um auf diese zu antworten und um die Informationen, die der\/die Nutzer\/in ben\u00f6tigt, \u00fcber die Website zu versenden.<\/p>\n\n<p><strong>Registrierungsformular:<\/strong> In diesem Fall bitten wir dich um die folgenden pers\u00f6nlichen Daten: Name, E-Mail, damit du ein Konto in unserem System erstellen und Zugang zu den Funktionen erhalten kannst.<\/p>\n\n<p><strong>Verkaufsformular<\/strong>: Ich verarbeite auch Daten, um den Kauf von Cannabis-Sativa-Samen zu verwalten, einschlie\u00dflich der Verwaltung der Bestellung, der Zahlung und aller Vorg\u00e4nge im Zusammenhang mit dem Abschluss des gew\u00e4hlten Dienstes oder Produkts. Dazu geh\u00f6rt das Versenden von Follow-up-E-Mails, Antworten, Rechnungen, Quittungen usw.<\/p>\n\n<p><strong>Formular f\u00fcr hohe Affiliates<\/strong>: Wir fragen die Daten der Affiliates ab, einschlie\u00dflich der Zahlungsdaten, um die Registrierung der Affiliates zu verwalten und die entsprechenden Provisionen abzurechnen.<\/p>\n\n<h2 class=\"wp-block-heading\">Aufbewahrungsfrist f\u00fcr personenbezogene Daten<\/h2>\n\n<p><strong>Kundendaten:<\/strong> Die Dauer der Aufbewahrung personenbezogener Daten h\u00e4ngt von der Dienstleistung ab, die der Kunde in Anspruch nimmt. In jedem Fall muss es sich um das notwendige Minimum handeln und kann bis zu einem gewissen Grad beibehalten werden:<\/p>\n\n<p>&#8211; 4 Jahre: Gesetz \u00fcber Straftaten und Strafen in der Sozialordnung (Verpflichtungen in Bezug auf Mitgliedschaft, An- und Abmeldungen, Beitr\u00e4ge, Gehaltszahlungen&#8230;); Art. 66 ff. Allgemeines Steuerrecht (Gesch\u00e4ftsb\u00fccher&#8230;).<\/p>\n\n<p>&#8211; 5 Jahre: Art. 1964 des Zivilgesetzbuchs (pers\u00f6nliche Klagen ohne besondere Frist).<\/p>\n\n<p>&#8211; 6 Jahre: Art. 30 des Handelsgesetzbuchs (Gesch\u00e4ftsb\u00fccher, Rechnungen&#8230;).<\/p>\n\n<p>&#8211; 10 Jahre: Art. 25 des Gesetzes zur Verhinderung von Geldw\u00e4sche und Terrorismusfinanzierung.<\/p>\n\n<p><strong>Abonnentendaten<\/strong>: Vom Zeitpunkt der Anmeldung bis zur Abmeldung des Nutzers.<\/p>\n\n<p><strong>Daten potenzieller Kunden<\/strong>: Die Daten werden in jedem Fall f\u00fcr die Dauer der aufgenommenen Gesch\u00e4ftsbeziehung und nach deren Beendigung f\u00fcr zwei Jahre aufbewahrt, es sei denn, der\/die Nutzer\/in beantragt vorher ihre L\u00f6schung.<\/p>\n\n<h2 class=\"wp-block-heading\">Welche Rechte hast du in Bezug auf die Verwendung deiner Daten?<\/h2>\n\n<p>Jede Person hat das Recht, eine Best\u00e4tigung dar\u00fcber zu erhalten, ob BULK GENETICS sie betreffende personenbezogene Daten verarbeitet oder nicht.<\/p>\n\n<p>Interessierte Personen haben das Recht auf:<\/p>\n\n<ul class=\"wp-block-list\"><li>Zugang zu den personenbezogenen Daten der betroffenen Person beantragen.<\/li><li>die Berichtigung oder L\u00f6schung der Daten zu verlangen.<\/li><li>Beantrage seine L\u00f6schung.<\/li><li>die Einschr\u00e4nkung ihrer Verarbeitung beantragen.<\/li><li>Entgegengesetzte Behandlung.<\/li><li>Beantrage Daten\u00fcbertragbarkeit.<\/li><\/ul>\n\n<p>Wenn du deine Einwilligung f\u00fcr einen bestimmten Zweck gegeben hast, hast du das Recht, deine Einwilligung jederzeit zu widerrufen, ohne dass die Rechtm\u00e4\u00dfigkeit der Verarbeitung, die auf deiner Einwilligung vor dem Widerruf beruht, ber\u00fchrt wird.<\/p>\n\n<p>Wenn du das Gef\u00fchl hast, dass deine Rechte in Bezug auf den Schutz deiner personenbezogenen Daten verletzt wurden, insbesondere wenn du bei der Aus\u00fcbung deiner Rechte keine Genugtuung erhalten hast, kannst du \u00fcber die Website der zust\u00e4ndigen Datenschutzaufsichtsbeh\u00f6rde eine Beschwerde einreichen:  <a href=\"https:\/\/www.aepd.es\/es\" target=\"_blank\" rel=\"noopener\"><em><u>https:\/\/www.aepd.es\/es<\/u><\/em><\/a><\/p>\n\n<p>Um diese Rechte auszu\u00fcben, schreibe bitte an <a href=\"mailto:info@bulkgenetics.com\">info@bulkgenetics.com.<\/a><\/p>\n\n<p><strong>Es gibt ein Formular f\u00fcr die Aus\u00fcbung deiner Rechte<\/strong>. Du kannst es per E-Mail anfordern oder, wenn du es vorziehst, kannst du die <a href=\"https:\/\/www.aepd.es\/es\/derechos-y-deberes\/conoce-tus-derechos\" target=\"_blank\" rel=\"noopener\">\n  <em>\n    <u>die von der spanischen Datenschutzbeh\u00f6rde oder von Dritten erstellt wurden.<\/u>\n  <\/em>\n<\/a><\/p>\n\n<p>Diese Formulare m\u00fcssen elektronisch signiert werden oder es muss eine Fotokopie des Personalausweises beigef\u00fcgt werden.<\/p>\n\n<p>Wenn du dich von jemandem vertreten l\u00e4sst, musst du eine Kopie deines Personalausweises beif\u00fcgen oder den Antrag mit deiner elektronischen Unterschrift versehen.<\/p>\n\n<p>Die Formulare k\u00f6nnen pers\u00f6nlich, per Brief oder per Post an die Adresse der zust\u00e4ndigen Person am Anfang dieses Textes eingereicht werden.<\/p>\n\n<h2 class=\"wp-block-heading\">Meldung und Erkl\u00e4rung von Sicherheitsverletzungen<\/h2>\n\n<p>Bei Global Web Market SL gehen wir von Sicherheitsma\u00dfnahmen aus, die dem Risiko angemessen sind, um personenbezogene Daten vor Verlust, Missbrauch und unbefugtem Zugriff, Offenlegung, \u00c4nderung und Zerst\u00f6rung zu sch\u00fctzen, wobei wir die Risiken ber\u00fccksichtigen, die mit der Verarbeitung und der Art der personenbezogenen Daten verbunden sind; Wenn Global Web Market SL jedoch feststellt, dass deine Servicedaten veruntreut wurden (einschlie\u00dflich durch einen Mitarbeiter von Global Web Market SL), durch eine Sicherheitsverletzung preisgegeben oder unrechtm\u00e4\u00dfig von einem Dritten erworben wurden, wird Global Web Market SL dich unverz\u00fcglich \u00fcber eine solche Sicherheitsverletzung, Veruntreuung oder einen unrechtm\u00e4\u00dfigen Erwerb informieren.<\/p>\n\n<h2 class=\"wp-block-heading\">An welche Empf\u00e4nger werden deine Daten weitergegeben?<\/h2>\n\n<p>Viele Tools, die auf dieser Website zur Datenverwaltung verwendet werden, sind von Dritten in Auftrag gegeben. Um die f\u00fcr die Entwicklung der Aktivit\u00e4t unbedingt erforderlichen Dienstleistungen zu erbringen, teilt Global Web Market SL Daten mit den folgenden Anbietern unter deren entsprechenden Datenschutzbedingungen:<\/p>\n\n<p>Drittanbieter von Dienstleistungen (z. B. Zahlungsabwicklungsdienste, Auftragsabwicklung, Analysen, Verwaltung von Marketingkampagnen, Website-Verwaltung und E-Mail-Versand und andere \u00e4hnliche Dienstleister), damit sie Gesch\u00e4ftsfunktionen im Auftrag von Global Web Market SL ausf\u00fchren k\u00f6nnen.<\/p>\n\n<p>Diese Website kann gelegentlich von der Webentwicklungs- und -wartungsfirma oder von der Hostingfirma aufgerufen werden. Sie haben einen Dienstleistungsvertrag unterzeichnet, der sie dazu verpflichtet, das gleiche Ma\u00df an Datenschutz zu wahren, das f\u00fcr die Verarbeitung auf dieser Website gilt.<\/p>\n\n<p>Jeder internationale Datentransfer, der sich aus der Nutzung von Tools oder Dienstleistern ergibt, unterliegt dem <a href=\"https:\/\/www.privacyshield.gov\/welcome\" target=\"_blank\" rel=\"noopener\">Privacy-Shield-Abkommen<\/a>, das garantiert, dass amerikanische Softwareunternehmen die europ\u00e4ischen Datenschutzrichtlinien in Bezug auf Privatsph\u00e4re, Geheimhaltung und Datensicherheit einhalten.<\/p>\n\n<p>Auf dieser Website werden insbesondere die folgenden Tools verwendet:<\/p>\n\n<ul class=\"wp-block-list\"><li>E-Mail-Marketing-Tool: Omnisend<\/li><li>Fakturierungstool: Angehalten<\/li><li>Analysetools Google Analytics und Plausible<\/li><li>Online-Chat-Tool: Help Scout<\/li><\/ul>\n\n<p>Partnerlinks und Werbung<\/p>\n\n<p>Diese Website bietet dem Nutzer gesponserte Inhalte, Werbung und\/oder Partnerlinks.<\/p>\n\n<p>Unter den Links, die du finden kannst, gibt es die M\u00f6glichkeit, \u00fcber Produkte und\/oder Dienstleistungen und\/oder Infoprodukte Dritter zu informieren und auf diese zu verweisen. Die Informationen, die in diesen Affiliate-Links oder Anzeigen erscheinen, werden von den Werbetreibenden selbst zur Verf\u00fcgung gestellt, und bulkgenetics.com \u00fcbernimmt keine Verantwortung oder Haftung f\u00fcr etwaige Ungenauigkeiten oder Fehler in den Anzeigen. bulkgenetics.com kann auch keine Garantie f\u00fcr die Erfahrung, Integrit\u00e4t oder Haftung der Werbetreibenden oder die Qualit\u00e4t ihrer Produkte und\/oder Dienstleistungen \u00fcbernehmen, sondern wird immer die Produkte oder Dienstleistungen empfehlen, die bulkgenetics.com und seine Mitarbeiter getestet haben.<\/p>\n\n<p>Au\u00dferdem bleiben die Anzeigen so lange auf dem Portal ver\u00f6ffentlicht, bis sie vom Inserenten oder von bulkgenetics.com entfernt oder ausgesetzt werden. bulkgenetics.com ist logischerweise nicht daf\u00fcr verantwortlich, dass die Anzeigen, nachdem sie aus seinen Datenbanken entfernt wurden, weiterhin in Suchmaschinen au\u00dferhalb dieses Portals indexiert werden.<\/p>\n\n<p>Alle Nutzerinnen und Nutzer m\u00fcssen sich dar\u00fcber im Klaren sein, dass jegliche vertragliche oder au\u00dfervertragliche Beziehung zwischen der Nutzerin\/dem Nutzer und den Werbetreibenden, angeschlossenen Unternehmen oder Dritten, die \u00fcber diese Website kontaktiert werden, einzig und allein zwischen der Nutzerin\/dem Nutzer und dem Werbetreibenden und\/oder Dritten besteht. bulkgenetics.com fungiert lediglich als Kanal oder Werbetr\u00e4ger und haftet daher in keiner Weise f\u00fcr Sch\u00e4den jeglicher Art, die durch seine Verhandlungen, Gespr\u00e4che und\/oder vertraglichen oder au\u00dfervertraglichen Beziehungen mit Werbetreibenden oder Dritten, die \u00fcber diese Website kontaktiert werden, entstehen.<\/p>\n\n<h2 class=\"wp-block-heading\">Datengeheimnis und Sicherheit<\/h2>\n\n<p>bulkgenetics.com verpflichtet sich, die personenbezogenen Daten des Nutzers unter Wahrung der Vertraulichkeit und in \u00dcbereinstimmung mit ihrem Zweck zu verwenden und zu verarbeiten. Au\u00dferdem verpflichtet sich bulkgenetics.com, die Daten aufzubewahren und alle Ma\u00dfnahmen zu ergreifen, um \u00c4nderungen, Verlust, unbefugte Verarbeitung oder Zugriff zu verhindern, und zwar in \u00dcbereinstimmung mit den Bestimmungen des geltenden Datenschutzrechts.<\/p>\n\n<p>Diese Website enth\u00e4lt ein SSL-Zertifikat. Dabei handelt es sich um ein Sicherheitsprotokoll, das daf\u00fcr sorgt, dass deine Daten auf eine ganzheitliche und sichere Weise \u00fcbertragen werden, d.h. die \u00dcbertragung von Daten zwischen einem Server und dem Webnutzer und in der R\u00fcckmeldung vollst\u00e4ndig verschl\u00fcsselt oder verschl\u00fcsselt wird.<\/p>\n\n<p>bulkgenetics.com kann weder die absolute Unangreifbarkeit des Internet-Netzwerks noch die Verletzung von Daten durch den betr\u00fcgerischen Zugriff Dritter auf diese garantieren.<\/p>\n\n<p>In Bezug auf die Vertraulichkeit der Verarbeitung stellt Global Web Market SL sicher, dass alle Personen, die von Global Web Market SL erm\u00e4chtigt sind, die Daten des Kunden zu verarbeiten (einschlie\u00dflich seiner Mitarbeiter\/innen, Mitarbeiter\/innen und Dienstleister\/innen), einer angemessenen Vertraulichkeitsverpflichtung unterliegen (sei es eine vertragliche oder gesetzliche Verpflichtung).<\/p>\n\n<p>Wenn ein Sicherheitsvorfall eintritt, benachrichtigt Global Web Market SL den Kunden unverz\u00fcglich, sobald sie davon Kenntnis erlangt, und stellt rechtzeitig Informationen \u00fcber den Sicherheitsvorfall zur Verf\u00fcgung, sobald dieser bekannt wird oder wenn der Kunde dies angemessenerweise verlangt.<\/p>\n\n<h2 class=\"wp-block-heading\">Genauigkeit und Wahrhaftigkeit der Daten<\/h2>\n\n<p>Als Nutzer bist du allein f\u00fcr die Wahrhaftigkeit und Richtigkeit der Daten verantwortlich, die du an bulkgenetics.com \u00fcbermittelst, und entbindest Global Web Market SL (BULK GENETICS) von jeglicher diesbez\u00fcglichen Haftung. Die Nutzerinnen und Nutzer garantieren und sind in jedem Fall f\u00fcr die Richtigkeit, G\u00fcltigkeit und Authentizit\u00e4t der angegebenen personenbezogenen Daten verantwortlich und verpflichten sich, diese ordnungsgem\u00e4\u00df auf dem neuesten Stand zu halten. Der\/die Nutzer\/in verpflichtet sich, vollst\u00e4ndige und korrekte Angaben im Kontakt- oder Anmeldeformular zu machen.<\/p>\n\n<h2 class=\"wp-block-heading\">Widerrufbarkeit<\/h2>\n\n<p>Die erteilte Einwilligung, sowohl f\u00fcr die Verarbeitung als auch f\u00fcr die \u00dcbermittlung der Daten der Betroffenen, kann jederzeit widerrufen werden, indem du Global Web Market SL (BULK GENETICS) unter den in dieser Richtlinie festgelegten Bedingungen f\u00fcr die Aus\u00fcbung der Rechte von ARCO benachrichtigst. Ein solcher Widerruf kann in keinem Fall r\u00fcckwirkend erfolgen.<\/p>\n\n<h2 class=\"wp-block-heading\">\u00c4nderungen an der Datenschutzrichtlinie<\/h2>\n\n<p>Global Web Market SL beh\u00e4lt sich das Recht vor, diese Richtlinie zu \u00e4ndern, um sie an neue Gesetze oder die Rechtsprechung sowie an Branchenpraktiken anzupassen. In solchen F\u00e4llen wird sie die \u00c4nderungen auf dieser Seite rechtzeitig vor ihrer Umsetzung bekannt geben.<\/p>\n","protected":false},"excerpt":{"rendered":"<p>Was wir mit deinen pers\u00f6nlichen Daten auf dieser Website machen und was nicht, kannst du hier nachlesen. Diese Richtlinie legt fest, wie die pers\u00f6nlichen Daten aller Personen, die \u00fcber diese Website mit BULK GENETICS in Kontakt treten, behandelt und gesch\u00fctzt werden. Bitte lies alle Abschnitte des rechtlichen Hinweises, der Cookie-Richtlinie und dieser Datenschutzrichtlinie, bevor du [&hellip;]<\/p>\n","protected":false},"author":1,"featured_media":0,"parent":0,"menu_order":0,"comment_status":"closed","ping_status":"open","template":"template-fullwidth-contained.php","meta":{"_acf_changed":false,"inline_featured_image":false,"_uag_custom_page_level_css":"","footnotes":""},"class_list":["post-9343","page","type-page","status-publish","hentry"],"acf":[],"uagb_featured_image_src":{"full":false,"thumbnail":false,"medium":false,"medium_large":false,"large":false,"1536x1536":false,"2048x2048":false,"commercegurus-pdp-large":false,"commercegurus-plp-mobile":false,"cgkit_image_swatch":false,"woocommerce_thumbnail":false,"woocommerce_single":false,"woocommerce_gallery_thumbnail":false,"dgwt-wcas-product-suggestion":false},"uagb_author_info":{"display_name":"Chris","author_link":"https:\/\/bulkgenetics.com\/de\/author\/chriscarter\/"},"uagb_comment_info":0,"uagb_excerpt":"Was wir mit deinen pers\u00f6nlichen Daten auf dieser Website machen und was nicht, kannst du hier nachlesen. Diese Richtlinie legt fest, wie die pers\u00f6nlichen Daten aller Personen, die \u00fcber diese Website mit BULK GENETICS in Kontakt treten, behandelt und gesch\u00fctzt werden. Bitte lies alle Abschnitte des rechtlichen Hinweises, der Cookie-Richtlinie und dieser Datenschutzrichtlinie, bevor du&hellip;","_links":{"self":[{"href":"https:\/\/bulkgenetics.com\/de\/wp-json\/wp\/v2\/pages\/9343","targetHints":{"allow":["GET"]}}],"collection":[{"href":"https:\/\/bulkgenetics.com\/de\/wp-json\/wp\/v2\/pages"}],"about":[{"href":"https:\/\/bulkgenetics.com\/de\/wp-json\/wp\/v2\/types\/page"}],"author":[{"embeddable":true,"href":"https:\/\/bulkgenetics.com\/de\/wp-json\/wp\/v2\/users\/1"}],"replies":[{"embeddable":true,"href":"https:\/\/bulkgenetics.com\/de\/wp-json\/wp\/v2\/comments?post=9343"}],"version-history":[{"count":0,"href":"https:\/\/bulkgenetics.com\/de\/wp-json\/wp\/v2\/pages\/9343\/revisions"}],"wp:attachment":[{"href":"https:\/\/bulkgenetics.com\/de\/wp-json\/wp\/v2\/media?parent=9343"}],"curies":[{"name":"wp","href":"https:\/\/api.w.org\/{rel}","templated":true}]}}