{"id":9407,"date":"2020-10-09T13:39:05","date_gmt":"2020-10-09T11:39:05","guid":{"rendered":"https:\/\/www.bulkgenetics.com\/ueber\/"},"modified":"2023-02-02T15:13:46","modified_gmt":"2023-02-02T14:13:46","slug":"ueber","status":"publish","type":"page","link":"https:\/\/bulkgenetics.com\/de\/ueber\/","title":{"rendered":"\u00dcber"},"content":{"rendered":"\n<p>Bulk Genetics ist ein Online-Shop, der sich auf den Verkauf hochwertiger Marihuana-Samen spezialisiert hat. Wir haben die besten Z\u00fcchter, die ein breites Spektrum an niederl\u00e4ndischer, amerikanischer und nat\u00fcrlich spanischer Genetik sowie andere L\u00e4nder wie Gro\u00dfbritannien, die Schweiz, Frankreich, Marokko\u2026 verarbeiten. Dar\u00fcber hinaus verf\u00fcgen sie \u00fcber langj\u00e4hrige Erfahrung in der Z\u00fcchtung, da sie f\u00fcr anerkannte Samenbanken gearbeitet haben und arbeiten. Bei Bulk Genetics k\u00f6nnen Sie also Samen praktisch jeder Sorte zum besten Preis kaufen. Wir haben auch Sonderpreise f\u00fcr Growshops, Samenbanken oder professionelle Kunden. Wir sind Distributoren \/ Gro\u00dfh\u00e4ndler von losem Saatgut. Fragen Sie nach unseren Preisen f\u00fcr gro\u00dfe Mengen f\u00fcr Gesch\u00e4fte oder Banken.<\/p>\n\n\n\n<figure class=\"wp-block-image alignwide size-large is-style-default\"><img loading=\"lazy\" decoding=\"async\" width=\"1024\" height=\"644\" src=\"https:\/\/bulkgenetics.com\/wp-content\/uploads\/2023\/01\/bulk-genetics-seeds-1024x644.jpg\" alt=\"\" class=\"wp-image-13823\" srcset=\"https:\/\/bulkgenetics.com\/wp-content\/uploads\/2023\/01\/bulk-genetics-seeds-1024x644.jpg 1024w, https:\/\/bulkgenetics.com\/wp-content\/uploads\/2023\/01\/bulk-genetics-seeds-300x189.jpg 300w, https:\/\/bulkgenetics.com\/wp-content\/uploads\/2023\/01\/bulk-genetics-seeds-768x483.jpg 768w, https:\/\/bulkgenetics.com\/wp-content\/uploads\/2023\/01\/bulk-genetics-seeds-1536x965.jpg 1536w, https:\/\/bulkgenetics.com\/wp-content\/uploads\/2023\/01\/bulk-genetics-seeds-990x622.jpg 990w, https:\/\/bulkgenetics.com\/wp-content\/uploads\/2023\/01\/bulk-genetics-seeds-441x277.jpg 441w, https:\/\/bulkgenetics.com\/wp-content\/uploads\/2023\/01\/bulk-genetics-seeds-800x503.jpg 800w, https:\/\/bulkgenetics.com\/wp-content\/uploads\/2023\/01\/bulk-genetics-seeds-150x94.jpg 150w, https:\/\/bulkgenetics.com\/wp-content\/uploads\/2023\/01\/bulk-genetics-seeds-64x40.jpg 64w, https:\/\/bulkgenetics.com\/wp-content\/uploads\/2023\/01\/bulk-genetics-seeds.jpg 2000w\" sizes=\"auto, (max-width: 1024px) 100vw, 1024px\" \/><\/figure>\n","protected":false},"excerpt":{"rendered":"<p>Bulk Genetics ist ein Online-Shop, der sich auf den Verkauf hochwertiger Marihuana-Samen spezialisiert hat. Wir haben die besten Z\u00fcchter, die ein breites Spektrum an niederl\u00e4ndischer, amerikanischer und nat\u00fcrlich spanischer Genetik sowie andere L\u00e4nder wie Gro\u00dfbritannien, die Schweiz, Frankreich, Marokko\u2026 verarbeiten. Dar\u00fcber hinaus verf\u00fcgen sie \u00fcber langj\u00e4hrige Erfahrung in der Z\u00fcchtung, da sie f\u00fcr anerkannte Samenbanken [&hellip;]<\/p>\n","protected":false},"author":1,"featured_media":0,"parent":0,"menu_order":0,"comment_status":"closed","ping_status":"closed","template":"template-fullwidth-contained.php","meta":{"_acf_changed":false,"inline_featured_image":false,"_uag_custom_page_level_css":"","footnotes":""},"class_list":["post-9407","page","type-page","status-publish","hentry"],"acf":[],"uagb_featured_image_src":{"full":false,"thumbnail":false,"medium":false,"medium_large":false,"large":false,"1536x1536":false,"2048x2048":false,"commercegurus-pdp-large":false,"commercegurus-plp-mobile":false,"cgkit_image_swatch":false,"woocommerce_thumbnail":false,"woocommerce_single":false,"woocommerce_gallery_thumbnail":false,"dgwt-wcas-product-suggestion":false},"uagb_author_info":{"display_name":"Chris","author_link":"https:\/\/bulkgenetics.com\/de\/author\/chriscarter\/"},"uagb_comment_info":0,"uagb_excerpt":"Bulk Genetics ist ein Online-Shop, der sich auf den Verkauf hochwertiger Marihuana-Samen spezialisiert hat. Wir haben die besten Z\u00fcchter, die ein breites Spektrum an niederl\u00e4ndischer, amerikanischer und nat\u00fcrlich spanischer Genetik sowie andere L\u00e4nder wie Gro\u00dfbritannien, die Schweiz, Frankreich, Marokko\u2026 verarbeiten. Dar\u00fcber hinaus verf\u00fcgen sie \u00fcber langj\u00e4hrige Erfahrung in der Z\u00fcchtung, da sie f\u00fcr anerkannte Samenbanken&hellip;","_links":{"self":[{"href":"https:\/\/bulkgenetics.com\/de\/wp-json\/wp\/v2\/pages\/9407","targetHints":{"allow":["GET"]}}],"collection":[{"href":"https:\/\/bulkgenetics.com\/de\/wp-json\/wp\/v2\/pages"}],"about":[{"href":"https:\/\/bulkgenetics.com\/de\/wp-json\/wp\/v2\/types\/page"}],"author":[{"embeddable":true,"href":"https:\/\/bulkgenetics.com\/de\/wp-json\/wp\/v2\/users\/1"}],"replies":[{"embeddable":true,"href":"https:\/\/bulkgenetics.com\/de\/wp-json\/wp\/v2\/comments?post=9407"}],"version-history":[{"count":0,"href":"https:\/\/bulkgenetics.com\/de\/wp-json\/wp\/v2\/pages\/9407\/revisions"}],"wp:attachment":[{"href":"https:\/\/bulkgenetics.com\/de\/wp-json\/wp\/v2\/media?parent=9407"}],"curies":[{"name":"wp","href":"https:\/\/api.w.org\/{rel}","templated":true}]}}