{"id":10015,"date":"2022-10-03T11:59:55","date_gmt":"2022-10-03T09:59:55","guid":{"rendered":"https:\/\/www.bulkgenetics.com\/banane-lila-punsch-auto\/"},"modified":"2024-10-08T01:13:57","modified_gmt":"2024-10-07T23:13:57","slug":"banana-purple-punch-auto","status":"publish","type":"product","link":"https:\/\/bulkgenetics.com\/de\/banana-purple-punch-auto\/","title":{"rendered":"Banana Purple Punch Auto"},"content":{"rendered":"\n<p>Die <strong>Banana Purple Punch Auto<\/strong> ist das exotische Juwel, nach dem du f\u00fcr deinen Garten oder Grow-Schrank gesucht hast. Dieser Strain ist die schnell bl\u00fchende Version der ber\u00fchmten <a href=\"https:\/\/bulkgenetics.com\/de\/banana-punch\/\"><strong>Banana Punch<\/strong><\/a>, einer legend\u00e4ren Mischung aus <strong>Banana OG<\/strong> und <a href=\"https:\/\/bulkgenetics.com\/de\/purple-punch\/\"><strong>Purple Punch<\/strong><\/a>, zwei echten Sch\u00e4tzen von der Westk\u00fcste der USA. Dank der Kombination mit einer Ruderalis ist es gelungen, den gesamten Charme zu bewahren, der diese Genetik bei Samenbanken wie FastBuds oder Barney\u2019s Farm zu einem durchschlagenden Erfolg gemacht hat.<\/p>\n\n\n\n<p><strong>Banana Purple Punch Auto<\/strong> ist eine diskrete Pflanze, perfekt f\u00fcr Terrassen oder Balkone dank ihrer kompakten Gr\u00f6\u00dfe, die nicht h\u00f6her als einen Meter wird. Ihre pyramidenf\u00f6rmige und kompakte Struktur ist typisch f\u00fcr Indicas, mit kurzen Internodien, einem dicken Haupttrieb und zahlreichen produktiven Seitenzweigen. Die Buds sind ein echtes visuelles Spektakel. Gro\u00df und kompakt, zeigen sie eine auff\u00e4llige violette Farbe, die im Kontrast zur gl\u00e4nzenden Schicht von Trichomen steht, die sie bedeckt.<\/p>\n\n\n\n<h2 class=\"wp-block-heading\">Geschmack und Wirkung<\/h2>\n\n\n\n<p>Die Bl\u00fcten verstr\u00f6men ein Aroma, das dich auf einen tropischen Markt entf\u00fchrt: Reife Banane, frische Zitrone, Ananas und Beerenfr\u00fcchte vermischen sich mit erdigen Noten und schaffen ein einzigartiges und unwiderstehliches Dufterlebnis.<\/p>\n\n\n\n<p>Beim Probieren ist der Geschmack eine sensorische Reise. Stell dir vor, du genie\u00dft ein exotisches Dessert mit Noten von reifer Banane und Zitrone, kombiniert mit der S\u00fc\u00dfe von Ananas und Beerenfr\u00fcchten, alles mit einem erdigen Unterton, der dem Ganzen Tiefe verleiht. Es ist eine Kombination, die jede Inhalation zu einem Moment des Genusses macht.<\/p>\n\n\n\n<p>Die Wirkungen der <strong>Banana Purple Punch Auto<\/strong> sind so stark wie ihr Geschmack. Mit einem THC-Gehalt, der \u00fcber 25% liegen kann, bietet dieser Strain ein entspannendes und fr\u00f6hliches High, perfekt, um nach einem langen Tag abzuschalten. Sie ist ideal zum Entspannen, ein gutes Buch zu lesen oder deine Lieblingsserie zu schauen. Au\u00dferdem stellt ihr niedriger CBD-Gehalt von unter 1% sicher, dass das Erlebnis kraftvoll und auf Wohlbefinden und Kreativit\u00e4t fokussiert ist.<\/p>\n\n\n\n<h3 class=\"wp-block-heading\">Terpene der Banana Purple Punch Auto<\/h3>\n\n\n\n<p>Die Terpene sind verantwortlich f\u00fcr das Aromaprofil und viele der Wirkungen dieses wunderbaren Strains. Die <strong>Banana Purple Punch Auto<\/strong> ist reich an Terpenen wie <strong>Limonen<\/strong>, <strong>Pinene<\/strong> und <strong>Linalool<\/strong>, die nicht nur zu ihrem zitrusartigen und erdigen Aroma beitragen, sondern auch zahlreiche therapeutische Vorteile bieten.<\/p>\n\n\n\n<p>Das <strong>Limonen<\/strong> ist bekannt f\u00fcr sein Zitronenaroma und seine entz\u00fcndungshemmenden und angstl\u00f6senden Eigenschaften, die helfen, Stress abzubauen und die Stimmung zu heben. Das <strong>Pinene<\/strong> mit seinem charakteristischen Kiefernaroma hat entz\u00fcndungshemmende Wirkungen und kann das Ged\u00e4chtnis und die Konzentration verbessern. Schlie\u00dflich tr\u00e4gt das <strong>Linalool<\/strong>, das ein blumiges Aroma verleiht, mit seinen beruhigenden und sedierenden Eigenschaften zur Bek\u00e4mpfung von Schlaflosigkeit und Angst bei.<\/p>\n\n\n\n<p>Dank dieser reichen Kombination von Terpenen ist die <strong>Banana Purple Punch Auto<\/strong> nicht nur eine k\u00f6stliche Wahl, sondern auch eine perfekte Begleiterin f\u00fcr diejenigen, die ein umfassendes Konsumerlebnis suchen, das Geschmack, Wirkung und therapeutische Vorteile kombiniert.<\/p>\n\n\n\n<h2 class=\"wp-block-heading\">Ertrag und Bl\u00fctezeit<\/h2>\n\n\n\n<p>In <strong>Indoor-Anbau<\/strong> zeichnet sich die <strong>Banana Purple Punch Auto<\/strong> durch ihre hohe Produktionskapazit\u00e4t aus. Mit einer geeigneten LED-Beleuchtung von 300-350 W ist es nicht schwer, zwischen <strong>450 und 550 Gramm pro Quadratmeter<\/strong> zu erreichen. Ihr vollst\u00e4ndiger Lebenszyklus ist kurz, mit weniger als 75 Tagen von der Keimung bis zur Ernte, was mehrere Ernten pro Jahr erm\u00f6glicht und deine Investition maximiert.<\/p>\n\n\n\n<p>Im <strong>Outdoor-Anbau<\/strong> k\u00f6nnen trotz ihrer kompakten Gr\u00f6\u00dfe die Ertr\u00e4ge \u00fcberraschend hoch sein, wobei bis zu <strong>180 Gramm pro Pflanze<\/strong> bei den Exemplaren erreicht werden, die die gr\u00f6\u00dfte H\u00f6he erreichen. Ihre Wachstumsphase ist sehr kurz und beginnt bereits <strong>3-4 Wochen<\/strong> nach der Keimung zu bl\u00fchen, und sie ist in einer Rekordzeit von <strong>8 Wochen<\/strong> nach der Keimung erntereif.<\/p>\n\n\n\n<p>Dank ihrer kompakten und diskreten Struktur ist die <strong>Banana Purple Punch Auto<\/strong> ideal f\u00fcr diejenigen, die in kleinen R\u00e4umen wie Terrassen oder Balkonen anbauen. Ihre F\u00e4higkeit, unter einem Meter H\u00f6he zu bleiben, macht sie perfekt f\u00fcr diejenigen, die eine Pflanze suchen, die nicht auff\u00e4llt.<\/p>\n\n\n\n<h2 class=\"wp-block-heading\">Wie man Banana Purple Punch Auto anbaut<\/h2>\n\n\n\n<p>F\u00fcr diejenigen, die eine einfach zu handhabende Sorte suchen, ist die <strong>Banana Purple Punch Auto<\/strong> eine ausgezeichnete Wahl. Ihr Anbau erfordert keine fortgeschrittenen Kenntnisse, daher ist sie sowohl f\u00fcr Anf\u00e4nger als auch f\u00fcr erfahrene Grower perfekt.<\/p>\n\n\n\n<p><strong>Anbauschwierigkeit:<\/strong> Die <strong>Banana Purple Punch Auto<\/strong> ist sehr einfach anzubauen. Ihre autoflowering Natur macht den Prozess einfach und direkt. Sorge nur daf\u00fcr, ihr vom ersten Tag an die bestm\u00f6glichen Bedingungen zu bieten, um ihr Wachstum und ihre Produktion zu maximieren.<\/p>\n\n\n\n<p><strong>Geeignetes Klima und Anbaubedingungen:<\/strong> Diese Sorte gedeiht in warmen und sonnigen Klimazonen, aber dank ihrer robusten Genetik passt sie sich auch gut an gem\u00e4\u00dfigtere Klimazonen an. Im Freien empfehlen wir, sie im Fr\u00fchling und in der ersten Sommerh\u00e4lfte anzubauen, wenn die Tage l\u00e4nger und sonniger sind. Im Innenbereich sorgen wir f\u00fcr eine konstante Temperatur und eine gute LED-Beleuchtung, um die besten Ergebnisse zu erzielen.<\/p>\n\n\n\n<p><strong>Resistenz gegen Sch\u00e4dlinge und Krankheiten:<\/strong> Die <strong>Banana Purple Punch Auto<\/strong> ist bekannt f\u00fcr ihre gute Resistenz gegen g\u00e4ngige Sch\u00e4dlinge und Krankheiten. Es ist jedoch wichtig, eine gute Bel\u00fcftung zu gew\u00e4hrleisten und \u00fcberm\u00e4\u00dfige Feuchtigkeit zu vermeiden, um Probleme mit Schimmel und Pilzen zu verhindern. Die Verwendung eines gro\u00dfen Topfes von Anfang an und das Vermeiden von Umpflanzungen hilft, Stress zu reduzieren und das Wachstum zu optimieren.<\/p>\n\n\n\n<div style=\"height:50px\" aria-hidden=\"true\" class=\"wp-block-spacer uag-hide-mob\"><\/div>\n\n\n\n<div class=\"wp-block-columns is-layout-flex wp-container-core-columns-is-layout-28f84493 wp-block-columns-is-layout-flex\">\n<div class=\"wp-block-column is-layout-flow wp-block-column-is-layout-flow\">\n<p class=\"has-text-align-center has-medium-font-size\"><strong>Was wir am meisten m\u00f6gen<\/strong><\/p>\n\n\n\n<ul class=\"wp-block-list\">\n<li>Sehr einfach zu z\u00fcchten, ideal f\u00fcr Anf\u00e4nger.<\/li>\n\n\n\n<li>Schnelle und reichliche Produktion.<\/li>\n\n\n\n<li>Einzigartiges und k\u00f6stliches Aroma und Geschmack.<\/li>\n\n\n\n<li>Entspannende und fr\u00f6hliche Wirkungen, perfekt f\u00fcr den Tagesabschluss.<\/li>\n<\/ul>\n<\/div>\n\n\n\n<div class=\"wp-block-column is-layout-flow wp-block-column-is-layout-flow\">\n<p class=\"has-text-align-center has-medium-font-size\"><strong>Was wir weniger m\u00f6gen<\/strong><\/p>\n\n\n\n<ul class=\"wp-block-list\">\n<li>In der Bl\u00fctephase ziemlich geruchsintensiv.<\/li>\n\n\n\n<li>Ben\u00f6tigt gute Bel\u00fcftung, um Schimmelprobleme zu vermeiden.<\/li>\n<\/ul>\n<\/div>\n<\/div>\n\n\n\n<div style=\"height:50px\" aria-hidden=\"true\" class=\"wp-block-spacer uag-hide-mob\"><\/div>\n\n\n\n<h2 class=\"wp-block-heading\">H\u00e4ufig gestellte Fragen<\/h2>\n\n\n\n<p>Im Folgenden findest du die Antworten auf die h\u00e4ufigsten Fragen, die von Growern zu dieser Genetik gestellt werden:<\/p>\n\n\n<div id=\"rank-math-faq\" class=\"rank-math-block\">\n<div class=\"rank-math-list \">\n<div id=\"faq-question-1722242020244\" class=\"rank-math-list-item\">\n<h3 class=\"rank-math-question \">Ist Banana Purple Punch Auto sativa oder indica?<\/h3>\n<div class=\"rank-math-answer \">\n\n<p>Die <strong>Banana Purple Punch Auto<\/strong> ist eine \u00fcberwiegend Indica-Sorte. Generell neigen Indica-Pflanzen dazu, kompakter und robuster zu sein, mit eher entspannenden und sedierenden Wirkungen, die ideal f\u00fcr den Abend sind. Sativas hingegen sind oft gr\u00f6\u00dfer und schlanker, mit eher belebenden und zerebralen Effekten, die perfekt f\u00fcr den Tag geeignet sind. Die Banana Purple Punch Auto kombiniert das Beste aus beiden Welten, mit einer kompakten Struktur und \u00fcberwiegend entspannenden Effekten.<\/p>\n\n<\/div>\n<\/div>\n<div id=\"faq-question-1722242021340\" class=\"rank-math-list-item\">\n<h3 class=\"rank-math-question \">Welche Kreuzung ist Banana Purple Punch Auto?<\/h3>\n<div class=\"rank-math-answer \">\n\n<p>Die <strong>Banana Purple Punch Auto<\/strong> ist das Ergebnis einer Kreuzung zwischen <strong>Banana OG<\/strong> und <strong>Purple Punch<\/strong>, zwei legend\u00e4ren Sorten in der Cannabisszene, kombiniert mit einer geheimen autoflowering Genetik, um eine schnelle und einfache Bl\u00fcte zu bieten.<\/p>\n\n<\/div>\n<\/div>\n<div id=\"faq-question-1663029074962\" class=\"rank-math-list-item\">\n<h3 class=\"rank-math-question \">Wann beginnt Banana Purple Punch Auto im Freien zu bl\u00fchen?<\/h3>\n<div class=\"rank-math-answer \">\n\n<p>Die Bl\u00fctephase der <strong>Banana Purple Punch Auto<\/strong> beginnt etwa <strong>3-4 Wochen<\/strong> nach der Keimung. Es ist wichtig, w\u00e4hrend dieser Anfangsphase die besten Bedingungen zu gew\u00e4hrleisten, um den Ertrag zu maximieren.<\/p>\n\n<\/div>\n<\/div>\n<div id=\"faq-question-1663029159933\" class=\"rank-math-list-item\">\n<h3 class=\"rank-math-question \">Wie lange dauert es, eine Banana Purple Punch Auto von der Keimung bis zur Ernte anzubauen?<\/h3>\n<div class=\"rank-math-answer \">\n\n<p>Die <strong>Banana Purple Punch Auto<\/strong> wird in Rekordzeit von <strong>8 Wochen<\/strong> von der Keimung bis zur Ernte geerntet. Dieser kurze Lebenszyklus erm\u00f6glicht mehrere Ernten pro Jahr, besonders in Innenr\u00e4umen.<\/p>\n\n<\/div>\n<\/div>\n<div id=\"faq-question-1663029165861\" class=\"rank-math-list-item\">\n<h3 class=\"rank-math-question \">Wie baut man eine feminisierte Banana Purple Punch Auto an?<\/h3>\n<div class=\"rank-math-answer \">\n\n<p>Die <strong>Banana Purple Punch Auto<\/strong> ist sehr einfach zu z\u00fcchten. Wir empfehlen, von Anfang an einen gro\u00dfen Topf zu verwenden, um den Stress des Umpflanzens zu vermeiden. Sorge f\u00fcr eine gute Bel\u00fcftung und vermeide \u00fcberm\u00e4\u00dfige Feuchtigkeit, um Probleme mit Schimmel und Pilzen zu verhindern. Im Freien pflanzt man sie am besten im Fr\u00fchling und in der ersten Sommerh\u00e4lfte, um die besten Ergebnisse zu erzielen.<\/p>\n\n<\/div>\n<\/div>\n<div id=\"faq-question-1666780029954\" class=\"rank-math-list-item\">\n<h3 class=\"rank-math-question \">Welche Wirkungen hat Banana Purple Punch Auto in gro\u00dfen Mengen?<\/h3>\n<div class=\"rank-math-answer \">\n\n<p>Die Wirkungen der <strong>Banana Purple Punch Auto<\/strong> sind \u00fcberwiegend entspannend und fr\u00f6hlich. Mit ihrem hohen THC-Gehalt bietet sie ein High, das ideal zum Abschalten am Ende des Tages ist, um ein gutes Buch zu lesen oder eine Serie zu genie\u00dfen. Sie ist perfekt, um Stress abzubauen und die Stimmung zu heben.<\/p>\n\n<\/div>\n<\/div>\n<div id=\"faq-question-1722242113262\" class=\"rank-math-list-item\">\n<h3 class=\"rank-math-question \">Wie schmeckt Banana Purple Punch Auto?<\/h3>\n<div class=\"rank-math-answer \">\n\n<p>Der Geschmack der <strong>Banana Purple Punch Auto<\/strong> ist eine k\u00f6stliche Kombination aus reifer Banane, Zitrone, Ananas und Beeren, mit einem erdigen Unterton, der Tiefe verleiht. Jeder Zug ist eine sensorische Reise, die dich in ein tropisches Paradies versetzt.<\/p>\n\n<\/div>\n<\/div>\n<div id=\"faq-question-1722242115306\" class=\"rank-math-list-item\">\n<h3 class=\"rank-math-question \">Wie ist der Cannabinoidgehalt von Banana Purple Punch Auto?<\/h3>\n<div class=\"rank-math-answer \">\n\n<p>Die Buds der <strong>Banana Purple Punch Auto<\/strong> enthalten einen hohen Gehalt an <strong>THC, der \u00fcber 25%<\/strong> liegen kann, und einen niedrigen Gehalt an <strong>CBD, unter 1%<\/strong>. Dies garantiert ein kraftvolles Erlebnis, das auf Wohlbefinden und Kreativit\u00e4t fokussiert ist.<\/p>\n\n<\/div>\n<\/div>\n<\/div>\n<\/div>","protected":false},"excerpt":{"rendered":"<p><b>Banana Purple Punch Auto<\/b> kombiniert einfache Anbauweise mit <strong>entspannenden und fr\u00f6hlichen Effekten<\/strong>. Ideal f\u00fcr jeden Raum, bietet sie schnelle und reichliche Ernten mit einem <strong>k\u00f6stlichen tropischen Aroma<\/strong>. Perfekt f\u00fcr diejenigen, die Diskretion und ein vollst\u00e4ndiges Cannabis-Erlebnis suchen.<\/p>\n","protected":false},"featured_media":11123,"comment_status":"open","ping_status":"closed","template":"","meta":{"_acf_changed":false,"inline_featured_image":false,"_uag_custom_page_level_css":""},"product_brand":[],"product_cat":[2114],"product_tag":[],"class_list":{"0":"post-10015","1":"product","2":"type-product","3":"status-publish","4":"has-post-thumbnail","6":"product_cat-autoflowering-cannabis-samen","8":"first","9":"instock","10":"taxable","11":"shipping-taxable","12":"purchasable","13":"product-type-simple"},"acf":[],"uagb_featured_image_src":{"full":["https:\/\/bulkgenetics.com\/wp-content\/uploads\/2022\/10\/banana-purple-punch-auto.jpg",1600,1600,false],"thumbnail":["https:\/\/bulkgenetics.com\/wp-content\/uploads\/2022\/10\/banana-purple-punch-auto-150x150.png",150,150,true],"medium":["https:\/\/bulkgenetics.com\/wp-content\/uploads\/2022\/10\/banana-purple-punch-auto-300x300.png",300,300,true],"medium_large":["https:\/\/bulkgenetics.com\/wp-content\/uploads\/2022\/10\/banana-purple-punch-auto-768x768.png",768,768,true],"large":["https:\/\/bulkgenetics.com\/wp-content\/uploads\/2022\/10\/banana-purple-punch-auto-1024x1024.png",1024,1024,true],"1536x1536":["https:\/\/bulkgenetics.com\/wp-content\/uploads\/2022\/10\/banana-purple-punch-auto-1536x1536.png",1536,1536,true],"2048x2048":["https:\/\/bulkgenetics.com\/wp-content\/uploads\/2022\/10\/banana-purple-punch-auto.jpg",1600,1600,false],"commercegurus-pdp-large":["https:\/\/bulkgenetics.com\/wp-content\/uploads\/2022\/10\/banana-purple-punch-auto-990x990.png",990,990,true],"commercegurus-plp-mobile":["https:\/\/bulkgenetics.com\/wp-content\/uploads\/2022\/10\/banana-purple-punch-auto-441x441.png",441,441,true],"cgkit_image_swatch":["https:\/\/bulkgenetics.com\/wp-content\/uploads\/2022\/10\/banana-purple-punch-auto-100x100.png",100,100,true],"woocommerce_thumbnail":["https:\/\/bulkgenetics.com\/wp-content\/uploads\/2022\/10\/banana-purple-punch-auto-300x300.png",300,300,true],"woocommerce_single":["https:\/\/bulkgenetics.com\/wp-content\/uploads\/2022\/10\/banana-purple-punch-auto-800x800.png",800,800,true],"woocommerce_gallery_thumbnail":["https:\/\/bulkgenetics.com\/wp-content\/uploads\/2022\/10\/banana-purple-punch-auto-150x150.png",150,150,true],"dgwt-wcas-product-suggestion":["https:\/\/bulkgenetics.com\/wp-content\/uploads\/2022\/10\/banana-purple-punch-auto-64x64.png",64,64,true]},"uagb_author_info":{"display_name":"Bruno Crespo","author_link":"https:\/\/bulkgenetics.com\/de\/author\/"},"uagb_comment_info":0,"uagb_excerpt":"Banana Purple Punch Auto kombiniert einfache Anbauweise mit entspannenden und fr\u00f6hlichen Effekten. Ideal f\u00fcr jeden Raum, bietet sie schnelle und reichliche Ernten mit einem k\u00f6stlichen tropischen Aroma. Perfekt f\u00fcr diejenigen, die Diskretion und ein vollst\u00e4ndiges Cannabis-Erlebnis suchen.","_links":{"self":[{"href":"https:\/\/bulkgenetics.com\/de\/wp-json\/wp\/v2\/product\/10015","targetHints":{"allow":["GET"]}}],"collection":[{"href":"https:\/\/bulkgenetics.com\/de\/wp-json\/wp\/v2\/product"}],"about":[{"href":"https:\/\/bulkgenetics.com\/de\/wp-json\/wp\/v2\/types\/product"}],"replies":[{"embeddable":true,"href":"https:\/\/bulkgenetics.com\/de\/wp-json\/wp\/v2\/comments?post=10015"}],"wp:featuredmedia":[{"embeddable":true,"href":"https:\/\/bulkgenetics.com\/de\/wp-json\/wp\/v2\/media\/11123"}],"wp:attachment":[{"href":"https:\/\/bulkgenetics.com\/de\/wp-json\/wp\/v2\/media?parent=10015"}],"wp:term":[{"taxonomy":"product_brand","embeddable":true,"href":"https:\/\/bulkgenetics.com\/de\/wp-json\/wp\/v2\/product_brand?post=10015"},{"taxonomy":"product_cat","embeddable":true,"href":"https:\/\/bulkgenetics.com\/de\/wp-json\/wp\/v2\/product_cat?post=10015"},{"taxonomy":"product_tag","embeddable":true,"href":"https:\/\/bulkgenetics.com\/de\/wp-json\/wp\/v2\/product_tag?post=10015"}],"curies":[{"name":"wp","href":"https:\/\/api.w.org\/{rel}","templated":true}]}}