{"id":10016,"date":"2022-10-03T11:57:13","date_gmt":"2022-10-03T09:57:13","guid":{"rendered":"https:\/\/www.bulkgenetics.com\/banana-blaze-auto\/"},"modified":"2024-10-08T01:13:57","modified_gmt":"2024-10-07T23:13:57","slug":"banana-kush-auto","status":"publish","type":"product","link":"https:\/\/bulkgenetics.com\/de\/banana-kush-auto\/","title":{"rendered":"Banana Kush Auto"},"content":{"rendered":"\n<p>Die <strong>Banana Kush Auto<\/strong> ist ein genetisches Wunder, das die Herzen der Grower weltweit erobert hat. Dieser selbstbl\u00fchende Strain ist die schnellste und effizienteste Version der <a href=\"https:\/\/bulkgenetics.com\/de\/banana-kush\/\"><strong>Banana Kush<\/strong><\/a>, bekannt f\u00fcr ihren au\u00dfergew\u00f6hnlichen Geschmack. Diese Variet\u00e4t stammt aus einer Mischung von Banana Kush und Ruderalis und bietet dir einen Anbau, der so einfach und ertragreich ist, dass er dich in Staunen versetzen wird.<\/p>\n\n\n\n<p>Diese Pflanze w\u00e4chst kr\u00e4ftig und elegant und erreicht unter optimalen Bedingungen eine H\u00f6he von bis zu 1,5 Metern. Obwohl sie keine kleine Autoflower ist, ist ihre Struktur kompakt und unauff\u00e4llig, ideal f\u00fcr den Anbau sowohl drinnen als auch drau\u00dfen. Die Buds sind gro\u00df, schwer und extrem klebrig, bedeckt mit einer gl\u00e4nzenden Harzschicht, die sie wie in Kristall getaucht erscheinen l\u00e4sst.<\/p>\n\n\n\n<h2 class=\"wp-block-heading\">Geschmack und Wirkung<\/h2>\n\n\n\n<p>Das Aroma und der Geschmack sind ein sensorisches Erlebnis, das du nicht so schnell vergessen wirst. Schon beim ersten \u00d6ffnen des Glases dringt ein intensiver Duft nach s\u00fc\u00dfer Banane in deine Sinne und entf\u00fchrt dich in ein tropisches Paradies. Dieses Aromaprofil wird durch fruchtige Noten und tropische Akzente erg\u00e4nzt, die jeden Moment mit diesem Strain zu einem absoluten Genuss f\u00fcr deine Geschmacksknospen machen.<\/p>\n\n\n\n<p>Der Geschmack der <strong>Banana Kush Auto<\/strong> folgt der gleichen Linie: ein s\u00fc\u00dfer und cremiger Bananengeschmack, der dich in eine unvergleichliche Sanftheit h\u00fcllt. Jeder Zug ist wie ein Biss in eine reife Banane, mit einem fruchtigen und tropischen Hauch, der auf dem Gaumen bleibt und einen lang anhaltenden, k\u00f6stlichen Eindruck hinterl\u00e4sst.<\/p>\n\n\n\n<p>Was die Wirkung betrifft, ist sie f\u00fcr ihren hohen THC-Gehalt bekannt, der bis zu 25% erreichen kann und ein starkes, euphorisches High liefert. Dieser Strain ist perfekt, um am Ende des Tages abzuschalten, da seine Effekte tief entspannend und gl\u00fccklich sind. Das anf\u00e4ngliche High erf\u00fcllt dich mit einem Gef\u00fchl des Wohlbefindens und der Freude, w\u00e4hrend die k\u00f6rperliche Entspannung hilft, Stress und Spannungen abzubauen. Mit einem niedrigen CBD-Gehalt (&lt;1%) konzentriert sich die <strong>Banana Kush Auto<\/strong> darauf, ein \u00fcberwiegend psychoaktives Erlebnis zu bieten, ideal f\u00fcr diejenigen, die ein starkes und angenehmes High suchen.<\/p>\n\n\n\n<h3 class=\"wp-block-heading\">Terpene der Banana Kush Auto<\/h3>\n\n\n\n<p>Das dominierende Terpen in der <strong>Banana Kush Auto<\/strong> ist <strong>Limonen<\/strong>, das eine zitrische Note hinzuf\u00fcgt und f\u00fcr seine stimmungsaufhellenden und stressreduzierenden Eigenschaften bekannt ist. <strong>Myrcen<\/strong> mit seinen erdigen und moschusartigen Noten tr\u00e4gt zur tiefen Entspannung bei und ist wirksam bei der Schmerzlinderung und Entz\u00fcndungshemmung.<\/p>\n\n\n\n<p>Ein weiteres wichtiges Terpen in diesem Strain ist <strong>Beta-Caryophyllen<\/strong>, das eine w\u00fcrzige Note hinzuf\u00fcgt und f\u00fcr seine entz\u00fcndungshemmenden und schmerzlindernden Eigenschaften bekannt ist. Die Anwesenheit von <strong>Linalool<\/strong> mit seinem sanften Blumenduft verst\u00e4rkt die Entspannung und hilft, Angst und Stress zu bek\u00e4mpfen.<\/p>\n\n\n\n<p>Au\u00dferdem enth\u00e4lt die <strong>Banana Kush Auto<\/strong> <strong>Humulen<\/strong>, das mit seinen krautigen Noten und appetitz\u00fcgelnden Effekten beitr\u00e4gt, und <strong>Terpinolen<\/strong>, das ein frisches und blumiges Aroma hinzuf\u00fcgt und f\u00fcr seine antioxidativen und beruhigenden Eigenschaften bekannt ist.<\/p>\n\n\n\n<h2 class=\"wp-block-heading\">Ertrag und Bl\u00fctezeit<\/h2>\n\n\n\n<p>Die <strong>Banana Kush Auto<\/strong> ist eine au\u00dfergew\u00f6hnliche Wahl sowohl f\u00fcr Indoor- als auch f\u00fcr Outdoor-Grower, dank ihres gro\u00dfz\u00fcgigen Ertrags und ihres schnellen Lebenszyklus. Beim Indoor-Anbau kann die <strong>Banana Kush Auto<\/strong> zwischen <strong>450 und 550 Gramm pro Quadratmeter<\/strong> produzieren. Ihre Bl\u00fctezeit betr\u00e4gt etwa <strong>8 bis 10 Wochen<\/strong>, was sie zu einer ausgezeichneten Wahl f\u00fcr diejenigen macht, die mehrere Ernten im Jahr anstreben. Mit einer kompakten, aber robusten Struktur maximiert diese Pflanze den Anbauraum und eignet sich gut f\u00fcr Techniken wie SCROG (Screen of Green), um die Produktion zu optimieren.<\/p>\n\n\n\n<p>Im Freien gl\u00e4nzt die <strong>Banana Kush Auto<\/strong> ebenfalls mit ihrem Ertrag. Sie kann eine H\u00f6he von <strong>1 bis 1,5 Metern<\/strong> erreichen und zwischen <strong>100 und 150 Gramm pro Pflanze<\/strong> produzieren. Die ideale Zeit f\u00fcr den Outdoor-Anbau ist von Anfang Fr\u00fchling bis Mitte Sommer, was <strong>2-3 aufeinanderfolgende Ernten<\/strong> erm\u00f6glicht, bevor der Herbst einsetzt. Dies ist ihrem schnellen Lebenszyklus zu verdanken, der von der Keimung bis zur Ernte nur <strong>75 bis 90 Tage<\/strong> umfasst.<\/p>\n\n\n\n<h2 class=\"wp-block-heading\">Wie man Banana Kush Auto anbaut<\/h2>\n\n\n\n<p>Die <strong>Banana Kush Auto<\/strong> ist eine extrem einfach zu kultivierende Pflanze, was sie zu einer ausgezeichneten Wahl sowohl f\u00fcr Anf\u00e4nger als auch f\u00fcr erfahrene Grower macht. Dank ihrer autoflowering Natur ben\u00f6tigt sie keine \u00c4nderungen im Lichtzyklus, um mit der Bl\u00fcte zu beginnen, was den Anbauprozess erheblich vereinfacht.<\/p>\n\n\n\n<p>Um die besten Ergebnisse zu erzielen, empfehlen wir, die <strong>Banana Kush Auto<\/strong> in einem warmen und sonnigen Klima anzubauen. Dieser Strain gedeiht bei Temperaturen zwischen 20\u00b0C und 30\u00b0C. Im Innenbereich ist es wichtig, eine kontrollierte Umgebung mit guter Luftzirkulation und angemessenen Luftfeuchtigkeitswerten zu halten. Im Freien w\u00e4hle einen Standort, an dem die Pflanzen viele Stunden direktes Sonnenlicht erhalten, um ihr Potenzial zu maximieren.<\/p>\n\n\n\n<p>Ein gro\u00dfer Vorteil der <strong>Banana Kush Auto<\/strong> ist ihre Widerstandsf\u00e4higkeit gegen Sch\u00e4dlinge und Krankheiten. Dennoch ist es immer ratsam, wachsam zu bleiben und bei Bedarf vorbeugende Behandlungen anzuwenden. Die Verwendung von organischen und hochwertigen N\u00e4hrstoffen kann dazu beitragen, die Pflanzen gesund zu halten und ihre nat\u00fcrliche Widerstandskraft zu st\u00e4rken.<\/p>\n\n\n\n<div style=\"height:50px\" aria-hidden=\"true\" class=\"wp-block-spacer uag-hide-mob\"><\/div>\n\n\n\n<div class=\"wp-block-columns is-layout-flex wp-container-core-columns-is-layout-28f84493 wp-block-columns-is-layout-flex\">\n<div class=\"wp-block-column is-layout-flow wp-block-column-is-layout-flow\">\n<p class=\"has-text-align-center has-medium-font-size\"><strong>Was wir am meisten m\u00f6gen<\/strong><\/p>\n\n\n\n<ul class=\"wp-block-list\">\n<li>Sehr einfach anzubauen, ideal f\u00fcr Anf\u00e4nger.<\/li>\n\n\n\n<li>Ernte in nur 10 Wochen.<\/li>\n\n\n\n<li>K\u00f6stlicher s\u00fc\u00dfer Bananengeschmack.<\/li>\n\n\n\n<li>Entspannende und gl\u00fcckliche Effekte.<\/li>\n\n\n\n<li>Hohe Widerstandsf\u00e4higkeit gegen Sch\u00e4dlinge und Krankheiten.<\/li>\n<\/ul>\n<\/div>\n\n\n\n<div class=\"wp-block-column is-layout-flow wp-block-column-is-layout-flow\">\n<p class=\"has-text-align-center has-medium-font-size\"><strong>Was wir weniger m\u00f6gen<\/strong><\/p>\n\n\n\n<ul class=\"wp-block-list\">\n<li>Empfindlich gegen\u00fcber hohen D\u00fcngerdosen.<\/li>\n\n\n\n<li>Kein diskreter Geruch.<\/li>\n<\/ul>\n<\/div>\n<\/div>\n\n\n\n<div style=\"height:50px\" aria-hidden=\"true\" class=\"wp-block-spacer uag-hide-mob\"><\/div>\n\n\n\n<h2 class=\"wp-block-heading\">H\u00e4ufig gestellte Fragen<\/h2>\n\n\n\n<p>Nachfolgend findest du Antworten auf die h\u00e4ufigsten Fragen, die sich Grower zu dieser Genetik stellen:<\/p>\n\n\n<div id=\"rank-math-faq\" class=\"rank-math-block\">\n<div class=\"rank-math-list \">\n<div id=\"faq-question-1722238334429\" class=\"rank-math-list-item\">\n<h3 class=\"rank-math-question \">Ist Banana Kush Auto Sativa oder Indica?<\/h3>\n<div class=\"rank-math-answer \">\n\n<p>Die <strong>Banana Kush Auto<\/strong> ist \u00fcberwiegend Indica. Im Allgemeinen bieten Indica-Strains ein tiefes Gef\u00fchl der Entspannung und schwerere k\u00f6rperliche Effekte, die ideal f\u00fcr das Ende des Tages sind. Sativas hingegen bieten oft eine energetischere und geistig anregende Wirkung, die f\u00fcr den Tag geeignet ist. Die <strong>Banana Kush Auto<\/strong> kombiniert das Beste aus beiden Welten mit einem Hochgef\u00fchl der Gl\u00fcckseligkeit, gefolgt von einer k\u00f6rperlichen Entspannung.<\/p>\n\n<\/div>\n<\/div>\n<div id=\"faq-question-1722238335508\" class=\"rank-math-list-item\">\n<h3 class=\"rank-math-question \">Welche Kreuzung ist Banana Kush Auto?<\/h3>\n<div class=\"rank-math-answer \">\n\n<p>Die <strong>Banana Kush Auto<\/strong> ist das Ergebnis der Kreuzung von <em>Banana Kush <\/em>und <em>Ruderalis<\/em>, was ihr ihren autoflowering Charakter und ihre au\u00dfergew\u00f6hnlichen Eigenschaften verleiht.<\/p>\n\n<\/div>\n<\/div>\n<div id=\"faq-question-1663029074962\" class=\"rank-math-list-item\">\n<h3 class=\"rank-math-question \">Wann beginnt die Banana Kush Auto im Freien zu bl\u00fchen?<\/h3>\n<div class=\"rank-math-answer \">\n\n<p>Die <strong>Banana Kush Auto<\/strong> beginnt etwa 3-4 Wochen nach der Keimung zu bl\u00fchen. In dieser Zeit erreichen die Pflanzen ihre maximale H\u00f6he, um die Produktion von Buds zu maximieren.<\/p>\n\n<\/div>\n<\/div>\n<div id=\"faq-question-1663029159933\" class=\"rank-math-list-item\">\n<h3 class=\"rank-math-question \">Wie lange dauert es, eine Banana Kush Auto von der Keimung bis zur Ernte zu ernten?<\/h3>\n<div class=\"rank-math-answer \">\n\n<p>Die <strong>Banana Kush Auto<\/strong> ist eine sehr schnelle Pflanze. Vom Keimen bis zur Ernte dauert der gesamte Prozess etwa 70-75 Tage.<\/p>\n\n<\/div>\n<\/div>\n<div id=\"faq-question-1663029165861\" class=\"rank-math-list-item\">\n<h3 class=\"rank-math-question \">Wie baut man eine feminisierte Banana Kush Auto an?<\/h3>\n<div class=\"rank-math-answer \">\n\n<p>Die <strong>Banana Kush Auto<\/strong> ist extrem einfach zu kultivieren. Sie bevorzugt von Anfang an gro\u00dfe T\u00f6pfe, um den Stress des Umtopfens zu vermeiden. Sie ist empfindlich gegen\u00fcber hohen D\u00fcngerdosen, daher empfehlen wir die Verwendung von organischen N\u00e4hrstoffen, die langsam im Substrat freigesetzt werden.<\/p>\n\n<\/div>\n<\/div>\n<div id=\"faq-question-1666780029954\" class=\"rank-math-list-item\">\n<h3 class=\"rank-math-question \">Welche Effekte hat Banana Kush Auto in gro\u00dfen Mengen?<\/h3>\n<div class=\"rank-math-answer \">\n\n<p>Die Effekte der <strong>Banana Kush Auto<\/strong> sind intensiv und kombinieren ein Gef\u00fchl der Gl\u00fcckseligkeit mit einer tiefen k\u00f6rperlichen Entspannung. Sie ist perfekt, um am Ende des Tages abzuschalten, und bietet ein Hochgef\u00fchl des Wohlbefindens und der Freude, gefolgt von einer Entspannung, die hilft, Stress abzubauen.<\/p>\n\n<\/div>\n<\/div>\n<div id=\"faq-question-1722238454122\" class=\"rank-math-list-item\">\n<h3 class=\"rank-math-question \">Wie schmeckt Banana Kush Auto?<\/h3>\n<div class=\"rank-math-answer \">\n\n<p>Der Geschmack der <strong>Banana Kush Auto<\/strong> ist ein s\u00fc\u00dfer und cremiger Bananengeschmack, mit fruchtigen und tropischen Noten, die den Gaumen bei jedem Zug erfreuen.<\/p>\n\n<\/div>\n<\/div>\n<div id=\"faq-question-1722238459656\" class=\"rank-math-list-item\">\n<h3 class=\"rank-math-question \">Wie hoch ist der Cannabinoidgehalt von Banana Kush Auto?<\/h3>\n<div class=\"rank-math-answer \">\n\n<p>Die <strong>Banana Kush Auto<\/strong> hat einen hohen THC-Gehalt, der bis zu 25% erreichen kann, und einen niedrigen CBD-Gehalt, der unter 1% liegt.<\/p>\n\n<\/div>\n<\/div>\n<\/div>\n<\/div>\n","protected":false},"excerpt":{"rendered":"<p><b>Banana Kush Auto<\/b> ist die perfekte Wahl f\u00fcr alle, die ein unvergleichliches sensorisches Erlebnis und eine <strong>schnelle und reichliche Ernte<\/strong> suchen. Genie\u00dfe ihren k\u00f6stlichen <strong>s\u00fc\u00dfen Bananengeschmack und ihre entspannenden und gl\u00fccklichen Effekte<\/strong>, ideal, um am Ende des Tages abzuschalten. Pflanze sie m\u00fchelos an und erziele au\u00dfergew\u00f6hnliche Ergebnisse!<\/p>\n","protected":false},"featured_media":22940,"comment_status":"open","ping_status":"closed","template":"","meta":{"_acf_changed":false,"inline_featured_image":false,"_uag_custom_page_level_css":""},"product_brand":[],"product_cat":[2114],"product_tag":[],"class_list":{"0":"post-10016","1":"product","2":"type-product","3":"status-publish","4":"has-post-thumbnail","6":"product_cat-autoflowering-cannabis-samen","8":"first","9":"instock","10":"taxable","11":"shipping-taxable","12":"purchasable","13":"product-type-simple"},"acf":[],"uagb_featured_image_src":{"full":["https:\/\/bulkgenetics.com\/wp-content\/uploads\/2022\/10\/banana-kush-auto.jpg",1600,1600,false],"thumbnail":["https:\/\/bulkgenetics.com\/wp-content\/uploads\/2022\/10\/banana-kush-auto-150x150.jpg",150,150,true],"medium":["https:\/\/bulkgenetics.com\/wp-content\/uploads\/2022\/10\/banana-kush-auto-300x300.jpg",300,300,true],"medium_large":["https:\/\/bulkgenetics.com\/wp-content\/uploads\/2022\/10\/banana-kush-auto-768x768.jpg",768,768,true],"large":["https:\/\/bulkgenetics.com\/wp-content\/uploads\/2022\/10\/banana-kush-auto-1024x1024.jpg",1024,1024,true],"1536x1536":["https:\/\/bulkgenetics.com\/wp-content\/uploads\/2022\/10\/banana-kush-auto-1536x1536.jpg",1536,1536,true],"2048x2048":["https:\/\/bulkgenetics.com\/wp-content\/uploads\/2022\/10\/banana-kush-auto.jpg",1600,1600,false],"commercegurus-pdp-large":["https:\/\/bulkgenetics.com\/wp-content\/uploads\/2022\/10\/banana-kush-auto-990x990.jpg",990,990,true],"commercegurus-plp-mobile":["https:\/\/bulkgenetics.com\/wp-content\/uploads\/2022\/10\/banana-kush-auto-441x441.jpg",441,441,true],"cgkit_image_swatch":["https:\/\/bulkgenetics.com\/wp-content\/uploads\/2022\/10\/banana-kush-auto-100x100.jpg",100,100,true],"woocommerce_thumbnail":["https:\/\/bulkgenetics.com\/wp-content\/uploads\/2022\/10\/banana-kush-auto-300x300.jpg",300,300,true],"woocommerce_single":["https:\/\/bulkgenetics.com\/wp-content\/uploads\/2022\/10\/banana-kush-auto-800x800.jpg",800,800,true],"woocommerce_gallery_thumbnail":["https:\/\/bulkgenetics.com\/wp-content\/uploads\/2022\/10\/banana-kush-auto-150x150.jpg",150,150,true],"dgwt-wcas-product-suggestion":["https:\/\/bulkgenetics.com\/wp-content\/uploads\/2022\/10\/banana-kush-auto-64x64.jpg",64,64,true]},"uagb_author_info":{"display_name":"Bruno Crespo","author_link":"https:\/\/bulkgenetics.com\/de\/author\/"},"uagb_comment_info":0,"uagb_excerpt":"Banana Kush Auto ist die perfekte Wahl f\u00fcr alle, die ein unvergleichliches sensorisches Erlebnis und eine schnelle und reichliche Ernte suchen. Genie\u00dfe ihren k\u00f6stlichen s\u00fc\u00dfen Bananengeschmack und ihre entspannenden und gl\u00fccklichen Effekte, ideal, um am Ende des Tages abzuschalten. Pflanze sie m\u00fchelos an und erziele au\u00dfergew\u00f6hnliche Ergebnisse!","_links":{"self":[{"href":"https:\/\/bulkgenetics.com\/de\/wp-json\/wp\/v2\/product\/10016","targetHints":{"allow":["GET"]}}],"collection":[{"href":"https:\/\/bulkgenetics.com\/de\/wp-json\/wp\/v2\/product"}],"about":[{"href":"https:\/\/bulkgenetics.com\/de\/wp-json\/wp\/v2\/types\/product"}],"replies":[{"embeddable":true,"href":"https:\/\/bulkgenetics.com\/de\/wp-json\/wp\/v2\/comments?post=10016"}],"wp:featuredmedia":[{"embeddable":true,"href":"https:\/\/bulkgenetics.com\/de\/wp-json\/wp\/v2\/media\/22940"}],"wp:attachment":[{"href":"https:\/\/bulkgenetics.com\/de\/wp-json\/wp\/v2\/media?parent=10016"}],"wp:term":[{"taxonomy":"product_brand","embeddable":true,"href":"https:\/\/bulkgenetics.com\/de\/wp-json\/wp\/v2\/product_brand?post=10016"},{"taxonomy":"product_cat","embeddable":true,"href":"https:\/\/bulkgenetics.com\/de\/wp-json\/wp\/v2\/product_cat?post=10016"},{"taxonomy":"product_tag","embeddable":true,"href":"https:\/\/bulkgenetics.com\/de\/wp-json\/wp\/v2\/product_tag?post=10016"}],"curies":[{"name":"wp","href":"https:\/\/api.w.org\/{rel}","templated":true}]}}