{"id":10038,"date":"2022-10-04T12:37:00","date_gmt":"2022-10-04T10:37:00","guid":{"rendered":"https:\/\/www.bulkgenetics.com\/blue-dream-auto\/"},"modified":"2024-10-08T01:13:55","modified_gmt":"2024-10-07T23:13:55","slug":"blue-dream-auto","status":"publish","type":"product","link":"https:\/\/bulkgenetics.com\/de\/blue-dream-auto\/","title":{"rendered":"Blue Dream Auto"},"content":{"rendered":"\n<p><strong>Blue Dream Auto<\/strong> ist die schnellere Version einer der legend\u00e4rsten Sorten, die in Kalifornien geboren wurde: Blue Dream. Diese autoflowering Strain ist das Ergebnis der Kreuzung der ikonischen <a href=\"https:\/\/bulkgenetics.com\/de\/blueberry\/\"><strong>Blueberry<\/strong><\/a> und der legend\u00e4ren <a href=\"https:\/\/bulkgenetics.com\/de\/super-silver-haze\/\"><strong>Super Silver Haze<\/strong><\/a>. Sie kombiniert das Beste aus beiden Welten, um ein einzigartiges Erlebnis zu bieten. Mit der Einf\u00fchrung der <strong>Ruderalis<\/strong> garantiert diese Sorte unvergleichliche Widerstandsf\u00e4higkeit und Schnelligkeit, was sie zum perfekten Begleiter f\u00fcr Grower aller Erfahrungsstufen macht.<\/p>\n\n\n\n<p>Optisch ist <strong>Blue Dream Auto<\/strong> eine wahre Sch\u00f6nheit. Die Pflanzen erreichen meist eine H\u00f6he von bis zu 1,5 Metern und zeigen eine vorwiegend sativadominierte Struktur, elegant und langgestreckt. Ihre Morphologie erinnert an eine Tanne, mit einem gro\u00dfen zentralen Cola und zahlreichen produktiven Seitenzweigen. Die Buds sind gro\u00df, dicht und von einer Schicht Trichome bedeckt, die ihnen einen spektakul\u00e4ren kristallinen Glanz verleihen. Zudem betonen das lebhafte Gr\u00fcn mit blauen Nuancen und die bernsteinfarbenen H\u00e4rchen nicht nur ihre Sch\u00f6nheit, sondern zeigen auch die erstklassige Qualit\u00e4t dieser Sorte an.<\/p>\n\n\n\n<h2 class=\"wp-block-heading\">Geschmack und Wirkung<\/h2>\n\n\n\n<p>Das Aroma und der Geschmack von <strong>Blue Dream Auto<\/strong> sind ein wahrer Genuss f\u00fcr die Sinne. Stell dir einen k\u00f6stlichen, frisch gebackenen Blaubeerkuchen vor, mit Mangonoten und einer zitrischen S\u00fc\u00dfe, die das Wasser im Mund zusammenlaufen l\u00e4sst. Jeder Zug ist eine Explosion von Aromen, die am Gaumen haften bleibt und jede Inhalation zu einem sublimen Vergn\u00fcgen macht. Dieses komplexe und fesselnde Geschmacksprofil ist einer der am meisten gesch\u00e4tzten Aspekte dieser Sorte.<\/p>\n\n\n\n<p>Beim Konsum von <strong>Blue Dream Auto<\/strong> wirst du einen euphorischen und motivierenden zerebralen High erleben, ideal f\u00fcr Momente, in denen du einen Kreativit\u00e4tsschub und Produktivit\u00e4t ben\u00f6tigst. Mit einem THC-Gehalt von 15% bis 20% und einem niedrigen CBD-Gehalt von weniger als 1% bietet diese Strain eine perfekte Balance zwischen Euphorie und Ruhe. Im Laufe der Wirkung setzt eine sanfte und beruhigende k\u00f6rperliche Entspannung ein, die Stress und Spannungen lindert, ohne dich auf die Couch zu fesseln. Es ist das perfekte Gleichgewicht zwischen geistiger Wachsamkeit und k\u00f6rperlicher Entspannung.<\/p>\n\n\n\n<h3 class=\"wp-block-heading\">Terpene von Blue Dream Auto<\/h3>\n\n\n\n<p>Die Terpensymphonie in <strong>Blue Dream Auto<\/strong> tr\u00e4gt nicht nur zu ihrem einzigartigen Geschmack und Aroma bei, sondern auch zu ihren therapeutischen Vorteilen. Die wichtigsten Terpene sind:<\/p>\n\n\n\n<ul class=\"wp-block-list\">\n<li><strong>Beta-Caryophyllen:<\/strong> Bekannt f\u00fcr seine entz\u00fcndungshemmenden und schmerzlindernden Eigenschaften, verleiht dieses Terpen der Mischung eine w\u00fcrzige Note und bietet Linderung bei Schmerzen und Entz\u00fcndungen.<\/li>\n\n\n\n<li><strong>Limonen:<\/strong> Bringt ein erfrischendes Zitrusaroma und ist bekannt f\u00fcr seine stressreduzierenden und stimmungsaufhellenden Effekte. Perfekt f\u00fcr Tage, an denen du einen Gl\u00fccksschub brauchst.<\/li>\n\n\n\n<li><strong>Linalool:<\/strong> Dieses blumige Terpen hat beruhigende Eigenschaften und kann helfen, Angstzust\u00e4nde zu lindern, wodurch ein Gef\u00fchl von Ruhe und Frieden entsteht.<\/li>\n\n\n\n<li><strong>Myrcen:<\/strong> Mit seinem erdigen und moschusartigen Aroma ist es bekannt f\u00fcr seine beruhigenden und entspannenden Wirkungen, ideal f\u00fcr eine ruhige und erholsame Nacht.<\/li>\n\n\n\n<li><strong>Para-Cymen:<\/strong> Tr\u00e4gt mit zitrischen und krautigen Noten bei, hilft die entspannenden Effekte der Sorte zu verst\u00e4rken und verleiht dem aromatischen Profil Tiefe.<\/li>\n\n\n\n<li><strong>Terpinolen:<\/strong> F\u00fcgt eine frische und blumige Note hinzu und vervollst\u00e4ndigt die komplexe und angenehme aromatische Erfahrung von <strong>Blue Dream Auto<\/strong>, w\u00e4hrend es antioxidative und beruhigende Effekte bietet.<\/li>\n<\/ul>\n\n\n\n<p>Diese Terpene wirken synergetisch, um ein vollst\u00e4ndiges Erlebnis in Geschmack und Wirkung zu bieten, was <strong>Blue Dream Auto<\/strong> zu einer beliebten Wahl unter Cannabis-Kennern macht. Jedes dieser Verbindungen verbessert nicht nur das Aroma und den Geschmack, sondern bietet auch spezifische Vorteile, wodurch ein reichhaltiges und ausgewogenes Konsumerlebnis entsteht.<\/p>\n\n\n\n<h2 class=\"wp-block-heading\">Ertrag und Bl\u00fctezeit<\/h2>\n\n\n\n<p>Die <strong>Blue Dream Auto<\/strong> sticht nicht nur durch ihr beeindruckendes Aussehen und ihren Geschmack hervor, sondern auch durch ihre gro\u00dfz\u00fcgige Produktion. Beim Indoor-Anbau kann diese Sorte bis zu <strong>400-500 Gramm pro Quadratmeter<\/strong> liefern, sofern eine LED-Beleuchtung von 300-350W verwendet wird. Auch im Freien sind die Ertr\u00e4ge bemerkenswert, wobei Pflanzen zwischen <strong>80 und 120 Gramm<\/strong> pro Pflanze produzieren, besonders bei Exemplaren, die eine beachtliche Gr\u00f6\u00dfe erreichen.<\/p>\n\n\n\n<p>Einer der attraktivsten Vorteile der <strong>Blue Dream Auto<\/strong> ist ihr schneller Lebenszyklus. Von der Keimung bis zur Ernte betr\u00e4gt die Gesamtzeit nur <strong>70-75 Tage<\/strong>. Dies erm\u00f6glicht es den Growern, bis zu drei aufeinanderfolgende Ernten in den Fr\u00fchjahrs- und Sommermonaten zu erzielen und so die Jahresproduktion zu maximieren.<\/p>\n\n\n\n<p>Im Innenbereich ist die Bl\u00fctezeit ebenso schnell, mit Pflanzen, die in etwa <strong>7 bis 9 Wochen<\/strong> erntereif sind. Dies, zusammen mit ihrer einfachen Kultivierung, macht die <strong>Blue Dream Auto<\/strong> zu einer idealen Wahl sowohl f\u00fcr Anf\u00e4nger als auch f\u00fcr erfahrene Grower.<\/p>\n\n\n\n<h2 class=\"wp-block-heading\">Wie man Blue Dream Auto anbaut<\/h2>\n\n\n\n<p>Der Anbau von <strong>Blue Dream Auto<\/strong> ist eine lohnende Erfahrung f\u00fcr Grower aller Stufen. Mit einer <strong>geringen Anbauschwierigkeit<\/strong> ist diese Sorte sowohl f\u00fcr Anf\u00e4nger als auch f\u00fcr Experten zug\u00e4nglich. Das Wichtigste ist, unseren Pflanzen eine geeignete Umgebung zu bieten, um ihr Potenzial zu maximieren.<\/p>\n\n\n\n<p>Um die besten Ergebnisse zu erzielen, ist es entscheidend, dass unsere Pflanzen in einem <strong>warmen und sonnigen Klima<\/strong> wachsen. Die idealen Temperaturen f\u00fcr <strong>Blue Dream Auto<\/strong> liegen zwischen 20\u00b0C und 26\u00b0C. Obwohl sie sich an verschiedene Umgebungen anpassen kann, gedeiht sie besonders gut an Orten mit vielen Sonnenstunden. F\u00fcr den Innenbereich empfehlen wir eine Lichtkonfiguration von 18\/6 oder 20\/4 Stunden Licht\/Dunkelheit f\u00fcr optimale Ertr\u00e4ge.<\/p>\n\n\n\n<p>Ein gro\u00dfer Vorteil der <strong>Blue Dream Auto<\/strong> ist ihre <strong>nat\u00fcrliche Resistenz gegen Sch\u00e4dlinge und Krankheiten<\/strong>. Dies erleichtert den Anbau, da wir uns weniger Sorgen um das Auftreten h\u00e4ufiger Probleme machen m\u00fcssen. Dennoch ist es wichtig, eine gute Hygiene in unserem Anbauraum zu wahren und auf Anzeichen von Problemen zu achten. Die Verwendung von hochwertigen Substraten und eine angemessene Bel\u00fcftung helfen, unsere Pflanzen gesund und kr\u00e4ftig zu halten.<\/p>\n\n\n\n<div style=\"height:50px\" aria-hidden=\"true\" class=\"wp-block-spacer uag-hide-mob\"><\/div>\n\n\n\n<div class=\"wp-block-columns is-layout-flex wp-container-core-columns-is-layout-28f84493 wp-block-columns-is-layout-flex\">\n<div class=\"wp-block-column is-layout-flow wp-block-column-is-layout-flow\">\n<p class=\"has-text-align-center has-medium-font-size\"><strong>Was uns am besten gef\u00e4llt<\/strong><\/p>\n\n\n\n<ul class=\"wp-block-list\">\n<li>Leicht anzubauen f\u00fcr alle Erfahrungsstufen.<\/li>\n\n\n\n<li>Erzeugt reichliche Ernten sowohl im Innen- als auch im Au\u00dfenbereich.<\/li>\n\n\n\n<li>Schnelle Bl\u00fctezeit, die mehrere Ernten pro Jahr erm\u00f6glicht.<\/li>\n\n\n\n<li>Exquisites Aroma- und Geschmacksprofil, das die Sinne begeistert.<\/li>\n\n\n\n<li>Resistent gegen g\u00e4ngige Sch\u00e4dlinge und Krankheiten.<\/li>\n<\/ul>\n<\/div>\n\n\n\n<div class=\"wp-block-column is-layout-flow wp-block-column-is-layout-flow\">\n<p class=\"has-text-align-center has-medium-font-size\"><strong>Was uns weniger gef\u00e4llt<\/strong><\/p>\n\n\n\n<ul class=\"wp-block-list\">\n<li>Kann w\u00e4hrend der Bl\u00fctezeit sehr geruchsintensiv sein, erfordert eine gute Geruchskontrolle.<\/li>\n\n\n\n<li>Ben\u00f6tigt ein warmes Klima, um ihr volles Potenzial auszusch\u00f6pfen.<\/li>\n<\/ul>\n<\/div>\n<\/div>\n\n\n\n<div style=\"height:50px\" aria-hidden=\"true\" class=\"wp-block-spacer uag-hide-mob\"><\/div>\n\n\n\n<h2 class=\"wp-block-heading\">H\u00e4ufig gestellte Fragen<\/h2>\n\n\n\n<p>Nachfolgend findest du die Antworten auf die h\u00e4ufigsten Fragen, die Z\u00fcchter zu dieser Genetik stellen:<\/p>\n\n\n<div id=\"rank-math-faq\" class=\"rank-math-block\">\n<div class=\"rank-math-list \">\n<div id=\"faq-question-1722327949412\" class=\"rank-math-list-item\">\n<h3 class=\"rank-math-question \">Ist Blue Dream Auto Sativa oder Indica?<\/h3>\n<div class=\"rank-math-answer \">\n\n<p>Blue Dream Auto ist \u00fcberwiegend Sativa. Sativa-Sorten bieten in der Regel einen energetisierenden und stimulierenden zerebralen High, ideal f\u00fcr den Tag und kreative Aktivit\u00e4ten. Indicas hingegen sind bekannt f\u00fcr ihre entspannenden und sedierenden Effekte, perfekt f\u00fcr den n\u00e4chtlichen Gebrauch. Blue Dream Auto kombiniert das Beste aus beiden Welten und sorgt f\u00fcr eine mentale Euphorie, begleitet von einer sanften k\u00f6rperlichen Entspannung.<\/p>\n\n<\/div>\n<\/div>\n<div id=\"faq-question-1722327951524\" class=\"rank-math-list-item\">\n<h3 class=\"rank-math-question \">Welche Kreuzung ist Blue Dream Auto?<\/h3>\n<div class=\"rank-math-answer \">\n\n<p>Blue Dream Auto ist das Ergebnis der Kreuzung von Blueberry und Super Silver Haze, mit der Zugabe von Ruderalis, um ihre autoflowering Eigenschaften zu verleihen. Diese Kombination bietet eine perfekte Mischung aus Geschmack, Potenz und einfacher Kultivierung.<\/p>\n\n<\/div>\n<\/div>\n<div id=\"faq-question-1663029074962\" class=\"rank-math-list-item\">\n<h3 class=\"rank-math-question \">Wann beginnt Blue Dream Auto im Freien zu bl\u00fchen?<\/h3>\n<div class=\"rank-math-answer \">\n\n<p>Blue Dream Auto hat eine sehr schnelle Wachstumsperiode von nur 3-4 Wochen, bevor sie automatisch zu bl\u00fchen beginnt, ohne dass \u00c4nderungen im Lichtzyklus erforderlich sind.<\/p>\n\n<\/div>\n<\/div>\n<div id=\"faq-question-1663029159933\" class=\"rank-math-list-item\">\n<h3 class=\"rank-math-question \">Wie lange dauert es, bis eine Blue Dream Auto von der Keimung bis zur Ernte reif ist?<\/h3>\n<div class=\"rank-math-answer \">\n\n<p>Von der Keimung bis zur Ernte ist Blue Dream Auto in insgesamt 70-75 Tagen erntereif. Dies erm\u00f6glicht mehrere Ernten pro Jahr, besonders in den Fr\u00fchlings- und Sommermonaten.<\/p>\n\n<\/div>\n<\/div>\n<div id=\"faq-question-1663029165861\" class=\"rank-math-list-item\">\n<h3 class=\"rank-math-question \">Wie baut man eine feminisierte Blue Dream Auto an?<\/h3>\n<div class=\"rank-math-answer \">\n\n<p>Blue Dream Auto ist sehr einfach anzubauen und widerstandsf\u00e4hig. Wir empfehlen die Verwendung eines gro\u00dfen Topfes und die Keimung in den Fr\u00fchlings- und Sommermonaten, um gro\u00dfe Pflanzen und hohe Ertr\u00e4ge zu erzielen. Stellen Sie ein angereichertes Substrat bereit und sorgen Sie daf\u00fcr, dass die Pflanzen ausreichend Licht und Bel\u00fcftung erhalten.<\/p>\n\n<\/div>\n<\/div>\n<div id=\"faq-question-1666780029954\" class=\"rank-math-list-item\">\n<h3 class=\"rank-math-question \">Welche Effekte hat Blue Dream Auto in gro\u00dfen Mengen?<\/h3>\n<div class=\"rank-math-answer \">\n\n<p>Die Effekte von Blue Dream Auto sind stark und ausgewogen. Sie sorgt f\u00fcr eine zerebrale Euphorie und einen Kreativit\u00e4tsschub, gefolgt von einer sanften und beruhigenden k\u00f6rperlichen Entspannung. Ideal zur Stresslinderung, Stimmungsaufhellung und F\u00f6rderung der Kreativit\u00e4t.<\/p>\n\n<\/div>\n<\/div>\n<div id=\"faq-question-1722328026204\" class=\"rank-math-list-item\">\n<h3 class=\"rank-math-question \">Wie schmeckt Blue Dream Auto?<\/h3>\n<div class=\"rank-math-answer \">\n\n<p>Der Geschmack von Blue Dream Auto ist eine wahre Freude, mit Noten von Blaubeere, Mango und einer zitrischen S\u00fc\u00dfe. Jede Inhalation ist ein Genuss f\u00fcr den Gaumen und bietet ein unvergessliches sensorisches Erlebnis.<\/p>\n\n<\/div>\n<\/div>\n<div id=\"faq-question-1722328028068\" class=\"rank-math-list-item\">\n<h3 class=\"rank-math-question \">Wie hoch ist der Cannabinoidgehalt von Blue Dream Auto?<\/h3>\n<div class=\"rank-math-answer \">\n\n<p>Blue Dream Auto hat einen THC-Gehalt von 15% bis 20% und einen niedrigen CBD-Gehalt von weniger als 1%. Diese Kombination bietet eine perfekte Balance zwischen Euphorie und Entspannung.<\/p>\n\n<\/div>\n<\/div>\n<\/div>\n<\/div>","protected":false},"excerpt":{"rendered":"<p><b>Blue Dream Auto<\/b> bietet dir eine schnelle und reichliche Ernte mit einem <strong>k\u00f6stlichen Geschmack nach Blaubeere und Mango<\/strong>. Genie\u00dfe einen <strong>euphorischen zerebralen High und eine sanfte k\u00f6rperliche Entspannung<\/strong>. Perfekt f\u00fcr Grower aller Erfahrungsstufen dank ihrer <strong>Widerstandsf\u00e4higkeit und einfachen Kultivierung<\/strong>.<\/p>\n","protected":false},"featured_media":31972,"comment_status":"open","ping_status":"closed","template":"","meta":{"_acf_changed":false,"inline_featured_image":false,"_uag_custom_page_level_css":""},"product_brand":[],"product_cat":[2114,4113],"product_tag":[],"class_list":{"0":"post-10038","1":"product","2":"type-product","3":"status-publish","4":"has-post-thumbnail","6":"product_cat-autoflowering-cannabis-samen","7":"product_cat-cannabis-samen-unter-1-euro","9":"first","10":"instock","11":"sale","12":"taxable","13":"shipping-taxable","14":"purchasable","15":"product-type-simple"},"acf":[],"uagb_featured_image_src":{"full":["https:\/\/bulkgenetics.com\/wp-content\/uploads\/2022\/10\/blue-dream-auto-seeds-autoflowering-cannabis.jpg",1600,1600,false],"thumbnail":["https:\/\/bulkgenetics.com\/wp-content\/uploads\/2022\/10\/blue-dream-auto-seeds-autoflowering-cannabis-150x150.jpg",150,150,true],"medium":["https:\/\/bulkgenetics.com\/wp-content\/uploads\/2022\/10\/blue-dream-auto-seeds-autoflowering-cannabis-300x300.jpg",300,300,true],"medium_large":["https:\/\/bulkgenetics.com\/wp-content\/uploads\/2022\/10\/blue-dream-auto-seeds-autoflowering-cannabis-768x768.jpg",768,768,true],"large":["https:\/\/bulkgenetics.com\/wp-content\/uploads\/2022\/10\/blue-dream-auto-seeds-autoflowering-cannabis-1024x1024.jpg",1024,1024,true],"1536x1536":["https:\/\/bulkgenetics.com\/wp-content\/uploads\/2022\/10\/blue-dream-auto-seeds-autoflowering-cannabis-1536x1536.jpg",1536,1536,true],"2048x2048":["https:\/\/bulkgenetics.com\/wp-content\/uploads\/2022\/10\/blue-dream-auto-seeds-autoflowering-cannabis.jpg",1600,1600,false],"commercegurus-pdp-large":["https:\/\/bulkgenetics.com\/wp-content\/uploads\/2022\/10\/blue-dream-auto-seeds-autoflowering-cannabis-990x990.jpg",990,990,true],"commercegurus-plp-mobile":["https:\/\/bulkgenetics.com\/wp-content\/uploads\/2022\/10\/blue-dream-auto-seeds-autoflowering-cannabis-441x441.jpg",441,441,true],"cgkit_image_swatch":["https:\/\/bulkgenetics.com\/wp-content\/uploads\/2022\/10\/blue-dream-auto-seeds-autoflowering-cannabis-100x100.jpg",100,100,true],"woocommerce_thumbnail":["https:\/\/bulkgenetics.com\/wp-content\/uploads\/2022\/10\/blue-dream-auto-seeds-autoflowering-cannabis-300x300.jpg",300,300,true],"woocommerce_single":["https:\/\/bulkgenetics.com\/wp-content\/uploads\/2022\/10\/blue-dream-auto-seeds-autoflowering-cannabis-800x800.jpg",800,800,true],"woocommerce_gallery_thumbnail":["https:\/\/bulkgenetics.com\/wp-content\/uploads\/2022\/10\/blue-dream-auto-seeds-autoflowering-cannabis-150x150.jpg",150,150,true],"dgwt-wcas-product-suggestion":["https:\/\/bulkgenetics.com\/wp-content\/uploads\/2022\/10\/blue-dream-auto-seeds-autoflowering-cannabis-64x64.jpg",64,64,true]},"uagb_author_info":{"display_name":"Bruno Crespo","author_link":"https:\/\/bulkgenetics.com\/de\/author\/"},"uagb_comment_info":0,"uagb_excerpt":"Blue Dream Auto bietet dir eine schnelle und reichliche Ernte mit einem k\u00f6stlichen Geschmack nach Blaubeere und Mango. Genie\u00dfe einen euphorischen zerebralen High und eine sanfte k\u00f6rperliche Entspannung. Perfekt f\u00fcr Grower aller Erfahrungsstufen dank ihrer Widerstandsf\u00e4higkeit und einfachen Kultivierung.","_links":{"self":[{"href":"https:\/\/bulkgenetics.com\/de\/wp-json\/wp\/v2\/product\/10038","targetHints":{"allow":["GET"]}}],"collection":[{"href":"https:\/\/bulkgenetics.com\/de\/wp-json\/wp\/v2\/product"}],"about":[{"href":"https:\/\/bulkgenetics.com\/de\/wp-json\/wp\/v2\/types\/product"}],"replies":[{"embeddable":true,"href":"https:\/\/bulkgenetics.com\/de\/wp-json\/wp\/v2\/comments?post=10038"}],"wp:featuredmedia":[{"embeddable":true,"href":"https:\/\/bulkgenetics.com\/de\/wp-json\/wp\/v2\/media\/31972"}],"wp:attachment":[{"href":"https:\/\/bulkgenetics.com\/de\/wp-json\/wp\/v2\/media?parent=10038"}],"wp:term":[{"taxonomy":"product_brand","embeddable":true,"href":"https:\/\/bulkgenetics.com\/de\/wp-json\/wp\/v2\/product_brand?post=10038"},{"taxonomy":"product_cat","embeddable":true,"href":"https:\/\/bulkgenetics.com\/de\/wp-json\/wp\/v2\/product_cat?post=10038"},{"taxonomy":"product_tag","embeddable":true,"href":"https:\/\/bulkgenetics.com\/de\/wp-json\/wp\/v2\/product_tag?post=10038"}],"curies":[{"name":"wp","href":"https:\/\/api.w.org\/{rel}","templated":true}]}}