{"id":10055,"date":"2022-10-04T12:41:56","date_gmt":"2022-10-04T10:41:56","guid":{"rendered":"https:\/\/www.bulkgenetics.com\/cheese-cbd-auto\/"},"modified":"2024-10-08T01:13:54","modified_gmt":"2024-10-07T23:13:54","slug":"cheese-cbd-auto","status":"publish","type":"product","link":"https:\/\/bulkgenetics.com\/de\/cheese-cbd-auto\/","title":{"rendered":"Cheese CBD Auto"},"content":{"rendered":"\n<p>Die <strong>Cheese CBD Auto<\/strong> ist die schnellste und therapeutischste Version der ber\u00fchmten <strong><a href=\"https:\/\/bulkgenetics.com\/de\/cheese\/\"><strong>Cheese<\/strong><\/a><\/strong>, einer Cannabis-Strain, die ihren Ursprung im Vereinigten K\u00f6nigreich hat. Dort wurde sie dank ihres einzigartigen, nach gereiftem K\u00e4se schmeckenden Aromas schnell zu einer Legende. Diese Sorte wurde durch die Kreuzung der klassischen <strong>Cheese<\/strong> mit einer CBD-reichen autoflowering Strain entwickelt und bietet somit eine therapeutische Option ohne den starken THC-High.<\/p>\n\n\n\n<p>Die Pflanze ist robust und kann im Freien bis zu 1,5 Meter hoch werden. Sie hat eine Struktur, die einem kleinen Kiefernbaum \u00e4hnelt, mit anmutig ausgebreiteten \u00c4sten und langen, schmalen Bl\u00e4ttern, die sie von ihrem Sativa-Erbe geerbt hat. Die leuchtend gr\u00fcnen Buds verdunkeln sich beim Reifen und zeigen eine tiefere Schattierung. Die Menge an Harz ist so gro\u00df, dass die Buds aussehen, als w\u00e4ren sie mit einer Zuckerschicht \u00fcberzogen.<\/p>\n\n\n\n<h2 class=\"wp-block-heading\">Geschmack und Wirkung<\/h2>\n\n\n\n<p>Der Geschmack der <strong>Cheese CBD Auto<\/strong> ist eine einzigartige und k\u00f6stliche Erfahrung. Stell dir das bet\u00f6rende Aroma eines gereiften K\u00e4ses vor, gemischt mit der Frische von Zitrone und einem leichten Hauch von S\u00fc\u00dfe. Dieses Geschmacksprofil ist nicht nur unverwechselbar, sondern auch verf\u00fchrerisch lecker und vermittelt bei jedem Zug warme und gem\u00fctliche Empfindungen. F\u00fcr viele erinnert ihr Geschmack an Cheetos mit einem zitrischen Akzent, der sie noch spezieller macht.<\/p>\n\n\n\n<p>Was die Wirkung betrifft, so ist die <strong>Cheese CBD Auto<\/strong> reine Medizin. Mit einem THC-Gehalt, der zwischen 5% und 10% liegt, und einem hohen CBD-Gehalt, der zwischen 10% und 15% variiert, bietet diese Strain eine ausgewogene Erfahrung ohne die intensiven psychoaktiven Effekte von THC. Das Ergebnis ist ein Gef\u00fchl der Ruhe und Entspannung, das perfekt geeignet ist, um chronische Schmerzen, Stress und Angst zu lindern. Ihre Effekte sind k\u00f6rperlich und sehr gut vertr\u00e4glich, sodass die Nutzer funktional und wachsam bleiben, w\u00e4hrend sie ein tiefes Wohlbefinden genie\u00dfen.<\/p>\n\n\n\n<h3 class=\"wp-block-heading\">Terpene der Cheese CBD Auto<\/h3>\n\n\n\n<p>Die <strong>Cheese CBD Auto<\/strong> ist vollgepackt mit Terpenen, die nicht nur zu ihrem einzigartigen Geschmack und Aroma beitragen, sondern auch ihre therapeutischen Effekte verst\u00e4rken. Zu den hervorstechenden Terpenen geh\u00f6ren <strong>Camphen<\/strong> und <strong>Limonen<\/strong>.<\/p>\n\n\n\n<p>Camphen bringt ein krautiges und erdiges Aroma mit, das das Geschmacksprofil des gereiften K\u00e4ses perfekt erg\u00e4nzt. Dieses Terpen ist bekannt f\u00fcr seine entz\u00fcndungshemmenden und antioxidativen Eigenschaften, was dieser Strain einen erheblichen medizinischen Wert verleiht.<\/p>\n\n\n\n<p>Limonen hingegen f\u00fcgt frische und lebendige Zitrusnoten hinzu. Dieses Terpen ist ber\u00fchmt f\u00fcr seine angstl\u00f6senden und antidepressiven Wirkungen und hilft, die Stimmung zu verbessern und Stress abzubauen. Zusammen bereichern diese Terpene nicht nur die sensorische Erfahrung, sondern verst\u00e4rken auch die medizinischen Vorteile.<\/p>\n\n\n\n<h2 class=\"wp-block-heading\">Ertrag und Bl\u00fctezeit<\/h2>\n\n\n\n<p>Die <strong>Cheese CBD Auto<\/strong> entt\u00e4uscht nicht in Bezug auf die Produktion, sowohl in Innen- als auch in Au\u00dfenanbau. In Innenr\u00e4umen kann diese Pflanze zwischen <strong>400 und 500 Gramm<\/strong> pro Quadratmeter produzieren und liefert eine reichliche und hochwertige Ernte. Der Schl\u00fcssel zur Maximierung der Produktion im Innenbereich ist eine gute Beleuchtung und optimale Wachstumsbedingungen.<\/p>\n\n\n\n<p>Im Freien kann jede Pflanze zwischen <strong>100 und 150 Gramm<\/strong> abwerfen, abh\u00e4ngig von den Umweltbedingungen und der Pflege. Diese Produktionskapazit\u00e4t macht sie zu einer ausgezeichneten Wahl f\u00fcr Z\u00fcchter, die gro\u00dfe Mengen an kompakten und harzigen Buds erzielen m\u00f6chten.<\/p>\n\n\n\n<p>Die Bl\u00fctezeit ist schnell. In Innenr\u00e4umen betr\u00e4gt der vollst\u00e4ndige Lebenszyklus, von der Keimung bis zur Ernte, etwa <strong>65-70 Tage<\/strong>. Dies erm\u00f6glicht es den Z\u00fcchtern, mehrere Ernten in einer Saison zu erzielen, wodurch ihre Investition und M\u00fche maximiert werden.<\/p>\n\n\n\n<p>Im Freien ist die Bl\u00fctezeit ebenfalls schnell und erm\u00f6glicht es, zwei oder sogar drei Ernten w\u00e4hrend der Fr\u00fchlings- und Sommermonate in geeigneten Klimazonen einzubringen. Diese schnelle Bl\u00fctezeit, zusammen mit ihrer Widerstandsf\u00e4higkeit und einfachen Kultivierung, macht sie zu einer idealen Option f\u00fcr Z\u00fcchter, die schnelle und effektive Ergebnisse ohne Qualit\u00e4tseinbu\u00dfen suchen.<\/p>\n\n\n\n<h2 class=\"wp-block-heading\">Wie man Cheese CBD Auto anbaut<\/h2>\n\n\n\n<p>Der Anbau der <strong>Cheese CBD Auto<\/strong> ist eine lohnende Erfahrung f\u00fcr jeden Z\u00fcchter, unabh\u00e4ngig von seinem Erfahrungsstand. Diese Sorte zeichnet sich durch ihre einfache Kultivierung aus, was sie sowohl f\u00fcr Anf\u00e4nger als auch f\u00fcr erfahrene Z\u00fcchter zu einer ausgezeichneten Wahl macht. Sie erfordert keine gro\u00dfe Pflege, um au\u00dfergew\u00f6hnliche Ertr\u00e4ge zu liefern.<\/p>\n\n\n\n<p>Um die besten Ergebnisse zu erzielen, empfehlen wir, diese Sorte in warmen und sonnigen Klimazonen anzubauen, obwohl sie sich auch gut an k\u00e4ltere Klimazonen anpasst. Die idealen Temperaturen liegen zwischen 21 und 29 \u00b0C. Im Freien kann sie bis zu 1,5 Meter hoch werden, w\u00e4hrend sie in Innenr\u00e4umen unter optimalen Bedingungen auch in kontrollierten R\u00e4umen gut w\u00e4chst.<\/p>\n\n\n\n<p>Einer der starken Punkte dieser Sorte ist ihre Resistenz gegen Sch\u00e4dlinge und Krankheiten, was den Bedarf an chemischen Eingriffen verringert und einen saubereren und organischeren Anbau erm\u00f6glicht.<\/p>\n\n\n\n<div style=\"height:50px\" aria-hidden=\"true\" class=\"wp-block-spacer uag-hide-mob\"><\/div>\n\n\n\n<div class=\"wp-block-columns is-layout-flex wp-container-core-columns-is-layout-28f84493 wp-block-columns-is-layout-flex\">\n<div class=\"wp-block-column is-layout-flow wp-block-column-is-layout-flow\">\n<p class=\"has-text-align-center has-medium-font-size\"><strong>Was uns am meisten gef\u00e4llt<\/strong><\/p>\n\n\n\n<ul class=\"wp-block-list\">\n<li>Sehr einfach anzubauen, ideal f\u00fcr Anf\u00e4nger.<\/li>\n\n\n\n<li>Hohe Resistenz gegen Sch\u00e4dlinge und Krankheiten.<\/li>\n\n\n\n<li>Schnelle Bl\u00fctezeit, mit reichlichen Ernten in nur 65-70 Tagen.<\/li>\n\n\n\n<li>Einzigartiger Geschmack nach gereiftem K\u00e4se mit zitrischen und s\u00fc\u00dfen Noten.<\/li>\n\n\n\n<li>Therapeutische Effekte ohne das starke THC-High.<\/li>\n<\/ul>\n<\/div>\n\n\n\n<div class=\"wp-block-column is-layout-flow wp-block-column-is-layout-flow\">\n<p class=\"has-text-align-center has-medium-font-size\"><strong>Was uns weniger gef\u00e4llt<\/strong><\/p>\n\n\n\n<ul class=\"wp-block-list\">\n<li>Sehr starker Geruch w\u00e4hrend der Bl\u00fctezeit, ben\u00f6tigt gute Filter im Innenbereich.<\/li>\n<\/ul>\n<\/div>\n<\/div>\n\n\n\n<div style=\"height:50px\" aria-hidden=\"true\" class=\"wp-block-spacer uag-hide-mob\"><\/div>\n\n\n\n<h2 class=\"wp-block-heading\">H\u00e4ufig gestellte Fragen<\/h2>\n\n\n\n<p>Nachfolgend findest du die Antworten auf die h\u00e4ufigsten Fragen, die uns von Menschen gestellt werden, die daran interessiert sind, diese Sorte anzubauen:<\/p>\n\n\n<div id=\"rank-math-faq\" class=\"rank-math-block\">\n<div class=\"rank-math-list \">\n<div id=\"faq-question-1722410070327\" class=\"rank-math-list-item\">\n<h3 class=\"rank-math-question \">Ist Cheese CBD Auto Sativa oder Indica?<\/h3>\n<div class=\"rank-math-answer \">\n\n<p>Die <strong>Cheese CBD Auto<\/strong> ist eine Hybridsorte, die sowohl Indica- als auch Sativa-Merkmale kombiniert, aber mit einer st\u00e4rkeren Neigung zu Indica in Bezug auf Wirkung und Wachstum. Sativa-Sorten neigen dazu, eine stimulierende und zerebrale Wirkung zu bieten, ideal f\u00fcr den Tag. Indicas hingegen sorgen meist f\u00fcr eine tiefe k\u00f6rperliche Entspannung, perfekt f\u00fcr die Nacht oder den therapeutischen Gebrauch. Die <strong>Cheese CBD Auto<\/strong> bewahrt dieses Gleichgewicht und bietet eine angenehme Entspannung ohne geistige Blockade.<\/p>\n\n<\/div>\n<\/div>\n<div id=\"faq-question-1722410089102\" class=\"rank-math-list-item\">\n<h3 class=\"rank-math-question \">Welche Kreuzung ist Cheese CBD Auto?<\/h3>\n<div class=\"rank-math-answer \">\n\n<p>Die <strong>Cheese CBD Auto<\/strong> ist das Ergebnis der Kreuzung der legend\u00e4ren <strong>Cheese<\/strong> mit einer CBD-reichen autoflowering Sorte. Diese Kombination verleiht ihr den charakteristischen Geschmack von gereiftem K\u00e4se und ihren hohen CBD-Gehalt, was sie ideal f\u00fcr therapeutische Anwendungen macht.<\/p>\n\n<\/div>\n<\/div>\n<div id=\"faq-question-1663029074962\" class=\"rank-math-list-item\">\n<h3 class=\"rank-math-question \">Wann beginnt Cheese CBD Auto zu bl\u00fchen?<\/h3>\n<div class=\"rank-math-answer \">\n\n<p>Die Bl\u00fctezeit der <strong>Cheese CBD Auto<\/strong> beginnt etwa 3 bis 4 Wochen nach der Keimung. Ihr Lebenszyklus ist schnell, was eine Ernte in kurzer Zeit erm\u00f6glicht.<\/p>\n\n<\/div>\n<\/div>\n<div id=\"faq-question-1663029159933\" class=\"rank-math-list-item\">\n<h3 class=\"rank-math-question \">Wie lange dauert es, eine Cheese CBD Auto von der Keimung bis zur Ernte anzubauen?<\/h3>\n<div class=\"rank-math-answer \">\n\n<p>Die <strong>Cheese CBD Auto<\/strong> ist eine sehr schnelle autoflowering Sorte. Sie wird in nur 65-70 Tagen nach der Keimung geerntet, was es erm\u00f6glicht, bei geeigneten klimatischen Bedingungen mehrere Ernten in einer Saison zu erzielen.<\/p>\n\n<\/div>\n<\/div>\n<div id=\"faq-question-1663029165861\" class=\"rank-math-list-item\">\n<h3 class=\"rank-math-question \">Wie baut man eine feminisierte Cheese CBD Auto an?<\/h3>\n<div class=\"rank-math-answer \">\n\n<p>Die <strong>Cheese CBD Auto<\/strong> ist eine sehr schnelle autoflowering Sorte. Sie wird in nur 65-70 Tagen nach der Keimung geerntet, was es erm\u00f6glicht, bei geeigneten klimatischen Bedingungen mehrere Ernten in einer Saison zu erzielen.<\/p>\n\n<\/div>\n<\/div>\n<div id=\"faq-question-1666780029954\" class=\"rank-math-list-item\">\n<h3 class=\"rank-math-question \">Welche Wirkungen hat Cheese CBD Auto in gro\u00dfen Mengen?<\/h3>\n<div class=\"rank-math-answer \">\n\n<p>Die Wirkungen der <strong>Cheese CBD Auto<\/strong> sind haupts\u00e4chlich therapeutisch. Dank ihres hohen CBD-Gehalts sorgt sie f\u00fcr ein Gef\u00fchl der Ruhe und Entspannung, perfekt zur Reduzierung von chronischen Schmerzen, Stress und Angst. Ihre Wirkungen sind k\u00f6rperlich und sehr gut vertr\u00e4glich, sodass die Nutzer funktional und wachsam bleiben, w\u00e4hrend sie ein tiefes Wohlbefinden genie\u00dfen.<\/p>\n\n<\/div>\n<\/div>\n<div id=\"faq-question-1722410168313\" class=\"rank-math-list-item\">\n<h3 class=\"rank-math-question \">Wie schmeckt Cheese CBD Auto?<\/h3>\n<div class=\"rank-math-answer \">\n\n<p>Der Geschmack der <strong>Cheese CBD Auto<\/strong> ist eine einzigartige Erfahrung. Ihr Geschmacksprofil kombiniert Noten von gereiftem K\u00e4se mit einem zitrischen Hauch und einer leichten S\u00fc\u00dfe. Viele beschreiben ihren Geschmack als \u00e4hnlich wie Cheetos, was ihn unverwechselbar und lecker macht.<\/p>\n\n<\/div>\n<\/div>\n<div id=\"faq-question-1722410169218\" class=\"rank-math-list-item\">\n<h3 class=\"rank-math-question \">Wie hoch ist der Cannabinoidgehalt von Cheese CBD Auto?<\/h3>\n<div class=\"rank-math-answer \">\n\n<p>Die <strong>Cheese CBD Auto<\/strong> hat einen THC-Gehalt, der zwischen 5% und 10% liegt, und einen hohen CBD-Gehalt, der zwischen 10% und 15% variiert. Diese Kombination bietet eine ausgewogene Wirkung ohne die intensiven psychoaktiven Effekte von THC.<\/p>\n\n<\/div>\n<\/div>\n<\/div>\n<\/div>","protected":false},"excerpt":{"rendered":"<p><b>Cheese CBD Auto<\/b> bietet eine au\u00dfergew\u00f6hnliche therapeutische Erfahrung mit ihrem hohen CBD-Gehalt und <strong>einzigartigem Geschmack nach gereiftem K\u00e4se und Zitrusfr\u00fcchten<\/strong>. Genie\u00dfe eine leicht anzubauende Pflanze, die schnell zu ernten ist und perfekt zur <strong>Reduzierung von Stress, Angst und Schmerzen<\/strong>, ohne die intensiven psychoaktiven Effekte von THC, geeignet ist.<\/p>\n","protected":false},"featured_media":9183,"comment_status":"open","ping_status":"closed","template":"","meta":{"_acf_changed":false,"inline_featured_image":false,"_uag_custom_page_level_css":""},"product_brand":[],"product_cat":[1123,2114],"product_tag":[],"class_list":{"0":"post-10055","1":"product","2":"type-product","3":"status-publish","4":"has-post-thumbnail","6":"product_cat-cbd-bulk-samen","7":"product_cat-autoflowering-cannabis-samen","9":"first","10":"outofstock","11":"taxable","12":"shipping-taxable","13":"purchasable","14":"product-type-simple"},"acf":[],"uagb_featured_image_src":{"full":["https:\/\/bulkgenetics.com\/wp-content\/uploads\/2022\/10\/Cheese-CBD-Auto.jpg",1600,1600,false],"thumbnail":["https:\/\/bulkgenetics.com\/wp-content\/uploads\/2022\/10\/Cheese-CBD-Auto-150x150.jpg",150,150,true],"medium":["https:\/\/bulkgenetics.com\/wp-content\/uploads\/2022\/10\/Cheese-CBD-Auto-300x300.jpg",300,300,true],"medium_large":["https:\/\/bulkgenetics.com\/wp-content\/uploads\/2022\/10\/Cheese-CBD-Auto-768x768.jpg",768,768,true],"large":["https:\/\/bulkgenetics.com\/wp-content\/uploads\/2022\/10\/Cheese-CBD-Auto-1024x1024.jpg",1024,1024,true],"1536x1536":["https:\/\/bulkgenetics.com\/wp-content\/uploads\/2022\/10\/Cheese-CBD-Auto-1536x1536.jpg",1536,1536,true],"2048x2048":["https:\/\/bulkgenetics.com\/wp-content\/uploads\/2022\/10\/Cheese-CBD-Auto.jpg",1600,1600,false],"commercegurus-pdp-large":["https:\/\/bulkgenetics.com\/wp-content\/uploads\/2022\/10\/Cheese-CBD-Auto-990x990.jpg",990,990,true],"commercegurus-plp-mobile":["https:\/\/bulkgenetics.com\/wp-content\/uploads\/2022\/10\/Cheese-CBD-Auto-441x441.jpg",441,441,true],"cgkit_image_swatch":["https:\/\/bulkgenetics.com\/wp-content\/uploads\/2022\/10\/Cheese-CBD-Auto-100x100.jpg",100,100,true],"woocommerce_thumbnail":["https:\/\/bulkgenetics.com\/wp-content\/uploads\/2022\/10\/Cheese-CBD-Auto-300x300.jpg",300,300,true],"woocommerce_single":["https:\/\/bulkgenetics.com\/wp-content\/uploads\/2022\/10\/Cheese-CBD-Auto-800x800.jpg",800,800,true],"woocommerce_gallery_thumbnail":["https:\/\/bulkgenetics.com\/wp-content\/uploads\/2022\/10\/Cheese-CBD-Auto-150x150.jpg",150,150,true],"dgwt-wcas-product-suggestion":["https:\/\/bulkgenetics.com\/wp-content\/uploads\/2022\/10\/Cheese-CBD-Auto-64x64.jpg",64,64,true]},"uagb_author_info":{"display_name":"Bruno Crespo","author_link":"https:\/\/bulkgenetics.com\/de\/author\/"},"uagb_comment_info":0,"uagb_excerpt":"Cheese CBD Auto bietet eine au\u00dfergew\u00f6hnliche therapeutische Erfahrung mit ihrem hohen CBD-Gehalt und einzigartigem Geschmack nach gereiftem K\u00e4se und Zitrusfr\u00fcchten. Genie\u00dfe eine leicht anzubauende Pflanze, die schnell zu ernten ist und perfekt zur Reduzierung von Stress, Angst und Schmerzen, ohne die intensiven psychoaktiven Effekte von THC, geeignet ist.","_links":{"self":[{"href":"https:\/\/bulkgenetics.com\/de\/wp-json\/wp\/v2\/product\/10055","targetHints":{"allow":["GET"]}}],"collection":[{"href":"https:\/\/bulkgenetics.com\/de\/wp-json\/wp\/v2\/product"}],"about":[{"href":"https:\/\/bulkgenetics.com\/de\/wp-json\/wp\/v2\/types\/product"}],"replies":[{"embeddable":true,"href":"https:\/\/bulkgenetics.com\/de\/wp-json\/wp\/v2\/comments?post=10055"}],"wp:featuredmedia":[{"embeddable":true,"href":"https:\/\/bulkgenetics.com\/de\/wp-json\/wp\/v2\/media\/9183"}],"wp:attachment":[{"href":"https:\/\/bulkgenetics.com\/de\/wp-json\/wp\/v2\/media?parent=10055"}],"wp:term":[{"taxonomy":"product_brand","embeddable":true,"href":"https:\/\/bulkgenetics.com\/de\/wp-json\/wp\/v2\/product_brand?post=10055"},{"taxonomy":"product_cat","embeddable":true,"href":"https:\/\/bulkgenetics.com\/de\/wp-json\/wp\/v2\/product_cat?post=10055"},{"taxonomy":"product_tag","embeddable":true,"href":"https:\/\/bulkgenetics.com\/de\/wp-json\/wp\/v2\/product_tag?post=10055"}],"curies":[{"name":"wp","href":"https:\/\/api.w.org\/{rel}","templated":true}]}}