{"id":10057,"date":"2022-10-04T12:42:41","date_gmt":"2022-10-04T10:42:41","guid":{"rendered":"https:\/\/www.bulkgenetics.com\/cheese-xxl-auto-2\/"},"modified":"2024-10-08T01:13:53","modified_gmt":"2024-10-07T23:13:53","slug":"cheese-xxl-auto","status":"publish","type":"product","link":"https:\/\/bulkgenetics.com\/de\/cheese-xxl-auto\/","title":{"rendered":"Cheese XXL Auto"},"content":{"rendered":"\n<p><strong>Cheese XXL Auto<\/strong> ist unsere riesige autoflowering Version der legend\u00e4ren britischen Sorte, die f\u00fcr einen der markantesten und erkennbarsten Geschmacksrichtungen von Marihuana bekannt ist.<\/p>\n\n\n\n<p>Die Original <a href=\"https:\/\/bulkgenetics.com\/es\/cheese\/\">Cheese<\/a> ist eine <strong>Selektion der Skunk #1 von Sensi Seeds<\/strong>, die sich unter ihren Schwestern durch einen ausgepr\u00e4gten Geruch und Geschmack nach gealtertem K\u00e4se auszeichnet. Sein vollst\u00e4ndiger Name lautet UK Exodus Cheese und bezieht sich auf seinen Geschmack, auf das Exodus-Kollektiv, das f\u00fcr seine Auswahl verantwortlich war, und auf das Vereinigte K\u00f6nigreich, wo er geboren wurde.<\/p>\n\n\n\n<p>Sie ist eine der beliebtesten Sorten, die von Saatgutbanken wie Dinafem oder f\u00fcr die Entwicklung von gro\u00dfen autoflowering Sorten wie London Cheese XXL Auto oder Sweet Cheese XXL Auto verwendet wird. Der Hauptunterschied ist, dass <strong>unser loses Saatgut am billigsten ist<\/strong>.<\/p>\n\n\n\n<h2 class=\"wp-block-heading\">Wie man Cheese XXL Auto anbaut<\/h2>\n\n\n\n<p>Als gute Skunk-Genetik ist sie eine einfache Pflanze, die nicht viel Pflege braucht. Selbst der unerfahrene Anbauer wird mit wenig Aufwand hochwertige Ernten erzielen.<\/p>\n\n\n\n<p>Im Gegensatz zu unserer <a href=\"https:\/\/bulkgenetics.com\/es\/cheese-auto\/\">Cheese Auto<\/a>, die eine sehr diskrete Gr\u00f6\u00dfe hat, eignet sich die Cheese XXL Auto eher f\u00fcr Orte, an denen ihr Wachstum nicht begrenzt ist. Sie erreicht unter g\u00fcnstigen Bedingungen eine <strong>H\u00f6he<\/strong> von bis zu <strong>160 cm<\/strong>.<\/p>\n\n\n\n<p>F\u00fcr die gr\u00f6\u00dften Pflanzen entscheiden sich die Z\u00fcchter f\u00fcr einen gro\u00dfen Topf und ein sehr nahrhaftes Substrat. Das Umpflanzen sollte vermieden werden, weil es etwas stressig ist und die Pflanzen darauf reagieren k\u00f6nnen, indem sie ihr Wachstum f\u00fcr ein paar Tage verlangsamen.<\/p>\n\n\n\n<p>Ab dem Zeitpunkt, an dem die Samen gekeimt sind, musst du nur <strong>9 Wochen<\/strong> warten <strong>, um<\/strong> die spektakul\u00e4rsten Bl\u00fcten <strong>zu ernten<\/strong>. Da sie so schnell ist, kann sie im Freiland bis zu 3 Ernten pro Saison einfahren.<\/p>\n\n\n\n<h2 class=\"wp-block-heading\">Merkmale von Cheese XXL Auto<\/h2>\n\n\n\n<p>Sie produziert gro\u00dfe Knospen, die sehr kompakt und mit einer klebrigen Schicht aus gl\u00e4nzenden Trichomen bedeckt sind. <strong>Sein Geruch ist sehr intensiv<\/strong> und zumindest in Innenr\u00e4umen wird empfohlen, einen Kohlefilter zu verwenden, um Probleme beim Anbau zu vermeiden.<\/p>\n\n\n\n<p>Das <strong>Aroma und der Geschmack<\/strong> haben einen deutlichen Hauch von altem K\u00e4se, <strong>\u00e4hnlich wie bei Cheetos<\/strong> und anderen solchen Snacks. Sie ist unverkennbar und ihr gr\u00f6\u00dftes Markenzeichen.<\/p>\n\n\n\n<p>Ohne eine Sorte mit extremer Potenz zu sein, erzeugt sie eine <strong>ausgewogene und lang anhaltende Wirkung<\/strong>. Gef\u00fchle der Euphorie und Entspannung werden deinen K\u00f6rper und deinen Geist \u00fcbermannen und dir stundenlang sehr positive Vibes bescheren.<\/p>\n\n\n\n<p>Die Ertr\u00e4ge sind sehr hoch, wobei die gr\u00f6\u00dften Pflanzen im Freien bis zu 200 Gramm produzieren. In Innenr\u00e4umen kann man mit einer LED-Beleuchtung von 300-350 W pro m\u00b2 <strong>450-550 Gramm<\/strong> ernten.<\/p>\n\n\n\n<div style=\"height:50px\" aria-hidden=\"true\" class=\"wp-block-spacer uag-hide-mob\"><\/div>\n\n\n\n<div class=\"wp-block-columns is-layout-flex wp-container-core-columns-is-layout-28f84493 wp-block-columns-is-layout-flex\">\n<div class=\"wp-block-column is-layout-flow wp-block-column-is-layout-flow\">\n<p class=\"has-text-align-center has-medium-font-size\"><strong>Was wir am meisten m\u00f6gen<\/strong><\/p>\n\n\n\n<ul class=\"wp-block-list\">\n<li>Sehr einfach zu z\u00fcchten.<\/li>\n\n\n\n<li>XXL-Produktion.<\/li>\n\n\n\n<li>Sie wird in nur 63 Tagen geerntet.<\/li>\n\n\n\n<li>Cheetos Geschmack.<\/li>\n\n\n\n<li>Sein Preis.<\/li>\n<\/ul>\n<\/div>\n\n\n\n<div class=\"wp-block-column is-layout-flow wp-block-column-is-layout-flow\">\n<p class=\"has-text-align-center has-medium-font-size\"><strong>Was wir am wenigsten m\u00f6gen<\/strong><\/p>\n\n\n\n<ul class=\"wp-block-list\">\n<li>In der Bl\u00fctezeit ist sie sehr, sehr duftend.<\/li>\n<\/ul>\n<\/div>\n<\/div>\n\n\n\n<div style=\"height:50px\" aria-hidden=\"true\" class=\"wp-block-spacer uag-hide-mob\"><\/div>\n\n\n\n<h2 class=\"wp-block-heading\">H\u00e4ufig gestellte Fragen<\/h2>\n\n\n\n<p>Im Folgenden findest du die Antworten auf die am h\u00e4ufigsten gestellten Fragen von Z\u00fcchtern, die sich f\u00fcr diese Cannabissorte interessieren:<\/p>\n\n\n<div id=\"rank-math-faq\" class=\"rank-math-block\">\n<div class=\"rank-math-list \">\n<div id=\"faq-question-1663029074962\" class=\"rank-math-list-item\">\n<h3 class=\"rank-math-question \">Wann beginnt die Cheese XXL Auto im Freien zu bl\u00fchen?<\/h3>\n<div class=\"rank-math-answer \">\n\n<p>Die Bl\u00fcte beginnt zwischen der dritten und vierten Woche nach der Keimung.<\/p>\n\n<\/div>\n<\/div>\n<div id=\"faq-question-1663029159933\" class=\"rank-math-list-item\">\n<h3 class=\"rank-math-question \">Wie lange dauert es, die Cheese XXL Auto nach der Keimung zu ernten?<\/h3>\n<div class=\"rank-math-answer \">\n\n<p>Nach der Keimung des Saatguts kann er in 9 Wochen geerntet werden.<\/p>\n\n<\/div>\n<\/div>\n<div id=\"faq-question-1663029165861\" class=\"rank-math-list-item\">\n<h3 class=\"rank-math-question \">Wie z\u00fcchte ich eine feminisierte Cheese XXL Auto?<\/h3>\n<div class=\"rank-math-answer \">\n\n<p>Es ist sehr, sehr einfach, ideal f\u00fcr Anf\u00e4nger. Entscheide dich gleich zu Beginn f\u00fcr ein gutes Substrat und einen gro\u00dfen Topf. Du bekommst Pflanzen, die \u00fcber eineinhalb Meter hoch sind.<\/p>\n\n<\/div>\n<\/div>\n<div id=\"faq-question-1666780029954\" class=\"rank-math-list-item\">\n<h3 class=\"rank-math-question \">Was sind die Auswirkungen von Cheese XXL Auto in bulk?<\/h3>\n<div class=\"rank-math-answer \">\n\n<p>Seine Wirkung ist ausgewogen, euphorisch und entspannend gleicherma\u00dfen.<\/p>\n\n<\/div>\n<\/div>\n<\/div>\n<\/div>","protected":false},"excerpt":{"rendered":"<p>Cheese XXL Auto ist eine riesige autoflowering Pflanze, die \u00fcber eineinhalb Meter hoch wird. Sie ist winterhart, leicht anzubauen und von der Keimung bis zur Ernte nach 9 Wochen, also auch sehr schnell. Sie ist die perfekte Sorte f\u00fcr alle Grower, die erstklassige Ernten in Rekordzeit erzielen wollen. Die Knospen sind schwer, kompakt und mega-harzig, mit einem deutlichen Cheetos-Aroma. Die Auswirkungen sind wie eine Achterbahn der Gef\u00fchle, mit herzzerrei\u00dfenden H\u00f6hen und Tiefen, bis die Fahrt vorbei ist.<\/p>\n","protected":false},"featured_media":22996,"comment_status":"open","ping_status":"closed","template":"","meta":{"_acf_changed":false,"inline_featured_image":false,"_uag_custom_page_level_css":""},"product_brand":[],"product_cat":[2114],"product_tag":[],"class_list":{"0":"post-10057","1":"product","2":"type-product","3":"status-publish","4":"has-post-thumbnail","6":"product_cat-autoflowering-cannabis-samen","8":"first","9":"instock","10":"taxable","11":"shipping-taxable","12":"purchasable","13":"product-type-simple"},"acf":[],"uagb_featured_image_src":{"full":["https:\/\/bulkgenetics.com\/wp-content\/uploads\/2022\/10\/cheese-xxl-auto-1.jpg",1600,1600,false],"thumbnail":["https:\/\/bulkgenetics.com\/wp-content\/uploads\/2022\/10\/cheese-xxl-auto-1-150x150.jpg",150,150,true],"medium":["https:\/\/bulkgenetics.com\/wp-content\/uploads\/2022\/10\/cheese-xxl-auto-1-300x300.jpg",300,300,true],"medium_large":["https:\/\/bulkgenetics.com\/wp-content\/uploads\/2022\/10\/cheese-xxl-auto-1-768x768.jpg",768,768,true],"large":["https:\/\/bulkgenetics.com\/wp-content\/uploads\/2022\/10\/cheese-xxl-auto-1-1024x1024.jpg",1024,1024,true],"1536x1536":["https:\/\/bulkgenetics.com\/wp-content\/uploads\/2022\/10\/cheese-xxl-auto-1-1536x1536.jpg",1536,1536,true],"2048x2048":["https:\/\/bulkgenetics.com\/wp-content\/uploads\/2022\/10\/cheese-xxl-auto-1.jpg",1600,1600,false],"commercegurus-pdp-large":["https:\/\/bulkgenetics.com\/wp-content\/uploads\/2022\/10\/cheese-xxl-auto-1-990x990.jpg",990,990,true],"commercegurus-plp-mobile":["https:\/\/bulkgenetics.com\/wp-content\/uploads\/2022\/10\/cheese-xxl-auto-1-441x441.jpg",441,441,true],"cgkit_image_swatch":["https:\/\/bulkgenetics.com\/wp-content\/uploads\/2022\/10\/cheese-xxl-auto-1-100x100.jpg",100,100,true],"woocommerce_thumbnail":["https:\/\/bulkgenetics.com\/wp-content\/uploads\/2022\/10\/cheese-xxl-auto-1-300x300.jpg",300,300,true],"woocommerce_single":["https:\/\/bulkgenetics.com\/wp-content\/uploads\/2022\/10\/cheese-xxl-auto-1-800x800.jpg",800,800,true],"woocommerce_gallery_thumbnail":["https:\/\/bulkgenetics.com\/wp-content\/uploads\/2022\/10\/cheese-xxl-auto-1-150x150.jpg",150,150,true],"dgwt-wcas-product-suggestion":["https:\/\/bulkgenetics.com\/wp-content\/uploads\/2022\/10\/cheese-xxl-auto-1-64x64.jpg",64,64,true]},"uagb_author_info":{"display_name":"\u00c1ngel Flores","author_link":"https:\/\/bulkgenetics.com\/de\/author\/"},"uagb_comment_info":0,"uagb_excerpt":"Cheese XXL Auto ist eine riesige autoflowering Pflanze, die \u00fcber eineinhalb Meter hoch wird. Sie ist winterhart, leicht anzubauen und von der Keimung bis zur Ernte nach 9 Wochen, also auch sehr schnell. Sie ist die perfekte Sorte f\u00fcr alle Grower, die erstklassige Ernten in Rekordzeit erzielen wollen. Die Knospen sind schwer, kompakt und mega-harzig,&hellip;","_links":{"self":[{"href":"https:\/\/bulkgenetics.com\/de\/wp-json\/wp\/v2\/product\/10057","targetHints":{"allow":["GET"]}}],"collection":[{"href":"https:\/\/bulkgenetics.com\/de\/wp-json\/wp\/v2\/product"}],"about":[{"href":"https:\/\/bulkgenetics.com\/de\/wp-json\/wp\/v2\/types\/product"}],"replies":[{"embeddable":true,"href":"https:\/\/bulkgenetics.com\/de\/wp-json\/wp\/v2\/comments?post=10057"}],"wp:featuredmedia":[{"embeddable":true,"href":"https:\/\/bulkgenetics.com\/de\/wp-json\/wp\/v2\/media\/22996"}],"wp:attachment":[{"href":"https:\/\/bulkgenetics.com\/de\/wp-json\/wp\/v2\/media?parent=10057"}],"wp:term":[{"taxonomy":"product_brand","embeddable":true,"href":"https:\/\/bulkgenetics.com\/de\/wp-json\/wp\/v2\/product_brand?post=10057"},{"taxonomy":"product_cat","embeddable":true,"href":"https:\/\/bulkgenetics.com\/de\/wp-json\/wp\/v2\/product_cat?post=10057"},{"taxonomy":"product_tag","embeddable":true,"href":"https:\/\/bulkgenetics.com\/de\/wp-json\/wp\/v2\/product_tag?post=10057"}],"curies":[{"name":"wp","href":"https:\/\/api.w.org\/{rel}","templated":true}]}}