{"id":10058,"date":"2022-10-04T12:43:32","date_gmt":"2022-10-04T10:43:32","guid":{"rendered":"https:\/\/www.bulkgenetics.com\/weisses-karamell-auto-2\/"},"modified":"2024-10-08T01:13:53","modified_gmt":"2024-10-07T23:13:53","slug":"white-caramel-auto","status":"publish","type":"product","link":"https:\/\/bulkgenetics.com\/de\/white-caramel-auto\/","title":{"rendered":"White Caramel Auto"},"content":{"rendered":"\n<p><strong>White Caramel Auto<\/strong> ist eine der entspannendsten und schnellsten Strains. Diese autoflowering Sorte ist eine verbesserte Version der ber\u00fchmten <a href=\"https:\/\/bulkgenetics.com\/de\/white-caramel\/\"><strong>Cream Caramel<\/strong><\/a>, eine der meistverkauften und preisgekr\u00f6nten Genetiken von Sweet Seeds. White Caramel Auto wurde durch die Auswahl der harzigsten und fr\u00fchbl\u00fchenden Ph\u00e4notypen kreiert, um ein einzigartiges Erlebnis zu bieten.<\/p>\n\n\n\n<p>Bereits vom ersten Tag an zeigt diese Pflanze ein kr\u00e4ftiges Wachstum und eine kompakte Struktur. Sie ist robust und \u00fcberschreitet selten die H\u00f6he von 110 cm, was sie zu einer idealen Wahl f\u00fcr Grower macht, die Diskretion suchen. Ihre Bl\u00e4tter sind breit und tiefgr\u00fcn, typische Merkmale der Indicas.<\/p>\n\n\n\n<p>Die Buds sind extrem kompakt und mit einer dicken Schicht von Trichomen bedeckt, was ihnen ein gl\u00e4nzendes und harziges Aussehen verleiht. Sie sind perfekt f\u00fcr die Herstellung von s\u00fc\u00dfen und leckeren Extrakten. Ihre Farbe kann von tiefem Gr\u00fcn bis zu violetten T\u00f6nen variieren, immer geschm\u00fcckt mit orangefarbenen Stempeln, die ihre Sch\u00f6nheit noch mehr hervorheben.<\/p>\n\n\n\n<h2 class=\"wp-block-heading\">Geschmack und Wirkung<\/h2>\n\n\n\n<p>Die <strong>White Caramel Auto<\/strong> beeindruckt nicht nur durch ihr Aussehen, sondern verw\u00f6hnt die Sinne auch mit ihrem <strong>spektakul\u00e4ren Aroma und Geschmack<\/strong>. Beim Anz\u00fcnden eines Buds f\u00fcllt dichter Rauch den Gaumen mit s\u00fc\u00dfen Noten, die an S\u00fc\u00dfigkeiten erinnern, gefolgt von einem erdigen Abgang, typisch f\u00fcr afghanische Strains. Es ist ein wahres sensorisches Erlebnis, das jeden Zug zu einer unvergesslichen Reise macht.<\/p>\n\n\n\n<p>Der <strong>THC-Gehalt<\/strong> ist bemerkenswert und erreicht beeindruckende <strong>18% &#8211; 22%<\/strong>, was einen starken, entspannenden High garantiert. Andererseits ist der <strong>CBD-Gehalt<\/strong> niedrig, normalerweise um die <strong>1%<\/strong>, was sie perfekt f\u00fcr diejenigen macht, die eine therapeutische Wirkung suchen, ohne die Intensit\u00e4t des THC zu beeintr\u00e4chtigen.<\/p>\n\n\n\n<p>Die Wirkung ist haupts\u00e4chlich entspannend und ideal, um nach einem langen Tag abzuschalten. Beim Konsum wird dein K\u00f6rper in eine Spirale friedlicher und beruhigender Empfindungen eintauchen, aus der du nur schwer herauskommen wirst. Sie ist perfekt f\u00fcr Momente, in denen du Stress und Anspannung abbauen m\u00f6chtest, und bietet eine tiefe und langanhaltende Entspannung.<\/p>\n\n\n\n<h3 class=\"wp-block-heading\">Terpene der White Caramel Auto<\/h3>\n\n\n\n<p>Das Terpenprofil dieser Strain ist eine Symphonie von Aromen und therapeutischen Vorteilen. Zu den herausragendsten Terpenen geh\u00f6ren:<\/p>\n\n\n\n<ul class=\"wp-block-list\">\n<li><strong>Alpha-Pinen<\/strong>: Mit seinem frischen Kiefernaroma wirkt dieses Terpen als nat\u00fcrlicher Energiespender, hilft, M\u00fcdigkeit zu reduzieren und die Konzentration zu verbessern.<\/li>\n\n\n\n<li><strong>Limonen<\/strong>: Dieses Terpen verleiht ein erfrischendes Zitrusaroma, verbessert die Stimmung und bietet antistressende Eigenschaften. Es ist ideal f\u00fcr diejenigen, die eine Auszeit vom t\u00e4glichen Stress suchen.<\/li>\n\n\n\n<li><strong>Linalool<\/strong>: Mit seiner blumigen Note ist Linalool f\u00fcr seine beruhigenden Effekte und seine F\u00e4higkeit, Angstzust\u00e4nde und Muskelkr\u00e4mpfe zu lindern, bekannt.<\/li>\n<\/ul>\n\n\n\n<p>Diese Terpene bereichern nicht nur das Geschmacks- und Aromaerlebnis, sondern verst\u00e4rken auch die therapeutischen Effekte der <strong>White Caramel Auto<\/strong>, was jede Session zu einem umfassenden und befriedigenden Erlebnis macht.<\/p>\n\n\n\n<h2 class=\"wp-block-heading\">Ertrag und Bl\u00fctezeit<\/h2>\n\n\n\n<p>Die <strong>White Caramel Auto<\/strong> ist ein Strain, der nicht nur durch seinen Geschmack und seine Wirkung hervorsticht, sondern auch durch seine <strong>gro\u00dfz\u00fcgige Produktion<\/strong> und die Schnelligkeit im Wachstumszyklus. Diese autoflowering Sorte ist perfekt f\u00fcr diejenigen, die reichliche Ernten ohne lange Wartezeiten suchen.<\/p>\n\n\n\n<p>Beim <strong>Indoor-Anbau<\/strong> hat sie eine extrem kurze Bl\u00fctezeit und beendet ihren Zyklus in nur <strong>8 Wochen ab der Keimung<\/strong>. Mit einer LED-Leistung von 300-350W ist es m\u00f6glich, zwischen <strong>400 und 500 Gramm pro Quadratmeter<\/strong> zu erzielen. Ihre dichten und harzigen Buds garantieren eine hochwertige Produktion.<\/p>\n\n\n\n<p>Auch beim <strong>Outdoor-Anbau<\/strong> zeigt diese Sorte ihr Potenzial. Dank ihrer kompakten Natur ist sie ideal f\u00fcr diejenigen, die Diskretion im Garten suchen. Die Pflanzen k\u00f6nnen unter optimalen Bedingungen bis zu <strong>120 Gramm pro Pflanze<\/strong> erreichen. Es ist m\u00f6glich, bis zu <strong>3 aufeinanderfolgende Ernten<\/strong> w\u00e4hrend der Outdoorsaison durchzuf\u00fchren, wodurch die j\u00e4hrliche Produktion maximiert wird.<\/p>\n\n\n\n<p>Der schnelle Wachstums- und Bl\u00fctezyklus erm\u00f6glicht es den Growern, das ganze Jahr \u00fcber mehrere Ernten zu genie\u00dfen, was diesen Strain zu einer \u00e4u\u00dferst effizienten und lohnenden Wahl macht.<\/p>\n\n\n\n<h2 class=\"wp-block-heading\">Wie man White Caramel Auto Anbaut<\/h2>\n\n\n\n<p>Der Anbau von <strong>White Caramel Auto<\/strong> ist eine lohnende Erfahrung sowohl f\u00fcr Anf\u00e4nger als auch f\u00fcr erfahrene Grower. Diese Sorte ist bekannt f\u00fcr ihre <strong>geringe Anbauschwierigkeit<\/strong>, was sie zu einer perfekten Wahl f\u00fcr jedes Erfahrungsniveau macht.<\/p>\n\n\n\n<p>F\u00fcr beste Ergebnisse empfehlen wir den Anbau in einem gem\u00e4\u00dfigten bis warmen Klima. Diese Sorte passt sich gut an sowohl Indoor- als auch Outdoor-Anbau an. Drinnen ist es wichtig, eine konstante Temperatur zwischen <strong>20\u00b0C und 27\u00b0C<\/strong> w\u00e4hrend des Tages und etwas k\u00fchler in der Nacht, zwischen <strong>16\u00b0C und 22\u00b0C<\/strong>, zu halten. Die relative Luftfeuchtigkeit sollte w\u00e4hrend der vegetativen Phase zwischen <strong>55% und 60%<\/strong> liegen und w\u00e4hrend der Bl\u00fcte auf etwa <strong>40%<\/strong> gesenkt werden.<\/p>\n\n\n\n<p>Drau\u00dfen gedeihen die Pflanzen an sonnigen Standorten mit vielen Stunden direkter Sonneneinstrahlung. Es ist ideal, die Samen im Fr\u00fchling zu pflanzen, um die Wachstumssaison optimal zu nutzen. Sie ist kompakt und robust und kann Wetterkapriolen und verschiedene Umweltbedingungen gut \u00fcberstehen.<\/p>\n\n\n\n<p>Ein gro\u00dfer Vorteil dieser Sorte ist ihre <strong>Resistenz gegen Sch\u00e4dlinge und Krankheiten<\/strong>. Ihre robuste Struktur und gut ausgew\u00e4hlte Genetik erm\u00f6glichen es ihr, den g\u00e4ngigen Herausforderungen des Anbaus erfolgreich zu begegnen, wodurch das Risiko von Infektionen und Gesundheitsproblemen minimiert wird.<\/p>\n\n\n\n<div style=\"height:50px\" aria-hidden=\"true\" class=\"wp-block-spacer uag-hide-mob\"><\/div>\n\n\n\n<div class=\"wp-block-columns is-layout-flex wp-container-core-columns-is-layout-28f84493 wp-block-columns-is-layout-flex\">\n<div class=\"wp-block-column is-layout-flow wp-block-column-is-layout-flow\">\n<p class=\"has-text-align-center has-medium-font-size\"><strong>Was wir am meisten m\u00f6gen<\/strong><\/p>\n\n\n\n<ul class=\"wp-block-list\">\n<li>Extrem einfach anzubauen und widerstandsf\u00e4hig.<\/li>\n\n\n\n<li>Schnelle Produktion, in nur 8 Wochen.<\/li>\n\n\n\n<li>K\u00f6stliches Aroma und Geschmack, mit s\u00fc\u00dfen und erdigen Noten.<\/li>\n\n\n\n<li>Sehr entspannende Wirkung, perfekt zum Abschalten.<\/li>\n\n\n\n<li>Ideal f\u00fcr Anf\u00e4nger und erfahrene Grower.<\/li>\n<\/ul>\n<\/div>\n\n\n\n<div class=\"wp-block-column is-layout-flow wp-block-column-is-layout-flow\">\n<p class=\"has-text-align-center has-medium-font-size\"><strong>Was wir weniger m\u00f6gen<\/strong><\/p>\n\n\n\n<ul class=\"wp-block-list\">\n<li>Sie ist w\u00e4hrend der Bl\u00fcte sehr geruchsintensiv, was zus\u00e4tzliche Ma\u00dfnahmen zur Geruchskontrolle erfordern kann.<\/li>\n\n\n\n<li>Ihre entspannende Wirkung kann tags\u00fcber zu stark sein.<\/li>\n<\/ul>\n<\/div>\n<\/div>\n\n\n\n<div style=\"height:50px\" aria-hidden=\"true\" class=\"wp-block-spacer uag-hide-mob\"><\/div>\n\n\n\n<h2 class=\"wp-block-heading\">H\u00e4ufig gestellte Fragen<\/h2>\n\n\n\n<p>Nachfolgend beantworten wir die h\u00e4ufigsten Fragen, die uns von Growern zu unseren White Caramel Auto-Samen gestellt werden:<\/p>\n\n\n<div id=\"rank-math-faq\" class=\"rank-math-block\">\n<div class=\"rank-math-list \">\n<div id=\"faq-question-1722414110401\" class=\"rank-math-list-item\">\n<h3 class=\"rank-math-question \">Ist White Caramel Auto Sativa oder Indica?<\/h3>\n<div class=\"rank-math-answer \">\n\n<p><strong>White Caramel Auto<\/strong> ist \u00fcberwiegend eine <strong>Indica<\/strong>-Sorte. Indica-Strains wie White Caramel Auto sind bekannt f\u00fcr ihre entspannenden und beruhigenden Effekte, ideal zum Abschalten nach einem langen Tag. Im Gegensatz dazu bieten Sativa-Sorten meist einen energetischeren und anregenderen High, perfekt f\u00fcr den t\u00e4glichen Gebrauch. Die Indica-Genetik von White Caramel Auto garantiert ein tief entspannendes k\u00f6rperliches Erlebnis.<\/p>\n\n<\/div>\n<\/div>\n<div id=\"faq-question-1722414111368\" class=\"rank-math-list-item\">\n<h3 class=\"rank-math-question \">Welche Kreuzung ist White Caramel Auto?<\/h3>\n<div class=\"rank-math-answer \">\n\n<p><strong>White Caramel Auto<\/strong> ist das Ergebnis einer Kreuzung zwischen <strong>Cream Caramel<\/strong> (<strong>Blue Black<\/strong> x <strong>Maple Leaf<\/strong> x <strong>White Rhino<\/strong>) und einer <strong>Ruderalis<\/strong>. Diese genetische Kombination wurde aufgrund ihrer herausragenden Eigenschaften in Bezug auf Geschmack, Wirkung und Anbaueinfachheit ausgew\u00e4hlt.<\/p>\n\n<\/div>\n<\/div>\n<div id=\"faq-question-1663029074962\" class=\"rank-math-list-item\">\n<h3 class=\"rank-math-question \">Wann beginnt White Caramel Auto im Freien zu bl\u00fchen?<\/h3>\n<div class=\"rank-math-answer \">\n\n<p>Die Bl\u00fctephase von <strong>White Caramel Auto<\/strong> beginnt etwa <strong>3 bis 4 Wochen<\/strong> nach der Keimung. Diese Phase ist entscheidend f\u00fcr die Entwicklung der Buds und die Maximierung der Produktion.<\/p>\n\n<\/div>\n<\/div>\n<div id=\"faq-question-1663029159933\" class=\"rank-math-list-item\">\n<h3 class=\"rank-math-question \">Wie lange dauert es, eine White Caramel Auto von der Keimung bis zur Ernte zu bringen?<\/h3>\n<div class=\"rank-math-answer \">\n\n<p><strong>White Caramel Auto<\/strong> wird in einer Rekordzeit von nur <strong>8 Wochen<\/strong> nach der Keimung geerntet. Dieser schnelle Wachstumszyklus erm\u00f6glicht mehrere Ernten pro Jahr, besonders in g\u00fcnstigen Klimazonen.<\/p>\n\n<\/div>\n<\/div>\n<div id=\"faq-question-1663029165861\" class=\"rank-math-list-item\">\n<h3 class=\"rank-math-question \">Wie baut man eine feminisierte White Caramel Auto an?<\/h3>\n<div class=\"rank-math-answer \">\n\n<p>Zum Anbau von <strong>White Caramel Auto<\/strong> empfehlen wir, von Anfang an gro\u00dfe T\u00f6pfe zu verwenden und Umtopfen zu vermeiden, um ein schnelles und ununterbrochenes Wachstum zu gew\u00e4hrleisten. Diese Sorte ist sehr widerstandsf\u00e4hig und einfach anzubauen, geeignet f\u00fcr Anf\u00e4nger und Experten. Sie bevorzugt gem\u00e4\u00dfigte bis warme Klimazonen und kann sowohl drinnen als auch drau\u00dfen angebaut werden.<\/p>\n\n<\/div>\n<\/div>\n<div id=\"faq-question-1666780029954\" class=\"rank-math-list-item\">\n<h3 class=\"rank-math-question \">Welche Effekte hat White Caramel Auto in gro\u00dfen Mengen?<\/h3>\n<div class=\"rank-math-answer \">\n\n<p>Die Effekte von <strong>White Caramel Auto<\/strong> sind tief <strong>entspannend<\/strong>, perfekt zum Abschalten nach einem anstrengenden Tag. Sie bietet ein Gef\u00fchl von Frieden und Ruhe, das hilft, Stress und Anspannung abzubauen. Aufgrund ihrer starken sedierenden Wirkung ist sie ideal f\u00fcr den Konsum am Abend.<\/p>\n\n<\/div>\n<\/div>\n<div id=\"faq-question-1722414272985\" class=\"rank-math-list-item\">\n<h3 class=\"rank-math-question \">Wie schmeckt White Caramel Auto?<\/h3>\n<div class=\"rank-math-answer \">\n\n<p>Der Geschmack von <strong>White Caramel Auto<\/strong> ist spektakul\u00e4r, mit dichtem Rauch, der <strong>s\u00fc\u00dfe Noten von S\u00fc\u00dfigkeiten<\/strong> bietet und ein erdiges Finish hat, das f\u00fcr afghanische Sorten sehr charakteristisch ist. Jeder Zug ist ein sensorisches Vergn\u00fcgen, das S\u00fc\u00dfe und Tiefe kombiniert.<\/p>\n\n<\/div>\n<\/div>\n<div id=\"faq-question-1722414276331\" class=\"rank-math-list-item\">\n<h3 class=\"rank-math-question \">Wie hoch ist der Cannabinoidgehalt von White Caramel Auto?<\/h3>\n<div class=\"rank-math-answer \">\n\n<p>Die Buds von <strong>White Caramel Auto<\/strong> haben einen <strong>THC-Gehalt<\/strong> zwischen <strong>18% und 22%<\/strong>, was eine starke entspannende Wirkung bietet. Der <strong>CBD-Gehalt<\/strong> ist niedrig, etwa <strong>1%<\/strong>, was sie ideal f\u00fcr diejenigen macht, die eine starke therapeutische Wirkung suchen, ohne die Intensit\u00e4t des THC zu beeintr\u00e4chtigen.<\/p>\n\n<\/div>\n<\/div>\n<\/div>\n<\/div>","protected":false},"excerpt":{"rendered":"<p><b>White Caramel Auto<\/b> bietet dir eine <strong>tiefe Entspannung<\/strong> und einen unvergleichlichen <strong>s\u00fc\u00dfen Geschmack<\/strong> in nur <strong>8 Wochen<\/strong>. Einfach anzubauen und hochproduktiv, ist dieser Strain perfekt f\u00fcr diejenigen, die Qualit\u00e4t und Schnelligkeit bei ihren Ernten suchen.<\/p>\n","protected":false},"featured_media":12027,"comment_status":"open","ping_status":"closed","template":"","meta":{"_acf_changed":false,"inline_featured_image":false,"_uag_custom_page_level_css":""},"product_brand":[],"product_cat":[2114],"product_tag":[],"class_list":{"0":"post-10058","1":"product","2":"type-product","3":"status-publish","4":"has-post-thumbnail","6":"product_cat-autoflowering-cannabis-samen","8":"first","9":"instock","10":"taxable","11":"shipping-taxable","12":"purchasable","13":"product-type-simple"},"acf":[],"uagb_featured_image_src":{"full":["https:\/\/bulkgenetics.com\/wp-content\/uploads\/2022\/10\/white-caramel-auto.jpg",1600,1600,false],"thumbnail":["https:\/\/bulkgenetics.com\/wp-content\/uploads\/2022\/10\/white-caramel-auto-150x150.jpg",150,150,true],"medium":["https:\/\/bulkgenetics.com\/wp-content\/uploads\/2022\/10\/white-caramel-auto-300x300.jpg",300,300,true],"medium_large":["https:\/\/bulkgenetics.com\/wp-content\/uploads\/2022\/10\/white-caramel-auto-768x768.jpg",768,768,true],"large":["https:\/\/bulkgenetics.com\/wp-content\/uploads\/2022\/10\/white-caramel-auto-1024x1024.jpg",1024,1024,true],"1536x1536":["https:\/\/bulkgenetics.com\/wp-content\/uploads\/2022\/10\/white-caramel-auto-1536x1536.jpg",1536,1536,true],"2048x2048":["https:\/\/bulkgenetics.com\/wp-content\/uploads\/2022\/10\/white-caramel-auto.jpg",1600,1600,false],"commercegurus-pdp-large":["https:\/\/bulkgenetics.com\/wp-content\/uploads\/2022\/10\/white-caramel-auto-990x990.jpg",990,990,true],"commercegurus-plp-mobile":["https:\/\/bulkgenetics.com\/wp-content\/uploads\/2022\/10\/white-caramel-auto-441x441.jpg",441,441,true],"cgkit_image_swatch":["https:\/\/bulkgenetics.com\/wp-content\/uploads\/2022\/10\/white-caramel-auto-100x100.jpg",100,100,true],"woocommerce_thumbnail":["https:\/\/bulkgenetics.com\/wp-content\/uploads\/2022\/10\/white-caramel-auto-300x300.jpg",300,300,true],"woocommerce_single":["https:\/\/bulkgenetics.com\/wp-content\/uploads\/2022\/10\/white-caramel-auto-800x800.jpg",800,800,true],"woocommerce_gallery_thumbnail":["https:\/\/bulkgenetics.com\/wp-content\/uploads\/2022\/10\/white-caramel-auto-150x150.jpg",150,150,true],"dgwt-wcas-product-suggestion":["https:\/\/bulkgenetics.com\/wp-content\/uploads\/2022\/10\/white-caramel-auto-64x64.jpg",64,64,true]},"uagb_author_info":{"display_name":"Bruno Crespo","author_link":"https:\/\/bulkgenetics.com\/de\/author\/"},"uagb_comment_info":0,"uagb_excerpt":"White Caramel Auto bietet dir eine tiefe Entspannung und einen unvergleichlichen s\u00fc\u00dfen Geschmack in nur 8 Wochen. Einfach anzubauen und hochproduktiv, ist dieser Strain perfekt f\u00fcr diejenigen, die Qualit\u00e4t und Schnelligkeit bei ihren Ernten suchen.","_links":{"self":[{"href":"https:\/\/bulkgenetics.com\/de\/wp-json\/wp\/v2\/product\/10058","targetHints":{"allow":["GET"]}}],"collection":[{"href":"https:\/\/bulkgenetics.com\/de\/wp-json\/wp\/v2\/product"}],"about":[{"href":"https:\/\/bulkgenetics.com\/de\/wp-json\/wp\/v2\/types\/product"}],"replies":[{"embeddable":true,"href":"https:\/\/bulkgenetics.com\/de\/wp-json\/wp\/v2\/comments?post=10058"}],"wp:featuredmedia":[{"embeddable":true,"href":"https:\/\/bulkgenetics.com\/de\/wp-json\/wp\/v2\/media\/12027"}],"wp:attachment":[{"href":"https:\/\/bulkgenetics.com\/de\/wp-json\/wp\/v2\/media?parent=10058"}],"wp:term":[{"taxonomy":"product_brand","embeddable":true,"href":"https:\/\/bulkgenetics.com\/de\/wp-json\/wp\/v2\/product_brand?post=10058"},{"taxonomy":"product_cat","embeddable":true,"href":"https:\/\/bulkgenetics.com\/de\/wp-json\/wp\/v2\/product_cat?post=10058"},{"taxonomy":"product_tag","embeddable":true,"href":"https:\/\/bulkgenetics.com\/de\/wp-json\/wp\/v2\/product_tag?post=10058"}],"curies":[{"name":"wp","href":"https:\/\/api.w.org\/{rel}","templated":true}]}}