{"id":10059,"date":"2022-10-04T13:02:52","date_gmt":"2022-10-04T11:02:52","guid":{"rendered":"https:\/\/www.bulkgenetics.com\/kritisch-xxl-auto\/"},"modified":"2024-10-08T01:13:53","modified_gmt":"2024-10-07T23:13:53","slug":"critical-xxl-auto","status":"publish","type":"product","link":"https:\/\/bulkgenetics.com\/de\/critical-xxl-auto\/","title":{"rendered":"Critical XXL Auto"},"content":{"rendered":"\n<p><strong>Critical XXL Auto<\/strong> ist die superproduktive autoflowering Version der legend\u00e4ren Critical Mass von Mr. Nice, einer der am meisten angebauten Sorten der Geschichte. In jedem Forum oder auf jeder spezialisierten Website kannst du beeindruckende Nachberichte sehen oder immer positive Meinungen lesen.<\/p>\n\n\n\n<p>Dies ist ein perfekter Indica-dominanter Hybrid, eine <strong>Kreuzung aus Skunk und Afghani<\/strong>. Sie ist besonders daf\u00fcr bekannt, dass sie in jeder Hinsicht eine hervorragende Pflanze ist.<\/p>\n\n\n\n<p>Heutzutage ist sie eine Sorte, die von vielen Banken verwendet wird, sowohl in feminisierten als auch in autoflowering Versionen. Au\u00dferdem diente sie der Entwicklung neuer Marihuanasorten, die ihre besten Eigenschaften weitgehend \u00fcbernommen haben.<\/p>\n\n\n\n<h2 class=\"wp-block-heading\">Wie man Critical XXL Auto anbaut<\/h2>\n\n\n\n<p>Sie ist eine der am einfachsten anzubauenden Cannabispflanzen. Sie ist so widerstandsf\u00e4hig wie nur wenige andere, w\u00e4chst unter allen Bedingungen mit gro\u00dfer Kraft und l\u00e4sst den Anbauer immer zufrieden zur\u00fcck.<\/p>\n\n\n\n<p>Wenn die Bedingungen g\u00fcnstig sind, erreicht sie <strong>eine H\u00f6he von 1,5 Metern<\/strong>. Sie ist nicht die kleinste und unauff\u00e4lligste Autoflowering, aber sie ist eine der produktivsten.<\/p>\n\n\n\n<p>Sie hat eine sehr kurze Wachstumsphase und <strong>beginnt in nur 3-4 Wochen zu bl\u00fchen<\/strong>. W\u00e4hrend dieser kurzen Zeitspanne sollte das Umpflanzen vermieden werden, denn es ist stressig und die Pflanzen k\u00f6nnen ihre Entwicklung f\u00fcr ein paar wertvolle Tage einstellen.<\/p>\n\n\n\n<p>Wir von Bulk Genetics empfehlen, vom ersten Tag an einen gro\u00dfen Topf mit einem hochwertigen Substrat zu verwenden. So k\u00f6nnen die Pflanzen vor Beginn der Bl\u00fcte die maximal m\u00f6gliche Gr\u00f6\u00dfe erreichen. Insgesamt dauert es <strong>etwa 8-9 Wochen von der Keimung bis zur Ernte<\/strong>, wobei in den Fr\u00fchlings- und Sommermonaten bis zu 3 aufeinanderfolgende Ernten m\u00f6glich sind.<\/p>\n\n\n\n<h2 class=\"wp-block-heading\">Merkmale von Critical XXL Auto<\/h2>\n\n\n\n<p>Diese Genetik produziert Wettkampfknospen, <strong>gro\u00df, mega-kompakt und sehr harzig<\/strong>. In feuchten Umgebungen ist eine gute Bel\u00fcftung notwendig, um Probleme mit Pilzen zu vermeiden.<\/p>\n\n\n\n<p>Sein <strong>Aroma und Geschmack<\/strong> ist dem seiner Critical-Mutter treu, mit einer klaren zitrischen, fruchtigen und <em>skunkigen<\/em> Note, mit einem Hintergrund von Pinaceae. Skunk-Hybriden sind auch f\u00fcr ihren intensiven Geruch bekannt. In Innenr\u00e4umen ist es ratsam, ein gutes Anti-Geruchs-System zu verwenden.<\/p>\n\n\n\n<p><strong>Die Auswirkungen sind sehr stark<\/strong>. Sie hat einen sehr psychoaktiven Start, den sie von ihren Sativa-Genen geerbt hat, aber schon bald werden die Empfindungen sehr entspannend und beruhigend. Sie ist die perfekte Sorte f\u00fcr den sp\u00e4ten Tag.<\/p>\n\n\n\n<p>Die Ertr\u00e4ge sind sehr hoch, bis zu <strong>200 Gramm<\/strong> bei gr\u00f6\u00dferen Pflanzen <strong>im Freien<\/strong>. In Innenr\u00e4umen und mit 300-350 W LED-Beleuchtung werden <strong>550 Gramm pro m\u00b2<\/strong> erreicht.<\/p>\n\n\n\n<div style=\"height:50px\" aria-hidden=\"true\" class=\"wp-block-spacer uag-hide-mob\"><\/div>\n\n\n\n<div class=\"wp-block-columns is-layout-flex wp-container-core-columns-is-layout-28f84493 wp-block-columns-is-layout-flex\">\n<div class=\"wp-block-column is-layout-flow wp-block-column-is-layout-flow\">\n<p class=\"has-text-align-center has-medium-font-size\"><strong>Was wir am meisten m\u00f6gen<\/strong><\/p>\n\n\n\n<ul class=\"wp-block-list\">\n<li>Sehr einfach zu z\u00fcchten.<\/li>\n\n\n\n<li>XXL-Produktion.<\/li>\n\n\n\n<li>Ernte in nur 8-9 Wochen.<\/li>\n\n\n\n<li>Entspannende und schl\u00e4frige Wirkung.<\/li>\n\n\n\n<li>Sein Preis.<\/li>\n<\/ul>\n<\/div>\n\n\n\n<div class=\"wp-block-column is-layout-flow wp-block-column-is-layout-flow\">\n<p class=\"has-text-align-center has-medium-font-size\"><strong>Was wir am wenigsten m\u00f6gen<\/strong><\/p>\n\n\n\n<ul class=\"wp-block-list\">\n<li>In der Bl\u00fctezeit duftet sie sehr gut.<\/li>\n\n\n\n<li>In sehr feuchten Klimazonen etwas pilzanf\u00e4llig.<\/li>\n<\/ul>\n<\/div>\n<\/div>\n\n\n\n<div style=\"height:50px\" aria-hidden=\"true\" class=\"wp-block-spacer uag-hide-mob\"><\/div>\n\n\n\n<h2 class=\"wp-block-heading\">H\u00e4ufig gestellte Fragen<\/h2>\n\n\n\n<p>Hier sind einige der h\u00e4ufigsten Fragen, die von Z\u00fcchtern gestellt werden, die sich f\u00fcr diese Sorte interessieren:<\/p>\n\n\n<div id=\"rank-math-faq\" class=\"rank-math-block\">\n<div class=\"rank-math-list \">\n<div id=\"faq-question-1663029074962\" class=\"rank-math-list-item\">\n<h3 class=\"rank-math-question \">Wann beginnt die Critical XXL Auto im Freien zu bl\u00fchen?<\/h3>\n<div class=\"rank-math-answer \">\n\n<p>Die Wachstumszeit ist sehr schnell, nur 3-4 Wochen.<\/p>\n\n<\/div>\n<\/div>\n<div id=\"faq-question-1663029159933\" class=\"rank-math-list-item\">\n<h3 class=\"rank-math-question \">Wie lange dauert es, Critical XXL Auto nach der Keimung zu ernten?<\/h3>\n<div class=\"rank-math-answer \">\n\n<p>Von der Keimung bis zur Ernte vergehen insgesamt 54-63 Tage.<\/p>\n\n<\/div>\n<\/div>\n<div id=\"faq-question-1663029165861\" class=\"rank-math-list-item\">\n<h3 class=\"rank-math-question \">Wie z\u00fcchte ich eine feminisierte Critical XXL Auto?<\/h3>\n<div class=\"rank-math-answer \">\n\n<p>Sie ist eine der am einfachsten zu z\u00fcchtenden Pflanzen und ein Favorit f\u00fcr Anf\u00e4nger. Ob drinnen oder drau\u00dfen, sie liefert immer die besten Ernten.<\/p>\n\n<\/div>\n<\/div>\n<div id=\"faq-question-1666780029954\" class=\"rank-math-list-item\">\n<h3 class=\"rank-math-question \">Was sind die Auswirkungen von Critical XXL Auto in gro\u00dfen Mengen?<\/h3>\n<div class=\"rank-math-answer \">\n\n<p>Die Wirkung ist zun\u00e4chst euphorisch und energiegeladen, wird aber bald sehr entspannend.<\/p>\n\n<\/div>\n<\/div>\n<\/div>\n<\/div>","protected":false},"excerpt":{"rendered":"<p>Critical XXL Auto ist eine der komplettesten autoflowering Sorten. Sie hat alles, was sich ein Grower von einer Pflanze w\u00fcnscht: schnelles Wachstum, unauff\u00e4llige Gr\u00f6\u00dfe, enorme Bud-Produktion, viel Harz, spektakul\u00e4res und intonierendes Zitrus- und Fruchtaroma, sehr potente Effekte und einen sehr kurzen Wachstumszyklus von nur 8-9 Wochen.<\/p>\n","protected":false},"featured_media":11315,"comment_status":"open","ping_status":"closed","template":"","meta":{"_acf_changed":false,"inline_featured_image":false,"_uag_custom_page_level_css":""},"product_brand":[],"product_cat":[2114],"product_tag":[],"class_list":{"0":"post-10059","1":"product","2":"type-product","3":"status-publish","4":"has-post-thumbnail","6":"product_cat-autoflowering-cannabis-samen","8":"first","9":"outofstock","10":"taxable","11":"shipping-taxable","12":"purchasable","13":"product-type-simple"},"acf":[],"uagb_featured_image_src":{"full":["https:\/\/bulkgenetics.com\/wp-content\/uploads\/2022\/10\/critical-xxl-auto.jpg",1600,1600,false],"thumbnail":["https:\/\/bulkgenetics.com\/wp-content\/uploads\/2022\/10\/critical-xxl-auto-150x150.jpg",150,150,true],"medium":["https:\/\/bulkgenetics.com\/wp-content\/uploads\/2022\/10\/critical-xxl-auto-300x300.jpg",300,300,true],"medium_large":["https:\/\/bulkgenetics.com\/wp-content\/uploads\/2022\/10\/critical-xxl-auto-768x768.jpg",768,768,true],"large":["https:\/\/bulkgenetics.com\/wp-content\/uploads\/2022\/10\/critical-xxl-auto-1024x1024.jpg",1024,1024,true],"1536x1536":["https:\/\/bulkgenetics.com\/wp-content\/uploads\/2022\/10\/critical-xxl-auto-1536x1536.jpg",1536,1536,true],"2048x2048":["https:\/\/bulkgenetics.com\/wp-content\/uploads\/2022\/10\/critical-xxl-auto.jpg",1600,1600,false],"commercegurus-pdp-large":["https:\/\/bulkgenetics.com\/wp-content\/uploads\/2022\/10\/critical-xxl-auto-990x990.jpg",990,990,true],"commercegurus-plp-mobile":["https:\/\/bulkgenetics.com\/wp-content\/uploads\/2022\/10\/critical-xxl-auto-441x441.jpg",441,441,true],"cgkit_image_swatch":["https:\/\/bulkgenetics.com\/wp-content\/uploads\/2022\/10\/critical-xxl-auto-100x100.jpg",100,100,true],"woocommerce_thumbnail":["https:\/\/bulkgenetics.com\/wp-content\/uploads\/2022\/10\/critical-xxl-auto-300x300.jpg",300,300,true],"woocommerce_single":["https:\/\/bulkgenetics.com\/wp-content\/uploads\/2022\/10\/critical-xxl-auto-800x800.jpg",800,800,true],"woocommerce_gallery_thumbnail":["https:\/\/bulkgenetics.com\/wp-content\/uploads\/2022\/10\/critical-xxl-auto-150x150.jpg",150,150,true],"dgwt-wcas-product-suggestion":["https:\/\/bulkgenetics.com\/wp-content\/uploads\/2022\/10\/critical-xxl-auto-64x64.jpg",64,64,true]},"uagb_author_info":{"display_name":"\u00c1ngel Flores","author_link":"https:\/\/bulkgenetics.com\/de\/author\/"},"uagb_comment_info":0,"uagb_excerpt":"Critical XXL Auto ist eine der komplettesten autoflowering Sorten. Sie hat alles, was sich ein Grower von einer Pflanze w\u00fcnscht: schnelles Wachstum, unauff\u00e4llige Gr\u00f6\u00dfe, enorme Bud-Produktion, viel Harz, spektakul\u00e4res und intonierendes Zitrus- und Fruchtaroma, sehr potente Effekte und einen sehr kurzen Wachstumszyklus von nur 8-9 Wochen.","_links":{"self":[{"href":"https:\/\/bulkgenetics.com\/de\/wp-json\/wp\/v2\/product\/10059","targetHints":{"allow":["GET"]}}],"collection":[{"href":"https:\/\/bulkgenetics.com\/de\/wp-json\/wp\/v2\/product"}],"about":[{"href":"https:\/\/bulkgenetics.com\/de\/wp-json\/wp\/v2\/types\/product"}],"replies":[{"embeddable":true,"href":"https:\/\/bulkgenetics.com\/de\/wp-json\/wp\/v2\/comments?post=10059"}],"wp:featuredmedia":[{"embeddable":true,"href":"https:\/\/bulkgenetics.com\/de\/wp-json\/wp\/v2\/media\/11315"}],"wp:attachment":[{"href":"https:\/\/bulkgenetics.com\/de\/wp-json\/wp\/v2\/media?parent=10059"}],"wp:term":[{"taxonomy":"product_brand","embeddable":true,"href":"https:\/\/bulkgenetics.com\/de\/wp-json\/wp\/v2\/product_brand?post=10059"},{"taxonomy":"product_cat","embeddable":true,"href":"https:\/\/bulkgenetics.com\/de\/wp-json\/wp\/v2\/product_cat?post=10059"},{"taxonomy":"product_tag","embeddable":true,"href":"https:\/\/bulkgenetics.com\/de\/wp-json\/wp\/v2\/product_tag?post=10059"}],"curies":[{"name":"wp","href":"https:\/\/api.w.org\/{rel}","templated":true}]}}