{"id":10076,"date":"2022-10-04T13:14:10","date_gmt":"2022-10-04T11:14:10","guid":{"rendered":"https:\/\/www.bulkgenetics.com\/rotes-karamell-auto\/"},"modified":"2024-10-08T01:13:52","modified_gmt":"2024-10-07T23:13:52","slug":"red-caramel-auto","status":"publish","type":"product","link":"https:\/\/bulkgenetics.com\/de\/red-caramel-auto\/","title":{"rendered":"Red Caramel Auto"},"content":{"rendered":"\n<p><strong>Red Caramel Auto<\/strong> ist eine autoflowering Sorte mit einer hohen Indica-Dominanz. Aufgrund der auff\u00e4lligen roten Farbe ihrer Knospen ist sie zweifellos eine der K\u00f6niginnen in jedem Garten oder Innenanbau.<\/p>\n\n\n\n<p>Sie ist ein Hybrid, der die k\u00f6stlichen <strong>Dark Devil und Black Cream<\/strong> von Sweet Seeds kombiniert, zwei ganz besondere Sorten, die auf Websites wie Leafly oder Seedfinder gro\u00dfartige Bewertungen erhalten.<\/p>\n\n\n\n<h2 class=\"wp-block-heading\">Wie man Red Caramel Auto anbaut<\/h2>\n\n\n\n<p>Sie ist eine sehr pflegeleichte und widerstandsf\u00e4hige Pflanze, ideal f\u00fcr Anbauneulinge. Au\u00dferdem ist er sehr diskret und bleibt unter <strong>110 cm H\u00f6he<\/strong>. Diese Gr\u00f6\u00dfe ist perfekt f\u00fcr Terrassen oder Balkone, wo sie nicht auffallen.<\/p>\n\n\n\n<p>Autoflowering Cannabissorten haben alle ein \u00e4hnliches Verhalten. Von der Keimung an <strong>wachsen<\/strong> sie <strong>3-4 Wochen lang und dann beginnt die Bl\u00fcte<\/strong>, unabh\u00e4ngig von der H\u00f6he der Pflanzen und der Lichtmenge, die sie erhalten.<\/p>\n\n\n\n<p>Sie sollten daher vor Beginn der Bl\u00fcte so hoch wie m\u00f6glich sein, um die beste Ernte zu erzielen. Wir raten dir, das Umpflanzen zu vermeiden, da dies ein wenig Stress verursacht, der das Wachstum der Pflanzen f\u00fcr ein paar Tage verlangsamt.<\/p>\n\n\n\n<p>Es ist besser, sich von Anfang an f\u00fcr einen gro\u00dfen Topf mit einem guten Substrat zu entscheiden. Auf diese Weise wachsen sie ohne Unterbrechung und erreichen eine gr\u00f6\u00dfere Gr\u00f6\u00dfe.<\/p>\n\n\n\n<p>Der Lebenszyklus ist sehr kurz und <strong>insgesamt wird er in 8 Wochen geerntet<\/strong>. In den Fr\u00fchlings- und Sommermonaten k\u00f6nnen problemlos bis zu 3 Pflanzen angebaut werden.<\/p>\n\n\n\n<h2 class=\"wp-block-heading\">Merkmale von Red Caramel Auto<\/h2>\n\n\n\n<p>Die Knospen sind wundersch\u00f6n. Gro\u00dfe, harte und auffallend r\u00f6tliche Farbt\u00f6ne kontrastieren mit der dicken Abdeckung aus gl\u00e4nzenden Trichomen. Auch wenn Haschisch aus ihnen hergestellt wird, ist die Farbe ebenfalls r\u00f6tlich.<\/p>\n\n\n\n<p>Das <strong>Aroma und der Geschmack<\/strong> sind sehr reichhaltig, mit k\u00f6stlichen Zitrusnoten von Zitrone, s\u00fc\u00dfen Fr\u00fcchten und einem leichten Weihrauchhintergrund, der wirklich appetitlich ist.<\/p>\n\n\n\n<p>Die <strong>Wirkung<\/strong> ist stark und dominiert die Eigenschaften ihrer Indica-Gene. Die Gef\u00fchle von Entspannung und Schl\u00e4frigkeit werden deinen K\u00f6rper \u00fcbernehmen und deinen Geist klar und fr\u00f6hlich machen.<\/p>\n\n\n\n<p>Die Ertr\u00e4ge sind hoch, wenn man bedenkt, wie klein sie sind. Im Freien erreichen die gr\u00f6\u00dften Pflanzen <strong>150 Gramm<\/strong>. In Innenr\u00e4umen und mit 300-350 W LED-Beleuchtung werden <strong>550 Gramm pro m\u00b2<\/strong> erreicht.<\/p>\n\n\n\n<div style=\"height:50px\" aria-hidden=\"true\" class=\"wp-block-spacer uag-hide-mob\"><\/div>\n\n\n\n<div class=\"wp-block-columns is-layout-flex wp-container-core-columns-is-layout-28f84493 wp-block-columns-is-layout-flex\">\n<div class=\"wp-block-column is-layout-flow wp-block-column-is-layout-flow\">\n<p class=\"has-text-align-center has-medium-font-size\"><strong>Was wir am meisten m\u00f6gen<\/strong><\/p>\n\n\n\n<ul class=\"wp-block-list\">\n<li>Sehr einfach zu z\u00fcchten.<\/li>\n\n\n\n<li>Rot gef\u00e4rbte Knospen.<\/li>\n\n\n\n<li>Ernte in nur 8 Wochen.<\/li>\n\n\n\n<li>Sehr entspannende und fr\u00f6hliche Effekte.<\/li>\n\n\n\n<li>Sein Preis.<\/li>\n<\/ul>\n<\/div>\n\n\n\n<div class=\"wp-block-column is-layout-flow wp-block-column-is-layout-flow\">\n<p class=\"has-text-align-center has-medium-font-size\"><strong>Was wir am wenigsten m\u00f6gen<\/strong><\/p>\n\n\n\n<ul class=\"wp-block-list\">\n<li>In der Bl\u00fctezeit duftet sie sehr gut.<\/li>\n<\/ul>\n<\/div>\n<\/div>\n\n\n\n<div style=\"height:50px\" aria-hidden=\"true\" class=\"wp-block-spacer uag-hide-mob\"><\/div>\n\n\n\n<h2 class=\"wp-block-heading\">H\u00e4ufig gestellte Fragen<\/h2>\n\n\n\n<p>Im Folgenden findest du die Antworten auf einige der am h\u00e4ufigsten gestellten Fragen von Z\u00fcchtern, die sich f\u00fcr diese Marihuana-Sorte interessieren:<\/p>\n\n\n<div id=\"rank-math-faq\" class=\"rank-math-block\">\n<div class=\"rank-math-list \">\n<div id=\"faq-question-1663029074962\" class=\"rank-math-list-item\">\n<h3 class=\"rank-math-question \">Wann beginnt Red Caramel Auto im Freien zu bl\u00fchen?<\/h3>\n<div class=\"rank-math-answer \">\n\n<p>Etwa 3-4 Wochen nach der Keimung der Samen beginnen die Pflanzen zu bl\u00fchen.<\/p>\n\n<\/div>\n<\/div>\n<div id=\"faq-question-1663029159933\" class=\"rank-math-list-item\">\n<h3 class=\"rank-math-question \">Wie lange dauert es, eine Red Caramel Auto nach der Keimung zu ernten?<\/h3>\n<div class=\"rank-math-answer \">\n\n<p>Sie ist eine sehr schnelle Pflanze, die in nur 8 Wochen nach der Keimung geerntet werden kann.<\/p>\n\n<\/div>\n<\/div>\n<div id=\"faq-question-1663029165861\" class=\"rank-math-list-item\">\n<h3 class=\"rank-math-question \">Wie z\u00fcchte ich eine feminisierte Red Caramel Auto?<\/h3>\n<div class=\"rank-math-answer \">\n\n<p>Es ist sehr einfach, diskret und widerstandsf\u00e4hig. Verwende vom ersten Tag an einen gro\u00dfen Topf, um das Umtopfen zu vermeiden. So k\u00f6nnen die Pflanzen h\u00f6her wachsen und mehr Ertrag bringen.<\/p>\n\n<\/div>\n<\/div>\n<div id=\"faq-question-1666780029954\" class=\"rank-math-list-item\">\n<h3 class=\"rank-math-question \">Was sind die Auswirkungen von Red Caramel Auto in gro\u00dfen Mengen?<\/h3>\n<div class=\"rank-math-answer \">\n\n<p>Die Wirkung ist entspannend und aufmunternd, ideal um am Ende eines anstrengenden Tages zu entspannen.<\/p>\n\n<\/div>\n<\/div>\n<\/div>\n<\/div>","protected":false},"excerpt":{"rendered":"<p>Red Caramel Auto ist eine autoflowering Sorte mit einer starken Indica-Dominanz. Dies ist eine sehr geeignete Sorte f\u00fcr Z\u00fcchter, die nach einfachen, produktiven und unterschiedlichen Pflanzen suchen. Mit einer maximalen H\u00f6he von 110 cm ist er sehr diskret und unauff\u00e4llig auf Terrassen oder Balkonen. Sie ist sehr schnell und in insgesamt 8 Wochen nach der Keimung hast du gro\u00dfe, cremefarbene Knospen in wundersch\u00f6nen Farbt\u00f6nen, die von tiefem Rosa bis zu Lila oder Rot reichen. Sein Geschmack ist fruchtig, s\u00fc\u00df, zitrisch und mit einem Hauch von Weihrauch. Die Wirkung ist stark, ein gl\u00fccklicher Blick wird \u00fcber dein Gesicht huschen und du f\u00fchlst dich, als w\u00fcrdest du auf einem Wolkenbett ruhen.<\/p>\n","protected":false},"featured_media":23011,"comment_status":"open","ping_status":"closed","template":"","meta":{"_acf_changed":false,"inline_featured_image":false,"_uag_custom_page_level_css":""},"product_brand":[],"product_cat":[2114],"product_tag":[],"class_list":{"0":"post-10076","1":"product","2":"type-product","3":"status-publish","4":"has-post-thumbnail","6":"product_cat-autoflowering-cannabis-samen","8":"first","9":"outofstock","10":"taxable","11":"shipping-taxable","12":"purchasable","13":"product-type-simple"},"acf":[],"uagb_featured_image_src":{"full":["https:\/\/bulkgenetics.com\/wp-content\/uploads\/2022\/10\/red-caramel-auto-1.jpg",1600,1600,false],"thumbnail":["https:\/\/bulkgenetics.com\/wp-content\/uploads\/2022\/10\/red-caramel-auto-1-150x150.jpg",150,150,true],"medium":["https:\/\/bulkgenetics.com\/wp-content\/uploads\/2022\/10\/red-caramel-auto-1-300x300.jpg",300,300,true],"medium_large":["https:\/\/bulkgenetics.com\/wp-content\/uploads\/2022\/10\/red-caramel-auto-1-768x768.jpg",768,768,true],"large":["https:\/\/bulkgenetics.com\/wp-content\/uploads\/2022\/10\/red-caramel-auto-1-1024x1024.jpg",1024,1024,true],"1536x1536":["https:\/\/bulkgenetics.com\/wp-content\/uploads\/2022\/10\/red-caramel-auto-1-1536x1536.jpg",1536,1536,true],"2048x2048":["https:\/\/bulkgenetics.com\/wp-content\/uploads\/2022\/10\/red-caramel-auto-1.jpg",1600,1600,false],"commercegurus-pdp-large":["https:\/\/bulkgenetics.com\/wp-content\/uploads\/2022\/10\/red-caramel-auto-1-990x990.jpg",990,990,true],"commercegurus-plp-mobile":["https:\/\/bulkgenetics.com\/wp-content\/uploads\/2022\/10\/red-caramel-auto-1-441x441.jpg",441,441,true],"cgkit_image_swatch":["https:\/\/bulkgenetics.com\/wp-content\/uploads\/2022\/10\/red-caramel-auto-1-100x100.jpg",100,100,true],"woocommerce_thumbnail":["https:\/\/bulkgenetics.com\/wp-content\/uploads\/2022\/10\/red-caramel-auto-1-300x300.jpg",300,300,true],"woocommerce_single":["https:\/\/bulkgenetics.com\/wp-content\/uploads\/2022\/10\/red-caramel-auto-1-800x800.jpg",800,800,true],"woocommerce_gallery_thumbnail":["https:\/\/bulkgenetics.com\/wp-content\/uploads\/2022\/10\/red-caramel-auto-1-150x150.jpg",150,150,true],"dgwt-wcas-product-suggestion":["https:\/\/bulkgenetics.com\/wp-content\/uploads\/2022\/10\/red-caramel-auto-1-64x64.jpg",64,64,true]},"uagb_author_info":{"display_name":"Bruno Crespo","author_link":"https:\/\/bulkgenetics.com\/de\/author\/"},"uagb_comment_info":0,"uagb_excerpt":"Red Caramel Auto ist eine autoflowering Sorte mit einer starken Indica-Dominanz. Dies ist eine sehr geeignete Sorte f\u00fcr Z\u00fcchter, die nach einfachen, produktiven und unterschiedlichen Pflanzen suchen. Mit einer maximalen H\u00f6he von 110 cm ist er sehr diskret und unauff\u00e4llig auf Terrassen oder Balkonen. Sie ist sehr schnell und in insgesamt 8 Wochen nach der&hellip;","_links":{"self":[{"href":"https:\/\/bulkgenetics.com\/de\/wp-json\/wp\/v2\/product\/10076","targetHints":{"allow":["GET"]}}],"collection":[{"href":"https:\/\/bulkgenetics.com\/de\/wp-json\/wp\/v2\/product"}],"about":[{"href":"https:\/\/bulkgenetics.com\/de\/wp-json\/wp\/v2\/types\/product"}],"replies":[{"embeddable":true,"href":"https:\/\/bulkgenetics.com\/de\/wp-json\/wp\/v2\/comments?post=10076"}],"wp:featuredmedia":[{"embeddable":true,"href":"https:\/\/bulkgenetics.com\/de\/wp-json\/wp\/v2\/media\/23011"}],"wp:attachment":[{"href":"https:\/\/bulkgenetics.com\/de\/wp-json\/wp\/v2\/media?parent=10076"}],"wp:term":[{"taxonomy":"product_brand","embeddable":true,"href":"https:\/\/bulkgenetics.com\/de\/wp-json\/wp\/v2\/product_brand?post=10076"},{"taxonomy":"product_cat","embeddable":true,"href":"https:\/\/bulkgenetics.com\/de\/wp-json\/wp\/v2\/product_cat?post=10076"},{"taxonomy":"product_tag","embeddable":true,"href":"https:\/\/bulkgenetics.com\/de\/wp-json\/wp\/v2\/product_tag?post=10076"}],"curies":[{"name":"wp","href":"https:\/\/api.w.org\/{rel}","templated":true}]}}