{"id":10080,"date":"2022-10-04T13:15:17","date_gmt":"2022-10-04T11:15:17","guid":{"rendered":"https:\/\/www.bulkgenetics.com\/jack-diesel-auto\/"},"modified":"2022-11-10T16:05:46","modified_gmt":"2022-11-10T15:05:46","slug":"jack-diesel-auto","status":"publish","type":"product","link":"https:\/\/bulkgenetics.com\/de\/jack-diesel-auto\/","title":{"rendered":"Jack Diesel Auto"},"content":{"rendered":"\n<p>Jack Diesel Auto ist eine autoflowering Cannabissorte und die schnellste Version von NYC Diesel, einer der ber\u00fchmtesten von Soma Seeds entwickelten Sorten.<\/p>\n\n<p>NYC Diesel hat seinen Ursprung im Big Apple, New York. Sie ist eine Sativa-dominante Kreuzung, die Sour Diesel mit einem Afghani\/Hawaii-Hybrid kombiniert.<\/p>\n\n<p>F\u00fcr diese automatische Version haben wir eine Auswahl der am schnellsten bl\u00fchenden und am meisten Sativa-Z\u00fcge ausgew\u00e4hlt.<\/p>\n\n<h2 class=\"wp-block-heading\">Wie man Jack Diesel Auto anbaut<\/h2>\n\n<p>Es ist eine einfache Pflanze mit kr\u00e4ftigem Wachstum und einer sehr diskreten Endh\u00f6he. Er bleibt unter 110 cm, eine perfekte Gr\u00f6\u00dfe f\u00fcr Balkone oder Terrassen, wo er nicht auff\u00e4llt.<\/p>\n\n<p>Autoflowering-Marihuana-Sorten haben eine sehr kurze Wachstumszeit von nur 3-4 Wochen. Entscheide dich vom ersten Tag an f\u00fcr einen gro\u00dfen Topf und ein n\u00e4hrstoffreiches Substrat, damit die Pflanzen so viel wie m\u00f6glich wachsen k\u00f6nnen, bevor die Bl\u00fcte beginnt.<\/p>\n\n<p>Insgesamt wird sie in etwa 8-9 Wochen geerntet werden. Da sie so schnell ist, kann sie in den Fr\u00fchlings- und Sommermonaten bis zu 3 aufeinanderfolgende Ernten im Freien einfahren.<\/p>\n\n<h2 class=\"wp-block-heading\">Merkmale von Jack Diesel Auto<\/h2>\n\n<p>Die Knospen sind spektakul\u00e4r, gro\u00df, steinhart und mit einer cremigen K\u00f6niginnenschicht bedeckt, die sich sehr gut f\u00fcr die Herstellung erstklassiger Extrakte eignet.<\/p>\n\n<p>Der klassische Dieselgeruch und -geschmack, der so typisch f\u00fcr amerikanische Hybriden ist, dominiert, aber mit intensiven Noten von Zitrusfr\u00fcchten wie Grapefruit, die aus der Komplexit\u00e4t eine Tugend machen.<\/p>\n\n<p>Die Wirkung ist stark, energiegeladen, kreativ und gesellig, ideal f\u00fcr jede Tageszeit und immer am besten in guter Gesellschaft.<\/p>\n\n<p>Gemessen an den Ertr\u00e4gen und in Anbetracht seiner diskreten Gr\u00f6\u00dfe kann er als sehr hoch angesehen werden. Im Freien kannst du bei den gr\u00f6\u00dferen Pflanzen mit bis zu 150 Gramm pro Pflanze rechnen. Und in Innenr\u00e4umen kann jeder mit einer 300-350 W LED 550 Gramm pro m\u00b2 ausgeben.<\/p>\n\n<div style=\"height:50px\" aria-hidden=\"true\" class=\"wp-block-spacer uag-hide-mob\"><\/div>\n\n<div class=\"wp-block-columns is-layout-flex wp-container-core-columns-is-layout-28f84493 wp-block-columns-is-layout-flex\">\n<div class=\"wp-block-column is-layout-flow wp-block-column-is-layout-flow\">\n<p class=\"has-text-align-center has-medium-font-size\"><strong>Was wir am meisten m\u00f6gen<\/strong><\/p>\n\n\n\n<ul class=\"wp-block-list\">\n<li>Sehr einfach zu z\u00fcchten.<\/li>\n\n\n\n<li>XXL-Produktion.<\/li>\n\n\n\n<li>Ernte in nur 8-9 Wochen.<\/li>\n\n\n\n<li>Grapefruit- und Dieselgeschmack.<\/li>\n\n\n\n<li>Sehr fr\u00f6hliche, energiegeladene und kreative Effekte.<\/li>\n\n\n\n<li>Sein Preis.<\/li>\n<\/ul>\n<\/div>\n\n\n\n<div class=\"wp-block-column is-layout-flow wp-block-column-is-layout-flow\">\n<p class=\"has-text-align-center has-medium-font-size\"><strong>Was wir am wenigsten m\u00f6gen<\/strong><\/p>\n\n\n\n<ul class=\"wp-block-list\">\n<li>In der Bl\u00fctezeit duftet sie sehr gut.<\/li>\n<\/ul>\n<\/div>\n<\/div>\n\n<div style=\"height:50px\" aria-hidden=\"true\" class=\"wp-block-spacer uag-hide-mob\"><\/div>\n\n<h2 class=\"wp-block-heading\">H\u00e4ufig gestellte Fragen<\/h2>\n\n<p>Wenn du Fragen zum Anbau dieser automatischen Marihuanasorte hast, beantworten wir im Folgenden die am h\u00e4ufigsten gestellten Fragen:<\/p>\n<div id=\"rank-math-faq\" class=\"rank-math-block\">\n<div class=\"rank-math-list \">\n<div id=\"faq-question-1663029074962\" class=\"rank-math-list-item\">\n<h3 class=\"rank-math-question \">Wann beginnt die Jack Diesel Auto im Freien zu bl\u00fchen?<\/h3>\n<div class=\"rank-math-answer \">\n\n<p>In etwa 3-4 Wochen werden die Pflanzen anfangen zu bl\u00fchen.<\/p>\n\n<\/div>\n<\/div>\n<div id=\"faq-question-1663029159933\" class=\"rank-math-list-item\">\n<h3 class=\"rank-math-question \">Wie lange dauert es, eine Jack Diesel Auto nach der Keimung zu ernten?<\/h3>\n<div class=\"rank-math-answer \">\n\n<p>Von der Keimung an wird sie in insgesamt 8-9 Wochen geerntet.<\/p>\n\n<\/div>\n<\/div>\n<div id=\"faq-question-1663029165861\" class=\"rank-math-list-item\">\n<h3 class=\"rank-math-question \">Wie z\u00fcchte ich eine feminisierte Jack Diesel Auto?<\/h3>\n<div class=\"rank-math-answer \">\n\n<p>Sie ist eine einfache und robuste Pflanze. Verwende vom ersten Tag an einen gro\u00dfen Topf mit einem guten Substrat. Wenn du das Umpflanzen vermeidest, werden sie wachsen und mehr produzieren.<\/p>\n\n<\/div>\n<\/div>\n<div id=\"faq-question-1666780029954\" class=\"rank-math-list-item\">\n<h3 class=\"rank-math-question \">Was sind die Auswirkungen von Jack Diesel Auto in gro\u00dfen Mengen?<\/h3>\n<div class=\"rank-math-answer \">\n\n<p>Die Auswirkungen sind sehr energiegeladen, kreativ und sozial. Sie ist die perfekte Sorte f\u00fcr den Tag.<\/p>\n\n<\/div>\n<\/div>\n<\/div>\n<\/div>","protected":false},"excerpt":{"rendered":"<p>Jack Diesel Auto ist die schnelle kleine Schwester des New York City Diesel, der gro\u00dfen Legende aus dem Big Apple. Sie ist eine sativadominierte Sorte, die sehr einfach anzubauen und sehr widerstandsf\u00e4hig ist. Selbst der unerfahrenste Anbauer wird in insgesamt 8-9 Wochen die spektakul\u00e4rsten Ernten erzielen. Sie produziert viele fette, harzige Knospen mit einem angenehmen, zitrusartigen Grapefruit-Geschmack mit Diesel-Noten. Die Wirkung ist wie eine Energieentladung, die K\u00f6rper und Geist aktiviert, ideal f\u00fcr die Entwicklung von kreativen Aufgaben.<\/p>\n","protected":false},"featured_media":11719,"comment_status":"open","ping_status":"closed","template":"","meta":{"_acf_changed":false,"inline_featured_image":false,"_uag_custom_page_level_css":""},"product_brand":[],"product_cat":[2114],"product_tag":[],"class_list":{"0":"post-10080","1":"product","2":"type-product","3":"status-publish","4":"has-post-thumbnail","6":"product_cat-autoflowering-cannabis-samen","8":"first","9":"outofstock","10":"taxable","11":"shipping-taxable","12":"purchasable","13":"product-type-simple"},"acf":[],"uagb_featured_image_src":{"full":["https:\/\/bulkgenetics.com\/wp-content\/uploads\/2022\/10\/jack-diesel-auto-2.jpg",1600,1600,false],"thumbnail":["https:\/\/bulkgenetics.com\/wp-content\/uploads\/2022\/10\/jack-diesel-auto-2-150x150.jpg",150,150,true],"medium":["https:\/\/bulkgenetics.com\/wp-content\/uploads\/2022\/10\/jack-diesel-auto-2-300x300.jpg",300,300,true],"medium_large":["https:\/\/bulkgenetics.com\/wp-content\/uploads\/2022\/10\/jack-diesel-auto-2-768x768.jpg",768,768,true],"large":["https:\/\/bulkgenetics.com\/wp-content\/uploads\/2022\/10\/jack-diesel-auto-2-1024x1024.jpg",1024,1024,true],"1536x1536":["https:\/\/bulkgenetics.com\/wp-content\/uploads\/2022\/10\/jack-diesel-auto-2-1536x1536.jpg",1536,1536,true],"2048x2048":["https:\/\/bulkgenetics.com\/wp-content\/uploads\/2022\/10\/jack-diesel-auto-2.jpg",1600,1600,false],"commercegurus-pdp-large":["https:\/\/bulkgenetics.com\/wp-content\/uploads\/2022\/10\/jack-diesel-auto-2-990x990.jpg",990,990,true],"commercegurus-plp-mobile":["https:\/\/bulkgenetics.com\/wp-content\/uploads\/2022\/10\/jack-diesel-auto-2-441x441.jpg",441,441,true],"cgkit_image_swatch":["https:\/\/bulkgenetics.com\/wp-content\/uploads\/2022\/10\/jack-diesel-auto-2-100x100.jpg",100,100,true],"woocommerce_thumbnail":["https:\/\/bulkgenetics.com\/wp-content\/uploads\/2022\/10\/jack-diesel-auto-2-300x300.jpg",300,300,true],"woocommerce_single":["https:\/\/bulkgenetics.com\/wp-content\/uploads\/2022\/10\/jack-diesel-auto-2-800x800.jpg",800,800,true],"woocommerce_gallery_thumbnail":["https:\/\/bulkgenetics.com\/wp-content\/uploads\/2022\/10\/jack-diesel-auto-2-150x150.jpg",150,150,true],"dgwt-wcas-product-suggestion":["https:\/\/bulkgenetics.com\/wp-content\/uploads\/2022\/10\/jack-diesel-auto-2-64x64.jpg",64,64,true]},"uagb_author_info":{"display_name":"Bruno Crespo","author_link":"https:\/\/bulkgenetics.com\/de\/author\/"},"uagb_comment_info":0,"uagb_excerpt":"Jack Diesel Auto ist die schnelle kleine Schwester des New York City Diesel, der gro\u00dfen Legende aus dem Big Apple. Sie ist eine sativadominierte Sorte, die sehr einfach anzubauen und sehr widerstandsf\u00e4hig ist. Selbst der unerfahrenste Anbauer wird in insgesamt 8-9 Wochen die spektakul\u00e4rsten Ernten erzielen. Sie produziert viele fette, harzige Knospen mit einem angenehmen,&hellip;","_links":{"self":[{"href":"https:\/\/bulkgenetics.com\/de\/wp-json\/wp\/v2\/product\/10080","targetHints":{"allow":["GET"]}}],"collection":[{"href":"https:\/\/bulkgenetics.com\/de\/wp-json\/wp\/v2\/product"}],"about":[{"href":"https:\/\/bulkgenetics.com\/de\/wp-json\/wp\/v2\/types\/product"}],"replies":[{"embeddable":true,"href":"https:\/\/bulkgenetics.com\/de\/wp-json\/wp\/v2\/comments?post=10080"}],"wp:featuredmedia":[{"embeddable":true,"href":"https:\/\/bulkgenetics.com\/de\/wp-json\/wp\/v2\/media\/11719"}],"wp:attachment":[{"href":"https:\/\/bulkgenetics.com\/de\/wp-json\/wp\/v2\/media?parent=10080"}],"wp:term":[{"taxonomy":"product_brand","embeddable":true,"href":"https:\/\/bulkgenetics.com\/de\/wp-json\/wp\/v2\/product_brand?post=10080"},{"taxonomy":"product_cat","embeddable":true,"href":"https:\/\/bulkgenetics.com\/de\/wp-json\/wp\/v2\/product_cat?post=10080"},{"taxonomy":"product_tag","embeddable":true,"href":"https:\/\/bulkgenetics.com\/de\/wp-json\/wp\/v2\/product_tag?post=10080"}],"curies":[{"name":"wp","href":"https:\/\/api.w.org\/{rel}","templated":true}]}}