{"id":10093,"date":"2022-10-04T13:19:12","date_gmt":"2022-10-04T11:19:12","guid":{"rendered":"https:\/\/www.bulkgenetics.com\/gelato-auto\/"},"modified":"2022-11-10T16:05:58","modified_gmt":"2022-11-10T15:05:58","slug":"gelato-auto","status":"publish","type":"product","link":"https:\/\/bulkgenetics.com\/de\/gelato-auto\/","title":{"rendered":"Gelato Auto"},"content":{"rendered":"\n<p><strong>Gelato Auto<\/strong> ist die schnelle kleine Schwester von <strong>Gelato 33<\/strong>, einer der angesagtesten und begehrtesten Sorten der letzten Jahre, die f\u00fcr ihren au\u00dfergew\u00f6hnlichen Geschmack und ihre brutale Wirkung bekannt ist.<\/p>\n\n<p><a href=\"https:\/\/bulkgenetics.com\/es\/gelato-33\/\">Gelato 33<\/a> ist ein amerikanischer Indica\/Sativa-Hybrid aus <strong>Sunset Sherbert (Girl Scout Cookies x Pink Panties) und Girl Scout Cookies <\/strong>.  <\/p>\n\n<p>Banken wie Sweet Seeds (Sweet Gelato Auto), Advanced Seeds oder FastBuds bieten ihre eigenen Versionen an. Der einzige Unterschied, den du feststellen wirst, ist, dass unser loses Saatgut billiger ist.<\/p>\n\n<h2 class=\"wp-block-heading\">Wie man Gelato Auto anbaut<\/h2>\n\n<p>Es ist eine Pflanze, die nicht viel Pflege ben\u00f6tigt und sich aufgrund ihrer Einfachheit und Widerstandsf\u00e4higkeit sehr gut f\u00fcr Anf\u00e4nger eignet. Au\u00dferdem <strong>ist sie sehr unauff\u00e4llig, da sie in der Regel nicht mehr als einen Meter hoch wird<\/strong> und auf Terrassen oder Balkonen nicht auff\u00e4llt.<\/p>\n\n<p>Bei autoflowering Marihuana-Sorten, die eine so kurze Wachstumsperiode haben, ist es wichtig, den Pflanzen jede Gelegenheit zu geben, die gr\u00f6\u00dftm\u00f6gliche H\u00f6he zu erreichen, bevor die Bl\u00fctephase beginnt.<\/p>\n\n<p><strong>Verwende von Anfang an einen gro\u00dfen Topf mit mindestens 20 Litern Fassungsverm\u00f6gen<\/strong>, anstatt ihn umzupflanzen. Diese sind ein wenig stressig und manchmal k\u00f6nnen die Pflanzen ihr Wachstum f\u00fcr ein paar Tage verlangsamen.<\/p>\n\n<p>Von der Keimung der Samen bis zur Ernte vergehen nur 8-9 Wochen. Da sie so schnell sind, ist es m\u00f6glich, bis zu 3 Pflanzen pro Saison im Freien anzubauen.<\/p>\n\n<h2 class=\"wp-block-heading\">Merkmale von Gelato Auto<\/h2>\n\n<p>Optisch sind seine Knospen ein Spektakel. <strong>Gro\u00df, kompakt und mega-harzig<\/strong>. Jeder Extraktionsliebhaber wird sie genie\u00dfen.<\/p>\n\n<p>Sie haben einen <strong>au\u00dfergew\u00f6hnlichen Duft und Geschmack<\/strong>. Die klaren s\u00fc\u00dfen und vanilligen Keksnoten des GSC mischen sich perfekt mit den frischen fruchtigen und zitrusartigen Noten des Pink Panties, \u00e4hnlich wie bei einer typischen Eist\u00fcte.<\/p>\n\n<p><strong>Die Auswirkungen sind sehr stark<\/strong>. Selbst f\u00fcr die THC-Tolerantesten. Es sorgt f\u00fcr ein energiegeladenes und euphorisches High, das sehr angenehm und freudig ist. Es ist die perfekte Sorte, um sie tags\u00fcber zu genie\u00dfen.<\/p>\n\n<p>Die Ertr\u00e4ge liegen weit \u00fcber dem Durchschnitt f\u00fcr autoflowering Cannabissorten, selbst f\u00fcr viele, die viel gr\u00f6\u00dfer werden. Im Freiland k\u00f6nnen bei gr\u00f6\u00dferen Pflanzen bis zu <strong>200 Gramm pro Pflanze<\/strong> erreicht werden. Und in Innenr\u00e4umen kann jeder mit einem 300-350 W LED-Panel leicht bis zu <strong>550 Gramm pro m\u00b2<\/strong> aussto\u00dfen.  <\/p>\n\n<div style=\"height:50px\" aria-hidden=\"true\" class=\"wp-block-spacer uag-hide-mob\"><\/div>\n\n<div class=\"wp-block-columns is-layout-flex wp-container-core-columns-is-layout-28f84493 wp-block-columns-is-layout-flex\">\n<div class=\"wp-block-column is-layout-flow wp-block-column-is-layout-flow\">\n<p class=\"has-text-align-center has-medium-font-size\"><strong>Was wir am meisten m\u00f6gen<\/strong><\/p>\n\n\n\n<ul class=\"wp-block-list\">\n<li>Ganz einfach.<\/li>\n\n\n\n<li>XXL-Produktion.<\/li>\n\n\n\n<li>Ernte in nur 8-9 Wochen.<\/li>\n\n\n\n<li>Leckerer Fruchteisgeschmack.<\/li>\n\n\n\n<li>SEHR starke Effekte<\/li>\n\n\n\n<li>Sein Preis.<\/li>\n<\/ul>\n<\/div>\n\n\n\n<div class=\"wp-block-column is-layout-flow wp-block-column-is-layout-flow\">\n<p class=\"has-text-align-center has-medium-font-size\"><strong>Was wir am wenigsten m\u00f6gen<\/strong><\/p>\n\n\n\n<ul class=\"wp-block-list\">\n<li>In der Bl\u00fctezeit duftet sie sehr gut.<\/li>\n\n\n\n<li>SEHR starke Effekte.<\/li>\n<\/ul>\n<\/div>\n<\/div>\n\n<div style=\"height:50px\" aria-hidden=\"true\" class=\"wp-block-spacer uag-hide-mob\"><\/div>\n\n<h2 class=\"wp-block-heading\">H\u00e4ufig gestellte Fragen<\/h2>\n\n<p>Wenn du Fragen zum Anbau dieser Massensamen hast, beantworten wir unten die am h\u00e4ufigsten gestellten Fragen:<\/p>\n<div id=\"rank-math-faq\" class=\"rank-math-block\">\n<div class=\"rank-math-list \">\n<div id=\"faq-question-1663029074962\" class=\"rank-math-list-item\">\n<h3 class=\"rank-math-question \">Wann beginnt die Bl\u00fctezeit von Gelato Auto im Freien?<\/h3>\n<div class=\"rank-math-answer \">\n\n<p>Nach der Keimung beginnen die Pflanzen nach 3-4 Wochen zu bl\u00fchen.<\/p>\n\n<\/div>\n<\/div>\n<div id=\"faq-question-1663029159933\" class=\"rank-math-list-item\">\n<h3 class=\"rank-math-question \">Wie lange dauert es, ein Gelato Auto nach der Keimung zu ernten?<\/h3>\n<div class=\"rank-math-answer \">\n\n<p>Sie ist eine sehr schnelle Sorte, die in nur 8-9 Wochen nach der Keimung geerntet werden kann.<\/p>\n\n<\/div>\n<\/div>\n<div id=\"faq-question-1663029165861\" class=\"rank-math-list-item\">\n<h3 class=\"rank-math-question \">Wie z\u00fcchte ich eine feminisierte Gelato Auto?<\/h3>\n<div class=\"rank-math-answer \">\n\n<p>Es ist eine unauff\u00e4llige und einfache Pflanze. W\u00e4hle einen gro\u00dfen Topf und ein gutes Substrat, um die gr\u00f6\u00dften und produktivsten Pflanzen zu bekommen. Vermeide Transplantationen.<\/p>\n\n<\/div>\n<\/div>\n<div id=\"faq-question-1666780029954\" class=\"rank-math-list-item\">\n<h3 class=\"rank-math-question \">Was sind die Auswirkungen von Gelato Auto in gro\u00dfen Mengen?<\/h3>\n<div class=\"rank-math-answer \">\n\n<p>Aufgrund seines sehr hohen THC-Gehalts von etwa 25% hat es eine sehr starke Wirkung. In moderaten Dosen erzeugt es sehr energiegeladene, euphorische und gl\u00fcckliche Gef\u00fchle.<\/p>\n\n<\/div>\n<\/div>\n<\/div>\n<\/div>","protected":false},"excerpt":{"rendered":"<p>Gelato Auto ist eine der schmackhaftesten und potentesten autoflowering Sorten, die auch noch schnell ist. Er hat einen sehr kr\u00e4ftigen Wuchs und erreicht eine dezente H\u00f6he von einem Meter. Sie wird in 8-9 Wochen nach der Keimung geerntet und bietet trotz ihrer Gr\u00f6\u00dfe XXL-Ernten. Riesige harzhaltige Knospen \u00fcberfluten das ganze Haus oder den Garten mit einem zitrusartigen, s\u00fc\u00dfen und fruchtigen Aroma. Die Wirkung ist wie ein Wirbelwind aus energiegeladenen, euphorischen, positiven und gl\u00fccklichen Gef\u00fchlen.<\/p>\n","protected":false},"featured_media":31099,"comment_status":"open","ping_status":"closed","template":"","meta":{"_acf_changed":false,"inline_featured_image":false,"_uag_custom_page_level_css":""},"product_brand":[],"product_cat":[2114,4113],"product_tag":[],"class_list":{"0":"post-10093","1":"product","2":"type-product","3":"status-publish","4":"has-post-thumbnail","6":"product_cat-autoflowering-cannabis-samen","7":"product_cat-cannabis-samen-unter-1-euro","9":"first","10":"instock","11":"sale","12":"taxable","13":"shipping-taxable","14":"purchasable","15":"product-type-simple"},"acf":[],"uagb_featured_image_src":{"full":["https:\/\/bulkgenetics.com\/wp-content\/uploads\/2022\/10\/gelato-auto-autoflower-cannabis-seeds.jpg",1600,1600,false],"thumbnail":["https:\/\/bulkgenetics.com\/wp-content\/uploads\/2022\/10\/gelato-auto-autoflower-cannabis-seeds-150x150.jpg",150,150,true],"medium":["https:\/\/bulkgenetics.com\/wp-content\/uploads\/2022\/10\/gelato-auto-autoflower-cannabis-seeds-300x300.jpg",300,300,true],"medium_large":["https:\/\/bulkgenetics.com\/wp-content\/uploads\/2022\/10\/gelato-auto-autoflower-cannabis-seeds-768x768.jpg",768,768,true],"large":["https:\/\/bulkgenetics.com\/wp-content\/uploads\/2022\/10\/gelato-auto-autoflower-cannabis-seeds-1024x1024.jpg",1024,1024,true],"1536x1536":["https:\/\/bulkgenetics.com\/wp-content\/uploads\/2022\/10\/gelato-auto-autoflower-cannabis-seeds-1536x1536.jpg",1536,1536,true],"2048x2048":["https:\/\/bulkgenetics.com\/wp-content\/uploads\/2022\/10\/gelato-auto-autoflower-cannabis-seeds.jpg",1600,1600,false],"commercegurus-pdp-large":["https:\/\/bulkgenetics.com\/wp-content\/uploads\/2022\/10\/gelato-auto-autoflower-cannabis-seeds-990x990.jpg",990,990,true],"commercegurus-plp-mobile":["https:\/\/bulkgenetics.com\/wp-content\/uploads\/2022\/10\/gelato-auto-autoflower-cannabis-seeds-441x441.jpg",441,441,true],"cgkit_image_swatch":["https:\/\/bulkgenetics.com\/wp-content\/uploads\/2022\/10\/gelato-auto-autoflower-cannabis-seeds-100x100.jpg",100,100,true],"woocommerce_thumbnail":["https:\/\/bulkgenetics.com\/wp-content\/uploads\/2022\/10\/gelato-auto-autoflower-cannabis-seeds-300x300.jpg",300,300,true],"woocommerce_single":["https:\/\/bulkgenetics.com\/wp-content\/uploads\/2022\/10\/gelato-auto-autoflower-cannabis-seeds-800x800.jpg",800,800,true],"woocommerce_gallery_thumbnail":["https:\/\/bulkgenetics.com\/wp-content\/uploads\/2022\/10\/gelato-auto-autoflower-cannabis-seeds-150x150.jpg",150,150,true],"dgwt-wcas-product-suggestion":["https:\/\/bulkgenetics.com\/wp-content\/uploads\/2022\/10\/gelato-auto-autoflower-cannabis-seeds-64x64.jpg",64,64,true]},"uagb_author_info":{"display_name":"Bruno Crespo","author_link":"https:\/\/bulkgenetics.com\/de\/author\/"},"uagb_comment_info":0,"uagb_excerpt":"Gelato Auto ist eine der schmackhaftesten und potentesten autoflowering Sorten, die auch noch schnell ist. Er hat einen sehr kr\u00e4ftigen Wuchs und erreicht eine dezente H\u00f6he von einem Meter. Sie wird in 8-9 Wochen nach der Keimung geerntet und bietet trotz ihrer Gr\u00f6\u00dfe XXL-Ernten. Riesige harzhaltige Knospen \u00fcberfluten das ganze Haus oder den Garten mit&hellip;","_links":{"self":[{"href":"https:\/\/bulkgenetics.com\/de\/wp-json\/wp\/v2\/product\/10093","targetHints":{"allow":["GET"]}}],"collection":[{"href":"https:\/\/bulkgenetics.com\/de\/wp-json\/wp\/v2\/product"}],"about":[{"href":"https:\/\/bulkgenetics.com\/de\/wp-json\/wp\/v2\/types\/product"}],"replies":[{"embeddable":true,"href":"https:\/\/bulkgenetics.com\/de\/wp-json\/wp\/v2\/comments?post=10093"}],"wp:featuredmedia":[{"embeddable":true,"href":"https:\/\/bulkgenetics.com\/de\/wp-json\/wp\/v2\/media\/31099"}],"wp:attachment":[{"href":"https:\/\/bulkgenetics.com\/de\/wp-json\/wp\/v2\/media?parent=10093"}],"wp:term":[{"taxonomy":"product_brand","embeddable":true,"href":"https:\/\/bulkgenetics.com\/de\/wp-json\/wp\/v2\/product_brand?post=10093"},{"taxonomy":"product_cat","embeddable":true,"href":"https:\/\/bulkgenetics.com\/de\/wp-json\/wp\/v2\/product_cat?post=10093"},{"taxonomy":"product_tag","embeddable":true,"href":"https:\/\/bulkgenetics.com\/de\/wp-json\/wp\/v2\/product_tag?post=10093"}],"curies":[{"name":"wp","href":"https:\/\/api.w.org\/{rel}","templated":true}]}}