{"id":10094,"date":"2022-10-04T13:22:14","date_gmt":"2022-10-04T11:22:14","guid":{"rendered":"https:\/\/www.bulkgenetics.com\/critical-kush-auto\/"},"modified":"2022-11-10T16:05:58","modified_gmt":"2022-11-10T15:05:58","slug":"critical-kush-auto","status":"publish","type":"product","link":"https:\/\/bulkgenetics.com\/de\/critical-kush-auto\/","title":{"rendered":"Critical Kush Auto"},"content":{"rendered":"\n<p><strong>Critical Kush Auto<\/strong> ist eine autoflowering Marihuanasorte mit einer leichten Indica-Dominanz. Diese Sorte vereint zwei der besten Genetiken aus Holland bzw. den USA.  <\/p>\n\n<p>Auf der einen Seite ist Critical Mass von Mr. G. Nizza, ber\u00fchmt daf\u00fcr, eine der vollst\u00e4ndigsten Sorten zu sein. OG Kush hingegen ist eine kalifornische Legende, die f\u00fcr ihre Potenz und ihren au\u00dfergew\u00f6hnlichen Geschmack bekannt ist.  <\/p>\n\n<p><a href=\"https:\/\/bulkgenetics.com\/es\/critical-kush\/\">\n  <strong>Critical Kush<\/strong>\n<\/a> ist eine sehr verbreitete Mischung, die von Banken wie Barney&#8217;s Farm und Dinafem verwendet wird. <strong>Der einzige Unterschied, den du feststellen wirst, ist, dass unser Saatgut billiger ist.<\/strong><\/p>\n\n<h2 class=\"wp-block-heading\">Wie man Critical Kush Auto anbaut<\/h2>\n\n<p>Es ist die typische Pflanze, die oft Anbauneulingen empfohlen wird, die einen unkomplizierten Anbau mit hervorragenden Ergebnissen suchen.<\/p>\n\n<p>Sie w\u00e4chst schnell und kr\u00e4ftig, bis sie <strong>schlie\u00dflich eine H\u00f6he von bis zu einem Meter<\/strong> erreicht. Er ist so unauff\u00e4llig, dass er auch auf kleinen Terrassen oder Balkonen angebaut werden kann, wo er v\u00f6llig unbemerkt bleibt.<\/p>\n\n<p>3-4 Wochen nach der Keimung der Samen beginnt die Bl\u00fctephase. Das Umpflanzen sollte vermieden werden, da es etwas stressig ist und manche Pflanzen mit einer Verlangsamung ihres Wachstums reagieren.<\/p>\n\n<p>Am besten ist es, wenn du von Anfang an einen gro\u00dfen Topf nimmst. So k\u00f6nnen die Pflanzen ununterbrochen wachsen und die gr\u00f6\u00dftm\u00f6gliche H\u00f6he erreichen.<\/p>\n\n<p>Von der Keimung an wird sie in nur 8 Wochen geerntet. Weil sie so schnell ist, k\u00f6nnen in der Freilandsaison bis zu 3 aufeinanderfolgende Ernten angebaut werden.<\/p>\n\n<h2 class=\"wp-block-heading\">Merkmale von Critical Kush Auto<\/h2>\n\n<p>Die Knospen sind fett, steinhart und mega-klebrig. Jeder Extraktions-Enthusiast wird sich \u00fcber den gro\u00dfartigen Ertrag und die Qualit\u00e4t des Extrakts freuen.<\/p>\n\n<p>Das <strong>Aroma und der Geschmack <\/strong>erinnern an die Critical Mass mit ihren zitronigen Zitrusnoten, abgerundet mit einem Hauch von Diesel, Gew\u00fcrzen und Kiefernholz von der OG Kush.  <\/p>\n\n<p>Die <strong>Wirkung<\/strong> erzeugt ein intensives, euphorisches High, das schnell sehr entspannend und sogar schl\u00e4frig wird. Es ist die perfekte Sorte, um sie sp\u00e4t am Tag zu genie\u00dfen.<\/p>\n\n<p>Die Ertr\u00e4ge sind trotz ihrer diskreten Gr\u00f6\u00dfe sehr hoch und erreichen im Freien 150 Gramm pro Pflanze. In Innenr\u00e4umen kann jeder mit einem 300-350 W LED-Beleuchtungssystem bis zu 600 Gramm pro m\u00b2 ernten.<\/p>\n\n<div style=\"height:50px\" aria-hidden=\"true\" class=\"wp-block-spacer uag-hide-mob\"><\/div>\n\n<div class=\"wp-block-columns is-layout-flex wp-container-core-columns-is-layout-28f84493 wp-block-columns-is-layout-flex\">\n<div class=\"wp-block-column is-layout-flow wp-block-column-is-layout-flow\">\n<p class=\"has-text-align-center has-medium-font-size\"><strong>Was wir am meisten m\u00f6gen<\/strong><\/p>\n\n\n\n<ul class=\"wp-block-list\">\n<li>Sehr einfach zu z\u00fcchten.<\/li>\n\n\n\n<li>XXL-Produktion.<\/li>\n\n\n\n<li>Sie wird in nur 56 Tagen geerntet.<\/li>\n\n\n\n<li>Sehr harzige Knospen<\/li>\n\n\n\n<li>Wirkt sehr entspannend und schl\u00e4frig.<\/li>\n\n\n\n<li>Sein Preis.<\/li>\n<\/ul>\n<\/div>\n\n\n\n<div class=\"wp-block-column is-layout-flow wp-block-column-is-layout-flow\">\n<p class=\"has-text-align-center has-medium-font-size\"><strong>Was wir am wenigsten m\u00f6gen<\/strong><\/p>\n\n\n\n<ul class=\"wp-block-list\">\n<li>In der Bl\u00fctezeit duftet sie sehr gut.<\/li>\n<\/ul>\n<\/div>\n<\/div>\n\n<div style=\"height:50px\" aria-hidden=\"true\" class=\"wp-block-spacer uag-hide-mob\"><\/div>\n\n<h2 class=\"wp-block-heading\">H\u00e4ufig gestellte Fragen<\/h2>\n\n<p>Im Folgenden findest du die Antworten auf die am h\u00e4ufigsten gestellten Fragen von Z\u00fcchtern, die an dieser Sorte interessiert sind:<\/p>\n<div id=\"rank-math-faq\" class=\"rank-math-block\">\n<div class=\"rank-math-list \">\n<div id=\"faq-question-1663029074962\" class=\"rank-math-list-item\">\n<h3 class=\"rank-math-question \">Wann beginnt die Critical Kush Auto im Freien zu bl\u00fchen?<\/h3>\n<div class=\"rank-math-answer \">\n\n<p>Die Wachstumsphase ist sehr kurz. Etwa 3-4 Wochen nachdem die Samen gekeimt sind, beginnen die Pflanzen zu bl\u00fchen.<\/p>\n\n<\/div>\n<\/div>\n<div id=\"faq-question-1663029159933\" class=\"rank-math-list-item\">\n<h3 class=\"rank-math-question \">Wie lange dauert es, Critical Kush Auto nach der Keimung zu ernten?<\/h3>\n<div class=\"rank-math-answer \">\n\n<p>Sie ist eine sehr schnelle autoflowering Cannabissorte, die in insgesamt 8 Wochen geerntet wird.<\/p>\n\n<\/div>\n<\/div>\n<div id=\"faq-question-1663029165861\" class=\"rank-math-list-item\">\n<h3 class=\"rank-math-question \">Wie baut man eine feminisierte Critical Kush Auto an?<\/h3>\n<div class=\"rank-math-answer \">\n\n<p>Sie ist sehr einfach anzubauen und sowohl drinnen als auch drau\u00dfen winterhart. Vermeide Transplantationen. Entscheide dich stattdessen f\u00fcr einen gro\u00dfen Topf, damit die Pflanzen ihre gr\u00f6\u00dftm\u00f6gliche H\u00f6he erreichen k\u00f6nnen.<\/p>\n\n<\/div>\n<\/div>\n<div id=\"faq-question-1666780029954\" class=\"rank-math-list-item\">\n<h3 class=\"rank-math-question \">Was sind die Auswirkungen von Critical Kush Auto in gro\u00dfen Mengen?<\/h3>\n<div class=\"rank-math-answer \">\n\n<p>Nach einem sehr euphorischen Start setzt eine extreme Entspannung ein. Ideal f\u00fcr den sp\u00e4ten Abend oder vor dem Schlafengehen.<\/p>\n\n<\/div>\n<\/div>\n<\/div>\n<\/div>","protected":false},"excerpt":{"rendered":"<p>Critical Kush Auto ist eine indicadominierte autoflowering Sorte, die mit wenig Pflege brutale Ertr\u00e4ge liefert. Sie ist eine unauff\u00e4llige Pflanze, die weniger als einen Meter hoch bleibt und sich perfekt f\u00fcr den Anbau auf Terrassen oder Balkonen eignet. Es ist auch sehr schnell. Von der Keimung an kann sie in nur 8 Wochen geerntet werden. Sie produziert riesige, mega-klebrige Knospen mit einem Aroma und Geschmack von Zitrusfr\u00fcchten, Kiefern und Gew\u00fcrzen. Die Wirkung ist sehr stark und wird dich in eine tiefe Entspannung und Schl\u00e4frigkeit wiegen.<\/p>\n","protected":false},"featured_media":30349,"comment_status":"open","ping_status":"closed","template":"","meta":{"_acf_changed":false,"inline_featured_image":false,"_uag_custom_page_level_css":""},"product_brand":[],"product_cat":[2114,4113],"product_tag":[],"class_list":{"0":"post-10094","1":"product","2":"type-product","3":"status-publish","4":"has-post-thumbnail","6":"product_cat-autoflowering-cannabis-samen","7":"product_cat-cannabis-samen-unter-1-euro","9":"first","10":"instock","11":"sale","12":"taxable","13":"shipping-taxable","14":"purchasable","15":"product-type-simple"},"acf":[],"uagb_featured_image_src":{"full":["https:\/\/bulkgenetics.com\/wp-content\/uploads\/2022\/10\/critical-kush-auto-autoflowering-cannabis-seeds.jpg",1600,1600,false],"thumbnail":["https:\/\/bulkgenetics.com\/wp-content\/uploads\/2022\/10\/critical-kush-auto-autoflowering-cannabis-seeds-150x150.jpg",150,150,true],"medium":["https:\/\/bulkgenetics.com\/wp-content\/uploads\/2022\/10\/critical-kush-auto-autoflowering-cannabis-seeds-300x300.jpg",300,300,true],"medium_large":["https:\/\/bulkgenetics.com\/wp-content\/uploads\/2022\/10\/critical-kush-auto-autoflowering-cannabis-seeds-768x768.jpg",768,768,true],"large":["https:\/\/bulkgenetics.com\/wp-content\/uploads\/2022\/10\/critical-kush-auto-autoflowering-cannabis-seeds-1024x1024.jpg",1024,1024,true],"1536x1536":["https:\/\/bulkgenetics.com\/wp-content\/uploads\/2022\/10\/critical-kush-auto-autoflowering-cannabis-seeds-1536x1536.jpg",1536,1536,true],"2048x2048":["https:\/\/bulkgenetics.com\/wp-content\/uploads\/2022\/10\/critical-kush-auto-autoflowering-cannabis-seeds.jpg",1600,1600,false],"commercegurus-pdp-large":["https:\/\/bulkgenetics.com\/wp-content\/uploads\/2022\/10\/critical-kush-auto-autoflowering-cannabis-seeds-990x990.jpg",990,990,true],"commercegurus-plp-mobile":["https:\/\/bulkgenetics.com\/wp-content\/uploads\/2022\/10\/critical-kush-auto-autoflowering-cannabis-seeds-441x441.jpg",441,441,true],"cgkit_image_swatch":["https:\/\/bulkgenetics.com\/wp-content\/uploads\/2022\/10\/critical-kush-auto-autoflowering-cannabis-seeds-100x100.jpg",100,100,true],"woocommerce_thumbnail":["https:\/\/bulkgenetics.com\/wp-content\/uploads\/2022\/10\/critical-kush-auto-autoflowering-cannabis-seeds-300x300.jpg",300,300,true],"woocommerce_single":["https:\/\/bulkgenetics.com\/wp-content\/uploads\/2022\/10\/critical-kush-auto-autoflowering-cannabis-seeds-800x800.jpg",800,800,true],"woocommerce_gallery_thumbnail":["https:\/\/bulkgenetics.com\/wp-content\/uploads\/2022\/10\/critical-kush-auto-autoflowering-cannabis-seeds-150x150.jpg",150,150,true],"dgwt-wcas-product-suggestion":["https:\/\/bulkgenetics.com\/wp-content\/uploads\/2022\/10\/critical-kush-auto-autoflowering-cannabis-seeds-64x64.jpg",64,64,true]},"uagb_author_info":{"display_name":"Bruno Crespo","author_link":"https:\/\/bulkgenetics.com\/de\/author\/"},"uagb_comment_info":0,"uagb_excerpt":"Critical Kush Auto ist eine indicadominierte autoflowering Sorte, die mit wenig Pflege brutale Ertr\u00e4ge liefert. Sie ist eine unauff\u00e4llige Pflanze, die weniger als einen Meter hoch bleibt und sich perfekt f\u00fcr den Anbau auf Terrassen oder Balkonen eignet. Es ist auch sehr schnell. Von der Keimung an kann sie in nur 8 Wochen geerntet werden.&hellip;","_links":{"self":[{"href":"https:\/\/bulkgenetics.com\/de\/wp-json\/wp\/v2\/product\/10094","targetHints":{"allow":["GET"]}}],"collection":[{"href":"https:\/\/bulkgenetics.com\/de\/wp-json\/wp\/v2\/product"}],"about":[{"href":"https:\/\/bulkgenetics.com\/de\/wp-json\/wp\/v2\/types\/product"}],"replies":[{"embeddable":true,"href":"https:\/\/bulkgenetics.com\/de\/wp-json\/wp\/v2\/comments?post=10094"}],"wp:featuredmedia":[{"embeddable":true,"href":"https:\/\/bulkgenetics.com\/de\/wp-json\/wp\/v2\/media\/30349"}],"wp:attachment":[{"href":"https:\/\/bulkgenetics.com\/de\/wp-json\/wp\/v2\/media?parent=10094"}],"wp:term":[{"taxonomy":"product_brand","embeddable":true,"href":"https:\/\/bulkgenetics.com\/de\/wp-json\/wp\/v2\/product_brand?post=10094"},{"taxonomy":"product_cat","embeddable":true,"href":"https:\/\/bulkgenetics.com\/de\/wp-json\/wp\/v2\/product_cat?post=10094"},{"taxonomy":"product_tag","embeddable":true,"href":"https:\/\/bulkgenetics.com\/de\/wp-json\/wp\/v2\/product_tag?post=10094"}],"curies":[{"name":"wp","href":"https:\/\/api.w.org\/{rel}","templated":true}]}}