{"id":10095,"date":"2022-10-04T13:23:52","date_gmt":"2022-10-04T11:23:52","guid":{"rendered":"https:\/\/www.bulkgenetics.com\/gorilla-kleber-auto\/"},"modified":"2024-10-08T01:13:51","modified_gmt":"2024-10-07T23:13:51","slug":"gorilla-glue-auto","status":"publish","type":"product","link":"https:\/\/bulkgenetics.com\/de\/gorilla-glue-auto\/","title":{"rendered":"Gorilla Glue Auto"},"content":{"rendered":"\n<p>Gorilla Glue Auto ist die kleine Schwester und schnellere Version der erzber\u00fchmten GG4, einer der st\u00e4rksten Marihuana-Sorten von heute.<\/p>\n\n\n\n<p><a href=\"https:\/\/bulkgenetics.com\/es\/gorilla-glue-4\/\">Gorilla Glue #4<\/a> oder GG4 ist ein 100%iger amerikanischer Hybrid mit einer leichten Sativa-Dominanz, der ber\u00fchmt wurde, als bekannt wurde, dass er mit <strong>\u00fcber 30% THC getestet wurde<\/strong>.<\/p>\n\n\n\n<p>\u00dcbrigens ist diese Sorte das Ergebnis einer zuf\u00e4lligen Kreuzung. <strong>Eine bl\u00fchende Sour Dubb-Pflanze erhielt Pollen von einer Chem Sister<\/strong>. Nach einer Selektion mit den daraus resultierenden Samen wurde das beste Exemplar <strong>mit Chocolate Diesel gekreuzt<\/strong>.<\/p>\n\n\n\n<p>Heute gibt es sie in vielen Varianten, und sie dient auch als Zuchtmaterial f\u00fcr die Entwicklung neuer Hybriden f\u00fcr Banken wie Barney&#8217;s Farm oder Sweet Seeds.<\/p>\n\n\n\n<h2 class=\"wp-block-heading\">Wie man Gorilla Glue Auto anbaut<\/h2>\n\n\n\n<p>Sie ist eine Pflanze, die jeder G\u00e4rtner wegen ihrer Einfachheit, Widerstandsf\u00e4higkeit und Wuchsst\u00e4rke lieben wird. Sie kann als mittelhohe\/hohe autoflowering Sorte betrachtet werden, die unter g\u00fcnstigen Bedingungen bis zu <strong>130 cm hoch <\/strong> werden kann.  <\/p>\n\n\n\n<p>Um diese gr\u00f6\u00dferen Pflanzen zu bekommen, solltest du dich vom ersten Tag an f\u00fcr einen Topf von mindestens 20 Litern mit n\u00e4hrstoffreichem Substrat entscheiden. Auf diese Weise wachsen die Pflanzen ohne den Stillstand, der normalerweise nach dem Umpflanzen auftritt.<\/p>\n\n\n\n<p>Von der Keimung bis zur Ernte dauert es etwa <strong>70-75 Tage, bis die Knospen ihre beste Schnittzeit erreichen<\/strong>. Es ist m\u00f6glich, in den Fr\u00fchlings- und Sommermonaten zwei aufeinanderfolgende Freilandkulturen zu heiraten. Und bis zu 3 in Gebieten mit trockenem Fr\u00fchherbst.<\/p>\n\n\n\n<h2 class=\"wp-block-heading\">Eigenschaften von Gorilla Glue Auto<\/h2>\n\n\n\n<p>Sie produziert Knospen, die sich sehen lassen k\u00f6nnen. Am auff\u00e4lligsten sind die vielen Trichome, an denen man bei der Manik\u00fcre unm\u00f6glich h\u00e4ngen bleiben kann. Au\u00dferdem sind sie gro\u00df und hart wie Stein.<\/p>\n\n\n\n<p>Er hat ein komplexes <strong>Aroma und einen komplexen Geschmack<\/strong> mit k\u00f6stlichen erdigen, herben Kaffee- und Schokoladennoten, die sich mit s\u00fc\u00dfen Noten von Zitrone und Kiefer vermischen.<\/p>\n\n\n\n<p><strong>Die Wirkung ist \u00fcberm\u00e4\u00dfig stark<\/strong>, zu stark sogar f\u00fcr die meisten THC-Toleranten. Es erzeugt eine starke Sedierung, die dich f\u00fcr lange Stunden an das Sofa fesselt.  <\/p>\n\n\n\n<p>Au\u00dferdem betonen alle Z\u00fcchter, dass sie in gro\u00dfen Mengen produziert werden. Im Freien kannst du bei den gr\u00f6\u00dferen Pflanzen mit bis zu 200 Gramm pro Pflanze rechnen. In Innenr\u00e4umen kann man mit einer 300-350 W LED bis zu 600 Gramm pro m\u00b2 ausgeben.<\/p>\n\n\n\n<div style=\"height:50px\" aria-hidden=\"true\" class=\"wp-block-spacer uag-hide-mob\"><\/div>\n\n\n\n<div class=\"wp-block-columns is-layout-flex wp-container-core-columns-is-layout-28f84493 wp-block-columns-is-layout-flex\">\n<div class=\"wp-block-column is-layout-flow wp-block-column-is-layout-flow\">\n<p class=\"has-text-align-center has-medium-font-size\"><strong>Was wir am meisten m\u00f6gen<\/strong><\/p>\n\n\n\n<ul class=\"wp-block-list\">\n<li>Sehr einfach zu z\u00fcchten.<\/li>\n\n\n\n<li>XXL-Produktion.<\/li>\n\n\n\n<li>Ernte in nur 70-75 Tagen.<\/li>\n\n\n\n<li>Bis zu 27% THC.<\/li>\n\n\n\n<li><\/li>\n\n\n\n<li>Sehr entspannende und beruhigende Wirkung.<\/li>\n\n\n\n<li>Sein Preis.<\/li>\n<\/ul>\n<\/div>\n\n\n\n<div class=\"wp-block-column is-layout-flow wp-block-column-is-layout-flow\">\n<p class=\"has-text-align-center has-medium-font-size\"><strong>Was wir am wenigsten m\u00f6gen<\/strong><\/p>\n\n\n\n<ul class=\"wp-block-list\">\n<li>In der Bl\u00fctezeit duftet sie sehr gut.<\/li>\n\n\n\n<li>H\u00fcte dich vor seiner starken Wirkung.<\/li>\n<\/ul>\n<\/div>\n<\/div>\n\n\n\n<div style=\"height:50px\" aria-hidden=\"true\" class=\"wp-block-spacer uag-hide-mob\"><\/div>\n\n\n\n<h2 class=\"wp-block-heading\">H\u00e4ufig gestellte Fragen<\/h2>\n\n\n\n<p>Wenn du Fragen zum Anbau dieser g\u00fcnstigen Samen hast, findest du hier die Antworten auf einige der am h\u00e4ufigsten gestellten Fragen.<\/p>\n\n\n<div id=\"rank-math-faq\" class=\"rank-math-block\">\n<div class=\"rank-math-list \">\n<div id=\"faq-question-1663029074962\" class=\"rank-math-list-item\">\n<h3 class=\"rank-math-question \">Wann beginnt Gorilla Glue Auto im Freien zu bl\u00fchen?<\/h3>\n<div class=\"rank-math-answer \">\n\n<p>Die Wachstumsphase ist sehr kurz, 3-4 Wochen. Dann beginnen die Pflanzen zu bl\u00fchen.<\/p>\n\n<\/div>\n<\/div>\n<div id=\"faq-question-1663029159933\" class=\"rank-math-list-item\">\n<h3 class=\"rank-math-question \">Wie lange dauert es, Gorilla Glue Auto nach der Keimung zu ernten?<\/h3>\n<div class=\"rank-math-answer \">\n\n<p>Insgesamt wird diese Cannabissorte in 70-75 Tagen geerntet.<\/p>\n\n<\/div>\n<\/div>\n<div id=\"faq-question-1663029165861\" class=\"rank-math-list-item\">\n<h3 class=\"rank-math-question \">Wie z\u00fcchte ich eine feminisierte Gorilla Glue Auto?<\/h3>\n<div class=\"rank-math-answer \">\n\n<p>Sie ist eine einfache Pflanze, die bis zu 130 cm hoch wird. Verwende daf\u00fcr vom ersten Tag an einen gro\u00dfen Topf mit n\u00e4hrstoffreichem Substrat.<\/p>\n\n<\/div>\n<\/div>\n<div id=\"faq-question-1666780029954\" class=\"rank-math-list-item\">\n<h3 class=\"rank-math-question \">Was sind die Auswirkungen von Gorilla Glue Auto in bulk?<\/h3>\n<div class=\"rank-math-answer \">\n\n<p>Es hat sehr, sehr starke Auswirkungen, also sei vorsichtig. Sie sorgt f\u00fcr starke Entspannung und intensive k\u00f6rperliche Blockaden.<\/p>\n\n<\/div>\n<\/div>\n<\/div>\n<\/div>","protected":false},"excerpt":{"rendered":"<p>Gorilla Glue Auto ist der einfachste und schnellste Gorilla, der w\u00e4chst. Er hat einen kr\u00e4ftigen Wuchs und bleibt unter 130 cm H\u00f6he, so dass er auch sehr unauff\u00e4llig ist. Von der Keimung an wird sie in einer Rekordzeit von 70-75 Tagen geerntet. Seine Knospen sind ein optischer Blickfang. Sie sind fett, mega-kompakt und hyper-harzig, mit einem Aroma und Geschmack von Zitrusfr\u00fcchten, Kaffee, Schokolade und Kiefer. Der THC-Gehalt liegt bei etwa 25%, die Wirkung ist also brutal. Mach es dir bequem und genie\u00dfe die entspannendsten und blockierendsten Empfindungen, die du dir vorstellen kannst.<\/p>\n","protected":false},"featured_media":18899,"comment_status":"open","ping_status":"closed","template":"","meta":{"_acf_changed":false,"inline_featured_image":false,"_uag_custom_page_level_css":""},"product_brand":[],"product_cat":[2114,4113],"product_tag":[],"class_list":{"0":"post-10095","1":"product","2":"type-product","3":"status-publish","4":"has-post-thumbnail","6":"product_cat-autoflowering-cannabis-samen","7":"product_cat-cannabis-samen-unter-1-euro","9":"first","10":"instock","11":"sale","12":"taxable","13":"shipping-taxable","14":"purchasable","15":"product-type-simple"},"acf":[],"uagb_featured_image_src":{"full":["https:\/\/bulkgenetics.com\/wp-content\/uploads\/2022\/10\/gorilla-glue-auto-weed-strain.jpg",1600,1600,false],"thumbnail":["https:\/\/bulkgenetics.com\/wp-content\/uploads\/2022\/10\/gorilla-glue-auto-weed-strain-150x150.jpg",150,150,true],"medium":["https:\/\/bulkgenetics.com\/wp-content\/uploads\/2022\/10\/gorilla-glue-auto-weed-strain-300x300.jpg",300,300,true],"medium_large":["https:\/\/bulkgenetics.com\/wp-content\/uploads\/2022\/10\/gorilla-glue-auto-weed-strain-768x768.jpg",768,768,true],"large":["https:\/\/bulkgenetics.com\/wp-content\/uploads\/2022\/10\/gorilla-glue-auto-weed-strain-1024x1024.jpg",1024,1024,true],"1536x1536":["https:\/\/bulkgenetics.com\/wp-content\/uploads\/2022\/10\/gorilla-glue-auto-weed-strain-1536x1536.jpg",1536,1536,true],"2048x2048":["https:\/\/bulkgenetics.com\/wp-content\/uploads\/2022\/10\/gorilla-glue-auto-weed-strain.jpg",1600,1600,false],"commercegurus-pdp-large":["https:\/\/bulkgenetics.com\/wp-content\/uploads\/2022\/10\/gorilla-glue-auto-weed-strain-990x990.jpg",990,990,true],"commercegurus-plp-mobile":["https:\/\/bulkgenetics.com\/wp-content\/uploads\/2022\/10\/gorilla-glue-auto-weed-strain-441x441.jpg",441,441,true],"cgkit_image_swatch":["https:\/\/bulkgenetics.com\/wp-content\/uploads\/2022\/10\/gorilla-glue-auto-weed-strain-100x100.jpg",100,100,true],"woocommerce_thumbnail":["https:\/\/bulkgenetics.com\/wp-content\/uploads\/2022\/10\/gorilla-glue-auto-weed-strain-300x300.jpg",300,300,true],"woocommerce_single":["https:\/\/bulkgenetics.com\/wp-content\/uploads\/2022\/10\/gorilla-glue-auto-weed-strain-800x800.jpg",800,800,true],"woocommerce_gallery_thumbnail":["https:\/\/bulkgenetics.com\/wp-content\/uploads\/2022\/10\/gorilla-glue-auto-weed-strain-150x150.jpg",150,150,true],"dgwt-wcas-product-suggestion":["https:\/\/bulkgenetics.com\/wp-content\/uploads\/2022\/10\/gorilla-glue-auto-weed-strain-64x64.jpg",64,64,true]},"uagb_author_info":{"display_name":"\u00c1ngel Flores","author_link":"https:\/\/bulkgenetics.com\/de\/author\/"},"uagb_comment_info":1,"uagb_excerpt":"Gorilla Glue Auto ist der einfachste und schnellste Gorilla, der w\u00e4chst. Er hat einen kr\u00e4ftigen Wuchs und bleibt unter 130 cm H\u00f6he, so dass er auch sehr unauff\u00e4llig ist. Von der Keimung an wird sie in einer Rekordzeit von 70-75 Tagen geerntet. Seine Knospen sind ein optischer Blickfang. Sie sind fett, mega-kompakt und hyper-harzig, mit&hellip;","_links":{"self":[{"href":"https:\/\/bulkgenetics.com\/de\/wp-json\/wp\/v2\/product\/10095","targetHints":{"allow":["GET"]}}],"collection":[{"href":"https:\/\/bulkgenetics.com\/de\/wp-json\/wp\/v2\/product"}],"about":[{"href":"https:\/\/bulkgenetics.com\/de\/wp-json\/wp\/v2\/types\/product"}],"replies":[{"embeddable":true,"href":"https:\/\/bulkgenetics.com\/de\/wp-json\/wp\/v2\/comments?post=10095"}],"wp:featuredmedia":[{"embeddable":true,"href":"https:\/\/bulkgenetics.com\/de\/wp-json\/wp\/v2\/media\/18899"}],"wp:attachment":[{"href":"https:\/\/bulkgenetics.com\/de\/wp-json\/wp\/v2\/media?parent=10095"}],"wp:term":[{"taxonomy":"product_brand","embeddable":true,"href":"https:\/\/bulkgenetics.com\/de\/wp-json\/wp\/v2\/product_brand?post=10095"},{"taxonomy":"product_cat","embeddable":true,"href":"https:\/\/bulkgenetics.com\/de\/wp-json\/wp\/v2\/product_cat?post=10095"},{"taxonomy":"product_tag","embeddable":true,"href":"https:\/\/bulkgenetics.com\/de\/wp-json\/wp\/v2\/product_tag?post=10095"}],"curies":[{"name":"wp","href":"https:\/\/api.w.org\/{rel}","templated":true}]}}