{"id":10096,"date":"2022-10-04T13:19:30","date_gmt":"2022-10-04T11:19:30","guid":{"rendered":"https:\/\/www.bulkgenetics.com\/girl-scout-cookies-auto\/"},"modified":"2023-10-30T09:41:42","modified_gmt":"2023-10-30T08:41:42","slug":"girl-scout-cookies-auto","status":"publish","type":"product","link":"https:\/\/bulkgenetics.com\/de\/girl-scout-cookies-auto\/","title":{"rendered":"Girl Scout Cookies Auto"},"content":{"rendered":"\n<p><strong>Girl Scout Cookies Auto<\/strong> ist die schnellste Version einer der kultigsten und einflussreichsten amerikanischen Sorten, die f\u00fcr ihr unverwechselbares Aroma und ihren Geschmack nach frisch gebackenen Keksen bekannt ist, daher auch ihr Name.  <\/p>\n\n<p>Sie ist ein Indica-dominanter Hybrid. Es gibt Spekulationen, dass es sich um <strong>eine urspr\u00fcngliche F1 Durban x OG Kush-Kreuzung<\/strong> handeln k\u00f6nnte, aus der schlie\u00dflich die <em>Cookies-Familie<\/em> hervorging, eine Reihe von Sorten mit einer <a href=\"https:\/\/bulkgenetics.com\/es\/girl-scout-cookies\/\">Girl Scout Cookies-Mutter<\/a>.<\/p>\n\n<p>Heutzutage bieten viele Samenbanken ihre eigenen feminisierten oder autoflowering Versionen an, wie zum Beispiel Mr. Blueberry. Hyde Seeds oder FastBuds. Der einzige Unterschied ist, dass unser loses Saatgut das billigste ist, das du finden kannst.<\/p>\n\n<h2 class=\"wp-block-heading\">Wie man Girl Scout Cookies Auto anbaut<\/h2>\n\n<p>Sie ist eine einfache Pflanze, die sich an jede Umgebung anpasst, eine der Marihuana-Sorten, die selbst Anbauneulingen gef\u00e4llt. Sie w\u00e4chst sehr schnell und erreicht in der Regel eine maximale H\u00f6he von nicht mehr als 110 cm. Er ist sehr diskret auf kleinen Terrassen oder Balkonen.<\/p>\n\n<p>Wie jede andere autoflowering Sorte wei\u00df sie es zu sch\u00e4tzen, wenn sie vom ersten Moment an in einem gro\u00dfen Topf steht. Das Umpflanzen ist ein kleiner Stress und viele Pflanzen verlangsamen ihr Wachstum f\u00fcr ein paar Tage. Dadurch werden sie so gro\u00df wie m\u00f6glich und produktiver.<\/p>\n\n<p>Von der Keimung der Samen bis zur Ernte der sch\u00f6nsten Bl\u00fcten, die du dir vorstellen kannst, dauert es nur etwa 9-10 Wochen. Weil sie so schnell ist, ist es m\u00f6glich, im Fr\u00fchjahr und Sommer 3 aufeinanderfolgende Freilandkulturen anzubauen.<\/p>\n\n<h2 class=\"wp-block-heading\">Merkmale von Girl Scout Cookies Auto<\/h2>\n\n<p>Die Bl\u00fcten sind gro\u00df, sehr kompakt und mit Harz gef\u00fcllt. Das Aroma und der Geschmack sind spektakul\u00e4r, nach frisch gebackenen Keksen mit einem Hauch von Kirsche, Vanille, Zitrone und Minze. Die gro\u00dfe Mehrheit ihrer Nachkommen hat diesen besonderen Geschmack.<\/p>\n\n<p>Die Wirkung ist aufgrund des hohen THC-Gehalts, der bei einigen Exemplaren \u00fcber 25 % betr\u00e4gt, sehr stark. Es erzeugt ein sehr gl\u00fcckliches, sofortiges High mit einem sehr entspannenden und lang anhaltenden, herzzerrei\u00dfenden Comedown. Es ist eine gute Wahl f\u00fcr den abendlichen Verzehr.<\/p>\n\n<p>Die Renditen sind sehr hoch. Gr\u00f6\u00dfere Pflanzen bringen bis zu 150 Gramm ein. Im Innenbereich ist es eine Marihuanasorte, die mit einer 300 W LED 600 Gramm pro m\u00b2 erreichen kann.<\/p>\n\n<div style=\"height:50px\" aria-hidden=\"true\" class=\"wp-block-spacer uag-hide-mob\"><\/div>\n\n<div class=\"wp-block-columns is-layout-flex wp-container-core-columns-is-layout-28f84493 wp-block-columns-is-layout-flex\">\n<div class=\"wp-block-column is-layout-flow wp-block-column-is-layout-flow\">\n<p class=\"has-text-align-center has-medium-font-size\"><strong>Was wir am meisten m\u00f6gen<\/strong><\/p>\n\n\n\n<ul class=\"wp-block-list\">\n<li>Sehr einfach zu z\u00fcchten.<\/li>\n\n\n\n<li>XXL-Produktion.<\/li>\n\n\n\n<li>Ernte in nur 9-10 Wochen.<\/li>\n\n\n\n<li>Sehr entspannende und gl\u00fcckliche Effekte.<\/li>\n\n\n\n<li>Keksgeschmack.<\/li>\n\n\n\n<li>Sein Preis.<\/li>\n<\/ul>\n<\/div>\n\n\n\n<div class=\"wp-block-column is-layout-flow wp-block-column-is-layout-flow\">\n<p class=\"has-text-align-center has-medium-font-size\"><strong>Was wir am wenigsten m\u00f6gen<\/strong><\/p>\n\n\n\n<ul class=\"wp-block-list\">\n<li>In der Bl\u00fctezeit duftet sie sehr gut.<\/li>\n\n\n\n<li>Sehr starke Effekte. VORSICHT, wenn du ein Anf\u00e4nger bist.<\/li>\n<\/ul>\n<\/div>\n<\/div>\n\n<div style=\"height:50px\" aria-hidden=\"true\" class=\"wp-block-spacer uag-hide-mob\"><\/div>\n\n<h2 class=\"wp-block-heading\">H\u00e4ufig gestellte Fragen<\/h2>\n\n<p>Im Folgenden findest du die Antworten auf die am h\u00e4ufigsten gestellten Fragen von Z\u00fcchtern, die sich f\u00fcr diese Genetik interessieren:<\/p>\n<div id=\"rank-math-faq\" class=\"rank-math-block\">\n<div class=\"rank-math-list \">\n<div id=\"faq-question-1663029074962\" class=\"rank-math-list-item\">\n<h3 class=\"rank-math-question \">Wann beginnt die Girl Scout Cookies Auto im Freien zu bl\u00fchen?<\/h3>\n<div class=\"rank-math-answer \">\n\n<p>Von der Keimung an ist es eine Pflanze, die in etwa 3-4 Wochen zu bl\u00fchen beginnt.<\/p>\n\n<\/div>\n<\/div>\n<div id=\"faq-question-1663029159933\" class=\"rank-math-list-item\">\n<h3 class=\"rank-math-question \">Wie lange dauert es, Girl Scout Cookies Auto von der Keimung an zu ernten?<\/h3>\n<div class=\"rank-math-answer \">\n\n<p>Sie ist eine schnelle autoflowering Cannabissorte, die in insgesamt 9-10 Wochen erntet.<\/p>\n\n<\/div>\n<\/div>\n<div id=\"faq-question-1663029165861\" class=\"rank-math-list-item\">\n<h3 class=\"rank-math-question \">Wie baut man eine feminisierte Girl Scout Cookies Auto an?<\/h3>\n<div class=\"rank-math-answer \">\n\n<p>Es ist sehr einfach, widerstandsf\u00e4hig und diskret. Verwende vom ersten Tag an einen gro\u00dfen Topf und ein gutes Substrat, damit die Pflanzen gr\u00f6\u00dfer werden, anstatt sie zu verpflanzen.<\/p>\n\n<\/div>\n<\/div>\n<div id=\"faq-question-1666780029954\" class=\"rank-math-list-item\">\n<h3 class=\"rank-math-question \">Was sind die Auswirkungen von Girl Scout Cookies Auto in bulk?<\/h3>\n<div class=\"rank-math-answer \">\n\n<p>Die Effekte sind sehr fr\u00f6hlich und entspannend. Es ist eine Sorte, die man am besten sp\u00e4t am Tag isst.<\/p>\n\n<\/div>\n<\/div>\n<\/div>\n<\/div>","protected":false},"excerpt":{"rendered":"<p>Girl Scout Cookies Auto bewahrt den ganzen Charme ihrer legend\u00e4ren Mutter, konzentriert in einer diskreten Pflanze, die selten einen Meter H\u00f6he \u00fcberschreitet und in insgesamt 65-70 Tagen erntet. Au\u00dferdem ist sie winterhart und leicht anzubauen. Die Knospen sind gro\u00df und super klebrig. Du wirst merken, wie sie jeden Tag mehr und mehr gro\u00dfe Trichome produzieren. Er riecht und schmeckt wie frisch gebackene Kekse, mit einem Hauch von Kirsche, Minze und Vanille, die sehr suggestiv sind. Sei vorsichtig mit der Wirkung, denn bei THC-Werten \u00fcber 20% merkst du, wenn du abhebst, aber nicht, wenn du landest.<\/p>\n","protected":false},"featured_media":11565,"comment_status":"open","ping_status":"closed","template":"","meta":{"_acf_changed":false,"inline_featured_image":false,"_uag_custom_page_level_css":""},"product_brand":[],"product_cat":[2114,4113],"product_tag":[],"class_list":{"0":"post-10096","1":"product","2":"type-product","3":"status-publish","4":"has-post-thumbnail","6":"product_cat-autoflowering-cannabis-samen","7":"product_cat-cannabis-samen-unter-1-euro","9":"first","10":"instock","11":"sale","12":"taxable","13":"shipping-taxable","14":"purchasable","15":"product-type-simple"},"acf":[],"uagb_featured_image_src":{"full":["https:\/\/bulkgenetics.com\/wp-content\/uploads\/2022\/10\/girl-scout-cookies-auto.jpg",1600,1600,false],"thumbnail":["https:\/\/bulkgenetics.com\/wp-content\/uploads\/2022\/10\/girl-scout-cookies-auto-150x150.jpg",150,150,true],"medium":["https:\/\/bulkgenetics.com\/wp-content\/uploads\/2022\/10\/girl-scout-cookies-auto-300x300.jpg",300,300,true],"medium_large":["https:\/\/bulkgenetics.com\/wp-content\/uploads\/2022\/10\/girl-scout-cookies-auto-768x768.jpg",768,768,true],"large":["https:\/\/bulkgenetics.com\/wp-content\/uploads\/2022\/10\/girl-scout-cookies-auto-1024x1024.jpg",1024,1024,true],"1536x1536":["https:\/\/bulkgenetics.com\/wp-content\/uploads\/2022\/10\/girl-scout-cookies-auto-1536x1536.jpg",1536,1536,true],"2048x2048":["https:\/\/bulkgenetics.com\/wp-content\/uploads\/2022\/10\/girl-scout-cookies-auto.jpg",1600,1600,false],"commercegurus-pdp-large":["https:\/\/bulkgenetics.com\/wp-content\/uploads\/2022\/10\/girl-scout-cookies-auto-990x990.jpg",990,990,true],"commercegurus-plp-mobile":["https:\/\/bulkgenetics.com\/wp-content\/uploads\/2022\/10\/girl-scout-cookies-auto-441x441.jpg",441,441,true],"cgkit_image_swatch":["https:\/\/bulkgenetics.com\/wp-content\/uploads\/2022\/10\/girl-scout-cookies-auto-100x100.jpg",100,100,true],"woocommerce_thumbnail":["https:\/\/bulkgenetics.com\/wp-content\/uploads\/2022\/10\/girl-scout-cookies-auto-300x300.jpg",300,300,true],"woocommerce_single":["https:\/\/bulkgenetics.com\/wp-content\/uploads\/2022\/10\/girl-scout-cookies-auto-800x800.jpg",800,800,true],"woocommerce_gallery_thumbnail":["https:\/\/bulkgenetics.com\/wp-content\/uploads\/2022\/10\/girl-scout-cookies-auto-150x150.jpg",150,150,true],"dgwt-wcas-product-suggestion":["https:\/\/bulkgenetics.com\/wp-content\/uploads\/2022\/10\/girl-scout-cookies-auto-64x64.jpg",64,64,true]},"uagb_author_info":{"display_name":"Bruno Crespo","author_link":"https:\/\/bulkgenetics.com\/de\/author\/"},"uagb_comment_info":1,"uagb_excerpt":"Girl Scout Cookies Auto bewahrt den ganzen Charme ihrer legend\u00e4ren Mutter, konzentriert in einer diskreten Pflanze, die selten einen Meter H\u00f6he \u00fcberschreitet und in insgesamt 65-70 Tagen erntet. Au\u00dferdem ist sie winterhart und leicht anzubauen. Die Knospen sind gro\u00df und super klebrig. Du wirst merken, wie sie jeden Tag mehr und mehr gro\u00dfe Trichome produzieren.&hellip;","_links":{"self":[{"href":"https:\/\/bulkgenetics.com\/de\/wp-json\/wp\/v2\/product\/10096","targetHints":{"allow":["GET"]}}],"collection":[{"href":"https:\/\/bulkgenetics.com\/de\/wp-json\/wp\/v2\/product"}],"about":[{"href":"https:\/\/bulkgenetics.com\/de\/wp-json\/wp\/v2\/types\/product"}],"replies":[{"embeddable":true,"href":"https:\/\/bulkgenetics.com\/de\/wp-json\/wp\/v2\/comments?post=10096"}],"wp:featuredmedia":[{"embeddable":true,"href":"https:\/\/bulkgenetics.com\/de\/wp-json\/wp\/v2\/media\/11565"}],"wp:attachment":[{"href":"https:\/\/bulkgenetics.com\/de\/wp-json\/wp\/v2\/media?parent=10096"}],"wp:term":[{"taxonomy":"product_brand","embeddable":true,"href":"https:\/\/bulkgenetics.com\/de\/wp-json\/wp\/v2\/product_brand?post=10096"},{"taxonomy":"product_cat","embeddable":true,"href":"https:\/\/bulkgenetics.com\/de\/wp-json\/wp\/v2\/product_cat?post=10096"},{"taxonomy":"product_tag","embeddable":true,"href":"https:\/\/bulkgenetics.com\/de\/wp-json\/wp\/v2\/product_tag?post=10096"}],"curies":[{"name":"wp","href":"https:\/\/api.w.org\/{rel}","templated":true}]}}