{"id":10097,"date":"2022-10-04T13:24:33","date_gmt":"2022-10-04T11:24:33","guid":{"rendered":"https:\/\/www.bulkgenetics.com\/gruener-riss-auto\/"},"modified":"2024-10-08T01:13:51","modified_gmt":"2024-10-07T23:13:51","slug":"green-crack-auto","status":"publish","type":"product","link":"https:\/\/bulkgenetics.com\/de\/green-crack-auto\/","title":{"rendered":"Green Crack Auto"},"content":{"rendered":"\n<p>Green Crack Auto ist die kleinere, schnellere Schwester einer der begehrtesten und k\u00f6stlichsten Marihuanasorten aus den USA, ein Cannabis-Juwel, das Sie nun in Rekordzeit genie\u00dfen k\u00f6nnen.<\/p>\n\n\n\n<p><strong><a href=\"https:\/\/bulkgenetics.com\/de\/green-crack\/\">Green Crack<\/a><\/strong> ist eine Indica-dominante Hybrid, die eine alte <strong><a href=\"https:\/\/bulkgenetics.com\/de\/skunk-1\/\" data-type=\"product\" data-id=\"9939\">Skunk #1<\/a><\/strong> aus der niederl\u00e4ndischen Saatgutbank Super Sativa Seeds Club und m\u00f6glicherweise eine Afghanische Indica kombiniert. Wie so viele andere \u00e4hnliche Kombinationen wie <strong><a href=\"https:\/\/bulkgenetics.com\/de\/critical-mass\/\">Critical Mass<\/a><\/strong> oder <strong><a href=\"https:\/\/bulkgenetics.com\/de\/super-skunk\/\">Super Skunk<\/a><\/strong>, ist es eine sehr vollst\u00e4ndige Sorte in jeder Hinsicht.<\/p>\n\n\n\n<p>Es ist auch eine Sorte, die oft von Banken wie Blimburn oder FastBuds ausgew\u00e4hlt wird. Der Unterschied besteht darin, dass unsere Gro\u00dfhandelssamen die g\u00fcnstigsten sind.<\/p>\n\n\n\n<h2 class=\"wp-block-heading\">Wie man Green Crack Auto anbaut <\/h2>\n\n\n\n<p>Wie ihre \u00e4ltere Schwester ist es eine Marihuanasorte, die eine Freude zu kultivieren ist. Sie ist dankbar, sehr widerstandsf\u00e4hig und bietet sowohl im Innen- als auch im Au\u00dfenbereich erntereife Ernten.<\/p>\n\n\n\n<p>Es ist auch eine sehr diskrete Pflanze, die in der Regel nicht mehr als einen Meter hoch wird, sehr geeignet f\u00fcr kleine Terrassen oder Balkone, wo sie nicht auff\u00e4llt.<\/p>\n\n\n\n<p>Wie jede andere selbstbl\u00fchende Pflanze sch\u00e4tzt sie es, direkt in einen gro\u00dfen Topf gepflanzt zu werden. So kann sie wachsen, ohne die typischen Stillst\u00e4nde, die manchmal nach einer Transplantation auftreten und wird eine gr\u00f6\u00dfere Gr\u00f6\u00dfe erreichen.<\/p>\n\n\n\n<p>Der Lebenszyklus ist so kurz, dass in der Au\u00dfensaison bis zu 3 Ernten m\u00f6glich sind. Sie werden etwa 9-10 Wochen nach der Keimung der Samen ernten.<\/p>\n\n\n\n<h2 class=\"wp-block-heading\">Eigenschaften von Green Crack Auto <\/h2>\n\n\n\n<p>Die Bl\u00fcten sind enorm, sehr kompakt und von einer dicken Schicht gl\u00e4nzender Trichome bedeckt. Einige Ph\u00e4notypen nehmen sch\u00f6ne und sehr auff\u00e4llige lila Farbt\u00f6ne an.<\/p>\n\n\n\n<p>Ihr Aroma und Geschmack sind exquisit, man kann tropische Noten von Ananas und gr\u00fcner Mango mit Andeutungen von kuriertem Holz wahrnehmen, die sehr verf\u00fchrerisch sind. Es ist sehr, sehr reichhaltig.<\/p>\n\n\n\n<p>Die Wirkungen sind kraftvoll und zerebral. Es wird Ihnen eine energiegeladene, gespr\u00e4chige Reise und hohe Konzentration bieten. Es ist eine perfekte Cannabissorte, um sie tags\u00fcber zu genie\u00dfen.<\/p>\n\n\n\n<p>Trotz ihrer diskreten Gr\u00f6\u00dfe liegt die Ertragsrate weit \u00fcber dem Durchschnitt der selbstbl\u00fchenden Samen. Im Freien haben die gr\u00f6\u00dferen Pflanzen einen Ertrag von bis zu 200 Gramm. Innen ist es leicht, mit einem 300-350 W LED-Team 600 Gramm pro m\u00b2 zu erreichen.<\/p>\n\n\n\n<div style=\"height:50px\" aria-hidden=\"true\" class=\"wp-block-spacer uag-hide-mob\"><\/div>\n\n\n\n<div class=\"wp-block-columns is-layout-flex wp-container-core-columns-is-layout-28f84493 wp-block-columns-is-layout-flex\">\n<div class=\"wp-block-column is-layout-flow wp-block-column-is-layout-flow\">\n<p class=\"has-text-align-center has-medium-font-size\"><strong>Was wir am meisten m\u00f6gen<\/strong><\/p>\n\n\n\n<ul class=\"wp-block-list\">\n<li>Sehr einfach anzubauen. <\/li>\n\n\n\n<li>XXL Produktion. <\/li>\n\n\n\n<li>Es wird in nur 63-70 Tagen geerntet. <\/li>\n\n\n\n<li>Sehr kraftvolle und energetische Effekte. <\/li>\n\n\n\n<li>Ihr Preis.<\/li>\n<\/ul>\n<\/div>\n\n\n\n<div class=\"wp-block-column is-layout-flow wp-block-column-is-layout-flow\">\n<p class=\"has-text-align-center\"><strong>Was uns am wenigsten gef\u00e4llt<\/strong><\/p>\n\n\n\n<ul class=\"wp-block-list\">\n<li>Es ist sehr duftend in der Bl\u00fcte.<\/li>\n<\/ul>\n<\/div>\n<\/div>\n\n\n\n<div style=\"height:50px\" aria-hidden=\"true\" class=\"wp-block-spacer uag-hide-mob\"><\/div>\n\n\n\n<h2 class=\"wp-block-heading\">H\u00e4ufig gestellte Fragen<\/h2>\n\n\n\n<p>Hier finden Sie die Antwort auf die am h\u00e4ufigsten gestellten Fragen von Z\u00fcchtern, die an dieser Genetik interessiert sind:<\/p>\n\n\n<div id=\"rank-math-faq\" class=\"rank-math-block\">\n<div class=\"rank-math-list \">\n<div id=\"faq-question-1663029074962\" class=\"rank-math-list-item\">\n<h3 class=\"rank-math-question \">Wann beginnt Green Crack Auto zu bl\u00fchen?<\/h3>\n<div class=\"rank-math-answer \">\n\n<p>Etwa 3-4 Wochen nach der Keimung beginnen die Pflanzen zu bl\u00fchen.<\/p>\n\n<\/div>\n<\/div>\n<div id=\"faq-question-1663029159933\" class=\"rank-math-list-item\">\n<h3 class=\"rank-math-question \">Wie lange dauert es, eine Green Crack Auto von ihrer Keimung zu ernten?<\/h3>\n<div class=\"rank-math-answer \">\n\n<p>Es handelt sich um eine sehr schnelle selbstbl\u00fchende Marihuanasorte, die in insgesamt 9-10 Wochen geerntet wird.<\/p>\n\n<\/div>\n<\/div>\n<div id=\"faq-question-1663029165861\" class=\"rank-math-list-item\">\n<h3 class=\"rank-math-question \">Wie z\u00fcchtet man eine feminisierte Green Crack Auto?<\/h3>\n<div class=\"rank-math-answer \">\n\n<p>Es ist sehr einfach, widerstandsf\u00e4hig und diskret. Verwenden Sie vom ersten Tag an einen gro\u00dfen Topf, um die gr\u00f6\u00dften Pflanzen zu bekommen.<\/p>\n\n<\/div>\n<\/div>\n<div id=\"faq-question-1666780029954\" class=\"rank-math-list-item\">\n<h3 class=\"rank-math-question \">Was sind die Wirkungen von Green Crack Auto im Gro\u00dfhandel?<\/h3>\n<div class=\"rank-math-answer \">\n\n<p>Die Wirkungen erzeugen ein intensives Kribbeln, das Ihren K\u00f6rper mit Energie f\u00fcllen wird. Ideal f\u00fcr Debatten.<\/p>\n\n<\/div>\n<\/div>\n<\/div>\n<\/div>","protected":false},"excerpt":{"rendered":"<p>Green Crack Auto ist eine autoflowering Sorte, die jeder liebt. Sie ist sehr einfach anzubauen und erfordert nicht viel Aufwand, um \u00fcbertriebene Ertr\u00e4ge zu erzielen. Er ist sehr unauff\u00e4llig und nicht h\u00f6her als ein Meter. Es dauert nur 9-10 Wochen von der Keimung bis zur Ernte. Seine Knospen sind gro\u00df, dicht und sehr, sehr harzig. Der Geschmack ist sehr tropisch, mit k\u00f6stlichen Noten von Ananas und Mango. Und schlie\u00dflich ist die Wirkung sehr stark. Nach den ersten paar Z\u00fcgen sp\u00fcrst du ein Kribbeln im ganzen K\u00f6rper und danach \u00fcberkommt dich ein Energieschub. Perfekt f\u00fcr jede Zeit des Tages.<\/p>\n","protected":false},"featured_media":32086,"comment_status":"open","ping_status":"closed","template":"","meta":{"_acf_changed":false,"inline_featured_image":false,"_uag_custom_page_level_css":""},"product_brand":[],"product_cat":[2114],"product_tag":[],"class_list":{"0":"post-10097","1":"product","2":"type-product","3":"status-publish","4":"has-post-thumbnail","6":"product_cat-autoflowering-cannabis-samen","8":"first","9":"instock","10":"taxable","11":"shipping-taxable","12":"purchasable","13":"product-type-simple"},"acf":[],"uagb_featured_image_src":{"full":["https:\/\/bulkgenetics.com\/wp-content\/uploads\/2022\/10\/green-crack-auto-autoflowering-cannabis-seeds-bulk-genetics.jpg",1600,1600,false],"thumbnail":["https:\/\/bulkgenetics.com\/wp-content\/uploads\/2022\/10\/green-crack-auto-autoflowering-cannabis-seeds-bulk-genetics-150x150.jpg",150,150,true],"medium":["https:\/\/bulkgenetics.com\/wp-content\/uploads\/2022\/10\/green-crack-auto-autoflowering-cannabis-seeds-bulk-genetics-300x300.jpg",300,300,true],"medium_large":["https:\/\/bulkgenetics.com\/wp-content\/uploads\/2022\/10\/green-crack-auto-autoflowering-cannabis-seeds-bulk-genetics-768x768.jpg",768,768,true],"large":["https:\/\/bulkgenetics.com\/wp-content\/uploads\/2022\/10\/green-crack-auto-autoflowering-cannabis-seeds-bulk-genetics-1024x1024.jpg",1024,1024,true],"1536x1536":["https:\/\/bulkgenetics.com\/wp-content\/uploads\/2022\/10\/green-crack-auto-autoflowering-cannabis-seeds-bulk-genetics-1536x1536.jpg",1536,1536,true],"2048x2048":["https:\/\/bulkgenetics.com\/wp-content\/uploads\/2022\/10\/green-crack-auto-autoflowering-cannabis-seeds-bulk-genetics.jpg",1600,1600,false],"commercegurus-pdp-large":["https:\/\/bulkgenetics.com\/wp-content\/uploads\/2022\/10\/green-crack-auto-autoflowering-cannabis-seeds-bulk-genetics-990x990.jpg",990,990,true],"commercegurus-plp-mobile":["https:\/\/bulkgenetics.com\/wp-content\/uploads\/2022\/10\/green-crack-auto-autoflowering-cannabis-seeds-bulk-genetics-441x441.jpg",441,441,true],"cgkit_image_swatch":["https:\/\/bulkgenetics.com\/wp-content\/uploads\/2022\/10\/green-crack-auto-autoflowering-cannabis-seeds-bulk-genetics-100x100.jpg",100,100,true],"woocommerce_thumbnail":["https:\/\/bulkgenetics.com\/wp-content\/uploads\/2022\/10\/green-crack-auto-autoflowering-cannabis-seeds-bulk-genetics-300x300.jpg",300,300,true],"woocommerce_single":["https:\/\/bulkgenetics.com\/wp-content\/uploads\/2022\/10\/green-crack-auto-autoflowering-cannabis-seeds-bulk-genetics-800x800.jpg",800,800,true],"woocommerce_gallery_thumbnail":["https:\/\/bulkgenetics.com\/wp-content\/uploads\/2022\/10\/green-crack-auto-autoflowering-cannabis-seeds-bulk-genetics-150x150.jpg",150,150,true],"dgwt-wcas-product-suggestion":["https:\/\/bulkgenetics.com\/wp-content\/uploads\/2022\/10\/green-crack-auto-autoflowering-cannabis-seeds-bulk-genetics-64x64.jpg",64,64,true]},"uagb_author_info":{"display_name":"\u00c1ngel Flores","author_link":"https:\/\/bulkgenetics.com\/de\/author\/"},"uagb_comment_info":0,"uagb_excerpt":"Green Crack Auto ist eine autoflowering Sorte, die jeder liebt. Sie ist sehr einfach anzubauen und erfordert nicht viel Aufwand, um \u00fcbertriebene Ertr\u00e4ge zu erzielen. Er ist sehr unauff\u00e4llig und nicht h\u00f6her als ein Meter. Es dauert nur 9-10 Wochen von der Keimung bis zur Ernte. Seine Knospen sind gro\u00df, dicht und sehr, sehr harzig.&hellip;","_links":{"self":[{"href":"https:\/\/bulkgenetics.com\/de\/wp-json\/wp\/v2\/product\/10097","targetHints":{"allow":["GET"]}}],"collection":[{"href":"https:\/\/bulkgenetics.com\/de\/wp-json\/wp\/v2\/product"}],"about":[{"href":"https:\/\/bulkgenetics.com\/de\/wp-json\/wp\/v2\/types\/product"}],"replies":[{"embeddable":true,"href":"https:\/\/bulkgenetics.com\/de\/wp-json\/wp\/v2\/comments?post=10097"}],"wp:featuredmedia":[{"embeddable":true,"href":"https:\/\/bulkgenetics.com\/de\/wp-json\/wp\/v2\/media\/32086"}],"wp:attachment":[{"href":"https:\/\/bulkgenetics.com\/de\/wp-json\/wp\/v2\/media?parent=10097"}],"wp:term":[{"taxonomy":"product_brand","embeddable":true,"href":"https:\/\/bulkgenetics.com\/de\/wp-json\/wp\/v2\/product_brand?post=10097"},{"taxonomy":"product_cat","embeddable":true,"href":"https:\/\/bulkgenetics.com\/de\/wp-json\/wp\/v2\/product_cat?post=10097"},{"taxonomy":"product_tag","embeddable":true,"href":"https:\/\/bulkgenetics.com\/de\/wp-json\/wp\/v2\/product_tag?post=10097"}],"curies":[{"name":"wp","href":"https:\/\/api.w.org\/{rel}","templated":true}]}}