{"id":10114,"date":"2022-10-04T13:40:25","date_gmt":"2022-10-04T11:40:25","guid":{"rendered":"https:\/\/www.bulkgenetics.com\/gruenes-stinktier-xl-auto\/"},"modified":"2024-10-08T01:13:50","modified_gmt":"2024-10-07T23:13:50","slug":"green-skunk-xl-auto","status":"publish","type":"product","link":"https:\/\/bulkgenetics.com\/de\/green-skunk-xl-auto\/","title":{"rendered":"Green Skunk XL Auto"},"content":{"rendered":"\n<p>Green Skunk XL Auto ist eine gigantische Autoflowering-Sorte, die alle mit ihren tollen Eigenschaften \u00fcberrascht. Die Bewertungen, die wir erhalten, sind gro\u00dfartig, das k\u00f6nnen wir nicht leugnen.<\/p>\n\n\n\n<p>Es handelt sich um eine schnelle Version der Green Poison, einer der bekanntesten Sorten von Sweet Seeds. Man k\u00f6nnte sagen, dass sie sehr \u00e4hnlich wie die Green Poison XL Auto ist, aber viel billiger.<\/p>\n\n\n\n<h2 class=\"wp-block-heading\">Wie man Green Skunk XL Auto anbaut <\/h2>\n\n\n\n<p>Alle <a href=\"https:\/\/bulkgenetics.com\/de\/skunk-1\/\"><strong>Skunk<\/strong><\/a>-Linien sind im Allgemeinen sehr einfach anzubauende Pflanzen und sehr empfehlenswert f\u00fcr Anf\u00e4nger, die eine bemerkenswerte Ernte sicherstellen m\u00f6chten.<\/p>\n\n\n\n<p>Sie w\u00e4chst sehr schnell und kann eine beeindruckende H\u00f6he von 1,3 Metern erreichen. Sie ist nicht die unauff\u00e4lligste autoflowering Sorte, aber eine der produktivsten.<\/p>\n\n\n\n<p>Um die gr\u00f6\u00dften Pflanzen zu erhalten, entscheiden sich die Z\u00fcchter, vom ersten Tag an einen gro\u00dfen Topf zu verwenden. Transplantationen sind etwas stressig und einige Pflanzen reagieren mit einem Wachstumsstopp.<\/p>\n\n\n\n<p>Es ist auch eine der schnellsten Autoflowering-Sorten und in nur 8 Wochen nach der Keimung ernten Sie Meisterbl\u00fcten.<\/p>\n\n\n\n<h2 class=\"wp-block-heading\">Eigenschaften von Green Skunk XL Auto <\/h2>\n\n\n\n<p>Die Knospen sind schwer, sehr kompakt und ideal f\u00fcr die Extraktion. Sie haben so viel Harz, dass die R\u00fcckkehr jeden \u00fcberrascht.<\/p>\n\n\n\n<p>Das Aroma und der Geschmack sind unverkennbar skunky, mit s\u00fc\u00dfen, fruchtigen und nussigen Untert\u00f6nen wie Walnuss. Sie riecht sehr stark, aus vielen Metern Entfernung kann man ihre Anwesenheit erahnen.<\/p>\n\n\n\n<p>Die Effekte sind stark und entspannend, gute Indica. Es ist die perfekte Marihuana-Sorte, um sie am Ende des Tages zu genie\u00dfen oder beim Fernsehen einzuschlafen.<\/p>\n\n\n\n<p>Die Ertr\u00e4ge sind massiv und vergleichbar mit denen einiger regul\u00e4rer Bl\u00fctensorten. Die gr\u00f6\u00dferen Pflanzen k\u00f6nnen 300 Gramm erreichen. Und drinnen, mit einer 300-350 W LED-Lampe, ist es eine Sorte, die eine Produktion von 600 Gramm pro m\u00b2 erreicht.<\/p>\n\n\n\n<div style=\"height:50px\" aria-hidden=\"true\" class=\"wp-block-spacer uag-hide-mob\"><\/div>\n\n\n\n<div class=\"wp-block-columns is-layout-flex wp-container-core-columns-is-layout-28f84493 wp-block-columns-is-layout-flex\">\n<div class=\"wp-block-column is-layout-flow wp-block-column-is-layout-flow\">\n<p class=\"has-text-align-center has-medium-font-size\"><strong>Was wir am meisten m\u00f6gen<\/strong><\/p>\n\n\n\n<ul class=\"wp-block-list\">\n<li>XXL-Produktion. <\/li>\n\n\n\n<li>In nur 8 Wochen geerntet. <\/li>\n\n\n\n<li>Sehr entspannende und gl\u00fcckliche Effekte. <\/li>\n\n\n\n<li>Ihr Preis.<\/li>\n<\/ul>\n<\/div>\n\n\n\n<div class=\"wp-block-column is-layout-flow wp-block-column-is-layout-flow\">\n<p class=\"has-text-align-center\"><strong>Was uns am wenigsten gef\u00e4llt<\/strong><\/p>\n\n\n\n<ul class=\"wp-block-list\">\n<li>Sie riecht sehr stark in der Bl\u00fcte.<\/li>\n<\/ul>\n<\/div>\n<\/div>\n\n\n\n<div style=\"height:50px\" aria-hidden=\"true\" class=\"wp-block-spacer uag-hide-mob\"><\/div>\n\n\n\n<h2 class=\"wp-block-heading\">H\u00e4ufig gestellte Fragen<\/h2>\n\n\n\n<p>Im Folgenden beantworten wir die am h\u00e4ufigsten gestellten Fragen von Z\u00fcchtern, die an dieser Sorte interessiert sind:<\/p>\n\n\n<div id=\"rank-math-faq\" class=\"rank-math-block\">\n<div class=\"rank-math-list \">\n<div id=\"faq-question-1663029074962\" class=\"rank-math-list-item\">\n<h3 class=\"rank-math-question \">Wann beginnt Green Skunk XL Auto zu bl\u00fchen?<\/h3>\n<div class=\"rank-math-answer \">\n\n<p>Die Wachstumsperiode dauert 3-4 Wochen. Dann beginnen die Pflanzen zu bl\u00fchen.<\/p>\n\n<\/div>\n<\/div>\n<div id=\"faq-question-1663029159933\" class=\"rank-math-list-item\">\n<h3 class=\"rank-math-question \">Wie lange dauert es, bis eine Green Skunk XL Auto von der Keimung geerntet wird?<\/h3>\n<div class=\"rank-math-answer \">\n\n<p>Es ist eine der schnellsten autoflowering Cannabissorten. Sie wird insgesamt in 8 Wochen geerntet.<\/p>\n\n<\/div>\n<\/div>\n<div id=\"faq-question-1663029165861\" class=\"rank-math-list-item\">\n<h3 class=\"rank-math-question \">Wie baut man eine feminisierte Green Skunk XL Auto an?<\/h3>\n<div class=\"rank-math-answer \">\n\n<p>Es ist eine der am einfachsten anzubauenden und widerstandsf\u00e4higen Sorten. Wenn Sie einen gro\u00dfen Topf verwenden, erreicht sie eine H\u00f6he von 130 cm mit massiven Ertr\u00e4gen von bis zu 300 Gramm pro Pflanze.<\/p>\n\n<\/div>\n<\/div>\n<div id=\"faq-question-1666780029954\" class=\"rank-math-list-item\">\n<h3 class=\"rank-math-question \">Welche Auswirkungen hat Green Skunk XL Auto im Gro\u00dfhandel?<\/h3>\n<div class=\"rank-math-answer \">\n\n<p>Es hat entspannende, bes\u00e4nftigende und fr\u00f6hliche Auswirkungen. Es ist perfekt, um einen Film in der Nacht nicht zu beenden.<\/p>\n\n<\/div>\n<\/div>\n<\/div>\n<\/div>","protected":false},"excerpt":{"rendered":"<p>Green Skunk XL Auto ist eine gro\u00dfe, ertragreiche und robuste Indica\/Sativa Autoflowering-Sorte. Sie wird bis zu 150 cm hoch und kann in nur 8 Wochen nach der Keimung geerntet werden. Sie bildet eine gro\u00dfe zentrale Knospe und zahlreiche sehr kompakte und harzige Knospen an den Nebenzweigen. Sein Aroma und Geschmack ist einzigartig, sehr s\u00fc\u00df, fruchtig und <em>skunky<\/em>. Nach ein paar Z\u00fcgen wird dein K\u00f6rper in eine intensive Entspannung eintauchen. Ideal, um den Tag zu beenden.<\/p>\n","protected":false},"featured_media":11640,"comment_status":"open","ping_status":"closed","template":"","meta":{"_acf_changed":false,"inline_featured_image":false,"_uag_custom_page_level_css":""},"product_brand":[],"product_cat":[2114],"product_tag":[],"class_list":{"0":"post-10114","1":"product","2":"type-product","3":"status-publish","4":"has-post-thumbnail","6":"product_cat-autoflowering-cannabis-samen","8":"first","9":"instock","10":"taxable","11":"shipping-taxable","12":"purchasable","13":"product-type-simple"},"acf":[],"uagb_featured_image_src":{"full":["https:\/\/bulkgenetics.com\/wp-content\/uploads\/2022\/10\/green-skunk-xl-auto.jpg",1600,1600,false],"thumbnail":["https:\/\/bulkgenetics.com\/wp-content\/uploads\/2022\/10\/green-skunk-xl-auto-150x150.jpg",150,150,true],"medium":["https:\/\/bulkgenetics.com\/wp-content\/uploads\/2022\/10\/green-skunk-xl-auto-300x300.jpg",300,300,true],"medium_large":["https:\/\/bulkgenetics.com\/wp-content\/uploads\/2022\/10\/green-skunk-xl-auto-768x768.jpg",768,768,true],"large":["https:\/\/bulkgenetics.com\/wp-content\/uploads\/2022\/10\/green-skunk-xl-auto-1024x1024.jpg",1024,1024,true],"1536x1536":["https:\/\/bulkgenetics.com\/wp-content\/uploads\/2022\/10\/green-skunk-xl-auto-1536x1536.jpg",1536,1536,true],"2048x2048":["https:\/\/bulkgenetics.com\/wp-content\/uploads\/2022\/10\/green-skunk-xl-auto.jpg",1600,1600,false],"commercegurus-pdp-large":["https:\/\/bulkgenetics.com\/wp-content\/uploads\/2022\/10\/green-skunk-xl-auto-990x990.jpg",990,990,true],"commercegurus-plp-mobile":["https:\/\/bulkgenetics.com\/wp-content\/uploads\/2022\/10\/green-skunk-xl-auto-441x441.jpg",441,441,true],"cgkit_image_swatch":["https:\/\/bulkgenetics.com\/wp-content\/uploads\/2022\/10\/green-skunk-xl-auto-100x100.jpg",100,100,true],"woocommerce_thumbnail":["https:\/\/bulkgenetics.com\/wp-content\/uploads\/2022\/10\/green-skunk-xl-auto-300x300.jpg",300,300,true],"woocommerce_single":["https:\/\/bulkgenetics.com\/wp-content\/uploads\/2022\/10\/green-skunk-xl-auto-800x800.jpg",800,800,true],"woocommerce_gallery_thumbnail":["https:\/\/bulkgenetics.com\/wp-content\/uploads\/2022\/10\/green-skunk-xl-auto-150x150.jpg",150,150,true],"dgwt-wcas-product-suggestion":["https:\/\/bulkgenetics.com\/wp-content\/uploads\/2022\/10\/green-skunk-xl-auto-64x64.jpg",64,64,true]},"uagb_author_info":{"display_name":"\u00c1ngel Flores","author_link":"https:\/\/bulkgenetics.com\/de\/author\/"},"uagb_comment_info":0,"uagb_excerpt":"Green Skunk XL Auto ist eine gro\u00dfe, ertragreiche und robuste Indica\/Sativa Autoflowering-Sorte. Sie wird bis zu 150 cm hoch und kann in nur 8 Wochen nach der Keimung geerntet werden. Sie bildet eine gro\u00dfe zentrale Knospe und zahlreiche sehr kompakte und harzige Knospen an den Nebenzweigen. Sein Aroma und Geschmack ist einzigartig, sehr s\u00fc\u00df, fruchtig&hellip;","_links":{"self":[{"href":"https:\/\/bulkgenetics.com\/de\/wp-json\/wp\/v2\/product\/10114","targetHints":{"allow":["GET"]}}],"collection":[{"href":"https:\/\/bulkgenetics.com\/de\/wp-json\/wp\/v2\/product"}],"about":[{"href":"https:\/\/bulkgenetics.com\/de\/wp-json\/wp\/v2\/types\/product"}],"replies":[{"embeddable":true,"href":"https:\/\/bulkgenetics.com\/de\/wp-json\/wp\/v2\/comments?post=10114"}],"wp:featuredmedia":[{"embeddable":true,"href":"https:\/\/bulkgenetics.com\/de\/wp-json\/wp\/v2\/media\/11640"}],"wp:attachment":[{"href":"https:\/\/bulkgenetics.com\/de\/wp-json\/wp\/v2\/media?parent=10114"}],"wp:term":[{"taxonomy":"product_brand","embeddable":true,"href":"https:\/\/bulkgenetics.com\/de\/wp-json\/wp\/v2\/product_brand?post=10114"},{"taxonomy":"product_cat","embeddable":true,"href":"https:\/\/bulkgenetics.com\/de\/wp-json\/wp\/v2\/product_cat?post=10114"},{"taxonomy":"product_tag","embeddable":true,"href":"https:\/\/bulkgenetics.com\/de\/wp-json\/wp\/v2\/product_tag?post=10114"}],"curies":[{"name":"wp","href":"https:\/\/api.w.org\/{rel}","templated":true}]}}