{"id":10115,"date":"2022-10-04T16:43:55","date_gmt":"2022-10-04T14:43:55","guid":{"rendered":"https:\/\/www.bulkgenetics.com\/jack-herer-auto\/"},"modified":"2022-11-10T16:06:09","modified_gmt":"2022-11-10T15:06:09","slug":"jack-herer-auto","status":"publish","type":"product","link":"https:\/\/bulkgenetics.com\/de\/jack-herer-auto\/","title":{"rendered":"Jack Herer Auto"},"content":{"rendered":"\n<p><strong>Jack Herer Auto<\/strong> ist unsere autoflowering Version einer der k\u00f6stlichsten und potentesten Marihuanasorten, die je erschaffen wurde. Sie wurde mit zahlreichen Preisen, Pokalen und Erw\u00e4hnungen ausgezeichnet, die ihre enorme Qualit\u00e4t best\u00e4tigen.<\/p>\n\n<p>Diese Sativa-dominante Sorte <strong>wurde von Sensi Seeds als Hommage an ihren Freund Jack Herer kreiert<\/strong>, Cannabis-Aktivist und Autor von Werken wie <em>The Emperor is Naked<\/em>, in dem er uns erz\u00e4hlt, wie eine Zukunft mit Cannabis als Ersatz f\u00fcr fossile Brennstoffe aussehen w\u00fcrde.<\/p>\n\n<p>Die Entwicklung der drei einflussreichsten Sorten der Geschichte, <strong>Skunk, Haze und Northern Lights #5<\/strong>, ist eine pr\u00e4zise Kombination, die auch heute noch schwer zu entschl\u00fcsseln ist.  <\/p>\n\n<p>Heutzutage gibt es viele Saatgutbanken, die ihre eigenen Versionen oder Werke auf der Grundlage einer Auswahl von <a href=\"https:\/\/bulkgenetics.com\/es\/jack-herer\/\">Jack Herer<\/a> haben. Von Advanced Seeds oder Greenhouse, bis hin zu Critical Jack Herer, Black Jack oder Jack 47.<\/p>\n\n<h2 class=\"wp-block-heading\">Wie man Jack Herer Auto anbaut<\/h2>\n\n<p>Sie ist eine schnell wachsende Pflanze, sehr pflegeleicht und widerstandsf\u00e4hig, sowohl im Innen- als auch im Au\u00dfenbereich. <strong>Er bleibt unter einer H\u00f6he von 1 Meter<\/strong>, ideal f\u00fcr kleine Terrassen oder Balkone, wo er nicht die Aufmerksamkeit der neugierigsten Schaulustigen auf sich zieht.<\/p>\n\n<p>Autoflowering Cannabissorten verhalten sich alle sehr \u00e4hnlich. <strong>Sie wachsen etwa 3-4 Wochen lang und beginnen dann zu bl\u00fchen<\/strong>, unabh\u00e4ngig von ihrer Gr\u00f6\u00dfe und der Anzahl der Lichtstunden, die sie erhalten.<\/p>\n\n<p>W\u00e4hrend dieser kurzen Phase sollten die Pflanzen ohne Unterbrechung, z. B. durch Umpflanzen, wachsen k\u00f6nnen. Wir empfehlen, dass du dich von Anfang an f\u00fcr einen Topf von mindestens 20 Litern entscheidest. Und nat\u00fcrlich einen guten Untergrund.<\/p>\n\n<p>Von der Keimung an <strong>werden die Knospen in nur 65 Tagen geerntet<\/strong>. Jeder kann w\u00e4hrend der gesamten Anbausaison im Freien bis zu 3 aufeinanderfolgende Pflanzen anbauen.<\/p>\n\n<h2 class=\"wp-block-heading\">Merkmale von Jack Herer Auto<\/h2>\n\n<p>Die Bl\u00fcten sind sehr gro\u00df, kompakt und harzig. Sein Skunk-Einfluss macht seinen Geruch w\u00e4hrend der Bl\u00fcte sehr intensiv. In Innenr\u00e4umen empfehlen wir die Verwendung eines guten Anti-Geruchs-Systems.<\/p>\n\n<p>Das<strong> Aroma und der Geschmack<\/strong> sind k\u00f6stlich, ein klassisches holl\u00e4ndisches Produkt der alten Schule. Noten von Gew\u00fcrzen, frischen Kr\u00e4utern, Pfeffer und Kiefernholz.<\/p>\n\n<p>Die <strong>Wirkung <\/strong>ist sehr stark, ein Sturm positiver, kreativer, energiegeladener und gl\u00fccklicher Gef\u00fchle wird durch deinen K\u00f6rper fegen und dich f\u00fcr lange Stunden high halten.<\/p>\n\n<p>Die Leistung ist sehr, sehr hoch, wenn man bedenkt, wie kompakt sie ist. Die gr\u00f6\u00dften Pflanzen bieten dir <strong>bis zu 200 Gramm<\/strong>. In Innenr\u00e4umen mit 300-350 W LED-Beleuchtung liegt der Ertrag bei <strong>450-550 Gramm pro m\u00b2<\/strong>.<\/p>\n\n<div style=\"height:50px\" aria-hidden=\"true\" class=\"wp-block-spacer uag-hide-mob\"><\/div>\n\n<div class=\"wp-block-columns is-layout-flex wp-container-core-columns-is-layout-28f84493 wp-block-columns-is-layout-flex\">\n<div class=\"wp-block-column is-layout-flow wp-block-column-is-layout-flow\">\n<p class=\"has-text-align-center has-medium-font-size\"><strong>Was wir am meisten m\u00f6gen<\/strong><\/p>\n\n\n\n<ul class=\"wp-block-list\">\n<li>Sehr einfach zu z\u00fcchten.<\/li>\n\n\n\n<li>XXL-Produktion.<\/li>\n\n\n\n<li>Sie wird in nur 65 Tagen geerntet.<\/li>\n\n\n\n<li>Echter Old-School-Geschmack.<\/li>\n\n\n\n<li>Euphorische, energiegeladene und gl\u00fcckliche Effekte.<\/li>\n\n\n\n<li>Sein Preis.<\/li>\n<\/ul>\n<\/div>\n\n\n\n<div class=\"wp-block-column is-layout-flow wp-block-column-is-layout-flow\">\n<p class=\"has-text-align-center has-medium-font-size\"><strong>Was wir am wenigsten m\u00f6gen<\/strong><\/p>\n\n\n\n<ul class=\"wp-block-list\">\n<li>In der Bl\u00fctezeit duftet sie sehr gut.<\/li>\n<\/ul>\n<\/div>\n<\/div>\n\n<div style=\"height:50px\" aria-hidden=\"true\" class=\"wp-block-spacer uag-hide-mob\"><\/div>\n\n<h2 class=\"wp-block-heading\">H\u00e4ufig gestellte Fragen<\/h2>\n\n<p>Im Folgenden findest du die Antworten auf die am h\u00e4ufigsten gestellten Fragen von Z\u00fcchtern, die sich f\u00fcr diese Cannabissorte interessieren:<\/p>\n<div id=\"rank-math-faq\" class=\"rank-math-block\">\n<div class=\"rank-math-list \">\n<div id=\"faq-question-1663029074962\" class=\"rank-math-list-item\">\n<h3 class=\"rank-math-question \">Wann beginnt Jack Herer Auto im Freien zu bl\u00fchen?<\/h3>\n<div class=\"rank-math-answer \">\n\n<p>3-4 Wochen nach der Keimung beginnen die Pflanzen zu bl\u00fchen.<\/p>\n\n<\/div>\n<\/div>\n<div id=\"faq-question-1663029159933\" class=\"rank-math-list-item\">\n<h3 class=\"rank-math-question \">Wie lange dauert es, eine Jack Herer Auto nach der Keimung zu ernten?<\/h3>\n<div class=\"rank-math-answer \">\n\n<p>Sie ist eine sehr schnelle autoflowering Marihuanasorte. Insgesamt wird sie in nur 65 Tagen geerntet.<\/p>\n\n<\/div>\n<\/div>\n<div id=\"faq-question-1663029165861\" class=\"rank-math-list-item\">\n<h3 class=\"rank-math-question \">Wie baut man eine feminisierte Jack Herer Auto an?<\/h3>\n<div class=\"rank-math-answer \">\n\n<p>Sie ist sehr einfach anzubauen, winterhart und unauff\u00e4llig. Vermeide es, sie umzupflanzen, da dies ihr Wachstum hemmen kann. Es ist besser, wenn du dich von Anfang an f\u00fcr einen gro\u00dfen Topf entscheidest.<\/p>\n\n<\/div>\n<\/div>\n<div id=\"faq-question-1666780029954\" class=\"rank-math-list-item\">\n<h3 class=\"rank-math-question \">Was sind die Auswirkungen von Jack Herer Auto in gro\u00dfen Mengen?<\/h3>\n<div class=\"rank-math-answer \">\n\n<p>Die Wirkung ist sehr zerebral, energiegeladen, euphorisch, kreativ und besonders gl\u00fccklich.<\/p>\n\n<\/div>\n<\/div>\n<\/div>\n<\/div>","protected":false},"excerpt":{"rendered":"<p>Jack Herer Auto hat alles, was das Z\u00fcchterherz begehrt. Sie ist eine einfache, anspruchslose Pflanze, die in nur 65 Tagen nach der Keimung hochwertige Ernten liefert. Mit einer Endgr\u00f6\u00dfe von einem Meter ist sie sehr diskret und f\u00fcr Terrassen und Balkone geeignet. Die riesigen Knospen sind mit einer dicken Harzschicht bedeckt, die ein angenehmes krautiges, holziges und w\u00fcrziges Aroma verstr\u00f6mt, das nur ein Vorgeschmack darauf ist, dass das Beste noch kommen wird. Ein paar Z\u00fcge reichen aus, damit eine Welle positiver Gef\u00fchle in dein Wesen eindringt und dich mit Energie und Gl\u00fcck erf\u00fcllt.<\/p>\n","protected":false},"featured_media":31214,"comment_status":"open","ping_status":"closed","template":"","meta":{"_acf_changed":false,"inline_featured_image":false,"_uag_custom_page_level_css":""},"product_brand":[],"product_cat":[2114],"product_tag":[],"class_list":{"0":"post-10115","1":"product","2":"type-product","3":"status-publish","4":"has-post-thumbnail","6":"product_cat-autoflowering-cannabis-samen","8":"first","9":"instock","10":"taxable","11":"shipping-taxable","12":"purchasable","13":"product-type-simple"},"acf":[],"uagb_featured_image_src":{"full":["https:\/\/bulkgenetics.com\/wp-content\/uploads\/2022\/10\/jack-herer-auto-autoflowering-seeds.jpg",1600,1600,false],"thumbnail":["https:\/\/bulkgenetics.com\/wp-content\/uploads\/2022\/10\/jack-herer-auto-autoflowering-seeds-150x150.jpg",150,150,true],"medium":["https:\/\/bulkgenetics.com\/wp-content\/uploads\/2022\/10\/jack-herer-auto-autoflowering-seeds-300x300.jpg",300,300,true],"medium_large":["https:\/\/bulkgenetics.com\/wp-content\/uploads\/2022\/10\/jack-herer-auto-autoflowering-seeds-768x768.jpg",768,768,true],"large":["https:\/\/bulkgenetics.com\/wp-content\/uploads\/2022\/10\/jack-herer-auto-autoflowering-seeds-1024x1024.jpg",1024,1024,true],"1536x1536":["https:\/\/bulkgenetics.com\/wp-content\/uploads\/2022\/10\/jack-herer-auto-autoflowering-seeds-1536x1536.jpg",1536,1536,true],"2048x2048":["https:\/\/bulkgenetics.com\/wp-content\/uploads\/2022\/10\/jack-herer-auto-autoflowering-seeds.jpg",1600,1600,false],"commercegurus-pdp-large":["https:\/\/bulkgenetics.com\/wp-content\/uploads\/2022\/10\/jack-herer-auto-autoflowering-seeds-990x990.jpg",990,990,true],"commercegurus-plp-mobile":["https:\/\/bulkgenetics.com\/wp-content\/uploads\/2022\/10\/jack-herer-auto-autoflowering-seeds-441x441.jpg",441,441,true],"cgkit_image_swatch":["https:\/\/bulkgenetics.com\/wp-content\/uploads\/2022\/10\/jack-herer-auto-autoflowering-seeds-100x100.jpg",100,100,true],"woocommerce_thumbnail":["https:\/\/bulkgenetics.com\/wp-content\/uploads\/2022\/10\/jack-herer-auto-autoflowering-seeds-300x300.jpg",300,300,true],"woocommerce_single":["https:\/\/bulkgenetics.com\/wp-content\/uploads\/2022\/10\/jack-herer-auto-autoflowering-seeds-800x800.jpg",800,800,true],"woocommerce_gallery_thumbnail":["https:\/\/bulkgenetics.com\/wp-content\/uploads\/2022\/10\/jack-herer-auto-autoflowering-seeds-150x150.jpg",150,150,true],"dgwt-wcas-product-suggestion":["https:\/\/bulkgenetics.com\/wp-content\/uploads\/2022\/10\/jack-herer-auto-autoflowering-seeds-64x64.jpg",64,64,true]},"uagb_author_info":{"display_name":"Bruno Crespo","author_link":"https:\/\/bulkgenetics.com\/de\/author\/"},"uagb_comment_info":0,"uagb_excerpt":"Jack Herer Auto hat alles, was das Z\u00fcchterherz begehrt. Sie ist eine einfache, anspruchslose Pflanze, die in nur 65 Tagen nach der Keimung hochwertige Ernten liefert. Mit einer Endgr\u00f6\u00dfe von einem Meter ist sie sehr diskret und f\u00fcr Terrassen und Balkone geeignet. Die riesigen Knospen sind mit einer dicken Harzschicht bedeckt, die ein angenehmes krautiges,&hellip;","_links":{"self":[{"href":"https:\/\/bulkgenetics.com\/de\/wp-json\/wp\/v2\/product\/10115","targetHints":{"allow":["GET"]}}],"collection":[{"href":"https:\/\/bulkgenetics.com\/de\/wp-json\/wp\/v2\/product"}],"about":[{"href":"https:\/\/bulkgenetics.com\/de\/wp-json\/wp\/v2\/types\/product"}],"replies":[{"embeddable":true,"href":"https:\/\/bulkgenetics.com\/de\/wp-json\/wp\/v2\/comments?post=10115"}],"wp:featuredmedia":[{"embeddable":true,"href":"https:\/\/bulkgenetics.com\/de\/wp-json\/wp\/v2\/media\/31214"}],"wp:attachment":[{"href":"https:\/\/bulkgenetics.com\/de\/wp-json\/wp\/v2\/media?parent=10115"}],"wp:term":[{"taxonomy":"product_brand","embeddable":true,"href":"https:\/\/bulkgenetics.com\/de\/wp-json\/wp\/v2\/product_brand?post=10115"},{"taxonomy":"product_cat","embeddable":true,"href":"https:\/\/bulkgenetics.com\/de\/wp-json\/wp\/v2\/product_cat?post=10115"},{"taxonomy":"product_tag","embeddable":true,"href":"https:\/\/bulkgenetics.com\/de\/wp-json\/wp\/v2\/product_tag?post=10115"}],"curies":[{"name":"wp","href":"https:\/\/api.w.org\/{rel}","templated":true}]}}