{"id":10116,"date":"2022-10-04T16:43:17","date_gmt":"2022-10-04T14:43:17","guid":{"rendered":"https:\/\/www.bulkgenetics.com\/haze-pure-cbd-auto\/"},"modified":"2024-10-08T01:13:50","modified_gmt":"2024-10-07T23:13:50","slug":"haze-pure-cbd-auto","status":"publish","type":"product","link":"https:\/\/bulkgenetics.com\/de\/haze-pure-cbd-auto\/","title":{"rendered":"Haze Pure CBD Auto"},"content":{"rendered":"\n<p>Pure CBD Auto ist eine unserer Sorten zusammen mit Red Berry CBD Auto mit einem h\u00f6heren Cannabidiol-Gehalt und kaum THC. Cannabidiol oder CBD ist ein nicht psychoaktives Cannabinoid mit vielen therapeutischen Vorteilen. Studien weisen darauf hin, dass es antikonvulsive, analgetische, anxiolytische, neuroprotektive, antiemetische und antiemetische Eigenschaften hat.<\/p>\n\n\n\n<p>Dies ist eine autoflowering Marihuana-Sorte mit Indica-Dominanz, die zwei CBD-reiche Genetiken kombiniert. Das Ergebnis ist eine Pflanze, die besonders f\u00fcr Z\u00fcchter geeignet ist, die eine schnelle medizinische Marihuana suchen, mit all ihrem Geschmack, aber ohne psychoaktive Wirkungen. Man k\u00f6nnte sagen, dass sie der Sweet Pure CBD Auto von Sweet Seeds \u00e4hnlich ist, aber viel billiger.<\/p>\n\n\n\n<h2 class=\"wp-block-heading\">Wie man Pure CBD Auto anbaut<\/h2>\n\n\n\n<p>Es ist eine sehr einfache und diskrete Pflanze, ideal f\u00fcr Anf\u00e4nger oder diejenigen, die nicht mehr Platz haben als einen kleinen Balkon oder eine Terrasse. Sie h\u00e4lt eine H\u00f6he von etwas \u00fcber 100 cm, sodass sie nicht auff\u00e4llt.<\/p>\n\n\n\n<p>Sie hat eine sehr kurze Wachstumsperiode, nur 3-4 Wochen. Es ist wichtig, w\u00e4hrend dieser Zeit den Pflanzen alle M\u00f6glichkeiten zu geben, so viel wie m\u00f6glich zu wachsen. Z\u00fcchter verwenden in der Regel von Anfang an einen gro\u00dfen Topf, um Umpflanzungen zu vermeiden, die die Entwicklung verlangsamen k\u00f6nnen.<\/p>\n\n\n\n<p>Sie wird in insgesamt 8 Wochen geerntet, nachdem die Samen gekeimt haben. Da sie so schnell ist, k\u00f6nnen im Laufe der Freilandkampagne bis zu drei aufeinanderfolgende Ernten erzielt werden.<\/p>\n\n\n\n<h2 class=\"wp-block-heading\">Merkmale der Pure CBD Auto <\/h2>\n\n\n\n<p>Sie hat hohe Ertr\u00e4ge angesichts ihrer diskreten Gr\u00f6\u00dfe, bis zu 200 Gramm pro Pflanze im Freien. In Innenr\u00e4umen wird mit einer LED-Beleuchtung von 300-350 W leicht eine Produktion von 400-450 Gramm pro m\u00b2 erreicht.<\/p>\n\n\n\n<p>Die Knospen sind immens. Sie hat eine riesige, lange und dicke Spitze wie ein Baseballschl\u00e4ger, mit zahlreichen ebenfalls sehr gro\u00dfz\u00fcgigen Satelliten\u00e4sten. Dar\u00fcber hinaus produziert sie eine gewaltige Menge Harz. Sie eignet sich hervorragend f\u00fcr die Herstellung von CBD-Extrakten.<\/p>\n\n\n\n<p>Der Geschmack und das Aroma sind k\u00f6stlich, auf dem Niveau der besten Sorten. Sie hat sehr s\u00fc\u00dfe und fruchtige Nuancen, auch Zitrusnoten und wie Kiefer\/Zypresse.<\/p>\n\n\n\n<p>Die psychoaktiven Effekte sind null. Der THC-Gehalt \u00fcberschreitet nicht 1% (0,5%-1%), w\u00e4hrend der CBD-Gehalt zwischen 13% und 18% variiert. Dieses Verh\u00e4ltnis von THC:CBD zwischen 1:13 und 1:36 ist eines der h\u00f6chsten, die man finden kann. Sie erzeugt entspannende Empfindungen und hebt die Stimmung, aber ohne jegliche Blockaden.<\/p>\n\n\n\n<div style=\"height:50px\" aria-hidden=\"true\" class=\"wp-block-spacer uag-hide-mob\"><\/div>\n\n\n\n<div class=\"wp-block-columns is-layout-flex wp-container-core-columns-is-layout-28f84493 wp-block-columns-is-layout-flex\">\n<div class=\"wp-block-column is-layout-flow wp-block-column-is-layout-flow\">\n<p class=\"has-text-align-center has-medium-font-size\"><strong>Was wir am meisten m\u00f6gen<\/strong><\/p>\n\n\n\n<ul class=\"wp-block-list\">\n<li>Sehr leicht anzubauen. <\/li>\n\n\n\n<li>Hohe Produktion. <\/li>\n\n\n\n<li>In nur 8 Wochen geerntet. <\/li>\n\n\n\n<li>Entspannende Wirkungen ohne Blockaden. Sein Preis. <\/li>\n\n\n\n<li>Was uns am wenigsten gef\u00e4llt<\/li>\n<\/ul>\n<\/div>\n\n\n\n<div class=\"wp-block-column is-layout-flow wp-block-column-is-layout-flow\">\n<p class=\"has-text-align-center has-medium-font-size\"><strong>Was uns am wenigsten gef\u00e4llt<\/strong><\/p>\n\n\n\n<ul class=\"wp-block-list\">\n<li>Sie ist nicht geeignet f\u00fcr diejenigen, die eine Sorte mit psychoaktiven Wirkungen suchen.<\/li>\n<\/ul>\n<\/div>\n<\/div>\n\n\n\n<div style=\"height:50px\" aria-hidden=\"true\" class=\"wp-block-spacer uag-hide-mob\"><\/div>\n\n\n\n<h2 class=\"wp-block-heading\">H\u00e4ufig gestellte Fragen<\/h2>\n\n\n\n<p>Im Folgenden finden Sie die Antwort auf die am h\u00e4ufigsten gestellten Fragen von Z\u00fcchtern, die an dieser Genetik interessiert sind:<\/p>\n\n\n<div id=\"rank-math-faq\" class=\"rank-math-block\">\n<div class=\"rank-math-list \">\n<div id=\"faq-question-1663029074962\" class=\"rank-math-list-item\">\n<h3 class=\"rank-math-question \">Wann beginnt die Pure CBD Auto zu bl\u00fchen?<\/h3>\n<div class=\"rank-math-answer \">\n\n<p>Die Bl\u00fcte beginnt etwa 3-4 Wochen nach der Keimung der Samen.<\/p>\n\n<\/div>\n<\/div>\n<div id=\"faq-question-1663029159933\" class=\"rank-math-list-item\">\n<h3 class=\"rank-math-question \">Wie lange dauert es, eine Pure CBD Auto von der Keimung bis zur Ernte?<\/h3>\n<div class=\"rank-math-answer \">\n\n<p>Es handelt sich um eine sehr schnelle autoflowering Marihuanasorte. Sie wird in insgesamt 8 Wochen geerntet.<\/p>\n\n<\/div>\n<\/div>\n<div id=\"faq-question-1663029165861\" class=\"rank-math-list-item\">\n<h3 class=\"rank-math-question \">Wie baut man eine feminisierte Pure CBD Auto an?<\/h3>\n<div class=\"rank-math-answer \">\n\n<p>Es ist eine einfache und diskrete Pflanze. Verwenden Sie vom ersten Tag an einen gro\u00dfen Topf, um die gr\u00f6\u00dften und produktivsten Pflanzen zu erhalten.<\/p>\n\n<\/div>\n<\/div>\n<div id=\"faq-question-1666780029954\" class=\"rank-math-list-item\">\n<h3 class=\"rank-math-question \">Welche Wirkungen hat Pure CBD Auto im Gro\u00dfhandel?<\/h3>\n<div class=\"rank-math-answer \">\n\n<p>Sie hat keine psychoaktiven Wirkungen, da sie kaum THC enth\u00e4lt. Sie erzeugt ein angenehmes Entspannungsgef\u00fchl, das keine Aktivit\u00e4t verhindert.<\/p>\n\n<\/div>\n<\/div>\n<\/div>\n<\/div>","protected":false},"excerpt":{"rendered":"<p>Pure CBD Auto ist eine medizinische Cannabis-Sorte mit bis zu 20% CBD und THC-Gehalten unter 1%, daher hat sie nicht die typischen psychoaktiven Effekte von Marihuana. Es ist eine sehr diskrete Pflanze, die unter einer H\u00f6he von 110 cm bleibt. In insgesamt 8 Wochen nach der Keimung ernten Sie mega-gro\u00dfe Knospen, die sehr hart und besonders harzig sind. Sie erzeugt eine angenehme K\u00f6rperentspannung und hebt die Stimmung, ohne jedoch jede Art von Aktivit\u00e4t zu verhindern.<\/p>\n","protected":false},"featured_media":11632,"comment_status":"open","ping_status":"closed","template":"","meta":{"_acf_changed":false,"inline_featured_image":false,"_uag_custom_page_level_css":""},"product_brand":[],"product_cat":[2114],"product_tag":[],"class_list":{"0":"post-10116","1":"product","2":"type-product","3":"status-publish","4":"has-post-thumbnail","6":"product_cat-autoflowering-cannabis-samen","8":"first","9":"instock","10":"taxable","11":"shipping-taxable","12":"purchasable","13":"product-type-simple"},"acf":[],"uagb_featured_image_src":{"full":["https:\/\/bulkgenetics.com\/wp-content\/uploads\/2022\/10\/haze-pure-cbd-auto.jpg",1600,1600,false],"thumbnail":["https:\/\/bulkgenetics.com\/wp-content\/uploads\/2022\/10\/haze-pure-cbd-auto-150x150.jpg",150,150,true],"medium":["https:\/\/bulkgenetics.com\/wp-content\/uploads\/2022\/10\/haze-pure-cbd-auto-300x300.jpg",300,300,true],"medium_large":["https:\/\/bulkgenetics.com\/wp-content\/uploads\/2022\/10\/haze-pure-cbd-auto-768x768.jpg",768,768,true],"large":["https:\/\/bulkgenetics.com\/wp-content\/uploads\/2022\/10\/haze-pure-cbd-auto-1024x1024.jpg",1024,1024,true],"1536x1536":["https:\/\/bulkgenetics.com\/wp-content\/uploads\/2022\/10\/haze-pure-cbd-auto-1536x1536.jpg",1536,1536,true],"2048x2048":["https:\/\/bulkgenetics.com\/wp-content\/uploads\/2022\/10\/haze-pure-cbd-auto.jpg",1600,1600,false],"commercegurus-pdp-large":["https:\/\/bulkgenetics.com\/wp-content\/uploads\/2022\/10\/haze-pure-cbd-auto-990x990.jpg",990,990,true],"commercegurus-plp-mobile":["https:\/\/bulkgenetics.com\/wp-content\/uploads\/2022\/10\/haze-pure-cbd-auto-441x441.jpg",441,441,true],"cgkit_image_swatch":["https:\/\/bulkgenetics.com\/wp-content\/uploads\/2022\/10\/haze-pure-cbd-auto-100x100.jpg",100,100,true],"woocommerce_thumbnail":["https:\/\/bulkgenetics.com\/wp-content\/uploads\/2022\/10\/haze-pure-cbd-auto-300x300.jpg",300,300,true],"woocommerce_single":["https:\/\/bulkgenetics.com\/wp-content\/uploads\/2022\/10\/haze-pure-cbd-auto-800x800.jpg",800,800,true],"woocommerce_gallery_thumbnail":["https:\/\/bulkgenetics.com\/wp-content\/uploads\/2022\/10\/haze-pure-cbd-auto-150x150.jpg",150,150,true],"dgwt-wcas-product-suggestion":["https:\/\/bulkgenetics.com\/wp-content\/uploads\/2022\/10\/haze-pure-cbd-auto-64x64.jpg",64,64,true]},"uagb_author_info":{"display_name":"\u00c1ngel Flores","author_link":"https:\/\/bulkgenetics.com\/de\/author\/"},"uagb_comment_info":0,"uagb_excerpt":"Pure CBD Auto ist eine medizinische Cannabis-Sorte mit bis zu 20% CBD und THC-Gehalten unter 1%, daher hat sie nicht die typischen psychoaktiven Effekte von Marihuana. Es ist eine sehr diskrete Pflanze, die unter einer H\u00f6he von 110 cm bleibt. In insgesamt 8 Wochen nach der Keimung ernten Sie mega-gro\u00dfe Knospen, die sehr hart und&hellip;","_links":{"self":[{"href":"https:\/\/bulkgenetics.com\/de\/wp-json\/wp\/v2\/product\/10116","targetHints":{"allow":["GET"]}}],"collection":[{"href":"https:\/\/bulkgenetics.com\/de\/wp-json\/wp\/v2\/product"}],"about":[{"href":"https:\/\/bulkgenetics.com\/de\/wp-json\/wp\/v2\/types\/product"}],"replies":[{"embeddable":true,"href":"https:\/\/bulkgenetics.com\/de\/wp-json\/wp\/v2\/comments?post=10116"}],"wp:featuredmedia":[{"embeddable":true,"href":"https:\/\/bulkgenetics.com\/de\/wp-json\/wp\/v2\/media\/11632"}],"wp:attachment":[{"href":"https:\/\/bulkgenetics.com\/de\/wp-json\/wp\/v2\/media?parent=10116"}],"wp:term":[{"taxonomy":"product_brand","embeddable":true,"href":"https:\/\/bulkgenetics.com\/de\/wp-json\/wp\/v2\/product_brand?post=10116"},{"taxonomy":"product_cat","embeddable":true,"href":"https:\/\/bulkgenetics.com\/de\/wp-json\/wp\/v2\/product_cat?post=10116"},{"taxonomy":"product_tag","embeddable":true,"href":"https:\/\/bulkgenetics.com\/de\/wp-json\/wp\/v2\/product_tag?post=10116"}],"curies":[{"name":"wp","href":"https:\/\/api.w.org\/{rel}","templated":true}]}}