{"id":10117,"date":"2022-10-04T16:43:30","date_gmt":"2022-10-04T14:43:30","guid":{"rendered":"https:\/\/www.bulkgenetics.com\/hindu-kush-auto\/"},"modified":"2022-11-10T16:06:09","modified_gmt":"2022-11-10T15:06:09","slug":"hindu-kush-auto","status":"publish","type":"product","link":"https:\/\/bulkgenetics.com\/de\/hindu-kush-auto\/","title":{"rendered":"Hindu Kush Auto"},"content":{"rendered":"\n<p>Hindu Kush Auto ist unsere schnellste Version einer der spektakul\u00e4rsten und einflussreichsten Indica-Cannabissorten der Geschichte. Sie ist auch eine der am meisten angebauten Sorten und eine, die jeder wegen ihres Geschmacks und ihrer Wirkung mag.<\/p>\n\n<p>Hindu Kush ist eine legend\u00e4re Sorte von Sensi Seeds aus dem Hindu Kush Gebirge. In diesem Gebiet Afghanistans gibt es die h\u00f6chste Dichte an Indica-Marihuana-Sorten, die auch als <em>Haschischpflanzen<\/em> bekannt sind.<\/p>\n\n<p>Obwohl sie eine der \u00e4ltesten kommerziellen Sorten ist, ist sie auch heute noch Saison f\u00fcr Saison ein gro\u00dfer Verkaufserfolg. Auf spezialisierten Websites wie Leafly oder Seedfindes kannst du Bewertungen und Meinungen finden, die immer sehr positiv sind.<\/p>\n\n<h2 class=\"wp-block-heading\">Wie man Hindu Kush Auto anbaut<\/h2>\n\n<p>Sie ist sehr pflegeleicht und widerstandsf\u00e4hig. Sie w\u00e4chst sehr kr\u00e4ftig und mit einer typischen Indica-Pyramidenstruktur bis zu einer sehr diskreten H\u00f6he von einem Meter. Sie ist die perfekte Pflanze f\u00fcr Terrassen oder kleine Balkone, wo sie nicht auff\u00e4llt.<\/p>\n\n<p>Transplantationen sind eine kleine Belastung, die dazu f\u00fchren kann, dass sich das Wachstum f\u00fcr ein paar Tage verlangsamt. Am besten ist es, wenn du von Anfang an einen Topf von mindestens 20 Litern hast. So k\u00f6nnen die Pflanzen ohne Unterbrechung wachsen, bis die Bl\u00fctephase beginnt.<\/p>\n\n<p>Sie ist sehr schnell und der gesamte Lebenszyklus von der Keimung bis zur Ernte betr\u00e4gt nur 8-9 Wochen. Wenn die erste Ernte im zeitigen Fr\u00fchjahr begonnen wird, sind bis zu 3 Ernten pro Saison im Freien m\u00f6glich.<\/p>\n\n<h2 class=\"wp-block-heading\">Merkmale von Hindu Kush Auto<\/h2>\n\n<p>Die Bl\u00fcten sind gro\u00df, superkompakt und \u00fcberm\u00e4\u00dfig klebrig. Wage es, etwas Harz zu extrahieren und du wirst den authentischen und k\u00f6stlichen Geschmack und das Aroma von afghanischem Haschisch entdecken, mit deutlichen erdigen, holzigen, krautigen und w\u00fcrzigen Noten.<\/p>\n\n<p>Die Wirkung ist stark und besonders entspannend. Es ist die perfekte Marihuanasorte, um nach einem anstrengenden Tag zu entspannen oder um ins Bett zu gehen und ohne Sorgen zu schlafen.<\/p>\n\n<p>Bei Pflanzen, die im Freien gr\u00f6\u00dfer werden, liegt der Ertrag bei bis zu 120 Gramm. Im Innenbereich kann jeder Anf\u00e4nger mit einem 300-350 W LED-Panel bis zu 550 Gramm pro m\u00b2 erreichen.<\/p>\n\n<div style=\"height:50px\" aria-hidden=\"true\" class=\"wp-block-spacer uag-hide-mob\"><\/div>\n\n<div class=\"wp-block-columns is-layout-flex wp-container-core-columns-is-layout-28f84493 wp-block-columns-is-layout-flex\">\n<div class=\"wp-block-column is-layout-flow wp-block-column-is-layout-flow\">\n<p class=\"has-text-align-center has-medium-font-size\"><strong>Was wir am meisten m\u00f6gen<\/strong><\/p>\n\n\n\n<ul class=\"wp-block-list\">\n<li>Sehr einfach zu z\u00fcchten.<\/li>\n\n\n\n<li>Hohe Produktion.<\/li>\n\n\n\n<li>Die Erntezeit betr\u00e4gt nur 54-63 Tage.<\/li>\n\n\n\n<li>Viel, viel Harz.<\/li>\n\n\n\n<li>Sehr entspannende Wirkung.<\/li>\n\n\n\n<li>Sein Preis.<\/li>\n<\/ul>\n<\/div>\n\n\n\n<div class=\"wp-block-column is-layout-flow wp-block-column-is-layout-flow\">\n<p class=\"has-text-align-center has-medium-font-size\"><strong>Was wir am wenigsten m\u00f6gen<\/strong><\/p>\n\n\n\n<ul class=\"wp-block-list\">\n<li>Tags\u00fcber nimmt es dir die Lust auf k\u00f6rperliche Aktivit\u00e4ten.<\/li>\n<\/ul>\n<\/div>\n<\/div>\n\n<div style=\"height:50px\" aria-hidden=\"true\" class=\"wp-block-spacer uag-hide-mob\"><\/div>\n\n<h2 class=\"wp-block-heading\">H\u00e4ufig gestellte Fragen<\/h2>\n\n<p>Im Folgenden findest du die Antworten auf die am h\u00e4ufigsten gestellten Fragen von Z\u00fcchtern, die sich f\u00fcr diese Genetik interessieren:<\/p>\n<div id=\"rank-math-faq\" class=\"rank-math-block\">\n<div class=\"rank-math-list \">\n<div id=\"faq-question-1663029074962\" class=\"rank-math-list-item\">\n<h3 class=\"rank-math-question \">Wann beginnt die Hindu Kush Auto im Freien zu bl\u00fchen?<\/h3>\n<div class=\"rank-math-answer \">\n\n<p>Etwa 3-4 Wochen nach der Keimung der Samen beginnt die Bl\u00fcte.<\/p>\n\n<\/div>\n<\/div>\n<div id=\"faq-question-1663029159933\" class=\"rank-math-list-item\">\n<h3 class=\"rank-math-question \">Wie lange dauert es, Hindu Kush Auto nach der Keimung zu ernten?<\/h3>\n<div class=\"rank-math-answer \">\n\n<p>Sie ist sehr schnell und erntet in nur 8-9 Wochen nach der Keimung.<\/p>\n\n<\/div>\n<\/div>\n<div id=\"faq-question-1663029165861\" class=\"rank-math-list-item\">\n<h3 class=\"rank-math-question \">Wie baut man eine feminisierte Hindu Kush Auto an?<\/h3>\n<div class=\"rank-math-answer \">\n\n<p>Es ist eine einfache, diskrete Pflanze, die nie entt\u00e4uscht. Entscheide dich von Anfang an f\u00fcr einen gro\u00dfen Topf, anstatt ihn umzupflanzen. Die Pflanzen wachsen h\u00f6her und sind produktiver.<\/p>\n\n<\/div>\n<\/div>\n<div id=\"faq-question-1666780029954\" class=\"rank-math-list-item\">\n<h3 class=\"rank-math-question \">Was sind die Auswirkungen von Hindu Kush Auto in gro\u00dfen Mengen?<\/h3>\n<div class=\"rank-math-answer \">\n\n<p>Die Wirkung ist eine gute Indica, sehr entspannend und schlaff\u00f6rdernd.<\/p>\n\n<\/div>\n<\/div>\n<\/div>\n<\/div>","protected":false},"excerpt":{"rendered":"<p>Hindu Kush Auto ist die schnellste Version der legend\u00e4ren Indica von Sensi Seeds. In nur 8-9 Wochen nach der Keimung wirst du ernten k\u00f6nnen. Sie ist eine unauff\u00e4llige Pflanze, die nicht h\u00f6her als einen Meter wird und ideal f\u00fcr Terrassen und Balkone ist, wo sie vor neugierigen Blicken gesch\u00fctzt ist. Seine Knospen sind fett, mega-kompakt und sehr, sehr harzig, mit einem spektakul\u00e4ren Hauch von Haschisch. Mach es dir bequem, denn nach ein paar Z\u00fcgen wird eine starke Brise deinen K\u00f6rper erfassen und du wirst dich f\u00fchlen, als w\u00fcrdest du in der Luft schweben.<\/p>\n","protected":false},"featured_media":11649,"comment_status":"open","ping_status":"closed","template":"","meta":{"_acf_changed":false,"inline_featured_image":false,"_uag_custom_page_level_css":""},"product_brand":[],"product_cat":[2114],"product_tag":[],"class_list":{"0":"post-10117","1":"product","2":"type-product","3":"status-publish","4":"has-post-thumbnail","6":"product_cat-autoflowering-cannabis-samen","8":"first","9":"outofstock","10":"taxable","11":"shipping-taxable","12":"purchasable","13":"product-type-simple"},"acf":[],"uagb_featured_image_src":{"full":["https:\/\/bulkgenetics.com\/wp-content\/uploads\/2022\/10\/hindu-kush-auto.jpg",1600,1600,false],"thumbnail":["https:\/\/bulkgenetics.com\/wp-content\/uploads\/2022\/10\/hindu-kush-auto-150x150.jpg",150,150,true],"medium":["https:\/\/bulkgenetics.com\/wp-content\/uploads\/2022\/10\/hindu-kush-auto-300x300.jpg",300,300,true],"medium_large":["https:\/\/bulkgenetics.com\/wp-content\/uploads\/2022\/10\/hindu-kush-auto-768x768.jpg",768,768,true],"large":["https:\/\/bulkgenetics.com\/wp-content\/uploads\/2022\/10\/hindu-kush-auto-1024x1024.jpg",1024,1024,true],"1536x1536":["https:\/\/bulkgenetics.com\/wp-content\/uploads\/2022\/10\/hindu-kush-auto-1536x1536.jpg",1536,1536,true],"2048x2048":["https:\/\/bulkgenetics.com\/wp-content\/uploads\/2022\/10\/hindu-kush-auto.jpg",1600,1600,false],"commercegurus-pdp-large":["https:\/\/bulkgenetics.com\/wp-content\/uploads\/2022\/10\/hindu-kush-auto-990x990.jpg",990,990,true],"commercegurus-plp-mobile":["https:\/\/bulkgenetics.com\/wp-content\/uploads\/2022\/10\/hindu-kush-auto-441x441.jpg",441,441,true],"cgkit_image_swatch":["https:\/\/bulkgenetics.com\/wp-content\/uploads\/2022\/10\/hindu-kush-auto-100x100.jpg",100,100,true],"woocommerce_thumbnail":["https:\/\/bulkgenetics.com\/wp-content\/uploads\/2022\/10\/hindu-kush-auto-300x300.jpg",300,300,true],"woocommerce_single":["https:\/\/bulkgenetics.com\/wp-content\/uploads\/2022\/10\/hindu-kush-auto-800x800.jpg",800,800,true],"woocommerce_gallery_thumbnail":["https:\/\/bulkgenetics.com\/wp-content\/uploads\/2022\/10\/hindu-kush-auto-150x150.jpg",150,150,true],"dgwt-wcas-product-suggestion":["https:\/\/bulkgenetics.com\/wp-content\/uploads\/2022\/10\/hindu-kush-auto-64x64.jpg",64,64,true]},"uagb_author_info":{"display_name":"Bruno Crespo","author_link":"https:\/\/bulkgenetics.com\/de\/author\/"},"uagb_comment_info":0,"uagb_excerpt":"Hindu Kush Auto ist die schnellste Version der legend\u00e4ren Indica von Sensi Seeds. In nur 8-9 Wochen nach der Keimung wirst du ernten k\u00f6nnen. Sie ist eine unauff\u00e4llige Pflanze, die nicht h\u00f6her als einen Meter wird und ideal f\u00fcr Terrassen und Balkone ist, wo sie vor neugierigen Blicken gesch\u00fctzt ist. Seine Knospen sind fett, mega-kompakt&hellip;","_links":{"self":[{"href":"https:\/\/bulkgenetics.com\/de\/wp-json\/wp\/v2\/product\/10117","targetHints":{"allow":["GET"]}}],"collection":[{"href":"https:\/\/bulkgenetics.com\/de\/wp-json\/wp\/v2\/product"}],"about":[{"href":"https:\/\/bulkgenetics.com\/de\/wp-json\/wp\/v2\/types\/product"}],"replies":[{"embeddable":true,"href":"https:\/\/bulkgenetics.com\/de\/wp-json\/wp\/v2\/comments?post=10117"}],"wp:featuredmedia":[{"embeddable":true,"href":"https:\/\/bulkgenetics.com\/de\/wp-json\/wp\/v2\/media\/11649"}],"wp:attachment":[{"href":"https:\/\/bulkgenetics.com\/de\/wp-json\/wp\/v2\/media?parent=10117"}],"wp:term":[{"taxonomy":"product_brand","embeddable":true,"href":"https:\/\/bulkgenetics.com\/de\/wp-json\/wp\/v2\/product_brand?post=10117"},{"taxonomy":"product_cat","embeddable":true,"href":"https:\/\/bulkgenetics.com\/de\/wp-json\/wp\/v2\/product_cat?post=10117"},{"taxonomy":"product_tag","embeddable":true,"href":"https:\/\/bulkgenetics.com\/de\/wp-json\/wp\/v2\/product_tag?post=10117"}],"curies":[{"name":"wp","href":"https:\/\/api.w.org\/{rel}","templated":true}]}}