{"id":10119,"date":"2022-10-04T16:45:01","date_gmt":"2022-10-04T14:45:01","guid":{"rendered":"https:\/\/www.bulkgenetics.com\/moby-dick-auto\/"},"modified":"2022-11-10T16:06:12","modified_gmt":"2022-11-10T15:06:12","slug":"moby-dick-auto","status":"publish","type":"product","link":"https:\/\/bulkgenetics.com\/de\/moby-dick-auto\/","title":{"rendered":"Moby Dick Auto"},"content":{"rendered":"\n<p><strong>Moby Dick Auto<\/strong> ist eine autoflowering Marihuana-Sorte und seit vielen Jahren eine der am h\u00e4ufigsten angebauten. Und jetzt kannst du sie zum besten Preis genie\u00dfen.<\/p>\n\n<p><a href=\"https:\/\/bulkgenetics.com\/es\/moby-dick\/\">\n  <strong>Moby Dick<\/strong>\n<\/a> ist ein Sativa-dominanter Hybrid und eines der Flaggschiffe von Dinafem. Dies ist eine White <strong>Widow x Jack Herer<\/strong> Kreuzung von au\u00dfergew\u00f6hnlicher Qualit\u00e4t. Durch die Kombination der besten Auswahl dieses genetischen Juwels mit einer autoflowering Sorte ist das Ergebnis eine superschnelle Pflanze, die den ganzen Charme der urspr\u00fcnglichen Genetik beibeh\u00e4lt.<\/p>\n\n<h2 class=\"wp-block-heading\">Wie man Moby Dick Auto anbaut<\/h2>\n\n<p>Es ist eine sehr einfache Cannabissorte, die nicht viel Pflege ben\u00f6tigt. Wie jede andere autoflowering Sorte wird sie am besten in den sonnigsten Monaten des Jahres angebaut, also im Fr\u00fchling und Sommer.<\/p>\n\n<p>Wir raten dir, nicht umzupflanzen, sondern dich von Anfang an f\u00fcr einen gro\u00dfen Topf von mindestens 20 Litern zu entscheiden. Auf diese Weise wachsen die Pflanzen ununterbrochen bis zu <strong>einer diskreten H\u00f6he, die in der Regel 130 cm nicht \u00fcbersteigt<\/strong>.<\/p>\n\n<p> <strong>Es dauert nur 10 Wochen<\/strong> von der Keimung <strong>bis zur Ernte<\/strong>. Sein kurzer Lebenszyklus macht es m\u00f6glich, w\u00e4hrend der Anbausaison bis zu 3 Ernten im Freien zu erzielen.<\/p>\n\n<p>Im Innenbereich sorgen ihre Sativa-Eigenschaften daf\u00fcr, dass sie sich stark streckt, bevor die Bl\u00fcte beginnt. Das kannst du unter keinen Umst\u00e4nden. Es ist immer besser, eine Art SCROG-Zweigf\u00fchrung zu machen.<\/p>\n\n<h2 class=\"wp-block-heading\">Merkmale von Moby Dick Auto<\/h2>\n\n<p>Sie produziert gro\u00dfe, flauschige und sehr harzige Knospen. Es ist m\u00f6glich, dass gegen Ende der Bl\u00fctezeit einige Zweige trainiert werden m\u00fcssen, damit sie nicht unter dem Gewicht brechen.<\/p>\n\n<p>Das <strong>Aroma und der Geschmack<\/strong> sind dem seiner Mutter Moby Dick treu, mit deutlichen blumigen und fruchtigen Noten und einem sehr suggestiven holzigen und weihrauchartigen Hintergrund.<\/p>\n\n<p>Die<strong> Wirkung<\/strong> setzt sofort ein, mit einem freudigen, kreativen und energiegeladenen High, das sehr lange anh\u00e4lt. Sie ist die perfekte Marihuanasorte f\u00fcr den Tag.<\/p>\n\n<p>Die Ertr\u00e4ge sind XXL und drinnen ist es eine der einfachsten Sorten, um 2 g\/w zu erreichen. Mit einer 300-350 W LED kann jede LED <strong>600 Gramm pro m\u00b2<\/strong> erzeugen. Im Freien werden die gr\u00f6\u00dften Pflanzen bis zu <strong>200 Gramm schwer<\/strong>.<\/p>\n\n<div style=\"height:50px\" aria-hidden=\"true\" class=\"wp-block-spacer uag-hide-mob\"><\/div>\n\n<div class=\"wp-block-columns is-layout-flex wp-container-core-columns-is-layout-28f84493 wp-block-columns-is-layout-flex\">\n<div class=\"wp-block-column is-layout-flow wp-block-column-is-layout-flow\">\n<p class=\"has-text-align-center has-medium-font-size\"><strong>Was wir am meisten m\u00f6gen<\/strong><\/p>\n\n\n\n<ul class=\"wp-block-list\">\n<li>Sehr einfach zu z\u00fcchten.<\/li>\n\n\n\n<li>XXL-Produktion.<\/li>\n\n\n\n<li>Sie wird in nur 65 Tagen geerntet.<\/li>\n\n\n\n<li>Sehr entspannende und gl\u00fcckliche Effekte.<\/li>\n\n\n\n<li>Sein Preis.<\/li>\n<\/ul>\n<\/div>\n\n\n\n<div class=\"wp-block-column is-layout-flow wp-block-column-is-layout-flow\">\n<p class=\"has-text-align-center has-medium-font-size\"><strong>Was wir am wenigsten m\u00f6gen<\/strong><\/p>\n\n\n\n<ul class=\"wp-block-list\">\n<li>In der Bl\u00fctezeit duftet sie sehr gut.<\/li>\n<\/ul>\n<\/div>\n<\/div>\n\n<div style=\"height:50px\" aria-hidden=\"true\" class=\"wp-block-spacer uag-hide-mob\"><\/div>\n\n<h2 class=\"wp-block-heading\">H\u00e4ufig gestellte Fragen<\/h2>\n\n<p>Im Folgenden findest du die Antworten auf die am h\u00e4ufigsten gestellten Fragen von Anbaubetrieben, die an der Kultivierung dieser Sorte interessiert sind:<\/p>\n<div id=\"rank-math-faq\" class=\"rank-math-block\">\n<div class=\"rank-math-list \">\n<div id=\"faq-question-1663029074962\" class=\"rank-math-list-item\">\n<h3 class=\"rank-math-question \">Wann beginnt Moby Dick Auto im Freien zu bl\u00fchen?<\/h3>\n<div class=\"rank-math-answer \">\n\n<p>Die Bl\u00fcte beginnt 3-4 Wochen nach der Keimung der Samen.<\/p>\n\n<\/div>\n<\/div>\n<div id=\"faq-question-1663029159933\" class=\"rank-math-list-item\">\n<h3 class=\"rank-math-question \">Wie lange dauert es, Moby Dick Auto nach der Keimung zu ernten?<\/h3>\n<div class=\"rank-math-answer \">\n\n<p>Sie ist eine sehr schnelle Cannabissorte, die in insgesamt 10 Wochen geerntet wird.<\/p>\n\n<\/div>\n<\/div>\n<div id=\"faq-question-1663029165861\" class=\"rank-math-list-item\">\n<h3 class=\"rank-math-question \">Wie z\u00fcchte ich eine feminisierte Moby Dick Auto?<\/h3>\n<div class=\"rank-math-answer \">\n\n<p>Es ist sehr strapazierf\u00e4hig und einfach, sodass es nicht viel Pflege braucht. Verwende einen gro\u00dfen Topf mit einem guten Substrat und vermeide das Umpflanzen. So erh\u00e4ltst du Pflanzen von gro\u00dfer Gr\u00f6\u00dfe und Produktion.<\/p>\n\n<\/div>\n<\/div>\n<div id=\"faq-question-1666780029954\" class=\"rank-math-list-item\">\n<h3 class=\"rank-math-question \">Was sind die Auswirkungen von Moby Dick Auto in Massen?<\/h3>\n<div class=\"rank-math-answer \">\n\n<p>Die Effekte sind energiegeladen, fr\u00f6hlich und kreativ. Sie ist eine ideale Cannabissorte f\u00fcr den Konsum am Tag.<\/p>\n\n<\/div>\n<\/div>\n<\/div>\n<\/div>","protected":false},"excerpt":{"rendered":"<p>Moby Dick Auto ist eine mega-schnelle Version der ber\u00fchmten Sorte von Dinafem. In etwa 70 Tagen nach der Keimung erntest du Pflanzen mit einer diskreten H\u00f6he von unter 130 cm und mit einer brutalen Menge an Knospen. Sie sind hart, fett und mit einer dicken Harzschicht \u00fcberzogen, als ob Zucker auf sie gefallen w\u00e4re. Ein angenehm blumiger und fruchtiger Geschmack mit einem Hauch von Kiefer und Weihrauch aktiviert deine Geschmacksknospen, gefolgt von einem sehr energiegeladenen und kreativen High.<\/p>\n","protected":false},"featured_media":30157,"comment_status":"open","ping_status":"closed","template":"","meta":{"_acf_changed":false,"inline_featured_image":false,"_uag_custom_page_level_css":""},"product_brand":[],"product_cat":[2114],"product_tag":[],"class_list":{"0":"post-10119","1":"product","2":"type-product","3":"status-publish","4":"has-post-thumbnail","6":"product_cat-autoflowering-cannabis-samen","8":"first","9":"instock","10":"taxable","11":"shipping-taxable","12":"purchasable","13":"product-type-simple"},"acf":[],"uagb_featured_image_src":{"full":["https:\/\/bulkgenetics.com\/wp-content\/uploads\/2022\/10\/moby-dick-auto-feminized-cannabis-seeds.jpg",1600,1600,false],"thumbnail":["https:\/\/bulkgenetics.com\/wp-content\/uploads\/2022\/10\/moby-dick-auto-feminized-cannabis-seeds-150x150.jpg",150,150,true],"medium":["https:\/\/bulkgenetics.com\/wp-content\/uploads\/2022\/10\/moby-dick-auto-feminized-cannabis-seeds-300x300.jpg",300,300,true],"medium_large":["https:\/\/bulkgenetics.com\/wp-content\/uploads\/2022\/10\/moby-dick-auto-feminized-cannabis-seeds-768x768.jpg",768,768,true],"large":["https:\/\/bulkgenetics.com\/wp-content\/uploads\/2022\/10\/moby-dick-auto-feminized-cannabis-seeds-1024x1024.jpg",1024,1024,true],"1536x1536":["https:\/\/bulkgenetics.com\/wp-content\/uploads\/2022\/10\/moby-dick-auto-feminized-cannabis-seeds-1536x1536.jpg",1536,1536,true],"2048x2048":["https:\/\/bulkgenetics.com\/wp-content\/uploads\/2022\/10\/moby-dick-auto-feminized-cannabis-seeds.jpg",1600,1600,false],"commercegurus-pdp-large":["https:\/\/bulkgenetics.com\/wp-content\/uploads\/2022\/10\/moby-dick-auto-feminized-cannabis-seeds-990x990.jpg",990,990,true],"commercegurus-plp-mobile":["https:\/\/bulkgenetics.com\/wp-content\/uploads\/2022\/10\/moby-dick-auto-feminized-cannabis-seeds-441x441.jpg",441,441,true],"cgkit_image_swatch":["https:\/\/bulkgenetics.com\/wp-content\/uploads\/2022\/10\/moby-dick-auto-feminized-cannabis-seeds-100x100.jpg",100,100,true],"woocommerce_thumbnail":["https:\/\/bulkgenetics.com\/wp-content\/uploads\/2022\/10\/moby-dick-auto-feminized-cannabis-seeds-300x300.jpg",300,300,true],"woocommerce_single":["https:\/\/bulkgenetics.com\/wp-content\/uploads\/2022\/10\/moby-dick-auto-feminized-cannabis-seeds-800x800.jpg",800,800,true],"woocommerce_gallery_thumbnail":["https:\/\/bulkgenetics.com\/wp-content\/uploads\/2022\/10\/moby-dick-auto-feminized-cannabis-seeds-150x150.jpg",150,150,true],"dgwt-wcas-product-suggestion":["https:\/\/bulkgenetics.com\/wp-content\/uploads\/2022\/10\/moby-dick-auto-feminized-cannabis-seeds-64x64.jpg",64,64,true]},"uagb_author_info":{"display_name":"Bruno Crespo","author_link":"https:\/\/bulkgenetics.com\/de\/author\/"},"uagb_comment_info":0,"uagb_excerpt":"Moby Dick Auto ist eine mega-schnelle Version der ber\u00fchmten Sorte von Dinafem. In etwa 70 Tagen nach der Keimung erntest du Pflanzen mit einer diskreten H\u00f6he von unter 130 cm und mit einer brutalen Menge an Knospen. Sie sind hart, fett und mit einer dicken Harzschicht \u00fcberzogen, als ob Zucker auf sie gefallen w\u00e4re. Ein&hellip;","_links":{"self":[{"href":"https:\/\/bulkgenetics.com\/de\/wp-json\/wp\/v2\/product\/10119","targetHints":{"allow":["GET"]}}],"collection":[{"href":"https:\/\/bulkgenetics.com\/de\/wp-json\/wp\/v2\/product"}],"about":[{"href":"https:\/\/bulkgenetics.com\/de\/wp-json\/wp\/v2\/types\/product"}],"replies":[{"embeddable":true,"href":"https:\/\/bulkgenetics.com\/de\/wp-json\/wp\/v2\/comments?post=10119"}],"wp:featuredmedia":[{"embeddable":true,"href":"https:\/\/bulkgenetics.com\/de\/wp-json\/wp\/v2\/media\/30157"}],"wp:attachment":[{"href":"https:\/\/bulkgenetics.com\/de\/wp-json\/wp\/v2\/media?parent=10119"}],"wp:term":[{"taxonomy":"product_brand","embeddable":true,"href":"https:\/\/bulkgenetics.com\/de\/wp-json\/wp\/v2\/product_brand?post=10119"},{"taxonomy":"product_cat","embeddable":true,"href":"https:\/\/bulkgenetics.com\/de\/wp-json\/wp\/v2\/product_cat?post=10119"},{"taxonomy":"product_tag","embeddable":true,"href":"https:\/\/bulkgenetics.com\/de\/wp-json\/wp\/v2\/product_tag?post=10119"}],"curies":[{"name":"wp","href":"https:\/\/api.w.org\/{rel}","templated":true}]}}