{"id":10137,"date":"2022-10-04T16:49:51","date_gmt":"2022-10-04T14:49:51","guid":{"rendered":"https:\/\/www.bulkgenetics.com\/lemon-haze-auto\/"},"modified":"2025-01-16T15:31:59","modified_gmt":"2025-01-16T14:31:59","slug":"lemon-haze-auto","status":"publish","type":"product","link":"https:\/\/bulkgenetics.com\/de\/lemon-haze-auto\/","title":{"rendered":"Lemon Haze Auto"},"content":{"rendered":"\n<p><strong>Lemon Haze Auto<\/strong> ist unsere superschnelle Version der legend\u00e4ren Super Lemon Haze von Greenhouse, einer der k\u00f6stlichsten Haze-Hybriden aller Zeiten, die f\u00fcr ihren intensiven Zitronengeschmack bekannt ist.<\/p>\n\n<p><strong>\n  <a href=\"https:\/\/bulkgenetics.com\/es\/super-lemon-haze\/\">Super Zitrone Haze<\/a>\n<\/strong> ist eine <strong>Sativa-dominante<\/strong> Sorte, die aus der Kreuzung des mehrfachen Champions <a href=\"https:\/\/bulkgenetics.com\/es\/super-silver-haze\/\">Super Silver Haze<\/a> mit der <a href=\"https:\/\/bulkgenetics.com\/es\/lemon-skunk\/\">Lemon Skunk<\/a> entstanden ist, die fantastische Zitrusnoten liefert und die Bl\u00fctezeit verk\u00fcrzt.<\/p>\n\n<p>Es ist eine Sorte, die international gro\u00dfes Ansehen genie\u00dft, mit durchweg positiven Bewertungen und Meinungen auf Websites wie Leafly und Seedfinder. Und in anderen, wie z.B. Growdiaries, kannst du Follow-ups sehen, die wirklich erstaunlich sind.<\/p>\n\n<h2 class=\"wp-block-heading\">Wie man Lemon Haze Auto anbaut<\/h2>\n\n<p>Pflanzen mit einer hohen Skunk-Belastung sind immer sehr pflegeleicht und widerstandsf\u00e4hig. Und in diesem Fall k\u00f6nnte es nicht weniger sein. Es ist die typische Genetik, die alle Anbauer lieben, weil sie immer erstklassige Ernten garantiert.<\/p>\n\n<p>Sie bleibt unter 110 cm, was sie sehr geeignet f\u00fcr kleine Terrassen oder Balkone macht, wo sie vor neugierigen Blicken gesch\u00fctzt ist.<\/p>\n\n<p>Vermeide das Umpflanzen w\u00e4hrend der Wachstumsphase. Sie ist so kurz, 3-4 Wochen, dass es nicht ratsam ist, dass die Pflanzen ihr Wachstum f\u00fcr ein paar Tage verlangsamen, wie es nach einem Topfwechsel typisch ist. Am besten verwendest du von Anfang an einen gro\u00dfen Beh\u00e4lter von mindestens 20 Litern, damit sich die Pflanzen ungest\u00f6rt entwickeln k\u00f6nnen.<\/p>\n\n<p>Von der Keimung der Samen<strong> bis zur Ernte musst du nur 65-70 Tage warten<\/strong>. Es ist m\u00f6glich, w\u00e4hrend der Freilandsaison bis zu 3 aufeinanderfolgende Ernten zu erzielen.<\/p>\n\n<h2 class=\"wp-block-heading\">Merkmale von Lemon Haze Auto<\/h2>\n\n<p>Sie produziert sehr auff\u00e4llige, gro\u00dfe, schwere, mega-klebrige Knospen, die w\u00e4hrend der Bl\u00fcte einen intensiven Geruch verstr\u00f6men. In Innenr\u00e4umen raten wir dir, einen guten Kohlefilter zu verwenden, um Probleme mit den Nachbarn zu vermeiden.<\/p>\n\n<p>Das Aroma und der Geschmack sind eindeutig zitronig, aber es gibt auch exotische Noten von Limetten und Harth\u00f6lzern mit einem Hauch von Sch\u00e4rfe, die sie von ihren Haze-Genen geerbt hat.<\/p>\n\n<p><strong>Die Wirkung ist stark<\/strong> und ideal f\u00fcr den Tagesgenuss. Nach ein paar Z\u00fcgen wirst du sp\u00fcren, wie eine gl\u00fcckselige Welle von Energie und Kreativit\u00e4t \u00fcber deinen K\u00f6rper schwappt und dich f\u00fcr lange Stunden high h\u00e4lt.<\/p>\n\n<p>Die Ertr\u00e4ge sind hoch und im Freien kann man mit einer 300-350W LED leicht <strong>550 Gramm pro m\u00b2<\/strong> erreichen. Im Freien bringen die gr\u00f6\u00dferen Pflanzen<strong> bis zu 150 Gramm<\/strong> ein.<\/p>\n\n<div style=\"height:50px\" aria-hidden=\"true\" class=\"wp-block-spacer uag-hide-mob\"><\/div>\n\n<div class=\"wp-block-columns is-layout-flex wp-container-core-columns-is-layout-28f84493 wp-block-columns-is-layout-flex\">\n<div class=\"wp-block-column is-layout-flow wp-block-column-is-layout-flow\">\n<p class=\"has-text-align-center has-medium-font-size\"><strong>Was wir am meisten m\u00f6gen<\/strong><\/p>\n\n\n\n<ul class=\"wp-block-list\">\n<li>Sehr einfach zu z\u00fcchten.<\/li>\n\n\n\n<li>XXL-Produktion.<\/li>\n\n\n\n<li>Intensiver Zitronengeschmack.<\/li>\n\n\n\n<li>Die Erntezeit betr\u00e4gt nur 65-70 Tage.<\/li>\n\n\n\n<li>Sehr energiegeladene und kreative Effekte.<\/li>\n\n\n\n<li>Sein Preis.<\/li>\n<\/ul>\n<\/div>\n\n\n\n<div class=\"wp-block-column is-layout-flow wp-block-column-is-layout-flow\">\n<p class=\"has-text-align-center has-medium-font-size\"><strong>Was wir am wenigsten m\u00f6gen<\/strong><\/p>\n\n\n\n<ul class=\"wp-block-list\">\n<li>In der Bl\u00fctezeit duftet sie sehr gut.<\/li>\n<\/ul>\n<\/div>\n<\/div>\n\n<div style=\"height:50px\" aria-hidden=\"true\" class=\"wp-block-spacer uag-hide-mob\"><\/div>\n\n<h2 class=\"wp-block-heading\">H\u00e4ufig gestellte Fragen<\/h2>\n\n<p>Wenn du Fragen zum Anbau dieser billigen Massensamen hast, beantworten wir dir unten die h\u00e4ufigsten Fragen:<\/p>\n<div id=\"rank-math-faq\" class=\"rank-math-block\">\n<div class=\"rank-math-list \">\n<div id=\"faq-question-1663029074962\" class=\"rank-math-list-item\">\n<h3 class=\"rank-math-question \">Wann beginnt die Bl\u00fctezeit von Lemon Haze Auto?<\/h3>\n<div class=\"rank-math-answer \">\n\n<p>Die Wachstumsphase ist sehr kurz, nur 3-4 Wochen. Dann werden die Pflanzen anfangen zu bl\u00fchen.<\/p>\n\n<\/div>\n<\/div>\n<div id=\"faq-question-1663029159933\" class=\"rank-math-list-item\">\n<h3 class=\"rank-math-question \">Wie lange dauert es, Lemon Haze Auto nach der Keimung zu ernten?<\/h3>\n<div class=\"rank-math-answer \">\n\n<p>Insgesamt wird sie in 65-70 Tagen geerntet, gerechnet ab der Keimung der Samen.<\/p>\n\n<\/div>\n<\/div>\n<div id=\"faq-question-1663029165861\" class=\"rank-math-list-item\">\n<h3 class=\"rank-math-question \">Wie baut man eine feminisierte Lemon Haze Auto an?<\/h3>\n<div class=\"rank-math-answer \">\n\n<p>Sie ist eine sehr einfach anzubauende, robuste und diskrete Marihuanapflanze. Verwende vom ersten Tag an einen gro\u00dfen Topf, damit die Pflanzen in die H\u00f6he wachsen k\u00f6nnen.<\/p>\n\n<\/div>\n<\/div>\n<div id=\"faq-question-1666780029954\" class=\"rank-math-list-item\">\n<h3 class=\"rank-math-question \">Was sind die Auswirkungen von Lemon Haze Auto in gro\u00dfen Mengen?<\/h3>\n<div class=\"rank-math-answer \">\n\n<p>Die Effekte sind kraftvoll, sehr energiegeladen, freudig und kreativ. Sie ist die perfekte Cannabissorte f\u00fcr das Rauchen am Tag.<\/p>\n\n<\/div>\n<\/div>\n<\/div>\n<\/div>","protected":false},"excerpt":{"rendered":"<p>Lemon Haze Auto ist eine Sativa-dominante Kreuzung aus Super Silver Haze x Lemon Skunk x Ruderalis. Aufgrund ihrer diskreten Gr\u00f6\u00dfe von 80-110 cm ist sie eine ideale Pflanze f\u00fcr kleine Au\u00dfenbereiche. Sie hat einen sehr kurzen Lebenszyklus und kann bereits 65-70 Tage nach der Keimung geerntet werden. Die Knospen sind gro\u00df, l\u00e4nglich, dicht und salbungsvoll, mit einem angenehmen Aroma von Zitrone sehr suggestiv. Die Auswirkungen sind positiv, du wirst all deine Probleme vergessen, dein K\u00f6rper wird mit Energie aufgeladen und dein Geist wird mit enormer Kreativit\u00e4t flie\u00dfen.<\/p>\n","protected":false},"featured_media":11732,"comment_status":"open","ping_status":"closed","template":"","meta":{"_acf_changed":false,"inline_featured_image":false,"_uag_custom_page_level_css":""},"product_brand":[],"product_cat":[2114],"product_tag":[],"class_list":{"0":"post-10137","1":"product","2":"type-product","3":"status-publish","4":"has-post-thumbnail","6":"product_cat-autoflowering-cannabis-samen","8":"first","9":"instock","10":"taxable","11":"shipping-taxable","12":"purchasable","13":"product-type-simple"},"acf":[],"uagb_featured_image_src":{"full":["https:\/\/bulkgenetics.com\/wp-content\/uploads\/2022\/10\/lemon-haze-auto.jpg",1600,1600,false],"thumbnail":["https:\/\/bulkgenetics.com\/wp-content\/uploads\/2022\/10\/lemon-haze-auto-150x150.jpg",150,150,true],"medium":["https:\/\/bulkgenetics.com\/wp-content\/uploads\/2022\/10\/lemon-haze-auto-300x300.jpg",300,300,true],"medium_large":["https:\/\/bulkgenetics.com\/wp-content\/uploads\/2022\/10\/lemon-haze-auto-768x768.jpg",768,768,true],"large":["https:\/\/bulkgenetics.com\/wp-content\/uploads\/2022\/10\/lemon-haze-auto-1024x1024.jpg",1024,1024,true],"1536x1536":["https:\/\/bulkgenetics.com\/wp-content\/uploads\/2022\/10\/lemon-haze-auto-1536x1536.jpg",1536,1536,true],"2048x2048":["https:\/\/bulkgenetics.com\/wp-content\/uploads\/2022\/10\/lemon-haze-auto.jpg",1600,1600,false],"commercegurus-pdp-large":["https:\/\/bulkgenetics.com\/wp-content\/uploads\/2022\/10\/lemon-haze-auto-990x990.jpg",990,990,true],"commercegurus-plp-mobile":["https:\/\/bulkgenetics.com\/wp-content\/uploads\/2022\/10\/lemon-haze-auto-441x441.jpg",441,441,true],"cgkit_image_swatch":["https:\/\/bulkgenetics.com\/wp-content\/uploads\/2022\/10\/lemon-haze-auto-100x100.jpg",100,100,true],"woocommerce_thumbnail":["https:\/\/bulkgenetics.com\/wp-content\/uploads\/2022\/10\/lemon-haze-auto-300x300.jpg",300,300,true],"woocommerce_single":["https:\/\/bulkgenetics.com\/wp-content\/uploads\/2022\/10\/lemon-haze-auto-800x800.jpg",800,800,true],"woocommerce_gallery_thumbnail":["https:\/\/bulkgenetics.com\/wp-content\/uploads\/2022\/10\/lemon-haze-auto-150x150.jpg",150,150,true],"dgwt-wcas-product-suggestion":["https:\/\/bulkgenetics.com\/wp-content\/uploads\/2022\/10\/lemon-haze-auto-64x64.jpg",64,64,true]},"uagb_author_info":{"display_name":"Bruno Crespo","author_link":"https:\/\/bulkgenetics.com\/de\/author\/"},"uagb_comment_info":1,"uagb_excerpt":"Lemon Haze Auto ist eine Sativa-dominante Kreuzung aus Super Silver Haze x Lemon Skunk x Ruderalis. Aufgrund ihrer diskreten Gr\u00f6\u00dfe von 80-110 cm ist sie eine ideale Pflanze f\u00fcr kleine Au\u00dfenbereiche. Sie hat einen sehr kurzen Lebenszyklus und kann bereits 65-70 Tage nach der Keimung geerntet werden. Die Knospen sind gro\u00df, l\u00e4nglich, dicht und salbungsvoll,&hellip;","_links":{"self":[{"href":"https:\/\/bulkgenetics.com\/de\/wp-json\/wp\/v2\/product\/10137","targetHints":{"allow":["GET"]}}],"collection":[{"href":"https:\/\/bulkgenetics.com\/de\/wp-json\/wp\/v2\/product"}],"about":[{"href":"https:\/\/bulkgenetics.com\/de\/wp-json\/wp\/v2\/types\/product"}],"replies":[{"embeddable":true,"href":"https:\/\/bulkgenetics.com\/de\/wp-json\/wp\/v2\/comments?post=10137"}],"wp:featuredmedia":[{"embeddable":true,"href":"https:\/\/bulkgenetics.com\/de\/wp-json\/wp\/v2\/media\/11732"}],"wp:attachment":[{"href":"https:\/\/bulkgenetics.com\/de\/wp-json\/wp\/v2\/media?parent=10137"}],"wp:term":[{"taxonomy":"product_brand","embeddable":true,"href":"https:\/\/bulkgenetics.com\/de\/wp-json\/wp\/v2\/product_brand?post=10137"},{"taxonomy":"product_cat","embeddable":true,"href":"https:\/\/bulkgenetics.com\/de\/wp-json\/wp\/v2\/product_cat?post=10137"},{"taxonomy":"product_tag","embeddable":true,"href":"https:\/\/bulkgenetics.com\/de\/wp-json\/wp\/v2\/product_tag?post=10137"}],"curies":[{"name":"wp","href":"https:\/\/api.w.org\/{rel}","templated":true}]}}