{"id":10138,"date":"2022-10-04T16:52:00","date_gmt":"2022-10-04T14:52:00","guid":{"rendered":"https:\/\/www.bulkgenetics.com\/lsd-auto\/"},"modified":"2024-10-08T01:13:49","modified_gmt":"2024-10-07T23:13:49","slug":"lsd-auto","status":"publish","type":"product","link":"https:\/\/bulkgenetics.com\/de\/lsd-auto\/","title":{"rendered":"LSD Auto"},"content":{"rendered":"\n<p>Wir pr\u00e4sentieren Ihnen LSD Auto, eine der besondersten autoflowering Sorten in unserem Katalog, die immer fantastische Bewertungen erh\u00e4lt.<\/p>\n\n\n\n<p><a href=\"https:\/\/bulkgenetics.com\/de\/lsd\/\" data-type=\"product\" data-id=\"9812\">LSD<\/a> ist ein Hybrid mit einer starken Indica-Dominanz und eines der Flaggschiffe von Barney&#8217;s Farm. Es handelt sich um eine Kreuzung aus Skunk #1 x Mazar von extremer Potenz. Der Name LSD ist nicht umsonst; er bezieht sich auf seine trippy Effekte.<\/p>\n\n\n\n<p>Es ist eine Sorte, die von Banken wie FastBuds h\u00e4ufig variiert wird. Selbst Barney&#8217;s Farm hat eine eigene autoflowering Version. Der einzige Unterschied, wie uns die Z\u00fcchter gestehen, ist, dass unsere Gro\u00dfhandelssamen billiger sind.<\/p>\n\n\n\n<h2 class=\"wp-block-heading\">Wie man LSD Auto anbaut<\/h2>\n\n\n\n<p>Jeder Skunk-Hybrid steht f\u00fcr einfach anzubauende, widerstandsf\u00e4hige, qualitativ hochwertige Pflanzen. Und in diesem Fall trifft das zu. Es handelt sich um eine automatische Pflanze, die das Leben des Z\u00fcchters nicht kompliziert macht.<\/p>\n\n\n\n<p>Es ist nicht die kleinste oder diskreteste autoflowering Pflanze. Aber im Gegensatz dazu wird ihr Ertrag von vielen anderen beneidet. Bei Verwendung eines gro\u00dfen Topfes von Anfang an k\u00f6nnen die Pflanzen eine H\u00f6he von 130 cm erreichen.<\/p>\n\n\n\n<p>Der Lebenszyklus ist sehr kurz, und schon nach 9-10 Wochen ab dem Zeitpunkt der Samenkeimung k\u00f6nnen die spektakul\u00e4rsten und duftendsten Bl\u00fcten, die Sie sich vorstellen k\u00f6nnen, geerntet werden.<\/p>\n\n\n\n<h2 class=\"wp-block-heading\">Eigenschaften von LSD Auto<\/h2>\n\n\n\n<p>Die Bl\u00fcten sind gro\u00df und l\u00e4nglich wie Baseballschl\u00e4ger. Einige Ph\u00e4notypen erwerben am Ende der Bl\u00fcte sehr auff\u00e4llige braun\/rot gef\u00e4rbte T\u00f6ne, die noch mehr mit ihrem dicken Harzmantel kontrastieren.<\/p>\n\n\n\n<p>Das Aroma und der Geschmack sind komplex, und obwohl die skunky Noten sehr pr\u00e4sent sind, dominieren andere wie Zitrus, Blumen, erdig und sogar Ankl\u00e4nge an Kastanien.<\/p>\n\n\n\n<p>Die Wirkungen sind sehr stark. Ein paar Z\u00fcge reichen aus, um Ihren K\u00f6rper voller Energie abheben zu lassen. Trotz ihrer Indica-Dominanz ist sie so euphorisch und kreativ wie eine Sativa.<\/p>\n\n\n\n<p>Die Ertr\u00e4ge bei Pflanzen, die im Freien eine gr\u00f6\u00dfere H\u00f6he erreichen, erreichen leicht 200 Gramm. Im Innenbereich, mit einer 300-350 w LED-Lampe pro m\u00b2, wird es nicht schwierig sein, 600 Gramm zu erreichen.<\/p>\n\n\n\n<div style=\"height:50px\" aria-hidden=\"true\" class=\"wp-block-spacer uag-hide-mob\"><\/div>\n\n\n\n<div class=\"wp-block-columns is-layout-flex wp-container-core-columns-is-layout-28f84493 wp-block-columns-is-layout-flex\">\n<div class=\"wp-block-column is-layout-flow wp-block-column-is-layout-flow\">\n<p class=\"has-text-align-center has-medium-font-size\"><strong>Was wir am meisten m\u00f6gen<\/strong><\/p>\n\n\n\n<ul class=\"wp-block-list\">\n<li>Sehr einfach zu z\u00fcchten.<\/li>\n\n\n\n<li>XXL-Produktion.<\/li>\n\n\n\n<li>Wird in insgesamt 9-10 Wochen geerntet.<\/li>\n\n\n\n<li>Sehr euphorische, energiereiche und kreative Effekte.<\/li>\n\n\n\n<li>Sein Preis.<\/li>\n<\/ul>\n<\/div>\n\n\n\n<div class=\"wp-block-column is-layout-flow wp-block-column-is-layout-flow\">\n<p class=\"has-text-align-center has-medium-font-size\"><strong>Was wir am wenigsten m\u00f6gen<\/strong><\/p>\n\n\n\n<ul class=\"wp-block-list\">\n<li>Es duftet sehr stark w\u00e4hrend der Bl\u00fctezeit.<\/li>\n<\/ul>\n<\/div>\n<\/div>\n\n\n\n<div style=\"height:50px\" aria-hidden=\"true\" class=\"wp-block-spacer uag-hide-mob\"><\/div>\n\n\n\n<h2 class=\"wp-block-heading\">H\u00e4ufig gestellte Fragen<\/h2>\n\n\n\n<p>Unten finden Sie die am h\u00e4ufigsten gestellten Fragen von Z\u00fcchtern, die an diesen Gro\u00dfhandel-Marihuanasamen interessiert sind:<\/p>\n\n\n<div id=\"rank-math-faq\" class=\"rank-math-block\">\n<div class=\"rank-math-list \">\n<div id=\"faq-question-1663029074962\" class=\"rank-math-list-item\">\n<h3 class=\"rank-math-question \">Wann beginnt LSD Auto zu bl\u00fchen?<\/h3>\n<div class=\"rank-math-answer \">\n\n<p>Die Wachstumsperiode ist sehr kurz, nur 3-4 Wochen. Danach beginnt die Bl\u00fctephase.<\/p>\n\n<\/div>\n<\/div>\n<div id=\"faq-question-1663029159933\" class=\"rank-math-list-item\">\n<h3 class=\"rank-math-question \">Wie lange dauert es, eine LSD Auto ab Keimung zu ernten?<\/h3>\n<div class=\"rank-math-answer \">\n\n<p>Es handelt sich um eine sehr schnelle autoflowering Cannabis-Sorte, die in insgesamt 9-10 Wochen geerntet wird.<\/p>\n\n<\/div>\n<\/div>\n<div id=\"faq-question-1663029165861\" class=\"rank-math-list-item\">\n<h3 class=\"rank-math-question \">Wie z\u00fcchtet man eine feminisierte LSD Auto?<\/h3>\n<div class=\"rank-math-answer \">\n\n<p>Als guter Nachfahre von Skunk ist sie sehr widerstandsf\u00e4hig und ben\u00f6tigt kaum Pflege. Stellen Sie ihr von Anfang an ein gutes Substrat und einen gro\u00dfen Topf zur Verf\u00fcgung.<\/p>\n\n<\/div>\n<\/div>\n<div id=\"faq-question-1666780029954\" class=\"rank-math-list-item\">\n<h3 class=\"rank-math-question \">Welche Wirkungen hat die Gro\u00dfhandels-LSD Auto?<\/h3>\n<div class=\"rank-math-answer \">\n\n<p>Es handelt sich um eine Marihuanasorte mit Indica-Dominanz, aber ihre Wirkungen sind sehr euphorisch, energiereich und kreativ wie die einer Sativa.<\/p>\n\n<\/div>\n<\/div>\n<\/div>\n<\/div>","protected":false},"excerpt":{"rendered":"<p>LSD Auto ist eine Sorte, die f\u00fcr Anf\u00e4nger wegen ihrer einfachen Kultivierung, aber auch f\u00fcr Veteranen wegen der Qualit\u00e4t ihrer Ernten interessant ist. Sie ist eine Indica-dominante Skunk-Afghani-Kreuzung von Mazar-i-Sharif, die in nur 9-10 Wochen nach der Keimung fette, kompakte Knospen liefert, die mit einer brutalen Harzschicht bedeckt sind. Ein zitrusartiger, blumiger und erdiger Rauch wird deinen Geschmacks- und Geruchssinn wecken. Danach flie\u00dft ein intensiver Strom durch deinen K\u00f6rper, der dir eine starke Dosis an Energie, Euphorie und Kreativit\u00e4t verleiht.<\/p>\n","protected":false},"featured_media":31771,"comment_status":"open","ping_status":"closed","template":"","meta":{"_acf_changed":false,"inline_featured_image":false,"_uag_custom_page_level_css":""},"product_brand":[],"product_cat":[2114,4113],"product_tag":[],"class_list":{"0":"post-10138","1":"product","2":"type-product","3":"status-publish","4":"has-post-thumbnail","6":"product_cat-autoflowering-cannabis-samen","7":"product_cat-cannabis-samen-unter-1-euro","9":"first","10":"instock","11":"sale","12":"taxable","13":"shipping-taxable","14":"purchasable","15":"product-type-simple"},"acf":[],"uagb_featured_image_src":{"full":["https:\/\/bulkgenetics.com\/wp-content\/uploads\/2022\/10\/lsd-auto-strain-feminized-bulk-cannabis-seeds.jpg",1600,1600,false],"thumbnail":["https:\/\/bulkgenetics.com\/wp-content\/uploads\/2022\/10\/lsd-auto-strain-feminized-bulk-cannabis-seeds-150x150.jpg",150,150,true],"medium":["https:\/\/bulkgenetics.com\/wp-content\/uploads\/2022\/10\/lsd-auto-strain-feminized-bulk-cannabis-seeds-300x300.jpg",300,300,true],"medium_large":["https:\/\/bulkgenetics.com\/wp-content\/uploads\/2022\/10\/lsd-auto-strain-feminized-bulk-cannabis-seeds-768x768.jpg",768,768,true],"large":["https:\/\/bulkgenetics.com\/wp-content\/uploads\/2022\/10\/lsd-auto-strain-feminized-bulk-cannabis-seeds-1024x1024.jpg",1024,1024,true],"1536x1536":["https:\/\/bulkgenetics.com\/wp-content\/uploads\/2022\/10\/lsd-auto-strain-feminized-bulk-cannabis-seeds-1536x1536.jpg",1536,1536,true],"2048x2048":["https:\/\/bulkgenetics.com\/wp-content\/uploads\/2022\/10\/lsd-auto-strain-feminized-bulk-cannabis-seeds.jpg",1600,1600,false],"commercegurus-pdp-large":["https:\/\/bulkgenetics.com\/wp-content\/uploads\/2022\/10\/lsd-auto-strain-feminized-bulk-cannabis-seeds-990x990.jpg",990,990,true],"commercegurus-plp-mobile":["https:\/\/bulkgenetics.com\/wp-content\/uploads\/2022\/10\/lsd-auto-strain-feminized-bulk-cannabis-seeds-441x441.jpg",441,441,true],"cgkit_image_swatch":["https:\/\/bulkgenetics.com\/wp-content\/uploads\/2022\/10\/lsd-auto-strain-feminized-bulk-cannabis-seeds-100x100.jpg",100,100,true],"woocommerce_thumbnail":["https:\/\/bulkgenetics.com\/wp-content\/uploads\/2022\/10\/lsd-auto-strain-feminized-bulk-cannabis-seeds-300x300.jpg",300,300,true],"woocommerce_single":["https:\/\/bulkgenetics.com\/wp-content\/uploads\/2022\/10\/lsd-auto-strain-feminized-bulk-cannabis-seeds-800x800.jpg",800,800,true],"woocommerce_gallery_thumbnail":["https:\/\/bulkgenetics.com\/wp-content\/uploads\/2022\/10\/lsd-auto-strain-feminized-bulk-cannabis-seeds-150x150.jpg",150,150,true],"dgwt-wcas-product-suggestion":["https:\/\/bulkgenetics.com\/wp-content\/uploads\/2022\/10\/lsd-auto-strain-feminized-bulk-cannabis-seeds-64x64.jpg",64,64,true]},"uagb_author_info":{"display_name":"\u00c1ngel Flores","author_link":"https:\/\/bulkgenetics.com\/de\/author\/"},"uagb_comment_info":0,"uagb_excerpt":"LSD Auto ist eine Sorte, die f\u00fcr Anf\u00e4nger wegen ihrer einfachen Kultivierung, aber auch f\u00fcr Veteranen wegen der Qualit\u00e4t ihrer Ernten interessant ist. Sie ist eine Indica-dominante Skunk-Afghani-Kreuzung von Mazar-i-Sharif, die in nur 9-10 Wochen nach der Keimung fette, kompakte Knospen liefert, die mit einer brutalen Harzschicht bedeckt sind. Ein zitrusartiger, blumiger und erdiger Rauch&hellip;","_links":{"self":[{"href":"https:\/\/bulkgenetics.com\/de\/wp-json\/wp\/v2\/product\/10138","targetHints":{"allow":["GET"]}}],"collection":[{"href":"https:\/\/bulkgenetics.com\/de\/wp-json\/wp\/v2\/product"}],"about":[{"href":"https:\/\/bulkgenetics.com\/de\/wp-json\/wp\/v2\/types\/product"}],"replies":[{"embeddable":true,"href":"https:\/\/bulkgenetics.com\/de\/wp-json\/wp\/v2\/comments?post=10138"}],"wp:featuredmedia":[{"embeddable":true,"href":"https:\/\/bulkgenetics.com\/de\/wp-json\/wp\/v2\/media\/31771"}],"wp:attachment":[{"href":"https:\/\/bulkgenetics.com\/de\/wp-json\/wp\/v2\/media?parent=10138"}],"wp:term":[{"taxonomy":"product_brand","embeddable":true,"href":"https:\/\/bulkgenetics.com\/de\/wp-json\/wp\/v2\/product_brand?post=10138"},{"taxonomy":"product_cat","embeddable":true,"href":"https:\/\/bulkgenetics.com\/de\/wp-json\/wp\/v2\/product_cat?post=10138"},{"taxonomy":"product_tag","embeddable":true,"href":"https:\/\/bulkgenetics.com\/de\/wp-json\/wp\/v2\/product_tag?post=10138"}],"curies":[{"name":"wp","href":"https:\/\/api.w.org\/{rel}","templated":true}]}}