{"id":10139,"date":"2022-10-04T16:48:31","date_gmt":"2022-10-04T14:48:31","guid":{"rendered":"https:\/\/www.bulkgenetics.com\/og-kush-cbd-auto\/"},"modified":"2022-11-10T16:06:24","modified_gmt":"2022-11-10T15:06:24","slug":"og-kush-cbd-auto","status":"publish","type":"product","link":"https:\/\/bulkgenetics.com\/de\/og-kush-cbd-auto\/","title":{"rendered":"OG Kush CBD Auto"},"content":{"rendered":"\n<p><strong>OG Kush CBD Auto<\/strong> ist die schnellste und therapeutischste Version der gro\u00dfen amerikanischen Legende.<strong> Es hat ein THC:CBD-Verh\u00e4ltnis zwischen 1:1 und 1:3<\/strong>, mit bis zu dreimal so viel CBD wie THC. Es schmeckt wie Marihuana, es riecht wie Marihuana, aber es verursacht nicht die typischen Wirkungen von Marihuana.<\/p>\n\n<p><strong>\n  <a href=\"https:\/\/bulkgenetics.com\/es\/og-kush\/\">OG Kush<\/a>\n<\/strong> ist wahrscheinlich eine <strong>Chemdawg x Lemon Thai\/Hindu Kush<\/strong> Kreuzung, die an der Westk\u00fcste der USA in Kalifornien entwickelt wurde. OG steht f\u00fcr <em>Ocean Grow<\/em>. Das hei\u00dft, eine Kush, die im Ozean w\u00e4chst. Oder in diesem Fall nahe dran.<\/p>\n\n<p>Sie ist die am meisten nachgefragte Sorte in medizinischen Cannabis-Apotheken in Nordamerika und hat einige der st\u00e4rksten Hybriden von heute hervorgebracht, wie z.B. <strong>\n  <a href=\"https:\/\/bulkgenetics.com\/es\/bruce-banner\/\">Bruce Banner<\/a>\n<\/strong>, <strong>\n  <a href=\"https:\/\/bulkgenetics.com\/es\/girl-scout-cookies\/\">Pfadfinderinnen-Kekse<\/a>\n<\/strong>, <strong><a href=\"https:\/\/bulkgenetics.com\/es\/gelato-33\/\">Gelato<\/a> <\/strong>o <strong>\n  <a href=\"https:\/\/bulkgenetics.com\/es\/candy-kush\/\">Kandy Kush<\/a>\n<\/strong>.<\/p>\n\n<h2 class=\"wp-block-heading\">Wachsende OG Kush CBD Auto<\/h2>\n\n<p>Sie ist eine sehr einfache und robuste Pflanze, die schnell auf eine maximale H\u00f6he von 130 cm w\u00e4chst. Sie ist eine gro\u00dfe autoflowering Pflanze mit \u00fcberdurchschnittlichen Ertr\u00e4gen.<\/p>\n\n<p>Sie hat eine sehr kurze Wachstumsperiode, nach <strong>3-4 Wochen nach der Keimung beginnen die Samen zu bl\u00fchen<\/strong>. W\u00e4hrend dieser Zeit sollten die Pflanzen so viel wie m\u00f6glich wachsen k\u00f6nnen. Anbauer entscheiden sich oft vom ersten Tag an f\u00fcr einen gro\u00dfen Topf, um das typische Abw\u00fcrgen nach dem Umpflanzen zu vermeiden.<\/p>\n\n<p>Es ist auch eine sehr schnelle Sorte, die <strong>in insgesamt 70 Tagen<\/strong> nach der Keimung <strong>geerntet wird<\/strong>. Es ist m\u00f6glich, w\u00e4hrend der gesamten Freilandsaison bis zu 3 aufeinanderfolgende Ernten anzubauen.<\/p>\n\n<h2 class=\"wp-block-heading\">Merkmale von OG Kush CBD Auto<\/h2>\n\n<p>Die Knospen sind nicht \u00fcberm\u00e4\u00dfig gro\u00df, eher mittelgro\u00df, eher wie Golfb\u00e4lle. Aber sie sind sehr, sehr zahlreich, besonders kompakt und super klebrig. Sie ist in den USA eine sehr klassische Sorte f\u00fcr die Herstellung von BHO und Kolophonium.<\/p>\n\n<p>Das <strong>Aroma und der Geschmack<\/strong> sind ihrer OG Kush-Mutter treu, dominiert von zitronigen Zitrusnoten mit der klassischen Kraftstoffs\u00e4ure der Chemdawg-Hybriden.<\/p>\n\n<p>Die psychoaktiven <strong>Wirkungen <\/strong>sind leicht bis mittelstark. Der THC-Gehalt liegt zwischen 5% und 10%, der <strong>CBD-Gehalt zwischen 10% und 15%<\/strong>. Sie verursacht Gl\u00fccksgef\u00fchle und Wohlbefinden, mit interessanter K\u00f6rperentspannung und ohne Blockaden.<\/p>\n\n<p>Was den Ertrag angeht, kannst du im Freien und bei gr\u00f6\u00dferen Pflanzen mit bis zu 150 Gramm Knospen pro Pflanze rechnen. In Innenr\u00e4umen bringt er ohne gro\u00dfen Aufwand <strong>400-450 Gramm pro m\u00b2<\/strong>.<\/p>\n\n<div style=\"height:50px\" aria-hidden=\"true\" class=\"wp-block-spacer uag-hide-mob\"><\/div>\n\n<div class=\"wp-block-columns is-layout-flex wp-container-core-columns-is-layout-28f84493 wp-block-columns-is-layout-flex\">\n<div class=\"wp-block-column is-layout-flow wp-block-column-is-layout-flow\">\n<p class=\"has-text-align-center has-medium-font-size\"><strong>Was wir am meisten m\u00f6gen<\/strong><\/p>\n\n\n\n<ul class=\"wp-block-list\">\n<li>Sehr einfach zu z\u00fcchten.<\/li>\n\n\n\n<li>Hohe Produktion.<\/li>\n\n\n\n<li>Sie wird in nur 70 Tagen geerntet.<\/li>\n\n\n\n<li>Authentischer OG-Geschmack.<\/li>\n\n\n\n<li>Sehr therapeutisch.<\/li>\n\n\n\n<li>Gl\u00fcckliche und entspannende Effekte, ohne Blockaden.<\/li>\n\n\n\n<li>Sein Preis.<\/li>\n<\/ul>\n<\/div>\n\n\n\n<div class=\"wp-block-column is-layout-flow wp-block-column-is-layout-flow\">\n<p class=\"has-text-align-center has-medium-font-size\"><strong>Was wir am wenigsten m\u00f6gen<\/strong><\/p>\n\n\n\n<ul class=\"wp-block-list\">\n<li>Wenn du auf der Suche nach einem starken Rausch bist, ist dies nicht die richtige Pflanze f\u00fcr dich.<\/li>\n<\/ul>\n<\/div>\n<\/div>\n\n<div style=\"height:50px\" aria-hidden=\"true\" class=\"wp-block-spacer uag-hide-mob\"><\/div>\n\n<h2 class=\"wp-block-heading\">H\u00e4ufig gestellte Fragen<\/h2>\n\n<p>Im Folgenden findest du die Antworten auf einige der h\u00e4ufigsten Fragen, die uns von Z\u00fcchtern gestellt werden, die sich f\u00fcr diese Genetik interessieren:<\/p>\n<div id=\"rank-math-faq\" class=\"rank-math-block\">\n<div class=\"rank-math-list \">\n<div id=\"faq-question-1663029074962\" class=\"rank-math-list-item\">\n<h3 class=\"rank-math-question \">Wann beginnt die OG Kush CBD Auto zu bl\u00fchen?<\/h3>\n<div class=\"rank-math-answer \">\n\n<p>Etwa 3-4 Wochen nachdem die Samen gekeimt sind, beginnt die Bl\u00fctephase.<\/p>\n\n<\/div>\n<\/div>\n<div id=\"faq-question-1663029159933\" class=\"rank-math-list-item\">\n<h3 class=\"rank-math-question \">Wie lange dauert es, eine OG Kush CBD Auto nach der Keimung zu ernten?<\/h3>\n<div class=\"rank-math-answer \">\n\n<p>Insgesamt wird sie in 70 Tagen nach der Keimung geerntet.<\/p>\n\n<\/div>\n<\/div>\n<div id=\"faq-question-1663029165861\" class=\"rank-math-list-item\">\n<h3 class=\"rank-math-question \">Wie baut man eine feminisierte OG Kush CBD Auto an?<\/h3>\n<div class=\"rank-math-answer \">\n\n<p>Sie ist sehr einfach anzubauen. Wenn du vom ersten Tag an einen gro\u00dfen Topf verwendest, k\u00f6nnen die Pflanzen 130 cm hoch werden.<\/p>\n\n<\/div>\n<\/div>\n<div id=\"faq-question-1666780029954\" class=\"rank-math-list-item\">\n<h3 class=\"rank-math-question \">Welche Wirkungen hat OG Kush CBD Auto in gro\u00dfen Mengen?<\/h3>\n<div class=\"rank-math-answer \">\n\n<p>Es hat leichte psychoaktive Wirkungen. Es entspannt den K\u00f6rper und erheitert den Geist, ohne jegliche Blockaden.<\/p>\n\n<\/div>\n<\/div>\n<\/div>\n<\/div>","protected":false},"excerpt":{"rendered":"<p>OG Kush CBD Auto ist die schnellste und cannabidiol- oder CBD-reichste Version der amerikanischen Legende. Es ist perfekt f\u00fcr Menschen, die die Vorteile von Cannabis nutzen wollen, ohne die psychoaktiven Wirkungen von THC erleiden zu m\u00fcssen. Sie ist eine pflegeleichte Pflanze, die maximal 130 cm hoch wird und sehr diskret f\u00fcr den Anbau auf Balkonen oder Terrassen ist. Die Knospen sind gro\u00df, rund, hart und harzig und haben ein au\u00dfergew\u00f6hnliches Aroma von Zitrusfr\u00fcchten, Kiefern und Erde. Die Wirkung ist entspannend und klar, ohne irgendeine Art von geistiger Schwere zu verursachen.<\/p>\n","protected":false},"featured_media":11962,"comment_status":"open","ping_status":"closed","template":"","meta":{"_acf_changed":false,"inline_featured_image":false,"_uag_custom_page_level_css":""},"product_brand":[],"product_cat":[2114],"product_tag":[],"class_list":{"0":"post-10139","1":"product","2":"type-product","3":"status-publish","4":"has-post-thumbnail","6":"product_cat-autoflowering-cannabis-samen","8":"first","9":"instock","10":"taxable","11":"shipping-taxable","12":"purchasable","13":"product-type-simple"},"acf":[],"uagb_featured_image_src":{"full":["https:\/\/bulkgenetics.com\/wp-content\/uploads\/2022\/10\/og-kush-cbd-auto.jpg",1600,1600,false],"thumbnail":["https:\/\/bulkgenetics.com\/wp-content\/uploads\/2022\/10\/og-kush-cbd-auto-150x150.jpg",150,150,true],"medium":["https:\/\/bulkgenetics.com\/wp-content\/uploads\/2022\/10\/og-kush-cbd-auto-300x300.jpg",300,300,true],"medium_large":["https:\/\/bulkgenetics.com\/wp-content\/uploads\/2022\/10\/og-kush-cbd-auto-768x768.jpg",768,768,true],"large":["https:\/\/bulkgenetics.com\/wp-content\/uploads\/2022\/10\/og-kush-cbd-auto-1024x1024.jpg",1024,1024,true],"1536x1536":["https:\/\/bulkgenetics.com\/wp-content\/uploads\/2022\/10\/og-kush-cbd-auto-1536x1536.jpg",1536,1536,true],"2048x2048":["https:\/\/bulkgenetics.com\/wp-content\/uploads\/2022\/10\/og-kush-cbd-auto.jpg",1600,1600,false],"commercegurus-pdp-large":["https:\/\/bulkgenetics.com\/wp-content\/uploads\/2022\/10\/og-kush-cbd-auto-990x990.jpg",990,990,true],"commercegurus-plp-mobile":["https:\/\/bulkgenetics.com\/wp-content\/uploads\/2022\/10\/og-kush-cbd-auto-441x441.jpg",441,441,true],"cgkit_image_swatch":["https:\/\/bulkgenetics.com\/wp-content\/uploads\/2022\/10\/og-kush-cbd-auto-100x100.jpg",100,100,true],"woocommerce_thumbnail":["https:\/\/bulkgenetics.com\/wp-content\/uploads\/2022\/10\/og-kush-cbd-auto-300x300.jpg",300,300,true],"woocommerce_single":["https:\/\/bulkgenetics.com\/wp-content\/uploads\/2022\/10\/og-kush-cbd-auto-800x800.jpg",800,800,true],"woocommerce_gallery_thumbnail":["https:\/\/bulkgenetics.com\/wp-content\/uploads\/2022\/10\/og-kush-cbd-auto-150x150.jpg",150,150,true],"dgwt-wcas-product-suggestion":["https:\/\/bulkgenetics.com\/wp-content\/uploads\/2022\/10\/og-kush-cbd-auto-64x64.jpg",64,64,true]},"uagb_author_info":{"display_name":"Bruno Crespo","author_link":"https:\/\/bulkgenetics.com\/de\/author\/"},"uagb_comment_info":0,"uagb_excerpt":"OG Kush CBD Auto ist die schnellste und cannabidiol- oder CBD-reichste Version der amerikanischen Legende. Es ist perfekt f\u00fcr Menschen, die die Vorteile von Cannabis nutzen wollen, ohne die psychoaktiven Wirkungen von THC erleiden zu m\u00fcssen. Sie ist eine pflegeleichte Pflanze, die maximal 130 cm hoch wird und sehr diskret f\u00fcr den Anbau auf Balkonen&hellip;","_links":{"self":[{"href":"https:\/\/bulkgenetics.com\/de\/wp-json\/wp\/v2\/product\/10139","targetHints":{"allow":["GET"]}}],"collection":[{"href":"https:\/\/bulkgenetics.com\/de\/wp-json\/wp\/v2\/product"}],"about":[{"href":"https:\/\/bulkgenetics.com\/de\/wp-json\/wp\/v2\/types\/product"}],"replies":[{"embeddable":true,"href":"https:\/\/bulkgenetics.com\/de\/wp-json\/wp\/v2\/comments?post=10139"}],"wp:featuredmedia":[{"embeddable":true,"href":"https:\/\/bulkgenetics.com\/de\/wp-json\/wp\/v2\/media\/11962"}],"wp:attachment":[{"href":"https:\/\/bulkgenetics.com\/de\/wp-json\/wp\/v2\/media?parent=10139"}],"wp:term":[{"taxonomy":"product_brand","embeddable":true,"href":"https:\/\/bulkgenetics.com\/de\/wp-json\/wp\/v2\/product_brand?post=10139"},{"taxonomy":"product_cat","embeddable":true,"href":"https:\/\/bulkgenetics.com\/de\/wp-json\/wp\/v2\/product_cat?post=10139"},{"taxonomy":"product_tag","embeddable":true,"href":"https:\/\/bulkgenetics.com\/de\/wp-json\/wp\/v2\/product_tag?post=10139"}],"curies":[{"name":"wp","href":"https:\/\/api.w.org\/{rel}","templated":true}]}}