{"id":10140,"date":"2022-10-04T16:50:10","date_gmt":"2022-10-04T14:50:10","guid":{"rendered":"https:\/\/www.bulkgenetics.com\/lemon-skunk-auto\/"},"modified":"2022-11-10T16:06:24","modified_gmt":"2022-11-10T15:06:24","slug":"lemon-skunk-auto","status":"publish","type":"product","link":"https:\/\/bulkgenetics.com\/de\/lemon-skunk-auto\/","title":{"rendered":"Lemon Skunk Auto"},"content":{"rendered":"\n<p><strong>Lemon Skunk Auto<\/strong> ist eine schnelle Autoflowering, sehr produktiv und jeder mag sie, besonders diejenigen, die Zitronen-Zitrus-Aromen lieben.<\/p>\n\n<p>Dies ist unsere schnelle Version des <a href=\"https:\/\/bulkgenetics.com\/es\/lemon-skunk\/\">\n  <strong>Stinktier Spezial<\/strong>\n<\/a>Lemon Skunk, ein Sativa-dominanter Hybrid, der zwei Linien kombiniert <a href=\"https:\/\/bulkgenetics.com\/es\/skunk-1\/\">\n  <strong>Stinktier<\/strong>\n<\/a>. Eine davon ist Las Vegas Lemon Skunk, w\u00e4hrend die Herkunft der anderen eher unbekannt ist.<\/p>\n\n<p>Es handelt sich um eine Sorte, die unter anderem von Banken wie DNA, Greenhouse oder Bulk Seeds bearbeitet wird. Der Unterschied ist, dass unsere losen Marihuana-Samen die g\u00fcnstigsten sind.<\/p>\n\n<h2 class=\"wp-block-heading\">Wie man Lemon Skunk Auto anbaut<\/h2>\n\n<p>Sie ist die typische Pflanze, die allen Anf\u00e4ngern empfohlen wird. Als gute Skunk-Linie ist sie sehr einfach anzubauen und in jedem Klima resistent. <strong>Er erreicht eine maximale H\u00f6he von 110 cm<\/strong> und ist damit sehr diskret und ideal f\u00fcr Terrassen oder Balkone.<\/p>\n\n<p>Um eine maximale Produktion zu erreichen, sollten die gr\u00f6\u00dften Pflanzen geerntet werden. Die Anbauer entscheiden sich meist vom ersten Tag an f\u00fcr einen gro\u00dfen Topf. So wird das Umpflanzen vermieden, auf das viele Pflanzen mit einem Entwicklungsstopp reagieren.<\/p>\n\n<p>Ab dem Zeitpunkt, an dem die Samen gekeimt sind, musst du <strong>nur noch 9 Wochen warten, bis du ernten kannst<\/strong>. Weil sie so schnell ist, k\u00f6nnen bis zu drei aufeinanderfolgende Ernten vom fr\u00fchen Fr\u00fchjahr bis zum fr\u00fchen Herbst angebaut werden.<\/p>\n\n<h2 class=\"wp-block-heading\">Merkmale von Lemon Skunk Auto<\/h2>\n\n<p>Die Knospen sind ein Spektakel. Sie sind gro\u00df, sehr hart und unglaublich harzig. Sein Geruch ist intensiv und in Innenr\u00e4umen ist ein gutes Anti-Geruchs-System notwendig, um m\u00f6gliche Probleme zu vermeiden.<\/p>\n\n<p>Das Aroma und der Geschmack k\u00f6nnen als <em>skunkig-zitronig <\/em>beschrieben werden, mit frischen, scharfen und s\u00fc\u00dfen Noten. Er bleibt am Gaumen haften und du wirst lange Zeit einen sehr leckeren Zitrusnachgeschmack wahrnehmen.<\/p>\n\n<p><strong>Die Wirkung ist stark<\/strong>, die typische Wohlf\u00fchlsorte, als ob du in eine Welt des Gl\u00fccks eintrittst, in der dich alles zum Lachen bringt.<\/p>\n\n<p>Die Produktion ist in Anbetracht seiner diskreten Gr\u00f6\u00dfe sehr hoch. Die Pflanzen, die im Freien am h\u00f6chsten wachsen, erreichen <strong>150 Gramm<\/strong>. In Innenr\u00e4umen mit einer 300-350 W LED kann jeder bis zu <strong>550 Gramm pro m\u00b2<\/strong> ernten.<\/p>\n\n<div style=\"height:50px\" aria-hidden=\"true\" class=\"wp-block-spacer uag-hide-mob\"><\/div>\n\n<div class=\"wp-block-columns is-layout-flex wp-container-core-columns-is-layout-28f84493 wp-block-columns-is-layout-flex\">\n<div class=\"wp-block-column is-layout-flow wp-block-column-is-layout-flow\">\n<p class=\"has-text-align-center has-medium-font-size\"><strong>Was wir am meisten m\u00f6gen<\/strong><\/p>\n\n\n\n<ul class=\"wp-block-list\">\n<li>Sehr pflegeleicht und widerstandsf\u00e4hig.<\/li>\n\n\n\n<li>XXL-Produktion.<\/li>\n\n\n\n<li>Ernte in nur 9 Wochen.<\/li>\n\n\n\n<li>Intensiver Zitronengeschmack<\/li>\n\n\n\n<li><\/li>\n\n\n\n<li>Sehr fr\u00f6hliche und lachende Effekte.<\/li>\n\n\n\n<li>Sein Preis.<\/li>\n<\/ul>\n<\/div>\n\n\n\n<div class=\"wp-block-column is-layout-flow wp-block-column-is-layout-flow\">\n<p class=\"has-text-align-center has-medium-font-size\"><strong>Was wir am wenigsten m\u00f6gen<\/strong><\/p>\n\n\n\n<ul class=\"wp-block-list\">\n<li>In der Bl\u00fctezeit duftet sie sehr gut.<\/li>\n<\/ul>\n<\/div>\n<\/div>\n\n<div style=\"height:50px\" aria-hidden=\"true\" class=\"wp-block-spacer uag-hide-mob\"><\/div>\n\n<h2 class=\"wp-block-heading\">H\u00e4ufig gestellte Fragen<\/h2>\n\n<p>Nachfolgend findest du die Antworten auf die h\u00e4ufigsten Fragen, die von Z\u00fcchtern gestellt werden, die sich f\u00fcr diese Massensamen interessieren:<\/p>\n<div id=\"rank-math-faq\" class=\"rank-math-block\">\n<div class=\"rank-math-list \">\n<div id=\"faq-question-1663029074962\" class=\"rank-math-list-item\">\n<h3 class=\"rank-math-question \">Wann beginnt die Bl\u00fctezeit von Lemon Skunk Auto?<\/h3>\n<div class=\"rank-math-answer \">\n\n<p>Die Wachstumsperiode ist sehr schnell und die Pflanzen beginnen in 3-4 Wochen zu bl\u00fchen.<\/p>\n\n<\/div>\n<\/div>\n<div id=\"faq-question-1663029159933\" class=\"rank-math-list-item\">\n<h3 class=\"rank-math-question \">Wie lange dauert es, Lemon Skunk Auto nach der Keimung zu ernten?<\/h3>\n<div class=\"rank-math-answer \">\n\n<p>Sie ist eine sehr schnelle autoflowering Cannabissorte, die in insgesamt 9 Wochen geerntet wird.<\/p>\n\n<\/div>\n<\/div>\n<div id=\"faq-question-1663029165861\" class=\"rank-math-list-item\">\n<h3 class=\"rank-math-question \">Wie baut man eine feminisierte Lemon Skunk Auto an?<\/h3>\n<div class=\"rank-math-answer \">\n\n<p>Als gute Skunk ist sie einfach zu z\u00fcchten und sehr widerstandsf\u00e4hig. Verwende vom ersten Tag an einen gro\u00dfen Topf, um das Umtopfen zu vermeiden. Die Pflanzen werden gr\u00f6\u00dfer und produktiver.<\/p>\n\n<\/div>\n<\/div>\n<div id=\"faq-question-1666780029954\" class=\"rank-math-list-item\">\n<h3 class=\"rank-math-question \">Was sind die Auswirkungen von Lemon Skunk Auto in gro\u00dfen Mengen?<\/h3>\n<div class=\"rank-math-answer \">\n\n<p>Die Effekte sind stark, energiegeladen, sehr fr\u00f6hlich und werden dich zum Lachen bringen.<\/p>\n\n<\/div>\n<\/div>\n<\/div>\n<\/div>","protected":false},"excerpt":{"rendered":"<p>Lemon Skunk Auto ist die schnelle Version von Lemon Skunk, einem Sativa-dominanten Hybriden, der zwei Skunk-Linien kombiniert. Es ist eine sehr, sehr einfach anzubauende Pflanze, mit einer diskreten Gr\u00f6\u00dfe und einem sehr kurzen Zyklus. Es dauert nur 9 Wochen von der Keimung bis zur Ernte. Sie produziert eine riesige, mega-klebrige zentrale Knospe mit einem intensiven Aroma von saurer Zitrone mit sehr <em>skunkigen <\/em>Untert\u00f6nen. Die Wirkung ist sehr stark und ausgeglichen. Du wirst merken, wie sich dein Geist mit Energie f\u00fcllt und dein K\u00f6rper in eine progressive Entspannung f\u00e4llt, ohne schwer zu werden.<\/p>\n<div id=\"shoptimizer-modals-wrapper\">\n<div class=\"commercekit-wishlist\"><\/div>\n<\/div>\n","protected":false},"featured_media":11738,"comment_status":"open","ping_status":"closed","template":"","meta":{"_acf_changed":false,"inline_featured_image":false,"_uag_custom_page_level_css":""},"product_brand":[],"product_cat":[2114],"product_tag":[],"class_list":{"0":"post-10140","1":"product","2":"type-product","3":"status-publish","4":"has-post-thumbnail","6":"product_cat-autoflowering-cannabis-samen","8":"first","9":"instock","10":"taxable","11":"shipping-taxable","12":"purchasable","13":"product-type-simple"},"acf":[],"uagb_featured_image_src":{"full":["https:\/\/bulkgenetics.com\/wp-content\/uploads\/2022\/10\/lemon-skunk-auto.jpg",1600,1600,false],"thumbnail":["https:\/\/bulkgenetics.com\/wp-content\/uploads\/2022\/10\/lemon-skunk-auto-150x150.jpg",150,150,true],"medium":["https:\/\/bulkgenetics.com\/wp-content\/uploads\/2022\/10\/lemon-skunk-auto-300x300.jpg",300,300,true],"medium_large":["https:\/\/bulkgenetics.com\/wp-content\/uploads\/2022\/10\/lemon-skunk-auto-768x768.jpg",768,768,true],"large":["https:\/\/bulkgenetics.com\/wp-content\/uploads\/2022\/10\/lemon-skunk-auto-1024x1024.jpg",1024,1024,true],"1536x1536":["https:\/\/bulkgenetics.com\/wp-content\/uploads\/2022\/10\/lemon-skunk-auto-1536x1536.jpg",1536,1536,true],"2048x2048":["https:\/\/bulkgenetics.com\/wp-content\/uploads\/2022\/10\/lemon-skunk-auto.jpg",1600,1600,false],"commercegurus-pdp-large":["https:\/\/bulkgenetics.com\/wp-content\/uploads\/2022\/10\/lemon-skunk-auto-990x990.jpg",990,990,true],"commercegurus-plp-mobile":["https:\/\/bulkgenetics.com\/wp-content\/uploads\/2022\/10\/lemon-skunk-auto-441x441.jpg",441,441,true],"cgkit_image_swatch":["https:\/\/bulkgenetics.com\/wp-content\/uploads\/2022\/10\/lemon-skunk-auto-100x100.jpg",100,100,true],"woocommerce_thumbnail":["https:\/\/bulkgenetics.com\/wp-content\/uploads\/2022\/10\/lemon-skunk-auto-300x300.jpg",300,300,true],"woocommerce_single":["https:\/\/bulkgenetics.com\/wp-content\/uploads\/2022\/10\/lemon-skunk-auto-800x800.jpg",800,800,true],"woocommerce_gallery_thumbnail":["https:\/\/bulkgenetics.com\/wp-content\/uploads\/2022\/10\/lemon-skunk-auto-150x150.jpg",150,150,true],"dgwt-wcas-product-suggestion":["https:\/\/bulkgenetics.com\/wp-content\/uploads\/2022\/10\/lemon-skunk-auto-64x64.jpg",64,64,true]},"uagb_author_info":{"display_name":"Bruno Crespo","author_link":"https:\/\/bulkgenetics.com\/de\/author\/"},"uagb_comment_info":0,"uagb_excerpt":"Lemon Skunk Auto ist die schnelle Version von Lemon Skunk, einem Sativa-dominanten Hybriden, der zwei Skunk-Linien kombiniert. Es ist eine sehr, sehr einfach anzubauende Pflanze, mit einer diskreten Gr\u00f6\u00dfe und einem sehr kurzen Zyklus. Es dauert nur 9 Wochen von der Keimung bis zur Ernte. Sie produziert eine riesige, mega-klebrige zentrale Knospe mit einem intensiven&hellip;","_links":{"self":[{"href":"https:\/\/bulkgenetics.com\/de\/wp-json\/wp\/v2\/product\/10140","targetHints":{"allow":["GET"]}}],"collection":[{"href":"https:\/\/bulkgenetics.com\/de\/wp-json\/wp\/v2\/product"}],"about":[{"href":"https:\/\/bulkgenetics.com\/de\/wp-json\/wp\/v2\/types\/product"}],"replies":[{"embeddable":true,"href":"https:\/\/bulkgenetics.com\/de\/wp-json\/wp\/v2\/comments?post=10140"}],"wp:featuredmedia":[{"embeddable":true,"href":"https:\/\/bulkgenetics.com\/de\/wp-json\/wp\/v2\/media\/11738"}],"wp:attachment":[{"href":"https:\/\/bulkgenetics.com\/de\/wp-json\/wp\/v2\/media?parent=10140"}],"wp:term":[{"taxonomy":"product_brand","embeddable":true,"href":"https:\/\/bulkgenetics.com\/de\/wp-json\/wp\/v2\/product_brand?post=10140"},{"taxonomy":"product_cat","embeddable":true,"href":"https:\/\/bulkgenetics.com\/de\/wp-json\/wp\/v2\/product_cat?post=10140"},{"taxonomy":"product_tag","embeddable":true,"href":"https:\/\/bulkgenetics.com\/de\/wp-json\/wp\/v2\/product_tag?post=10140"}],"curies":[{"name":"wp","href":"https:\/\/api.w.org\/{rel}","templated":true}]}}