{"id":10141,"date":"2022-10-04T16:52:16","date_gmt":"2022-10-04T14:52:16","guid":{"rendered":"https:\/\/www.bulkgenetics.com\/magnum-auto\/"},"modified":"2025-11-25T21:49:48","modified_gmt":"2025-11-25T20:49:48","slug":"magnum-auto","status":"publish","type":"product","link":"https:\/\/bulkgenetics.com\/de\/magnum-auto\/","title":{"rendered":"Magnum Auto"},"content":{"rendered":"\n<p>Magnum Auto ist eine der bekanntesten und am h\u00e4ufigsten angebauten selbstbl\u00fchenden Marihuanasorten der Welt, bekannt f\u00fcr ihre gro\u00dfe Stabilit\u00e4t, Resistenz und Ertrag.<\/p>\n\n\n\n<p>Es ist das Ergebnis der besten Auswahl von Magnum von Buddha Seeds, auf der Suche nach den schnellsten, gr\u00f6\u00dften und produktivsten Exemplaren. So haben wir diese Auto Magnum XXL im Gro\u00dfverkauf oder Super Magnum erreicht, die die Z\u00fcchter so sehr m\u00f6gen.<\/p>\n\n\n\n<h2 class=\"wp-block-heading\">Wie man Magnum Auto anbaut <\/h2>\n\n\n\n<p>Die Magnum Auto Marihuanapflanze ist eine der am einfachsten zu z\u00fcchtenden selbstbl\u00fchenden Sorten. Sie passt sich Innen- und Au\u00dfenbedingungen, warmen und gem\u00e4\u00dfigten Klimazonen, Anf\u00e4ngern und erfahrenen Z\u00fcchtern an&#8230; Man kann immer ein hervorragendes Ergebnis erwarten.<\/p>\n\n\n\n<p>Wir empfehlen, vom ersten Tag an einen gro\u00dfen Topf mit gutem Substrat zu verwenden. So wachsen die Pflanzen ohne den typischen Halt, der manchmal nach einer Transplantation auftritt, und erreichen eine H\u00f6he von bis zu 130 cm. Sie ist nicht die diskreteste selbstbl\u00fchende Sorte aufgrund ihrer Gr\u00f6\u00dfe, aber sie ist zweifellos eine der produktivsten.<\/p>\n\n\n\n<p>Von der Keimung an wird sie in etwa 80-85 Tagen geerntet, was es erm\u00f6glicht, w\u00e4hrend der Fr\u00fchlings- und Sommermonate bis zu 2 aufeinanderfolgende Outdoor-Kulturen zu haben.<\/p>\n\n\n\n<h2 class=\"wp-block-heading\">Eigenschaften von Magnum Auto <\/h2>\n\n\n\n<p>Die Knospen sind brutal gro\u00df, sehr kompakt und harzig. Die Bl\u00fcten aus den Knoten verbinden sich zu langen Schw\u00e4nzen in der Gr\u00f6\u00dfe von Baseballschl\u00e4gern, die sehr leicht zu manicuren sind.<\/p>\n\n\n\n<p>Es dominiert ein sehr frisches und appetitliches Mentholaroma und -geschmack, mit holzigen, w\u00fcrzigen und leicht krautigen Nuancen, die Ihre Geschmacksnerven vibrieren lassen werden.<\/p>\n\n\n\n<p>Die Effekte sind potent und gut ausbalanciert, aber mit einer Dominanz ihrer Sativa-Gene. Der K\u00f6rper wird mit Energie gef\u00fcllt und aus dem Geist flie\u00dfen kreative Ideen, die Sie mit anderen teilen m\u00f6chten.<\/p>\n\n\n\n<p>Die Ertr\u00e4ge sind sehr hoch. Im Freien werden die gr\u00f6\u00dferen Pflanzen leicht 250 Gramm trockene Knospen erreichen. Im Innenbereich kann jeder bis zu 600 Gramm pro m\u00b2 mit 300-350 W LED erreichen.<\/p>\n\n\n\n<div style=\"height:50px\" aria-hidden=\"true\" class=\"wp-block-spacer uag-hide-mob\"><\/div>\n\n\n\n<div class=\"wp-block-columns is-layout-flex wp-container-core-columns-is-layout-28f84493 wp-block-columns-is-layout-flex\">\n<div class=\"wp-block-column is-layout-flow wp-block-column-is-layout-flow\">\n<p class=\"has-text-align-center has-medium-font-size\"><strong>Was wir am meisten m\u00f6gen<\/strong><\/p>\n\n\n\n<ul class=\"wp-block-list\">\n<li>Sehr einfach anzubauen. <\/li>\n\n\n\n<li>XXL Produktion. <\/li>\n\n\n\n<li>Kurzer Lebenszyklus. <\/li>\n\n\n\n<li>Sehr soziale, energetische und kreative Effekte. <\/li>\n\n\n\n<li>Sein Preis.<\/li>\n<\/ul>\n<\/div>\n\n\n\n<div class=\"wp-block-column is-layout-flow wp-block-column-is-layout-flow\">\n<p class=\"has-text-align-center\"><strong>Was uns am wenigsten gef\u00e4llt<\/strong><\/p>\n\n\n\n<ul class=\"wp-block-list\">\n<li>Es riecht sehr stark in der Bl\u00fctezeit.<\/li>\n<\/ul>\n<\/div>\n<\/div>\n\n\n\n<div style=\"height:50px\" aria-hidden=\"true\" class=\"wp-block-spacer uag-hide-mob\"><\/div>\n\n\n\n<h2 class=\"wp-block-heading\">H\u00e4ufig gestellte Fragen<\/h2>\n\n\n\n<p>Im Folgenden beantworten wir die am h\u00e4ufigsten gestellten Fragen von Z\u00fcchtern, die an dieser Sorte interessiert sind:<\/p>\n\n\n<div id=\"rank-math-faq\" class=\"rank-math-block\">\n<div class=\"rank-math-list \">\n<div id=\"faq-question-1663029074962\" class=\"rank-math-list-item\">\n<h3 class=\"rank-math-question \">Wann beginnt die Magnum Auto zu bl\u00fchen?<\/h3>\n<div class=\"rank-math-answer \">\n\n<p>Etwa 4 Wochen nach der Keimung beginnt die Bl\u00fctephase.<\/p>\n\n<\/div>\n<\/div>\n<div id=\"faq-question-1663029159933\" class=\"rank-math-list-item\">\n<h3 class=\"rank-math-question \">Wie lange dauert es, eine Magnum Auto von der Keimung bis zur Ernte?<\/h3>\n<div class=\"rank-math-answer \">\n\n<p>Von der Zeit, in der die Samen keimen, dauert es etwa 80-85 Tage bis zur Ernte.<\/p>\n\n<\/div>\n<\/div>\n<div id=\"faq-question-1663029165861\" class=\"rank-math-list-item\">\n<h3 class=\"rank-math-question \">Wie z\u00fcchtet man eine feminisierte Magnum Auto?<\/h3>\n<div class=\"rank-math-answer \">\n\n<p>Es handelt sich um eine sehr einfach anzubauende, resistente und produktive selbstbl\u00fchende Sorte. Verwenden Sie vom ersten Tag an einen gro\u00dfen Topf, um die gr\u00f6\u00dften Pflanzen zu bekommen.<\/p>\n\n<\/div>\n<\/div>\n<div id=\"faq-question-1666780029954\" class=\"rank-math-list-item\">\n<h3 class=\"rank-math-question \">Was sind die Auswirkungen von Magnum Auto im Gro\u00dfverkauf?<\/h3>\n<div class=\"rank-math-answer \">\n\n<p>Sie hat energetische, kreative und sehr soziale Auswirkungen. Ideal zum Genie\u00dfen in guter Gesellschaft.<\/p>\n\n<\/div>\n<\/div>\n<\/div>\n<\/div>","protected":false},"excerpt":{"rendered":"<p>Magnum Auto ist eine der erfolgreichsten Autoflowering-Sorten. Dies ist ein geheimnisvoller Indica\/Sativa-Hybrid und das Flaggschiff von Buddha Seeds. Sie ist sehr widerstandsf\u00e4hig, pflegeleicht und unauff\u00e4llig, ideal f\u00fcr Terrassen und Balkone. Sie hat einen kurzen Lebenszyklus, insgesamt etwa 80-85 Tage. Die Ertr\u00e4ge sind monstr\u00f6s f\u00fcr ihre Gr\u00f6\u00dfe und erreichen bis zu 250 Gramm steinharte, wabenf\u00f6rmige, klebrige Buds. Sein Geschmack ist sehr frisch, holzig und w\u00fcrzig, w\u00e4hrend seine Wirkung kraftvoll, sehr energiegeladen und kreativ ist.<\/p>\n","protected":false},"featured_media":11893,"comment_status":"open","ping_status":"closed","template":"","meta":{"_acf_changed":false,"inline_featured_image":false,"_uag_custom_page_level_css":""},"product_brand":[],"product_cat":[2114],"product_tag":[],"class_list":{"0":"post-10141","1":"product","2":"type-product","3":"status-publish","4":"has-post-thumbnail","6":"product_cat-autoflowering-cannabis-samen","8":"first","9":"outofstock","10":"taxable","11":"shipping-taxable","12":"purchasable","13":"product-type-simple"},"acf":[],"uagb_featured_image_src":{"full":["https:\/\/bulkgenetics.com\/wp-content\/uploads\/2022\/10\/magnum-auto.jpg",1600,1600,false],"thumbnail":["https:\/\/bulkgenetics.com\/wp-content\/uploads\/2022\/10\/magnum-auto-150x150.jpg",150,150,true],"medium":["https:\/\/bulkgenetics.com\/wp-content\/uploads\/2022\/10\/magnum-auto-300x300.jpg",300,300,true],"medium_large":["https:\/\/bulkgenetics.com\/wp-content\/uploads\/2022\/10\/magnum-auto-768x768.jpg",768,768,true],"large":["https:\/\/bulkgenetics.com\/wp-content\/uploads\/2022\/10\/magnum-auto-1024x1024.jpg",1024,1024,true],"1536x1536":["https:\/\/bulkgenetics.com\/wp-content\/uploads\/2022\/10\/magnum-auto-1536x1536.jpg",1536,1536,true],"2048x2048":["https:\/\/bulkgenetics.com\/wp-content\/uploads\/2022\/10\/magnum-auto.jpg",1600,1600,false],"commercegurus-pdp-large":["https:\/\/bulkgenetics.com\/wp-content\/uploads\/2022\/10\/magnum-auto-990x990.jpg",990,990,true],"commercegurus-plp-mobile":["https:\/\/bulkgenetics.com\/wp-content\/uploads\/2022\/10\/magnum-auto-441x441.jpg",441,441,true],"cgkit_image_swatch":["https:\/\/bulkgenetics.com\/wp-content\/uploads\/2022\/10\/magnum-auto-100x100.jpg",100,100,true],"woocommerce_thumbnail":["https:\/\/bulkgenetics.com\/wp-content\/uploads\/2022\/10\/magnum-auto-300x300.jpg",300,300,true],"woocommerce_single":["https:\/\/bulkgenetics.com\/wp-content\/uploads\/2022\/10\/magnum-auto-800x800.jpg",800,800,true],"woocommerce_gallery_thumbnail":["https:\/\/bulkgenetics.com\/wp-content\/uploads\/2022\/10\/magnum-auto-150x150.jpg",150,150,true],"dgwt-wcas-product-suggestion":["https:\/\/bulkgenetics.com\/wp-content\/uploads\/2022\/10\/magnum-auto-64x64.jpg",64,64,true]},"uagb_author_info":{"display_name":"\u00c1ngel Flores","author_link":"https:\/\/bulkgenetics.com\/de\/author\/"},"uagb_comment_info":1,"uagb_excerpt":"Magnum Auto ist eine der erfolgreichsten Autoflowering-Sorten. Dies ist ein geheimnisvoller Indica\/Sativa-Hybrid und das Flaggschiff von Buddha Seeds. Sie ist sehr widerstandsf\u00e4hig, pflegeleicht und unauff\u00e4llig, ideal f\u00fcr Terrassen und Balkone. Sie hat einen kurzen Lebenszyklus, insgesamt etwa 80-85 Tage. Die Ertr\u00e4ge sind monstr\u00f6s f\u00fcr ihre Gr\u00f6\u00dfe und erreichen bis zu 250 Gramm steinharte, wabenf\u00f6rmige, klebrige&hellip;","_links":{"self":[{"href":"https:\/\/bulkgenetics.com\/de\/wp-json\/wp\/v2\/product\/10141","targetHints":{"allow":["GET"]}}],"collection":[{"href":"https:\/\/bulkgenetics.com\/de\/wp-json\/wp\/v2\/product"}],"about":[{"href":"https:\/\/bulkgenetics.com\/de\/wp-json\/wp\/v2\/types\/product"}],"replies":[{"embeddable":true,"href":"https:\/\/bulkgenetics.com\/de\/wp-json\/wp\/v2\/comments?post=10141"}],"wp:featuredmedia":[{"embeddable":true,"href":"https:\/\/bulkgenetics.com\/de\/wp-json\/wp\/v2\/media\/11893"}],"wp:attachment":[{"href":"https:\/\/bulkgenetics.com\/de\/wp-json\/wp\/v2\/media?parent=10141"}],"wp:term":[{"taxonomy":"product_brand","embeddable":true,"href":"https:\/\/bulkgenetics.com\/de\/wp-json\/wp\/v2\/product_brand?post=10141"},{"taxonomy":"product_cat","embeddable":true,"href":"https:\/\/bulkgenetics.com\/de\/wp-json\/wp\/v2\/product_cat?post=10141"},{"taxonomy":"product_tag","embeddable":true,"href":"https:\/\/bulkgenetics.com\/de\/wp-json\/wp\/v2\/product_tag?post=10141"}],"curies":[{"name":"wp","href":"https:\/\/api.w.org\/{rel}","templated":true}]}}