{"id":10157,"date":"2022-10-04T16:53:55","date_gmt":"2022-10-04T14:53:55","guid":{"rendered":"https:\/\/www.bulkgenetics.com\/mandarine-auto\/"},"modified":"2024-10-08T01:13:49","modified_gmt":"2024-10-07T23:13:49","slug":"mandarine-auto","status":"publish","type":"product","link":"https:\/\/bulkgenetics.com\/de\/mandarine-auto\/","title":{"rendered":"Mandarine Auto"},"content":{"rendered":"\n<p>Mandarine Auto ist eine riesige selbstbl\u00fchende Pflanze, die jeden \u00fcberrascht, der sie anbaut. Sie ist so elegant und produktiv, dass sie zweifellos eine der K\u00f6niginnen in jedem Garten sein wird.<\/p>\n\n\n\n<p>Es handelt sich um eine Hybride mit Indica-Dominanz, die eine Cream Auto und eine Ice Cool kombiniert. Man k\u00f6nnte sagen, dass sie der Cream Mandarine XL Auto von Sweet Seeds sehr \u00e4hnlich ist, die auf Websites wie Growdiaries so gute Bewertungen erh\u00e4lt, aber viel g\u00fcnstiger ist.<\/p>\n\n\n\n<h2 class=\"wp-block-heading\">Wie man Mandarine Auto anbaut <\/h2>\n\n\n\n<p>Es handelt sich nicht um eine sehr anspruchsvolle Marihuanapflanze, und jeder Z\u00fcchter ohne Kenntnisse wird enorme Ergebnisse erzielen. Sie w\u00e4chst unter g\u00fcnstigen Bedingungen bis zu einer H\u00f6he von 150 cm, so dass sie auch nicht die diskreteste selbstbl\u00fchende Pflanze ist.<\/p>\n\n\n\n<p>Wir empfehlen Ihnen, von Anfang an f\u00fcr einen Topf von mindestens 25 Litern zu optieren. Auf diese Weise k\u00f6nnen die Pflanzen ohne den Stillstand wachsen, den manchmal eine Transplantation mit sich bringt, und sie erreichen die maximale Gr\u00f6\u00dfe, bevor die Bl\u00fctephase beginnt.<\/p>\n\n\n\n<p>Sie ist sehr schnell und wird von der Keimung an in insgesamt 9 Wochen geerntet. W\u00e4hrend der Fr\u00fchlings- und Sommermonate k\u00f6nnen bis zu 3 aufeinanderfolgende Kulturen durchgef\u00fchrt werden.<\/p>\n\n\n\n<h2 class=\"wp-block-heading\">Eigenschaften von Mandarine Auto <\/h2>\n\n\n\n<p>Sie produziert eine gro\u00dfe zentrale Knospe, lang und dick, und zahlreiche Satellitenknospen von betr\u00e4chtlicher Gr\u00f6\u00dfe. Au\u00dferdem sind sie kompakt und mit einer dicken Schicht \u00f6liger Harz \u00fcberzogen.<\/p>\n\n\n\n<p>Das Aroma und der Geschmack erben gro\u00dfartige Merkmale ihrer <strong><a href=\"https:\/\/bulkgenetics.com\/de\/new-york-diesel\/\">NYC Diesel<\/a><\/strong>-Gene, mit Zitrusnoten wie Orange und Mandarine und einem sehr typischen Diesel-Hintergrund der amerikanischen St\u00e4mme.<\/p>\n\n\n\n<p>Die Wirkungen sind kraftvoll und gut zwischen physisch und mental ausbalanciert. Nach einem energetischen Anstieg folgt eine anhaltende Entspannung, sehr gl\u00fccklich und fr\u00f6hlich. Es ist eine perfekte Sorte f\u00fcr jede Tageszeit.<\/p>\n\n\n\n<p>Die Ertr\u00e4ge sind sehr hoch und im Freien erreichen Sie leicht 150 Gramm pro Pflanze bei den gr\u00f6\u00dferen. In Innenr\u00e4umen betr\u00e4gt die Produktion mit einem 300-350 W LED-Panel 450-550 Gramm pro m\u00b2.<\/p>\n\n\n\n<div style=\"height:50px\" aria-hidden=\"true\" class=\"wp-block-spacer uag-hide-mob\"><\/div>\n\n\n\n<div class=\"wp-block-columns is-layout-flex wp-container-core-columns-is-layout-28f84493 wp-block-columns-is-layout-flex\">\n<div class=\"wp-block-column is-layout-flow wp-block-column-is-layout-flow\">\n<p class=\"has-text-align-center has-medium-font-size\"><strong>Was wir am meisten m\u00f6gen<\/strong><\/p>\n\n\n\n<ul class=\"wp-block-list\">\n<li>Sehr einfach zu z\u00fcchten. <\/li>\n\n\n\n<li>XL-Produktion. <\/li>\n\n\n\n<li>In nur 9 Wochen geerntet. <\/li>\n\n\n\n<li>Geschmack von Mandarine und Orange. <\/li>\n\n\n\n<li>Ausgewogene Wirkungen. <\/li>\n\n\n\n<li>Ihr Preis.<\/li>\n<\/ul>\n<\/div>\n\n\n\n<div class=\"wp-block-column is-layout-flow wp-block-column-is-layout-flow\">\n<p class=\"has-text-align-center\"><strong>Was uns am wenigsten gef\u00e4llt<\/strong><\/p>\n\n\n\n<ul class=\"wp-block-list\">\n<li>Es riecht viel in der Bl\u00fcte.<\/li>\n<\/ul>\n<\/div>\n<\/div>\n\n\n\n<div style=\"height:50px\" aria-hidden=\"true\" class=\"wp-block-spacer uag-hide-mob\"><\/div>\n\n\n\n<h2 class=\"wp-block-heading\">H\u00e4ufig gestellte Fragen<\/h2>\n\n\n\n<p>Im Folgenden beantworten wir die am h\u00e4ufigsten gestellten Fragen von Z\u00fcchtern, die an dieser Sorte interessiert sind:<\/p>\n\n\n<div id=\"rank-math-faq\" class=\"rank-math-block\">\n<div class=\"rank-math-list \">\n<div id=\"faq-question-1663029074962\" class=\"rank-math-list-item\">\n<h3 class=\"rank-math-question \">Wann beginnt Mandarine Auto zu bl\u00fchen?<\/h3>\n<div class=\"rank-math-answer \">\n\n<p>Die Wachstumsperiode ist sehr kurz. 3-4 Wochen nach der Keimung beginnen die Pflanzen zu bl\u00fchen.<\/p>\n\n<\/div>\n<\/div>\n<div id=\"faq-question-1663029159933\" class=\"rank-math-list-item\">\n<h3 class=\"rank-math-question \">Wie lange dauert es, eine Mandarine Auto von der Keimung bis zur Ernte?<\/h3>\n<div class=\"rank-math-answer \">\n\n<p>Der Lebenszyklus ist sehr kurz und wird in insgesamt 9 Wochen geerntet.<\/p>\n\n<\/div>\n<\/div>\n<div id=\"faq-question-1663029165861\" class=\"rank-math-list-item\">\n<h3 class=\"rank-math-question \">Wie z\u00fcchtet man eine feminisierte Mandarine Auto?<\/h3>\n<div class=\"rank-math-answer \">\n\n<p>Es handelt sich um eine sehr leicht anzubauende, riesige, selbstbl\u00fchende Cannabissorte. W\u00e4hlen Sie vom ersten Tag an einen gro\u00dfen Topf, und Sie erhalten Pflanzen von bis zu 150 cm H\u00f6he.<\/p>\n\n<\/div>\n<\/div>\n<div id=\"faq-question-1666780029954\" class=\"rank-math-list-item\">\n<h3 class=\"rank-math-question \">Welche Wirkungen hat Mandarine Auto in gro\u00dfen Mengen?<\/h3>\n<div class=\"rank-math-answer \">\n\n<p>Sie hat sehr ausgewogene Wirkungen. Sie sind energetisch, fr\u00f6hlich und entspannend zu gleichen Teilen.<\/p>\n\n<\/div>\n<\/div>\n<\/div>\n<\/div>","protected":false},"excerpt":{"rendered":"<p>Mandarine Auto ist eine Pflanze, die jeder liebt, vor allem Liebhaber von s\u00fc\u00dfen Zitrusaromen und -geschmack. Au\u00dferdem ist sie einfach zu pflanzen und winterhart. Sie erreicht eine maximale H\u00f6he von 110 cm und ist damit sehr unauff\u00e4llig. Nach der Keimung dauert es nur 9 Wochen, bis sie erntereif sind. Die Knospen sind gro\u00df, l\u00e4nglich und sehr harzig. Deine Geschmacksnerven werden die s\u00fc\u00dfen Noten von Orange und Mandarine genie\u00dfen. Dein K\u00f6rper und dein Geist werden in eine Achterbahn von berauschenden Gef\u00fchlen gest\u00fcrzt, die am Anfang sehr zerebral und am Ende physisch sind.<\/p>\n","protected":false},"featured_media":31722,"comment_status":"open","ping_status":"closed","template":"","meta":{"_acf_changed":false,"inline_featured_image":false,"_uag_custom_page_level_css":""},"product_brand":[],"product_cat":[2114],"product_tag":[],"class_list":{"0":"post-10157","1":"product","2":"type-product","3":"status-publish","4":"has-post-thumbnail","6":"product_cat-autoflowering-cannabis-samen","8":"first","9":"instock","10":"taxable","11":"shipping-taxable","12":"purchasable","13":"product-type-simple"},"acf":[],"uagb_featured_image_src":{"full":["https:\/\/bulkgenetics.com\/wp-content\/uploads\/2022\/10\/mandarine-auto-autoflowering-bulk-seeds.jpg",1600,1600,false],"thumbnail":["https:\/\/bulkgenetics.com\/wp-content\/uploads\/2022\/10\/mandarine-auto-autoflowering-bulk-seeds-150x150.jpg",150,150,true],"medium":["https:\/\/bulkgenetics.com\/wp-content\/uploads\/2022\/10\/mandarine-auto-autoflowering-bulk-seeds-300x300.jpg",300,300,true],"medium_large":["https:\/\/bulkgenetics.com\/wp-content\/uploads\/2022\/10\/mandarine-auto-autoflowering-bulk-seeds-768x768.jpg",768,768,true],"large":["https:\/\/bulkgenetics.com\/wp-content\/uploads\/2022\/10\/mandarine-auto-autoflowering-bulk-seeds-1024x1024.jpg",1024,1024,true],"1536x1536":["https:\/\/bulkgenetics.com\/wp-content\/uploads\/2022\/10\/mandarine-auto-autoflowering-bulk-seeds-1536x1536.jpg",1536,1536,true],"2048x2048":["https:\/\/bulkgenetics.com\/wp-content\/uploads\/2022\/10\/mandarine-auto-autoflowering-bulk-seeds.jpg",1600,1600,false],"commercegurus-pdp-large":["https:\/\/bulkgenetics.com\/wp-content\/uploads\/2022\/10\/mandarine-auto-autoflowering-bulk-seeds-990x990.jpg",990,990,true],"commercegurus-plp-mobile":["https:\/\/bulkgenetics.com\/wp-content\/uploads\/2022\/10\/mandarine-auto-autoflowering-bulk-seeds-441x441.jpg",441,441,true],"cgkit_image_swatch":["https:\/\/bulkgenetics.com\/wp-content\/uploads\/2022\/10\/mandarine-auto-autoflowering-bulk-seeds-100x100.jpg",100,100,true],"woocommerce_thumbnail":["https:\/\/bulkgenetics.com\/wp-content\/uploads\/2022\/10\/mandarine-auto-autoflowering-bulk-seeds-300x300.jpg",300,300,true],"woocommerce_single":["https:\/\/bulkgenetics.com\/wp-content\/uploads\/2022\/10\/mandarine-auto-autoflowering-bulk-seeds-800x800.jpg",800,800,true],"woocommerce_gallery_thumbnail":["https:\/\/bulkgenetics.com\/wp-content\/uploads\/2022\/10\/mandarine-auto-autoflowering-bulk-seeds-150x150.jpg",150,150,true],"dgwt-wcas-product-suggestion":["https:\/\/bulkgenetics.com\/wp-content\/uploads\/2022\/10\/mandarine-auto-autoflowering-bulk-seeds-64x64.jpg",64,64,true]},"uagb_author_info":{"display_name":"\u00c1ngel Flores","author_link":"https:\/\/bulkgenetics.com\/de\/author\/"},"uagb_comment_info":0,"uagb_excerpt":"Mandarine Auto ist eine Pflanze, die jeder liebt, vor allem Liebhaber von s\u00fc\u00dfen Zitrusaromen und -geschmack. Au\u00dferdem ist sie einfach zu pflanzen und winterhart. Sie erreicht eine maximale H\u00f6he von 110 cm und ist damit sehr unauff\u00e4llig. Nach der Keimung dauert es nur 9 Wochen, bis sie erntereif sind. Die Knospen sind gro\u00df, l\u00e4nglich und&hellip;","_links":{"self":[{"href":"https:\/\/bulkgenetics.com\/de\/wp-json\/wp\/v2\/product\/10157","targetHints":{"allow":["GET"]}}],"collection":[{"href":"https:\/\/bulkgenetics.com\/de\/wp-json\/wp\/v2\/product"}],"about":[{"href":"https:\/\/bulkgenetics.com\/de\/wp-json\/wp\/v2\/types\/product"}],"replies":[{"embeddable":true,"href":"https:\/\/bulkgenetics.com\/de\/wp-json\/wp\/v2\/comments?post=10157"}],"wp:featuredmedia":[{"embeddable":true,"href":"https:\/\/bulkgenetics.com\/de\/wp-json\/wp\/v2\/media\/31722"}],"wp:attachment":[{"href":"https:\/\/bulkgenetics.com\/de\/wp-json\/wp\/v2\/media?parent=10157"}],"wp:term":[{"taxonomy":"product_brand","embeddable":true,"href":"https:\/\/bulkgenetics.com\/de\/wp-json\/wp\/v2\/product_brand?post=10157"},{"taxonomy":"product_cat","embeddable":true,"href":"https:\/\/bulkgenetics.com\/de\/wp-json\/wp\/v2\/product_cat?post=10157"},{"taxonomy":"product_tag","embeddable":true,"href":"https:\/\/bulkgenetics.com\/de\/wp-json\/wp\/v2\/product_tag?post=10157"}],"curies":[{"name":"wp","href":"https:\/\/api.w.org\/{rel}","templated":true}]}}