{"id":10158,"date":"2022-10-04T16:54:28","date_gmt":"2022-10-04T14:54:28","guid":{"rendered":"https:\/\/www.bulkgenetics.com\/maxi-gom-auto\/"},"modified":"2022-11-10T16:06:34","modified_gmt":"2022-11-10T15:06:34","slug":"maxi-gom-auto","status":"publish","type":"product","link":"https:\/\/bulkgenetics.com\/de\/maxi-gom-auto\/","title":{"rendered":"Maxi Gom Auto"},"content":{"rendered":"\n<p><strong>Maxi Gom Auto<\/strong> ist eine sehr beliebte autoflowering Sorte unter europ\u00e4ischen Z\u00fcchtern und bekannt f\u00fcr ihre Zuverl\u00e4ssigkeit. In den H\u00e4nden eines jeden Z\u00fcchters liefert er immer hervorragende Ergebnisse.<\/p>\n\n<p>Maxi Gom war eine der ersten automatischen Cannabissorten, die ihren Weg in die Herzen der G\u00e4rtner gefunden hat. Dies ist ein Kreuz <a href=\"https:\/\/bulkgenetics.com\/es\/critical-mass\/\">\n  <strong>Kritische Masse<\/strong>\n<\/a> x <strong>\n  <a href=\"https:\/\/bulkgenetics.com\/es\/ak-47\/\">AK47<\/a>\n<\/strong> Indica-dominante Kreuzung, entwickelt von Grassomatic.<\/p>\n\n<p>Sie ist eine recht beliebte Sorte und Grow Shops wie PevGrow und Growbarato bieten ihre eigenen Bulk-Samen an. Der einzige Unterschied ist nicht die Qualit\u00e4t, sondern der Preis. Unser Saatgut ist billiger.<\/p>\n\n<h2 class=\"wp-block-heading\">Wie man Maxi Gom Auto anbaut<\/h2>\n\n<p>Es ist die typische Pflanze, die jeder G\u00e4rtner gerne anbaut, weil sie sehr einfach und widerstandsf\u00e4hig ist und nur wenig Pflege ben\u00f6tigt. Seine dezente H\u00f6he von <strong>nur 110 cm<\/strong> ist sehr unauff\u00e4llig und perfekt f\u00fcr kleine Terrassen oder Balkone.<\/p>\n\n<p>Die gr\u00f6\u00dften Exemplare erh\u00e4lt man, wenn von Anfang an ein gro\u00dfer Topf verwendet wird. Auf diese Weise leidet die Pflanze nicht unter den typischen Ausf\u00e4llen nach dem Umpflanzen und kann die maximal m\u00f6gliche Gr\u00f6\u00dfe erreichen, bevor die Bl\u00fcte beginnt.<\/p>\n\n<p>Von der Keimung der Samen <strong>bis zur Ernte in nur 9 Wochen<\/strong>. Da sie so schnell ist, k\u00f6nnen in den Fr\u00fchlings- und Sommermonaten bis zu 3 Ernten hintereinander geerntet werden.<\/p>\n\n<h2 class=\"wp-block-heading\">Merkmale von Maxi Gom Auto<\/h2>\n\n<p>Die Knospen sind so gro\u00df und fett wie Limonadendosen und sehr harzig. Und vergiss nicht, dass die Skunk-Gene ihrer Critical-Mutter sie zu einer sehr duftenden Marihuana-Sorte machen, wenn sie bl\u00fcht.<\/p>\n\n<p><strong>Sein Geschmack ist sehr s\u00fc\u00df und fruchtig<\/strong>, genau wie sein Aroma. Und nat\u00fcrlich kannst du die <em>skunkigen<\/em> Noten sehen, die alle so lieben.<\/p>\n\n<p><strong>Die Wirkung ist stark<\/strong> und mit einer klaren Indica-Dominanz werden entspannende und beruhigende Gef\u00fchle durch deinen K\u00f6rper fegen, die dich in einen Zustand v\u00f6lliger Ruhe versetzen. Er ist perfekt zum Rauchen in der Nacht.<\/p>\n\n<p>Es ist eine Sorte, die f\u00fcr ihre Gr\u00f6\u00dfe einen sehr hohen Ertrag liefert, der im Freien bis zu <strong>200 Gramm pro Pflanze <\/strong>erreicht, wenn sie die gr\u00f6\u00dfte Gr\u00f6\u00dfe erreicht. Im Innenbereich mit 300-350 W LED-Beleuchtung kann jeder Anbauer einen Ertrag von bis zu <strong>550 Gramm pro m\u00b2<\/strong> erzielen.<\/p>\n\n<div style=\"height:50px\" aria-hidden=\"true\" class=\"wp-block-spacer uag-hide-mob\"><\/div>\n\n<div class=\"wp-block-columns is-layout-flex wp-container-core-columns-is-layout-28f84493 wp-block-columns-is-layout-flex\">\n<div class=\"wp-block-column is-layout-flow wp-block-column-is-layout-flow\">\n<p class=\"has-text-align-center has-medium-font-size\"><strong>Was wir am meisten m\u00f6gen<\/strong><\/p>\n\n\n\n<ul class=\"wp-block-list\">\n<li>Sehr einfach zu z\u00fcchten.<\/li>\n\n\n\n<li>XXL-Produktion.<\/li>\n\n\n\n<li>Sie wird in nur 63 Tagen geerntet.<\/li>\n\n\n\n<li>Sehr fruchtiger und zitrischer Geschmack.<\/li>\n\n\n\n<li>Wirkt sehr entspannend und beruhigend.<\/li>\n\n\n\n<li>Sein Preis.<\/li>\n<\/ul>\n<\/div>\n\n\n\n<div class=\"wp-block-column is-layout-flow wp-block-column-is-layout-flow\">\n<p class=\"has-text-align-center has-medium-font-size\"><strong>Was wir am wenigsten m\u00f6gen<\/strong><\/p>\n\n\n\n<ul class=\"wp-block-list\">\n<li>In der Bl\u00fctezeit duftet sie sehr gut.<\/li>\n<\/ul>\n<\/div>\n<\/div>\n\n<div style=\"height:50px\" aria-hidden=\"true\" class=\"wp-block-spacer uag-hide-mob\"><\/div>\n\n<h2 class=\"wp-block-heading\">H\u00e4ufig gestellte Fragen<\/h2>\n\n<p>Im Folgenden findest du die Antworten auf die am h\u00e4ufigsten gestellten Fragen von Z\u00fcchtern, die an dieser Sorte interessiert sind:<\/p>\n<div id=\"rank-math-faq\" class=\"rank-math-block\">\n<div class=\"rank-math-list \">\n<div id=\"faq-question-1663029074962\" class=\"rank-math-list-item\">\n<h3 class=\"rank-math-question \">Wann beginnt die Maxi Gom Auto zu bl\u00fchen?<\/h3>\n<div class=\"rank-math-answer \">\n\n<p>Die Wachstumsperiode ist sehr kurz, nur 3-4 Wochen. Dann beginnen die Pflanzen zu bl\u00fchen.<\/p>\n\n<\/div>\n<\/div>\n<div id=\"faq-question-1663029159933\" class=\"rank-math-list-item\">\n<h3 class=\"rank-math-question \">Wie lange dauert es, eine Maxi Gom Auto nach der Keimung zu ernten?<\/h3>\n<div class=\"rank-math-answer \">\n\n<p>Sie ist eine sehr schnelle autoflowering Cannabissorte, die in insgesamt 9 Wochen geerntet wird.<\/p>\n\n<\/div>\n<\/div>\n<div id=\"faq-question-1663029165861\" class=\"rank-math-list-item\">\n<h3 class=\"rank-math-question \">Wie z\u00fcchte ich eine feminisierte Maxi Gom Auto?<\/h3>\n<div class=\"rank-math-answer \">\n\n<p>Sie ist einfach und erfordert wenig Pflege. Verwende von Anfang an einen gro\u00dfen Topf, um gr\u00f6\u00dfere und produktivere Pflanzen zu bekommen.<\/p>\n\n<\/div>\n<\/div>\n<div id=\"faq-question-1666780029954\" class=\"rank-math-list-item\">\n<h3 class=\"rank-math-question \">Was sind die Auswirkungen von Maxi Gom Auto in gro\u00dfen Mengen?<\/h3>\n<div class=\"rank-math-answer \">\n\n<p>Sie hat eine entspannende und beruhigende Wirkung. Es ist eine Sorte, die gut f\u00fcr den sp\u00e4ten Tag geeignet ist.<\/p>\n\n<\/div>\n<\/div>\n<\/div>\n<\/div>","protected":false},"excerpt":{"rendered":"<p>Maxi Gom Auto ist seit vielen Jahren eine der beliebtesten autoflowering Sorten unter Z\u00fcchtern. Sie ist eine zuverl\u00e4ssige, widerstandsf\u00e4hige und pflegeleichte Pflanze in den H\u00e4nden eines jeden G\u00e4rtners. Mit einer H\u00f6he von nur 110 cm ist er auf Terrassen und Balkonen sehr unauff\u00e4llig. In nur 9 Wochen nach der Keimung bildet sie gro\u00dfe Knospen, die sich zu langen Kolas von mehreren zehn Zentimetern L\u00e4nge zusammenschlie\u00dfen. Ein s\u00fc\u00dfer und fruchtiger Rauch wird deine Sinne wecken und du wirst merken, wie dein K\u00f6rper schw\u00e4cher wird und du dich extrem entspannst.<\/p>\n","protected":false},"featured_media":11912,"comment_status":"open","ping_status":"closed","template":"","meta":{"_acf_changed":false,"inline_featured_image":false,"_uag_custom_page_level_css":""},"product_brand":[],"product_cat":[2114,4113],"product_tag":[],"class_list":{"0":"post-10158","1":"product","2":"type-product","3":"status-publish","4":"has-post-thumbnail","6":"product_cat-autoflowering-cannabis-samen","7":"product_cat-cannabis-samen-unter-1-euro","9":"first","10":"instock","11":"sale","12":"taxable","13":"shipping-taxable","14":"purchasable","15":"product-type-simple"},"acf":[],"uagb_featured_image_src":{"full":["https:\/\/bulkgenetics.com\/wp-content\/uploads\/2022\/10\/maxi-gom-auto.jpg",1600,1600,false],"thumbnail":["https:\/\/bulkgenetics.com\/wp-content\/uploads\/2022\/10\/maxi-gom-auto-150x150.jpg",150,150,true],"medium":["https:\/\/bulkgenetics.com\/wp-content\/uploads\/2022\/10\/maxi-gom-auto-300x300.jpg",300,300,true],"medium_large":["https:\/\/bulkgenetics.com\/wp-content\/uploads\/2022\/10\/maxi-gom-auto-768x768.jpg",768,768,true],"large":["https:\/\/bulkgenetics.com\/wp-content\/uploads\/2022\/10\/maxi-gom-auto-1024x1024.jpg",1024,1024,true],"1536x1536":["https:\/\/bulkgenetics.com\/wp-content\/uploads\/2022\/10\/maxi-gom-auto-1536x1536.jpg",1536,1536,true],"2048x2048":["https:\/\/bulkgenetics.com\/wp-content\/uploads\/2022\/10\/maxi-gom-auto.jpg",1600,1600,false],"commercegurus-pdp-large":["https:\/\/bulkgenetics.com\/wp-content\/uploads\/2022\/10\/maxi-gom-auto-990x990.jpg",990,990,true],"commercegurus-plp-mobile":["https:\/\/bulkgenetics.com\/wp-content\/uploads\/2022\/10\/maxi-gom-auto-441x441.jpg",441,441,true],"cgkit_image_swatch":["https:\/\/bulkgenetics.com\/wp-content\/uploads\/2022\/10\/maxi-gom-auto-100x100.jpg",100,100,true],"woocommerce_thumbnail":["https:\/\/bulkgenetics.com\/wp-content\/uploads\/2022\/10\/maxi-gom-auto-300x300.jpg",300,300,true],"woocommerce_single":["https:\/\/bulkgenetics.com\/wp-content\/uploads\/2022\/10\/maxi-gom-auto-800x800.jpg",800,800,true],"woocommerce_gallery_thumbnail":["https:\/\/bulkgenetics.com\/wp-content\/uploads\/2022\/10\/maxi-gom-auto-150x150.jpg",150,150,true],"dgwt-wcas-product-suggestion":["https:\/\/bulkgenetics.com\/wp-content\/uploads\/2022\/10\/maxi-gom-auto-64x64.jpg",64,64,true]},"uagb_author_info":{"display_name":"Bruno Crespo","author_link":"https:\/\/bulkgenetics.com\/de\/author\/"},"uagb_comment_info":0,"uagb_excerpt":"Maxi Gom Auto ist seit vielen Jahren eine der beliebtesten autoflowering Sorten unter Z\u00fcchtern. Sie ist eine zuverl\u00e4ssige, widerstandsf\u00e4hige und pflegeleichte Pflanze in den H\u00e4nden eines jeden G\u00e4rtners. Mit einer H\u00f6he von nur 110 cm ist er auf Terrassen und Balkonen sehr unauff\u00e4llig. In nur 9 Wochen nach der Keimung bildet sie gro\u00dfe Knospen, die&hellip;","_links":{"self":[{"href":"https:\/\/bulkgenetics.com\/de\/wp-json\/wp\/v2\/product\/10158","targetHints":{"allow":["GET"]}}],"collection":[{"href":"https:\/\/bulkgenetics.com\/de\/wp-json\/wp\/v2\/product"}],"about":[{"href":"https:\/\/bulkgenetics.com\/de\/wp-json\/wp\/v2\/types\/product"}],"replies":[{"embeddable":true,"href":"https:\/\/bulkgenetics.com\/de\/wp-json\/wp\/v2\/comments?post=10158"}],"wp:featuredmedia":[{"embeddable":true,"href":"https:\/\/bulkgenetics.com\/de\/wp-json\/wp\/v2\/media\/11912"}],"wp:attachment":[{"href":"https:\/\/bulkgenetics.com\/de\/wp-json\/wp\/v2\/media?parent=10158"}],"wp:term":[{"taxonomy":"product_brand","embeddable":true,"href":"https:\/\/bulkgenetics.com\/de\/wp-json\/wp\/v2\/product_brand?post=10158"},{"taxonomy":"product_cat","embeddable":true,"href":"https:\/\/bulkgenetics.com\/de\/wp-json\/wp\/v2\/product_cat?post=10158"},{"taxonomy":"product_tag","embeddable":true,"href":"https:\/\/bulkgenetics.com\/de\/wp-json\/wp\/v2\/product_tag?post=10158"}],"curies":[{"name":"wp","href":"https:\/\/api.w.org\/{rel}","templated":true}]}}