{"id":10159,"date":"2022-10-04T16:56:09","date_gmt":"2022-10-04T14:56:09","guid":{"rendered":"https:\/\/www.bulkgenetics.com\/mazar-auto\/"},"modified":"2024-10-08T01:13:48","modified_gmt":"2024-10-07T23:13:48","slug":"mazar-auto","status":"publish","type":"product","link":"https:\/\/bulkgenetics.com\/de\/mazar-auto\/","title":{"rendered":"Mazar Auto"},"content":{"rendered":"\n<p>Mazar Auto ist eine autoflowering Sorte mit gro\u00dfer Indica-Dominanz, die elegant, raffiniert und sehr besonders ist. Es ist die schnellste Version einer der meistverkauften Marihuanasorten von Dutch Passion, ein Verkaufsschlager seit ihrer Einf\u00fchrung vor mehr als 20 Jahren.<\/p>\n\n\n\n<p><strong><a href=\"https:\/\/bulkgenetics.com\/de\/mazar\/\">Mazar<\/a><\/strong> ist eine Kreuzung zwischen <strong><a href=\"https:\/\/bulkgenetics.com\/es\/skunk-1\/\">Skunk #1<\/a><\/strong> und einer afghanischen Sorte aus Mazar-e Sharif, einer Stadt, die im Herzen des Hindu Kush liegt. Auf Websites wie Leafly hat es ausgezeichnete Bewertungen und durchweg positive Meinungen. Und es diente als Grundlage f\u00fcr die Entwicklung von fantastischen Hybriden wie der k\u00f6stlichen Blue Mazar.<\/p>\n\n\n\n<h2 class=\"wp-block-heading\">Wie man Mazar Auto anbaut <\/h2>\n\n\n\n<p>Es ist eine Sorte, die Anf\u00e4ngern wegen ihrer gro\u00dfen Einfachheit gef\u00e4llt. Keine gro\u00dfe Pflege ist notwendig, um beeindruckende Ergebnisse zu erzielen, die den Neid anderer Z\u00fcchter wecken werden.<\/p>\n\n\n\n<p>Wie jede autoflowering Sorte sch\u00e4tzt sie einen gro\u00dfen Topf ab dem ersten Tag, in dem sie ihre Wurzeln ohne Einschr\u00e4nkungen entwickeln kann. Und es vermeidet auch das typische Wachstumsstopp, das nach dem Umpflanzen auftritt.<\/p>\n\n\n\n<p>Sie bleibt unter einer H\u00f6he von 110 cm, so dass sie sehr diskret ist, wenn sie auf Terrassen oder Balkonen angebaut wird. Dar\u00fcber hinaus wird sie in nur 65-70 Tagen geerntet, so dass bis zu 3 aufeinanderfolgende Freilandkulturen pro Saison angebaut werden k\u00f6nnen.<\/p>\n\n\n\n<h2 class=\"wp-block-heading\">Eigenschaften von Mazar Auto <\/h2>\n\n\n\n<p>Die Knospen sind gro\u00df, l\u00e4nglich und dick wie Limonadenflaschen. Sie produzieren eine \u00fcbertriebene Menge an Harz, das in gem\u00e4\u00dfigten Klimazonen mit den sch\u00f6nen braun\/rot T\u00f6nen kontrastiert, die Blumen und Bl\u00e4tter annehmen.<\/p>\n\n\n\n<p>Der Geschmack und das Aroma sind dicht, mit klaren Ankl\u00e4ngen an Haschisch, Erde und Kiefer, auf einem Hintergrund von Zitrus und Weihrauch, der unseren Gaumen erfreuen wird.<\/p>\n\n\n\n<p>Die Effekte sind stark und ideal f\u00fcr den sp\u00e4ten Tag. Nach ein paar Z\u00fcgen taucht der K\u00f6rper in tiefe Entspannung ein und ein L\u00e4cheln zeichnet sich auf dem Gesicht ab.<\/p>\n\n\n\n<p>Die Ertr\u00e4ge sind sehr hoch, wenn man ihre Gr\u00f6\u00dfe ber\u00fccksichtigt. Freilandpflanzen, die eine gr\u00f6\u00dfere Gr\u00f6\u00dfe erreichen, werden bis zu 250 Gramm produzieren. In Innenr\u00e4umen, mit einer 300-350 W LED-Lampe, wird der Ertrag leicht bis zu 550 Gramm pro m\u00b2 erreichen.<\/p>\n\n\n\n<div style=\"height:50px\" aria-hidden=\"true\" class=\"wp-block-spacer uag-hide-mob\"><\/div>\n\n\n\n<div class=\"wp-block-columns is-layout-flex wp-container-core-columns-is-layout-28f84493 wp-block-columns-is-layout-flex\">\n<div class=\"wp-block-column is-layout-flow wp-block-column-is-layout-flow\">\n<p class=\"has-text-align-center has-medium-font-size\"><strong>Was wir am meisten m\u00f6gen<\/strong><\/p>\n\n\n\n<ul class=\"wp-block-list\">\n<li>Sehr leicht anzubauen. <\/li>\n\n\n\n<li>XXL Produktion. <\/li>\n\n\n\n<li>Geerntet in nur 65-70 Tagen. <\/li>\n\n\n\n<li>Sehr gl\u00fcckliche und entspannende Wirkungen.<\/li>\n\n\n\n<li>Sein Preis.<\/li>\n<\/ul>\n<\/div>\n\n\n\n<div class=\"wp-block-column is-layout-flow wp-block-column-is-layout-flow\">\n<p class=\"has-text-align-center\"><strong>Was uns am wenigsten gef\u00e4llt<\/strong><\/p>\n\n\n\n<ul class=\"wp-block-list\">\n<li>Es riecht sehr stark w\u00e4hrend der Bl\u00fcte.<\/li>\n<\/ul>\n<\/div>\n<\/div>\n\n\n\n<div style=\"height:50px\" aria-hidden=\"true\" class=\"wp-block-spacer uag-hide-mob\"><\/div>\n\n\n\n<h2 class=\"wp-block-heading\">H\u00e4ufig gestellte Fragen<\/h2>\n\n\n\n<p>Hier sind die am h\u00e4ufigsten gestellten Fragen, die wir von Z\u00fcchtern erhalten, die an diesen g\u00fcnstigen Samen in gro\u00dfen Mengen interessiert sind:<\/p>\n\n\n<div id=\"rank-math-faq\" class=\"rank-math-block\">\n<div class=\"rank-math-list \">\n<div id=\"faq-question-1663029074962\" class=\"rank-math-list-item\">\n<h3 class=\"rank-math-question \">Wann beginnt Mazar Auto zu bl\u00fchen?<\/h3>\n<div class=\"rank-math-answer \">\n\n<p>Die Bl\u00fcte beginnt nach 3-4 Wochen ab dem Zeitpunkt, an dem die Samen keimen.<\/p>\n\n<\/div>\n<\/div>\n<div id=\"faq-question-1663029159933\" class=\"rank-math-list-item\">\n<h3 class=\"rank-math-question \">Wie lange dauert es, bis eine Mazar Auto von der Keimung geerntet wird?<\/h3>\n<div class=\"rank-math-answer \">\n\n<p>Es handelt sich um eine schnelle autoflowering Marihuanasorte, die 65-70 Tage nach der Keimung geerntet wird.<\/p>\n\n<\/div>\n<\/div>\n<div id=\"faq-question-1663029165861\" class=\"rank-math-list-item\">\n<h3 class=\"rank-math-question \">Wie z\u00fcchtet man eine feminisierte Mazar Auto?<\/h3>\n<div class=\"rank-math-answer \">\n\n<p>Es ist eine einfach anzubauende und widerstandsf\u00e4hige Pflanze. Wenn Sie einen gro\u00dfen Topf ab dem ersten Tag verwenden, erhalten Sie Pflanzen von etwa 110 cm H\u00f6he mit Ertr\u00e4gen von bis zu 250 Gramm.<\/p>\n\n<\/div>\n<\/div>\n<div id=\"faq-question-1666780029954\" class=\"rank-math-list-item\">\n<h3 class=\"rank-math-question \">Welche sind die Wirkungen von Mazar Auto in gro\u00dfen Mengen?<\/h3>\n<div class=\"rank-math-answer \">\n\n<p>Die Wirkungen sind sehr entspannend und gl\u00fccklich. Sie werden mit einem L\u00e4cheln im Gesicht zu Bett gehen.<\/p>\n\n<\/div>\n<\/div>\n<\/div>\n<\/div>","protected":false},"excerpt":{"rendered":"<p>Mazar Auto ist die ultraschnelle Version des Bestsellers von Dutch Passion. Es ist eine Pflanze mit gro\u00dfer Indica-Dominanz, einfach anzubauen, anspruchslos und sehr dankbar. Seine H\u00f6he, die selten einen Meter \u00fcberschreitet, macht ihn sehr geeignet f\u00fcr kleine Terrassen oder Balkone. Sie produziert lange Colas mit steinharten Knospen, die mit einer dicken Schicht klebriger Trichome bedeckt sind. Mach es dir bequem und genie\u00dfe es. Der erdige Kush-Geschmack und das Aroma mit einem Hauch von Weihrauch werden deine Sinne wecken und im Handumdrehen wirst du sp\u00fcren, wie dich eine Wolke in eine warme und einladende Umarmung h\u00fcllt.<\/p>\n","protected":false},"featured_media":32120,"comment_status":"open","ping_status":"closed","template":"","meta":{"_acf_changed":false,"inline_featured_image":false,"_uag_custom_page_level_css":""},"product_brand":[],"product_cat":[2114],"product_tag":[],"class_list":{"0":"post-10159","1":"product","2":"type-product","3":"status-publish","4":"has-post-thumbnail","6":"product_cat-autoflowering-cannabis-samen","8":"first","9":"instock","10":"taxable","11":"shipping-taxable","12":"purchasable","13":"product-type-simple"},"acf":[],"uagb_featured_image_src":{"full":["https:\/\/bulkgenetics.com\/wp-content\/uploads\/2022\/10\/mazar-auto-autoflowering-cannabis-seeds-bulk-genetics.jpg",1600,1600,false],"thumbnail":["https:\/\/bulkgenetics.com\/wp-content\/uploads\/2022\/10\/mazar-auto-autoflowering-cannabis-seeds-bulk-genetics-150x150.jpg",150,150,true],"medium":["https:\/\/bulkgenetics.com\/wp-content\/uploads\/2022\/10\/mazar-auto-autoflowering-cannabis-seeds-bulk-genetics-300x300.jpg",300,300,true],"medium_large":["https:\/\/bulkgenetics.com\/wp-content\/uploads\/2022\/10\/mazar-auto-autoflowering-cannabis-seeds-bulk-genetics-768x768.jpg",768,768,true],"large":["https:\/\/bulkgenetics.com\/wp-content\/uploads\/2022\/10\/mazar-auto-autoflowering-cannabis-seeds-bulk-genetics-1024x1024.jpg",1024,1024,true],"1536x1536":["https:\/\/bulkgenetics.com\/wp-content\/uploads\/2022\/10\/mazar-auto-autoflowering-cannabis-seeds-bulk-genetics-1536x1536.jpg",1536,1536,true],"2048x2048":["https:\/\/bulkgenetics.com\/wp-content\/uploads\/2022\/10\/mazar-auto-autoflowering-cannabis-seeds-bulk-genetics.jpg",1600,1600,false],"commercegurus-pdp-large":["https:\/\/bulkgenetics.com\/wp-content\/uploads\/2022\/10\/mazar-auto-autoflowering-cannabis-seeds-bulk-genetics-990x990.jpg",990,990,true],"commercegurus-plp-mobile":["https:\/\/bulkgenetics.com\/wp-content\/uploads\/2022\/10\/mazar-auto-autoflowering-cannabis-seeds-bulk-genetics-441x441.jpg",441,441,true],"cgkit_image_swatch":["https:\/\/bulkgenetics.com\/wp-content\/uploads\/2022\/10\/mazar-auto-autoflowering-cannabis-seeds-bulk-genetics-100x100.jpg",100,100,true],"woocommerce_thumbnail":["https:\/\/bulkgenetics.com\/wp-content\/uploads\/2022\/10\/mazar-auto-autoflowering-cannabis-seeds-bulk-genetics-300x300.jpg",300,300,true],"woocommerce_single":["https:\/\/bulkgenetics.com\/wp-content\/uploads\/2022\/10\/mazar-auto-autoflowering-cannabis-seeds-bulk-genetics-800x800.jpg",800,800,true],"woocommerce_gallery_thumbnail":["https:\/\/bulkgenetics.com\/wp-content\/uploads\/2022\/10\/mazar-auto-autoflowering-cannabis-seeds-bulk-genetics-150x150.jpg",150,150,true],"dgwt-wcas-product-suggestion":["https:\/\/bulkgenetics.com\/wp-content\/uploads\/2022\/10\/mazar-auto-autoflowering-cannabis-seeds-bulk-genetics-64x64.jpg",64,64,true]},"uagb_author_info":{"display_name":"\u00c1ngel Flores","author_link":"https:\/\/bulkgenetics.com\/de\/author\/"},"uagb_comment_info":0,"uagb_excerpt":"Mazar Auto ist die ultraschnelle Version des Bestsellers von Dutch Passion. Es ist eine Pflanze mit gro\u00dfer Indica-Dominanz, einfach anzubauen, anspruchslos und sehr dankbar. Seine H\u00f6he, die selten einen Meter \u00fcberschreitet, macht ihn sehr geeignet f\u00fcr kleine Terrassen oder Balkone. Sie produziert lange Colas mit steinharten Knospen, die mit einer dicken Schicht klebriger Trichome bedeckt&hellip;","_links":{"self":[{"href":"https:\/\/bulkgenetics.com\/de\/wp-json\/wp\/v2\/product\/10159","targetHints":{"allow":["GET"]}}],"collection":[{"href":"https:\/\/bulkgenetics.com\/de\/wp-json\/wp\/v2\/product"}],"about":[{"href":"https:\/\/bulkgenetics.com\/de\/wp-json\/wp\/v2\/types\/product"}],"replies":[{"embeddable":true,"href":"https:\/\/bulkgenetics.com\/de\/wp-json\/wp\/v2\/comments?post=10159"}],"wp:featuredmedia":[{"embeddable":true,"href":"https:\/\/bulkgenetics.com\/de\/wp-json\/wp\/v2\/media\/32120"}],"wp:attachment":[{"href":"https:\/\/bulkgenetics.com\/de\/wp-json\/wp\/v2\/media?parent=10159"}],"wp:term":[{"taxonomy":"product_brand","embeddable":true,"href":"https:\/\/bulkgenetics.com\/de\/wp-json\/wp\/v2\/product_brand?post=10159"},{"taxonomy":"product_cat","embeddable":true,"href":"https:\/\/bulkgenetics.com\/de\/wp-json\/wp\/v2\/product_cat?post=10159"},{"taxonomy":"product_tag","embeddable":true,"href":"https:\/\/bulkgenetics.com\/de\/wp-json\/wp\/v2\/product_tag?post=10159"}],"curies":[{"name":"wp","href":"https:\/\/api.w.org\/{rel}","templated":true}]}}