{"id":10160,"date":"2022-10-04T17:05:36","date_gmt":"2022-10-04T15:05:36","guid":{"rendered":"https:\/\/www.bulkgenetics.com\/og-kush-auto\/"},"modified":"2024-10-08T01:13:48","modified_gmt":"2024-10-07T23:13:48","slug":"og-kush-auto","status":"publish","type":"product","link":"https:\/\/bulkgenetics.com\/de\/og-kush-auto\/","title":{"rendered":"OG Kush Auto"},"content":{"rendered":"\n<p>OG Kush Auto ist eine selbstbl\u00fchende Sorte, die den ganzen Charme ihrer Mutter OG Kush bewahrt, der ber\u00fchmtesten Sorte in den Vereinigten Staaten, aber in Rekordzeit geerntet werden kann.<\/p>\n\n\n\n<p><a href=\"https:\/\/bulkgenetics.com\/de\/og-kush\/\"><strong>OG Kush<\/strong><\/a> ist m\u00f6glicherweise eine Kreuzung zwischen Chemdawg und einer Hybrid Lemon Thai x Hindu Kush, einer mehrfach preisgekr\u00f6nten Sorte, die viele andere Sorten wie <strong><a href=\"https:\/\/bulkgenetics.com\/de\/bruce-banner\/\">Bruce Banner<\/a><\/strong>,\u00a0<strong><a href=\"https:\/\/bulkgenetics.com\/de\/girl-scout-cookies\/\">Girl Scout Cookies<\/a><\/strong>,\u00a0<strong><a href=\"https:\/\/bulkgenetics.com\/de\/gelato-33\/\">Gelato<\/a><\/strong> oder <strong><a href=\"https:\/\/bulkgenetics.com\/de\/candy-kush\/\">Candy Kush<\/a><\/strong> hervorgebracht hat.<\/p>\n\n\n\n<p>Die Initialen OG stehen f\u00fcr Ocean Grow, da diese Sorte urspr\u00fcnglich in der N\u00e4he der Westk\u00fcste des Bundesstaates Kalifornien wuchs. Heutzutage wird sie von Banken wie Humboldt Seeds, FastBuds, Seedsman, Sensi Seeds, Dinafem oder Piramyd in vielfacher Variation angeboten, unter vielen anderen. Der einzige Unterschied besteht darin, dass unsere Bulk-Samen die g\u00fcnstigsten sind.<\/p>\n\n\n\n<h2 class=\"wp-block-heading\">Wie man OG Kush Auto anbaut<\/h2>\n\n\n\n<p>Es ist eine schnell wachsende und elegante Pflanze mit einer eher s\u00e4ulenartigen Struktur. Bei g\u00fcnstigen Bedingungen kann sie eine H\u00f6he von 1,5 Metern erreichen. Verwenden Sie daf\u00fcr von Anfang an einen gro\u00dfen Topf mit mindestens 20-25 Litern. Auf diese Weise wird das Wachstum der Pflanzen nicht verlangsamt, wie es manchmal beim Umpflanzen der Fall ist, und sie erreichen ihre maximale Gr\u00f6\u00dfe.<\/p>\n\n\n\n<p>Von der Keimung der Samen bis zur Ernte dauert es etwa 63-70 Tage. Im Freien k\u00f6nnen zwei aufeinanderfolgende Ernten w\u00e4hrend der Anbausaison durchgef\u00fchrt werden und bis zu drei, wenn der Oktober trocken ist.<\/p>\n\n\n\n<h2 class=\"wp-block-heading\">Eigenschaften von OG Kush Auto<\/h2>\n\n\n\n<p>Es ist keine Sorte, die f\u00fcr ihre Produktion ber\u00fchmt ist. Ihre Buds sind etwa so gro\u00df wie Golfb\u00e4lle, aber sehr zahlreich, sehr kompakt und \u00fcberm\u00e4\u00dfig harzig.<\/p>\n\n\n\n<p>Sie hat ein nahezu unverwechselbares Aroma und Geschmack, wobei zitronige Noten von Zitrone, Kiefer und Diesel hervorstechen. Dies ist einer ihrer St\u00e4rken und tr\u00e4gt einen Gro\u00dfteil ihrer Ber\u00fchmtheit bei.<\/p>\n\n\n\n<p>Die Wirkung ist sehr potent, mit einem schnellen, animierten und euphorischen Rausch, der Platz f\u00fcr entspanntere, beruhigende und gl\u00fcckliche Empfindungen schafft. Es ist die meist nachgefragte medizinische Marihuana-Sorte in amerikanischen Apotheken.<\/p>\n\n\n\n<p>Die Ertr\u00e4ge sind mittelhoch. Bei Outdoor-Pflanzen, die eine gr\u00f6\u00dfere H\u00f6he erreichen, k\u00f6nnen bis zu 150 Gramm erzielt werden. Mit einem Indoor-LED-Beleuchtungssystem von 300-350 W erreicht die Produktion 500 Gramm pro m\u00b2.<\/p>\n\n\n\n<div style=\"height:50px\" aria-hidden=\"true\" class=\"wp-block-spacer uag-hide-mob\"><\/div>\n\n\n\n<div class=\"wp-block-columns is-layout-flex wp-container-core-columns-is-layout-28f84493 wp-block-columns-is-layout-flex\">\n<div class=\"wp-block-column is-layout-flow wp-block-column-is-layout-flow\">\n<p class=\"has-text-align-center has-medium-font-size\"><strong>Was wir am meisten m\u00f6gen<\/strong><\/p>\n\n\n\n<ul class=\"wp-block-list\">\n<li>Sehr einfach zu z\u00fcchten.<\/li>\n\n\n\n<li>Sehr kurzer Lebenszyklus.<\/li>\n\n\n\n<li>Intensiver Zitronen- und Kieferngeschmack.<\/li>\n\n\n\n<li>Sehr entspannende und gl\u00fcckliche Effekte.<\/li>\n\n\n\n<li>Sein Preis.<\/li>\n<\/ul>\n<\/div>\n\n\n\n<div class=\"wp-block-column is-layout-flow wp-block-column-is-layout-flow\">\n<p class=\"has-text-align-center\"><strong>Was uns am wenigsten gef\u00e4llt:<\/strong><\/p>\n\n\n\n<ul class=\"wp-block-list\">\n<li>Die Produktion ist mittelhoch.<\/li>\n<\/ul>\n<\/div>\n<\/div>\n\n\n\n<div style=\"height:50px\" aria-hidden=\"true\" class=\"wp-block-spacer uag-hide-mob\"><\/div>\n\n\n\n<h2 class=\"wp-block-heading\">H\u00e4ufig gestellte Fragen<\/h2>\n\n\n\n<p>Im Folgenden findest du die Antworten auf die am h\u00e4ufigsten gestellten Fragen von Z\u00fcchtern, die sich f\u00fcr diese Genetik interessieren:<\/p>\n\n\n<div id=\"rank-math-faq\" class=\"rank-math-block\">\n<div class=\"rank-math-list \">\n<div id=\"faq-question-1663029074962\" class=\"rank-math-list-item\">\n<h3 class=\"rank-math-question \">Wann beginnt OG Kush Auto zu bl\u00fchen?<\/h3>\n<div class=\"rank-math-answer \">\n\n<p>Nach einer Wachstumsphase von 3-4 Wochen beginnen die Pflanzen zu bl\u00fchen.<\/p>\n\n<\/div>\n<\/div>\n<div id=\"faq-question-1663029159933\" class=\"rank-math-list-item\">\n<h3 class=\"rank-math-question \">Wie lange dauert es, bis eine OG Kush Auto ab der Keimung geerntet wird?<\/h3>\n<div class=\"rank-math-answer \">\n\n<p>Es ist eine schnell bl\u00fchende Cannabis-Sorte, die insgesamt 8-9 Wochen lang geerntet wird.<\/p>\n\n<\/div>\n<\/div>\n<div id=\"faq-question-1663029165861\" class=\"rank-math-list-item\">\n<h3 class=\"rank-math-question \">Wie z\u00fcchtet man feminisierte OG Kush Auto?<\/h3>\n<div class=\"rank-math-answer \">\n\n<p>Es ist sehr einfach und widerstandsf\u00e4hig. Wenn von Anfang an ein gro\u00dfer Topf verwendet wird, kann sie eine H\u00f6he von 1,5 Metern erreichen.<\/p>\n\n<\/div>\n<\/div>\n<div id=\"faq-question-1666780029954\" class=\"rank-math-list-item\">\n<h3 class=\"rank-math-question \">Was sind die Effekte von OG Kush Auto im Gro\u00dfhandel?<\/h3>\n<div class=\"rank-math-answer \">\n\n<p>Nach einem intensiven, lebhaften und euphorischen Rausch f\u00fcllt sich der K\u00f6rper mit entspannenden Empfindungen. Ideal zum Rauchen in der Nacht.<\/p>\n\n<\/div>\n<\/div>\n<\/div>\n<\/div>","protected":false},"excerpt":{"rendered":"<p>OG Kush Auto beh\u00e4lt die besten Eigenschaften der amerikanischen Legende bei, konzentriert in einer viel diskreteren und sehr schnellen Pflanze. Ihr Lebenszyklus ist sehr kurz und nach der Keimung wird sie in etwa 9-10 Wochen geerntet. Die Knospen sind l\u00e4nglich, hart wie Stahl und klebrig wie Honig. Ein intensiver und durchdringender Zitronengeschmack und -duft wird deinen Gaumen zum Jubeln bringen, w\u00e4hrend ein Tornado euphorischer, gl\u00fccklicher und entspannender Empfindungen dein Wesen \u00fcbernimmt.<\/p>\n","protected":false},"featured_media":11956,"comment_status":"open","ping_status":"closed","template":"","meta":{"_acf_changed":false,"inline_featured_image":false,"_uag_custom_page_level_css":""},"product_brand":[],"product_cat":[2114,4113],"product_tag":[],"class_list":{"0":"post-10160","1":"product","2":"type-product","3":"status-publish","4":"has-post-thumbnail","6":"product_cat-autoflowering-cannabis-samen","7":"product_cat-cannabis-samen-unter-1-euro","9":"first","10":"instock","11":"sale","12":"taxable","13":"shipping-taxable","14":"purchasable","15":"product-type-simple"},"acf":[],"uagb_featured_image_src":{"full":["https:\/\/bulkgenetics.com\/wp-content\/uploads\/2022\/10\/og-kush-auto.jpg",1600,1600,false],"thumbnail":["https:\/\/bulkgenetics.com\/wp-content\/uploads\/2022\/10\/og-kush-auto-150x150.jpg",150,150,true],"medium":["https:\/\/bulkgenetics.com\/wp-content\/uploads\/2022\/10\/og-kush-auto-300x300.jpg",300,300,true],"medium_large":["https:\/\/bulkgenetics.com\/wp-content\/uploads\/2022\/10\/og-kush-auto-768x768.jpg",768,768,true],"large":["https:\/\/bulkgenetics.com\/wp-content\/uploads\/2022\/10\/og-kush-auto-1024x1024.jpg",1024,1024,true],"1536x1536":["https:\/\/bulkgenetics.com\/wp-content\/uploads\/2022\/10\/og-kush-auto-1536x1536.jpg",1536,1536,true],"2048x2048":["https:\/\/bulkgenetics.com\/wp-content\/uploads\/2022\/10\/og-kush-auto.jpg",1600,1600,false],"commercegurus-pdp-large":["https:\/\/bulkgenetics.com\/wp-content\/uploads\/2022\/10\/og-kush-auto-990x990.jpg",990,990,true],"commercegurus-plp-mobile":["https:\/\/bulkgenetics.com\/wp-content\/uploads\/2022\/10\/og-kush-auto-441x441.jpg",441,441,true],"cgkit_image_swatch":["https:\/\/bulkgenetics.com\/wp-content\/uploads\/2022\/10\/og-kush-auto-100x100.jpg",100,100,true],"woocommerce_thumbnail":["https:\/\/bulkgenetics.com\/wp-content\/uploads\/2022\/10\/og-kush-auto-300x300.jpg",300,300,true],"woocommerce_single":["https:\/\/bulkgenetics.com\/wp-content\/uploads\/2022\/10\/og-kush-auto-800x800.jpg",800,800,true],"woocommerce_gallery_thumbnail":["https:\/\/bulkgenetics.com\/wp-content\/uploads\/2022\/10\/og-kush-auto-150x150.jpg",150,150,true],"dgwt-wcas-product-suggestion":["https:\/\/bulkgenetics.com\/wp-content\/uploads\/2022\/10\/og-kush-auto-64x64.jpg",64,64,true]},"uagb_author_info":{"display_name":"\u00c1ngel Flores","author_link":"https:\/\/bulkgenetics.com\/de\/author\/"},"uagb_comment_info":0,"uagb_excerpt":"OG Kush Auto beh\u00e4lt die besten Eigenschaften der amerikanischen Legende bei, konzentriert in einer viel diskreteren und sehr schnellen Pflanze. Ihr Lebenszyklus ist sehr kurz und nach der Keimung wird sie in etwa 9-10 Wochen geerntet. Die Knospen sind l\u00e4nglich, hart wie Stahl und klebrig wie Honig. Ein intensiver und durchdringender Zitronengeschmack und -duft wird&hellip;","_links":{"self":[{"href":"https:\/\/bulkgenetics.com\/de\/wp-json\/wp\/v2\/product\/10160","targetHints":{"allow":["GET"]}}],"collection":[{"href":"https:\/\/bulkgenetics.com\/de\/wp-json\/wp\/v2\/product"}],"about":[{"href":"https:\/\/bulkgenetics.com\/de\/wp-json\/wp\/v2\/types\/product"}],"replies":[{"embeddable":true,"href":"https:\/\/bulkgenetics.com\/de\/wp-json\/wp\/v2\/comments?post=10160"}],"wp:featuredmedia":[{"embeddable":true,"href":"https:\/\/bulkgenetics.com\/de\/wp-json\/wp\/v2\/media\/11956"}],"wp:attachment":[{"href":"https:\/\/bulkgenetics.com\/de\/wp-json\/wp\/v2\/media?parent=10160"}],"wp:term":[{"taxonomy":"product_brand","embeddable":true,"href":"https:\/\/bulkgenetics.com\/de\/wp-json\/wp\/v2\/product_brand?post=10160"},{"taxonomy":"product_cat","embeddable":true,"href":"https:\/\/bulkgenetics.com\/de\/wp-json\/wp\/v2\/product_cat?post=10160"},{"taxonomy":"product_tag","embeddable":true,"href":"https:\/\/bulkgenetics.com\/de\/wp-json\/wp\/v2\/product_tag?post=10160"}],"curies":[{"name":"wp","href":"https:\/\/api.w.org\/{rel}","templated":true}]}}