{"id":10161,"date":"2022-10-04T17:01:31","date_gmt":"2022-10-04T15:01:31","guid":{"rendered":"https:\/\/www.bulkgenetics.com\/nordlicht-auto\/"},"modified":"2024-10-08T01:13:48","modified_gmt":"2024-10-07T23:13:48","slug":"northern-lights-auto","status":"publish","type":"product","link":"https:\/\/bulkgenetics.com\/de\/northern-lights-auto\/","title":{"rendered":"Northern Lights Auto"},"content":{"rendered":"\n<p>Northern Lights Auto ist die autoflowering und schnellere Version der m\u00f6glicherweise einflussreichsten Indica-Cannabissorte in der Geschichte.<\/p>\n\n\n\n<p><strong><a href=\"https:\/\/bulkgenetics.com\/de\/northern-lights\/\">Northern Lights<\/a><\/strong> ist eine alte afghanische Indica, die in Kalifornien gez\u00fcchtet wurde und von Nevil Schoenmakers nach Europa gebracht wurde. Sp\u00e4ter w\u00fcrde sie ein fundamentaler Bestandteil von Sensi Seeds und bei der Entwicklung vieler ihrer Hybriden werden.<\/p>\n\n\n\n<p>Auf Websites wie Growdiaeries hat sie einige der besten Meinungen und Bewertungen. Und es ist eine der am h\u00e4ufigsten angepassten Cannabissorten von Banken wie 00 Seeds oder Royal Queen Seeds. Der einzige Unterschied, den Sie finden werden, ist, dass unsere Gro\u00dfsamen die billigsten sind.<\/p>\n\n\n\n<h2 class=\"wp-block-heading\">Wie man Northern Lights Auto anbaut <\/h2>\n\n\n\n<p>Es ist eine der am einfachsten zu z\u00fcchtenden Pflanzen, bekannt unter Indoor-Z\u00fcchtern f\u00fcr ihren diskreten Geruch. Sie bleibt unter 110 cm hoch, was sie sehr unauff\u00e4llig auf Terrassen, Balkonen oder kleinen G\u00e4rten macht.<\/p>\n\n\n\n<p>Alle autoflowering Marihuanasorten verhalten sich \u00e4hnlich. Sie wachsen etwa 3-4 Wochen und beginnen dann zu bl\u00fchen, unabh\u00e4ngig von ihrer Gr\u00f6\u00dfe und der Menge an Licht, die sie erhalten.<\/p>\n\n\n\n<p>Die Wachstumsphase ist so kurz, dass es ratsam ist, dass die Pflanzen keinen Stillstand in ihrem Wachstum erleben, wie er manchmal nach einer Transplantation auftritt. Was Z\u00fcchter normalerweise tun, ist, von Anfang an einen gro\u00dfen Topf und ein n\u00e4hrstoffreiches Substrat zu verwenden.<\/p>\n\n\n\n<p>Von dem Moment an, in dem die Samen keimen, werden die Bl\u00fcten in 65-70 Tagen fertig sein. Es ist m\u00f6glich, im Laufe der gesamten Outdoor-Saison bis zu 3 aufeinanderfolgende Ernten zu erzielen.<\/p>\n\n\n\n<h2 class=\"wp-block-heading\">Merkmale von Northern Lights Auto <\/h2>\n\n\n\n<p>Es produziert gro\u00dfe, sehr kompakte und sehr harzige Knospen. Sie ist die typische ideale Pflanze, um einen k\u00f6stlichen und authentischen afghanischen Hasch herzustellen.<\/p>\n\n\n\n<p>Das Aroma ist w\u00e4hrend des Wachstums sehr subtil, aber sobald die Bl\u00fcten getrocknet und geheilt sind, wird es intensiver und komplexer. Sie k\u00f6nnen s\u00fc\u00dfe und honigartige, w\u00fcrzige, krautige, erdige und w\u00fcrzige Nuancen wahrnehmen.<\/p>\n\n\n\n<p>Die Wirkungen sind gute Indica, nach ein paar Z\u00fcgen f\u00fchlen Sie sich wie eine riesige, warme und einladende Umarmung. Es ist die perfekte Genetik, um sich nachts zu entspannen und fernzusehen. Oder zumindest zu versuchen, es zu sehen.<\/p>\n\n\n\n<p>Die Produktion ist sehr hoch. In Innenr\u00e4umen kann jeder mit einer 300-350 W LED-Einrichtung 550 Gramm pro m\u00b2 erreichen. Im Freien wird leicht eine Ernte von 200 Gramm pro Pflanze bei den gr\u00f6\u00dferen erreicht.<\/p>\n\n\n\n<div style=\"height:50px\" aria-hidden=\"true\" class=\"wp-block-spacer uag-hide-mob\"><\/div>\n\n\n\n<div class=\"wp-block-columns is-layout-flex wp-container-core-columns-is-layout-28f84493 wp-block-columns-is-layout-flex\">\n<div class=\"wp-block-column is-layout-flow wp-block-column-is-layout-flow\">\n<p class=\"has-text-align-center has-medium-font-size\"><strong>Was wir am meisten m\u00f6gen<\/strong><\/p>\n\n\n\n<ul class=\"wp-block-list\">\n<li>Sehr leicht zu z\u00fcchten. <\/li>\n\n\n\n<li>XXL-Produktion. <\/li>\n\n\n\n<li>In nur 65-70 Tagen geerntet. <\/li>\n\n\n\n<li>Sehr, sehr entspannende Effekte. <\/li>\n\n\n\n<li>Sein Preis.<\/li>\n<\/ul>\n<\/div>\n\n\n\n<div class=\"wp-block-column is-layout-flow wp-block-column-is-layout-flow\">\n<p class=\"has-text-align-center\"><strong>Was uns am wenigsten gef\u00e4llt<\/strong><\/p>\n\n\n\n<ul class=\"wp-block-list\">\n<li>Es ist keine geeignete Sorte f\u00fcr den Tag.<\/li>\n<\/ul>\n<\/div>\n<\/div>\n\n\n\n<div style=\"height:50px\" aria-hidden=\"true\" class=\"wp-block-spacer uag-hide-mob\"><\/div>\n\n\n\n<h2 class=\"wp-block-heading\">H\u00e4ufig gestellte Fragen<\/h2>\n\n\n\n<p>Im Folgenden beantworten wir die am h\u00e4ufigsten gestellten Fragen von Z\u00fcchtern, die an dieser Sorte interessiert sind:<\/p>\n\n\n<div id=\"rank-math-faq\" class=\"rank-math-block\">\n<div class=\"rank-math-list \">\n<div id=\"faq-question-1663029074962\" class=\"rank-math-list-item\">\n<h3 class=\"rank-math-question \">Wann beginnt Northern Lights Auto zu bl\u00fchen?<\/h3>\n<div class=\"rank-math-answer \">\n\n<p>Nach 3-4 Wochen ab der Keimung der Samen beginnen die Pflanzen zu bl\u00fchen.<\/p>\n\n<\/div>\n<\/div>\n<div id=\"faq-question-1663029159933\" class=\"rank-math-list-item\">\n<h3 class=\"rank-math-question \">Wie lange dauert es, eine Northern Lights Auto ab Keimung zu ernten?<\/h3>\n<div class=\"rank-math-answer \">\n\n<p>Es handelt sich um eine sehr schnelle Sorte, die insgesamt in 65-70 Tagen geerntet wird.<\/p>\n\n<\/div>\n<\/div>\n<div id=\"faq-question-1663029165861\" class=\"rank-math-list-item\">\n<h3 class=\"rank-math-question \">Wie z\u00fcchtet man eine feminisierte Northern Lights Auto?<\/h3>\n<div class=\"rank-math-answer \">\n\n<p>Sie ist eine einfache, widerstandsf\u00e4hige und in Bezug auf ihren Geruch sehr diskrete Pflanze. Verwenden Sie vom ersten Tag an einen gro\u00dfen Topf, um die gr\u00f6\u00dften und produktivsten Pflanzen zu erhalten.<\/p>\n\n<\/div>\n<\/div>\n<div id=\"faq-question-1666780029954\" class=\"rank-math-list-item\">\n<h3 class=\"rank-math-question \">Welche Wirkungen hat Northern Lights Auto in Bulk?<\/h3>\n<div class=\"rank-math-answer \">\n\n<p>Sie hat sehr entspannende, warme und schl\u00e4frige Wirkungen. Sie ist perfekt zum Rauchen am Ende des Tages.<\/p>\n<p><\/p>\n\n<\/div>\n<\/div>\n<\/div>\n<\/div>","protected":false},"excerpt":{"rendered":"<p>Northern Lights Auto ist die ultraschnelle Version der einflussreichsten Indica-Sorte der Geschichte. Er ist unauff\u00e4llig und bleibt unter 110 cm hoch, eine ausgezeichnete Wahl f\u00fcr Terrassen und Balkone. Nach der Keimung dauert es nur 9 Wochen, um dichte, kompakte und l\u00e4ngliche Knospen zu ernten, die so viel Harz enthalten, dass es unm\u00f6glich ist, beim Manik\u00fcren nicht h\u00e4ngen zu bleiben. Der Geschmack ist sanft und s\u00fc\u00df und die Wirkung ist stark. Am besten genie\u00dft du sie sp\u00e4t am Tag, um dich extrem zu entspannen.<\/p>\n","protected":false},"featured_media":30115,"comment_status":"open","ping_status":"closed","template":"","meta":{"_acf_changed":false,"inline_featured_image":false,"_uag_custom_page_level_css":""},"product_brand":[],"product_cat":[2114,4113],"product_tag":[],"class_list":{"0":"post-10161","1":"product","2":"type-product","3":"status-publish","4":"has-post-thumbnail","6":"product_cat-autoflowering-cannabis-samen","7":"product_cat-cannabis-samen-unter-1-euro","9":"first","10":"instock","11":"sale","12":"taxable","13":"shipping-taxable","14":"purchasable","15":"product-type-simple"},"acf":[],"uagb_featured_image_src":{"full":["https:\/\/bulkgenetics.com\/wp-content\/uploads\/2022\/10\/northern-lights-auto-autoflowering-cannabis-seeds.jpg",1600,1600,false],"thumbnail":["https:\/\/bulkgenetics.com\/wp-content\/uploads\/2022\/10\/northern-lights-auto-autoflowering-cannabis-seeds-150x150.jpg",150,150,true],"medium":["https:\/\/bulkgenetics.com\/wp-content\/uploads\/2022\/10\/northern-lights-auto-autoflowering-cannabis-seeds-300x300.jpg",300,300,true],"medium_large":["https:\/\/bulkgenetics.com\/wp-content\/uploads\/2022\/10\/northern-lights-auto-autoflowering-cannabis-seeds-768x768.jpg",768,768,true],"large":["https:\/\/bulkgenetics.com\/wp-content\/uploads\/2022\/10\/northern-lights-auto-autoflowering-cannabis-seeds-1024x1024.jpg",1024,1024,true],"1536x1536":["https:\/\/bulkgenetics.com\/wp-content\/uploads\/2022\/10\/northern-lights-auto-autoflowering-cannabis-seeds-1536x1536.jpg",1536,1536,true],"2048x2048":["https:\/\/bulkgenetics.com\/wp-content\/uploads\/2022\/10\/northern-lights-auto-autoflowering-cannabis-seeds.jpg",1600,1600,false],"commercegurus-pdp-large":["https:\/\/bulkgenetics.com\/wp-content\/uploads\/2022\/10\/northern-lights-auto-autoflowering-cannabis-seeds-990x990.jpg",990,990,true],"commercegurus-plp-mobile":["https:\/\/bulkgenetics.com\/wp-content\/uploads\/2022\/10\/northern-lights-auto-autoflowering-cannabis-seeds-441x441.jpg",441,441,true],"cgkit_image_swatch":["https:\/\/bulkgenetics.com\/wp-content\/uploads\/2022\/10\/northern-lights-auto-autoflowering-cannabis-seeds-100x100.jpg",100,100,true],"woocommerce_thumbnail":["https:\/\/bulkgenetics.com\/wp-content\/uploads\/2022\/10\/northern-lights-auto-autoflowering-cannabis-seeds-300x300.jpg",300,300,true],"woocommerce_single":["https:\/\/bulkgenetics.com\/wp-content\/uploads\/2022\/10\/northern-lights-auto-autoflowering-cannabis-seeds-800x800.jpg",800,800,true],"woocommerce_gallery_thumbnail":["https:\/\/bulkgenetics.com\/wp-content\/uploads\/2022\/10\/northern-lights-auto-autoflowering-cannabis-seeds-150x150.jpg",150,150,true],"dgwt-wcas-product-suggestion":["https:\/\/bulkgenetics.com\/wp-content\/uploads\/2022\/10\/northern-lights-auto-autoflowering-cannabis-seeds-64x64.jpg",64,64,true]},"uagb_author_info":{"display_name":"\u00c1ngel Flores","author_link":"https:\/\/bulkgenetics.com\/de\/author\/"},"uagb_comment_info":1,"uagb_excerpt":"Northern Lights Auto ist die ultraschnelle Version der einflussreichsten Indica-Sorte der Geschichte. Er ist unauff\u00e4llig und bleibt unter 110 cm hoch, eine ausgezeichnete Wahl f\u00fcr Terrassen und Balkone. Nach der Keimung dauert es nur 9 Wochen, um dichte, kompakte und l\u00e4ngliche Knospen zu ernten, die so viel Harz enthalten, dass es unm\u00f6glich ist, beim Manik\u00fcren&hellip;","_links":{"self":[{"href":"https:\/\/bulkgenetics.com\/de\/wp-json\/wp\/v2\/product\/10161","targetHints":{"allow":["GET"]}}],"collection":[{"href":"https:\/\/bulkgenetics.com\/de\/wp-json\/wp\/v2\/product"}],"about":[{"href":"https:\/\/bulkgenetics.com\/de\/wp-json\/wp\/v2\/types\/product"}],"replies":[{"embeddable":true,"href":"https:\/\/bulkgenetics.com\/de\/wp-json\/wp\/v2\/comments?post=10161"}],"wp:featuredmedia":[{"embeddable":true,"href":"https:\/\/bulkgenetics.com\/de\/wp-json\/wp\/v2\/media\/30115"}],"wp:attachment":[{"href":"https:\/\/bulkgenetics.com\/de\/wp-json\/wp\/v2\/media?parent=10161"}],"wp:term":[{"taxonomy":"product_brand","embeddable":true,"href":"https:\/\/bulkgenetics.com\/de\/wp-json\/wp\/v2\/product_brand?post=10161"},{"taxonomy":"product_cat","embeddable":true,"href":"https:\/\/bulkgenetics.com\/de\/wp-json\/wp\/v2\/product_cat?post=10161"},{"taxonomy":"product_tag","embeddable":true,"href":"https:\/\/bulkgenetics.com\/de\/wp-json\/wp\/v2\/product_tag?post=10161"}],"curies":[{"name":"wp","href":"https:\/\/api.w.org\/{rel}","templated":true}]}}