{"id":10177,"date":"2022-10-04T17:06:25","date_gmt":"2022-10-04T15:06:25","guid":{"rendered":"https:\/\/www.bulkgenetics.com\/ananas-express-auto\/"},"modified":"2024-10-08T01:13:48","modified_gmt":"2024-10-07T23:13:48","slug":"pineapple-express-auto","status":"publish","type":"product","link":"https:\/\/bulkgenetics.com\/de\/pineapple-express-auto\/","title":{"rendered":"Pineapple Express Auto"},"content":{"rendered":"\n<p>Pineapple Express Auto ist die autoflowering Version einer der bekanntesten und preisgekr\u00f6ntesten Sorten von Barney&#8217;s Farm, beliebt bei Anf\u00e4ngern f\u00fcr ihre Einfachheit und exzellenten Ergebnisse.<\/p>\n\n\n\n<p><strong><a href=\"https:\/\/bulkgenetics.com\/de\/pineapple-chunk\/\">Pineapple Chunk<\/a><\/strong> ist eine zu 100% Skunk dominante Indica-Hybridpflanze, da ihre Mutter eine <strong><a href=\"https:\/\/bulkgenetics.com\/de\/skunk-1\/\">Skunk #1<\/a><\/strong> und ihr Vater <a href=\"https:\/\/bulkgenetics.com\/de\/cheese\/\"><strong>Cheese<\/strong><\/a> ist, eine der bekanntesten Auswahlen von Skunk #1, bekannt f\u00fcr ihren Geschmack nach Cheetos.<\/p>\n\n\n\n<p>Es ist eine Sorte, die hervorragende Kritiken auf Websites wie Growdiaries oder Leafly hat, zus\u00e4tzlich zur Versionierung von Banken wie FastBuds oder G13 Labs. Der Hauptunterschied besteht darin, dass unsere Bulk-Samen billiger sind.<\/p>\n\n\n\n<h2 class=\"wp-block-heading\">Wie man Pineapple Express Auto anbaut <\/h2>\n\n\n\n<p>Als gute Skunk ist sie eine widerstandsf\u00e4hige, einfache und pflegeleichte Pflanze. Es ist die typische Cannabis-Sorte, die f\u00fcr Anf\u00e4nger empfohlen wird.<\/p>\n\n\n\n<p>Wenn von Anfang an ein gro\u00dfer Topf verwendet wird, kann sie eine beachtliche Gr\u00f6\u00dfe von bis zu 130 cm erreichen. Transplantationen sollten vermieden werden, damit die Pflanzen ihr Wachstum nicht verlangsamen und die gr\u00f6\u00dftm\u00f6gliche H\u00f6he erreichen.<\/p>\n\n\n\n<p>Vom Zeitpunkt der Aussaat an m\u00fcssen nur 9 Wochen gewartet werden, um ernten zu k\u00f6nnen. Da sie so schnell ist, k\u00f6nnen bis zu 3 aufeinanderfolgende Ernten w\u00e4hrend der Outdoor-Saison erzielt werden.<\/p>\n\n\n\n<h2 class=\"wp-block-heading\">Eigenschaften von Pineapple Express Auto <\/h2>\n\n\n\n<p>Die Knospen sind gro\u00df, klebrig und hart wie Steine. Ihr intensiver Geruch zwingt dazu, im Innenbereich einen Kohlefilter oder Ozonisator zu verwenden, um Probleme zu vermeiden.<\/p>\n\n\n\n<p>Das Aroma und der Geschmack sind k\u00f6stlich, der echte Skunk, aber mit besonderen Noten von s\u00fc\u00dfer Ananas und gereiftem K\u00e4se, die sie einzigartig machen.<\/p>\n\n\n\n<p>Die Effekte sind stark und erzeugen ein intensives Kribbeln, das sich durch den ganzen K\u00f6rper ausbreitet und ein Gef\u00fchl gro\u00dfer Freude hervorruft. Sie ist auch daf\u00fcr bekannt, den Appetit anzuregen.<\/p>\n\n\n\n<p>Die Ertr\u00e4ge sind sehr hoch und im Innenbereich wird es nicht kompliziert sein, 550 Gramm pro m\u00b2 mit einem 300-350 W LED-System zu erreichen. Im Freien haben die gr\u00f6\u00dferen Pflanzen eine Produktion von bis zu 200 Gramm.<\/p>\n\n\n\n<div style=\"height:50px\" aria-hidden=\"true\" class=\"wp-block-spacer uag-hide-mob\"><\/div>\n\n\n\n<div class=\"wp-block-columns is-layout-flex wp-container-core-columns-is-layout-28f84493 wp-block-columns-is-layout-flex\">\n<div class=\"wp-block-column is-layout-flow wp-block-column-is-layout-flow\">\n<p class=\"has-text-align-center has-medium-font-size\"><strong>Was wir am meisten m\u00f6gen<\/strong><\/p>\n\n\n\n<ul class=\"wp-block-list\">\n<li>Sehr einfach zu z\u00fcchten. <\/li>\n\n\n\n<li>XL Produktion. <\/li>\n\n\n\n<li>In nur 63 Tagen geerntet. <\/li>\n\n\n\n<li>Unglaublicher Ananas- und K\u00e4segeschmack. <\/li>\n\n\n\n<li>Sehr gl\u00fcckliche Effekte. <\/li>\n\n\n\n<li>Sein Preis.<\/li>\n<\/ul>\n<\/div>\n\n\n\n<div class=\"wp-block-column is-layout-flow wp-block-column-is-layout-flow\">\n<p class=\"has-text-align-center\"><strong>Was uns am wenigsten gef\u00e4llt<\/strong><\/p>\n\n\n\n<ul class=\"wp-block-list\">\n<li>Es riecht w\u00e4hrend der Bl\u00fcte sehr stark.<\/li>\n<\/ul>\n<\/div>\n<\/div>\n\n\n\n<div style=\"height:50px\" aria-hidden=\"true\" class=\"wp-block-spacer uag-hide-mob\"><\/div>\n\n\n\n<h2 class=\"wp-block-heading\">H\u00e4ufig gestellte Fragen<\/h2>\n\n\n\n<p>Im Folgenden finden Sie die am h\u00e4ufigsten gestellten Fragen, die uns Menschen, die an dem Anbau dieser Cannabissorte interessiert sind, normalerweise stellen:<\/p>\n\n\n<div id=\"rank-math-faq\" class=\"rank-math-block\">\n<div class=\"rank-math-list \">\n<div id=\"faq-question-1663029074962\" class=\"rank-math-list-item\">\n<h3 class=\"rank-math-question \">Wann beginnt die Pineapple Express Auto zu bl\u00fchen?<\/h3>\n<div class=\"rank-math-answer \">\n\n<p>Nach 3-4 Wochen ab dem Zeitpunkt der Aussaat beginnt die Bl\u00fctephase.<\/p>\n\n<\/div>\n<\/div>\n<div id=\"faq-question-1663029159933\" class=\"rank-math-list-item\">\n<h3 class=\"rank-math-question \">Wie lange dauert es, eine Pineapple Express Auto ab Keimung zu ernten?<\/h3>\n<div class=\"rank-math-answer \">\n\n<p>Es ist eine sehr schnelle Cannabis-Sorte, die in insgesamt 9 Wochen ab der Keimung geerntet wird.<\/p>\n\n<\/div>\n<\/div>\n<div id=\"faq-question-1663029165861\" class=\"rank-math-list-item\">\n<h3 class=\"rank-math-question \">Wie z\u00fcchtet man eine feminisierte Pineapple Express Auto?<\/h3>\n<div class=\"rank-math-answer \">\n\n<p>Es ist eine der einfachsten Pflanzen \u00fcberhaupt. Verwenden Sie von Anfang an einen gro\u00dfen Topf mit gutem Boden f\u00fcr das gr\u00f6\u00dftm\u00f6gliche Wachstum.<\/p>\n\n<\/div>\n<\/div>\n<div id=\"faq-question-1666780029954\" class=\"rank-math-list-item\">\n<h3 class=\"rank-math-question \">Was sind die Auswirkungen von Pineapple Express Auto im Gro\u00dfhandel?<\/h3>\n<div class=\"rank-math-answer \">\n\n<p>Es hat starke und besonders gl\u00fcckliche Effekte.<\/p>\n\n<\/div>\n<\/div>\n<\/div>\n<\/div>","protected":false},"excerpt":{"rendered":"<p>Pineapple Express Auto ist die autoflowering Version von Barney&#8217;s Farm&#8217;s meistverkaufter Pineapple Chunk. Sie ist eine einfach anzubauende und sehr widerstandsf\u00e4hige Pflanze, die keine gro\u00dfen Kenntnisse ben\u00f6tigt, um die besten Ernten zu erzielen. Sie hat eine unauff\u00e4llige Gr\u00f6\u00dfe von 100-130 cm und einen sehr kurzen Lebenszyklus von nur 9 Wochen. Sie produziert dichte, klebrige Knospen mit einem sehr appetitlichen tropischen Aroma mit <em>skunkigen <\/em>Untert\u00f6nen<em>.<\/em> Die Wirkung ist stark, es kribbelt im ganzen K\u00f6rper und du bekommst einen wohligen Schauer.<\/p>\n","protected":false},"featured_media":11970,"comment_status":"open","ping_status":"closed","template":"","meta":{"_acf_changed":false,"inline_featured_image":false,"_uag_custom_page_level_css":""},"product_brand":[],"product_cat":[2114,4113],"product_tag":[],"class_list":{"0":"post-10177","1":"product","2":"type-product","3":"status-publish","4":"has-post-thumbnail","6":"product_cat-autoflowering-cannabis-samen","7":"product_cat-cannabis-samen-unter-1-euro","9":"first","10":"instock","11":"sale","12":"taxable","13":"shipping-taxable","14":"purchasable","15":"product-type-simple"},"acf":[],"uagb_featured_image_src":{"full":["https:\/\/bulkgenetics.com\/wp-content\/uploads\/2022\/10\/pineapple-express-auto.jpg",1600,1600,false],"thumbnail":["https:\/\/bulkgenetics.com\/wp-content\/uploads\/2022\/10\/pineapple-express-auto-150x150.jpg",150,150,true],"medium":["https:\/\/bulkgenetics.com\/wp-content\/uploads\/2022\/10\/pineapple-express-auto-300x300.jpg",300,300,true],"medium_large":["https:\/\/bulkgenetics.com\/wp-content\/uploads\/2022\/10\/pineapple-express-auto-768x768.jpg",768,768,true],"large":["https:\/\/bulkgenetics.com\/wp-content\/uploads\/2022\/10\/pineapple-express-auto-1024x1024.jpg",1024,1024,true],"1536x1536":["https:\/\/bulkgenetics.com\/wp-content\/uploads\/2022\/10\/pineapple-express-auto-1536x1536.jpg",1536,1536,true],"2048x2048":["https:\/\/bulkgenetics.com\/wp-content\/uploads\/2022\/10\/pineapple-express-auto.jpg",1600,1600,false],"commercegurus-pdp-large":["https:\/\/bulkgenetics.com\/wp-content\/uploads\/2022\/10\/pineapple-express-auto-990x990.jpg",990,990,true],"commercegurus-plp-mobile":["https:\/\/bulkgenetics.com\/wp-content\/uploads\/2022\/10\/pineapple-express-auto-441x441.jpg",441,441,true],"cgkit_image_swatch":["https:\/\/bulkgenetics.com\/wp-content\/uploads\/2022\/10\/pineapple-express-auto-100x100.jpg",100,100,true],"woocommerce_thumbnail":["https:\/\/bulkgenetics.com\/wp-content\/uploads\/2022\/10\/pineapple-express-auto-300x300.jpg",300,300,true],"woocommerce_single":["https:\/\/bulkgenetics.com\/wp-content\/uploads\/2022\/10\/pineapple-express-auto-800x800.jpg",800,800,true],"woocommerce_gallery_thumbnail":["https:\/\/bulkgenetics.com\/wp-content\/uploads\/2022\/10\/pineapple-express-auto-150x150.jpg",150,150,true],"dgwt-wcas-product-suggestion":["https:\/\/bulkgenetics.com\/wp-content\/uploads\/2022\/10\/pineapple-express-auto-64x64.jpg",64,64,true]},"uagb_author_info":{"display_name":"\u00c1ngel Flores","author_link":"https:\/\/bulkgenetics.com\/de\/author\/"},"uagb_comment_info":0,"uagb_excerpt":"Pineapple Express Auto ist die autoflowering Version von Barney's Farm's meistverkaufter Pineapple Chunk. Sie ist eine einfach anzubauende und sehr widerstandsf\u00e4hige Pflanze, die keine gro\u00dfen Kenntnisse ben\u00f6tigt, um die besten Ernten zu erzielen. Sie hat eine unauff\u00e4llige Gr\u00f6\u00dfe von 100-130 cm und einen sehr kurzen Lebenszyklus von nur 9 Wochen. Sie produziert dichte, klebrige Knospen&hellip;","_links":{"self":[{"href":"https:\/\/bulkgenetics.com\/de\/wp-json\/wp\/v2\/product\/10177","targetHints":{"allow":["GET"]}}],"collection":[{"href":"https:\/\/bulkgenetics.com\/de\/wp-json\/wp\/v2\/product"}],"about":[{"href":"https:\/\/bulkgenetics.com\/de\/wp-json\/wp\/v2\/types\/product"}],"replies":[{"embeddable":true,"href":"https:\/\/bulkgenetics.com\/de\/wp-json\/wp\/v2\/comments?post=10177"}],"wp:featuredmedia":[{"embeddable":true,"href":"https:\/\/bulkgenetics.com\/de\/wp-json\/wp\/v2\/media\/11970"}],"wp:attachment":[{"href":"https:\/\/bulkgenetics.com\/de\/wp-json\/wp\/v2\/media?parent=10177"}],"wp:term":[{"taxonomy":"product_brand","embeddable":true,"href":"https:\/\/bulkgenetics.com\/de\/wp-json\/wp\/v2\/product_brand?post=10177"},{"taxonomy":"product_cat","embeddable":true,"href":"https:\/\/bulkgenetics.com\/de\/wp-json\/wp\/v2\/product_cat?post=10177"},{"taxonomy":"product_tag","embeddable":true,"href":"https:\/\/bulkgenetics.com\/de\/wp-json\/wp\/v2\/product_tag?post=10177"}],"curies":[{"name":"wp","href":"https:\/\/api.w.org\/{rel}","templated":true}]}}