{"id":10178,"date":"2022-10-04T17:23:02","date_gmt":"2022-10-04T15:23:02","guid":{"rendered":"https:\/\/www.bulkgenetics.com\/roter-king-kong-auto\/"},"modified":"2024-10-08T01:13:47","modified_gmt":"2024-10-07T23:13:47","slug":"red-king-kong-auto","status":"publish","type":"product","link":"https:\/\/bulkgenetics.com\/de\/red-king-kong-auto\/","title":{"rendered":"Red King Kong Auto"},"content":{"rendered":"\n<p>Red King Kong Auto ist eine selbstbl\u00fchende Marihuana-Sorte, die Ihnen gefallen wird. Es handelt sich um unsere rote Bud-Version der ber\u00fchmten <strong><a href=\"https:\/\/bulkgenetics.com\/de\/gorilla-glue-4\/\">Gorilla Glue #4<\/a><\/strong>, einer der derzeit potentesten Sorten.<\/p>\n\n\n\n<p>F\u00fcr ihre Entwicklung wurde der urspr\u00fcngliche Klon der ultra-harzigen Gorilla Glue #4 mit einer Red Ruderalis kombiniert, von der sie ihre auff\u00e4lligen Farben erbt.<\/p>\n\n\n\n<p>Seit dem Auftreten von GG4 wurden viele Versionen und neue Hybriden entwickelt, die ihre gro\u00dfartigen Eigenschaften nutzen. Unsere Red King Kong Auto k\u00f6nnte man sagen, ist sehr \u00e4hnlich zur Red Gorilla Girl XL Auto von Sweet Seeds, aber viel g\u00fcnstiger.<\/p>\n\n\n\n<h2 class=\"wp-block-heading\">Wie man Red King Kong Auto anbaut <\/h2>\n\n\n\n<p>Es handelt sich um eine unkomplizierte Pflanze, die keine spezielle Pflege erfordert. Ihre Gr\u00f6\u00dfe ist mittel f\u00fcr eine selbstbl\u00fchende Sorte und kann unter g\u00fcnstigen Bedingungen eine H\u00f6he von 120 cm erreichen.<\/p>\n\n\n\n<p>Wir empfehlen Ihnen, von Anfang an f\u00fcr einen gro\u00dfen Topf von mindestens 20 Litern zu entscheiden. Umpflanzungen sollten vermieden werden, da die Pflanzen manchmal ihr Wachstum f\u00fcr einige Tage verlangsamen und ihre maximale Gr\u00f6\u00dfe nicht erreichen, bevor die Bl\u00fcte beginnt.<\/p>\n\n\n\n<p>Ihr Lebenszyklus ist so schnell, dass im Laufe der Fr\u00fchlings- und Sommermonate bis zu 3 aufeinanderfolgende Ernten im Freien eingeholt werden k\u00f6nnen. Insgesamt wird sie in 9 Wochen geerntet.<\/p>\n\n\n\n<h2 class=\"wp-block-heading\">Eigenschaften von Red King Kong Auto <\/h2>\n\n\n\n<p>Die Knospen sind ein Spektakel, die harzigsten, die man sich vorstellen kann. Neben ihrer Gr\u00f6\u00dfe und H\u00e4rte werden die auff\u00e4lligen Farben von Blumen und Bl\u00e4ttern diese Sorte zu einer der K\u00f6niginnen in jedem Garten machen.<\/p>\n\n\n\n<p>Die Aromen und Geschm\u00e4cker sind komplex, aber lecker. Sie k\u00f6nnen s\u00fc\u00dfe, Zitronen-, Zypressen- und Gew\u00fcrznoten wahrnehmen, die lange in Ihrem Mund verweilen.<\/p>\n\n\n\n<p>Die Wirkungen sind sehr stark dank ihres THC-Gehalts, der 25% erreicht. Sie erzeugen eine intensive Entspannung und Schl\u00e4frigkeit, die Sie alle Sorgen vergessen lassen. Perfekt als Nachtmarihuana.<\/p>\n\n\n\n<p>Der Ertrag ist hoch und im Freien wird er bei den gr\u00f6\u00dften Pflanzen 150 Gramm pro Pflanze erreichen. In Innenr\u00e4umen wird jeder mit einem 300-350W LED-Panel 550 Gramm pro m\u00b2 erreichen.<\/p>\n\n\n\n<div style=\"height:50px\" aria-hidden=\"true\" class=\"wp-block-spacer uag-hide-mob\"><\/div>\n\n\n\n<div class=\"wp-block-columns is-layout-flex wp-container-core-columns-is-layout-28f84493 wp-block-columns-is-layout-flex\">\n<div class=\"wp-block-column is-layout-flow wp-block-column-is-layout-flow\">\n<p class=\"has-text-align-center has-medium-font-size\"><strong>Was wir am meisten m\u00f6gen<\/strong><\/p>\n\n\n\n<ul class=\"wp-block-list\">\n<li>Sehr einfach zu z\u00fcchten.<\/li>\n\n\n\n<li>Es wird in nur 9 Wochen geerntet. <\/li>\n\n\n\n<li>Rotfarbene Knospen. <\/li>\n\n\n\n<li>Extrem entspannende Wirkungen.<\/li>\n\n\n\n<li>Sein Preis.<\/li>\n<\/ul>\n<\/div>\n\n\n\n<div class=\"wp-block-column is-layout-flow wp-block-column-is-layout-flow\">\n<p class=\"has-text-align-center has-medium-font-size\"><strong>Was wir am wenigsten m\u00f6gen<\/strong><\/p>\n\n\n\n<ul class=\"wp-block-list\">\n<li>Es ist sehr duftend in der Bl\u00fcte. <\/li>\n\n\n\n<li>Extrem potent.<\/li>\n<\/ul>\n<\/div>\n<\/div>\n\n\n\n<div style=\"height:50px\" aria-hidden=\"true\" class=\"wp-block-spacer uag-hide-mob\"><\/div>\n\n\n\n<h2 class=\"wp-block-heading\">H\u00e4ufig gestellte Fragen<\/h2>\n\n\n\n<p>Wenn Sie Fragen zum Anbau dieser Sorte haben, beantworten wir die h\u00e4ufigsten Fragen, die wir erhalten:<\/p>\n\n\n<div id=\"rank-math-faq\" class=\"rank-math-block\">\n<div class=\"rank-math-list \">\n<div id=\"faq-question-1663029074962\" class=\"rank-math-list-item\">\n<h3 class=\"rank-math-question \">Wann beginnt Red King Kong Auto zu bl\u00fchen?<\/h3>\n<div class=\"rank-math-answer \">\n\n<p>Die Bl\u00fcte beginnt nach 3-4 Wochen ab dem Zeitpunkt der Keimung der Samen.<\/p>\n\n<\/div>\n<\/div>\n<div id=\"faq-question-1663029159933\" class=\"rank-math-list-item\">\n<h3 class=\"rank-math-question \">Wie lange dauert es, eine Red King Kong Auto ab ihrer Keimung zu ernten?<\/h3>\n<div class=\"rank-math-answer \">\n\n<p>Es ist eine sehr schnelle selbstbl\u00fchende Cannabissorte. Sie wird in insgesamt 9 Wochen geerntet.<\/p>\n\n<\/div>\n<\/div>\n<div id=\"faq-question-1663029165861\" class=\"rank-math-list-item\">\n<h3 class=\"rank-math-question \">Wie z\u00fcchtet man eine feminisierte Red King Kong Auto?<\/h3>\n<div class=\"rank-math-answer \">\n\n<p>Sie ist sehr einfach zu z\u00fcchten, widerstandsf\u00e4hig und diskret. Verwenden Sie vom ersten Tag an einen gro\u00dfen Topf, um gr\u00f6\u00dfere und produktivere Pflanzen zu erhalten.<\/p>\n\n<\/div>\n<\/div>\n<div id=\"faq-question-1666780029954\" class=\"rank-math-list-item\">\n<h3 class=\"rank-math-question \">Was sind die Wirkungen von Red King Kong Auto in Bulk?<\/h3>\n<div class=\"rank-math-answer \">\n\n<p>Die Potenz ist extrem. Eine intensive Entspannung wird Ihren K\u00f6rper durchstr\u00f6men. Perfekt zum Schlafen.<\/p>\n\n<\/div>\n<\/div>\n<\/div>\n<\/div>","protected":false},"excerpt":{"rendered":"<p>Red King Kong Auto ist eine starke Kreuzung zwischen der sehr potenten Gorilla Glue und einer sehr schnell bl\u00fchenden roten autoflowering Sorte. Hinter der sch\u00f6nen Erscheinung einer unscheinbaren Pflanze mit gro\u00dfen, mega-klebrigen, lilafarbenen Knospen verbirgt sich ein Biest, das in der Lage ist, THC-Werte von \u00fcber 20% zu produzieren. Er hat einen s\u00fc\u00dfen Zitrusgeschmack mit einem Zypressenhintergrund. Mach keine Pl\u00e4ne, bevor du sie rauchst, denn dann f\u00e4llst du in eine tiefe Entspannung und Schl\u00e4frigkeit, die dich daran hindert, sie auszuf\u00fchren.<\/p>\n","protected":false},"featured_media":23039,"comment_status":"open","ping_status":"closed","template":"","meta":{"_acf_changed":false,"inline_featured_image":false,"_uag_custom_page_level_css":""},"product_brand":[],"product_cat":[2114],"product_tag":[],"class_list":{"0":"post-10178","1":"product","2":"type-product","3":"status-publish","4":"has-post-thumbnail","6":"product_cat-autoflowering-cannabis-samen","8":"first","9":"instock","10":"taxable","11":"shipping-taxable","12":"purchasable","13":"product-type-simple"},"acf":[],"uagb_featured_image_src":{"full":["https:\/\/bulkgenetics.com\/wp-content\/uploads\/2022\/10\/red-king-kong-auto-1.jpg",1600,1600,false],"thumbnail":["https:\/\/bulkgenetics.com\/wp-content\/uploads\/2022\/10\/red-king-kong-auto-1-150x150.jpg",150,150,true],"medium":["https:\/\/bulkgenetics.com\/wp-content\/uploads\/2022\/10\/red-king-kong-auto-1-300x300.jpg",300,300,true],"medium_large":["https:\/\/bulkgenetics.com\/wp-content\/uploads\/2022\/10\/red-king-kong-auto-1-768x768.jpg",768,768,true],"large":["https:\/\/bulkgenetics.com\/wp-content\/uploads\/2022\/10\/red-king-kong-auto-1-1024x1024.jpg",1024,1024,true],"1536x1536":["https:\/\/bulkgenetics.com\/wp-content\/uploads\/2022\/10\/red-king-kong-auto-1-1536x1536.jpg",1536,1536,true],"2048x2048":["https:\/\/bulkgenetics.com\/wp-content\/uploads\/2022\/10\/red-king-kong-auto-1.jpg",1600,1600,false],"commercegurus-pdp-large":["https:\/\/bulkgenetics.com\/wp-content\/uploads\/2022\/10\/red-king-kong-auto-1-990x990.jpg",990,990,true],"commercegurus-plp-mobile":["https:\/\/bulkgenetics.com\/wp-content\/uploads\/2022\/10\/red-king-kong-auto-1-441x441.jpg",441,441,true],"cgkit_image_swatch":["https:\/\/bulkgenetics.com\/wp-content\/uploads\/2022\/10\/red-king-kong-auto-1-100x100.jpg",100,100,true],"woocommerce_thumbnail":["https:\/\/bulkgenetics.com\/wp-content\/uploads\/2022\/10\/red-king-kong-auto-1-300x300.jpg",300,300,true],"woocommerce_single":["https:\/\/bulkgenetics.com\/wp-content\/uploads\/2022\/10\/red-king-kong-auto-1-800x800.jpg",800,800,true],"woocommerce_gallery_thumbnail":["https:\/\/bulkgenetics.com\/wp-content\/uploads\/2022\/10\/red-king-kong-auto-1-150x150.jpg",150,150,true],"dgwt-wcas-product-suggestion":["https:\/\/bulkgenetics.com\/wp-content\/uploads\/2022\/10\/red-king-kong-auto-1-64x64.jpg",64,64,true]},"uagb_author_info":{"display_name":"\u00c1ngel Flores","author_link":"https:\/\/bulkgenetics.com\/de\/author\/"},"uagb_comment_info":0,"uagb_excerpt":"Red King Kong Auto ist eine starke Kreuzung zwischen der sehr potenten Gorilla Glue und einer sehr schnell bl\u00fchenden roten autoflowering Sorte. Hinter der sch\u00f6nen Erscheinung einer unscheinbaren Pflanze mit gro\u00dfen, mega-klebrigen, lilafarbenen Knospen verbirgt sich ein Biest, das in der Lage ist, THC-Werte von \u00fcber 20% zu produzieren. Er hat einen s\u00fc\u00dfen Zitrusgeschmack mit&hellip;","_links":{"self":[{"href":"https:\/\/bulkgenetics.com\/de\/wp-json\/wp\/v2\/product\/10178","targetHints":{"allow":["GET"]}}],"collection":[{"href":"https:\/\/bulkgenetics.com\/de\/wp-json\/wp\/v2\/product"}],"about":[{"href":"https:\/\/bulkgenetics.com\/de\/wp-json\/wp\/v2\/types\/product"}],"replies":[{"embeddable":true,"href":"https:\/\/bulkgenetics.com\/de\/wp-json\/wp\/v2\/comments?post=10178"}],"wp:featuredmedia":[{"embeddable":true,"href":"https:\/\/bulkgenetics.com\/de\/wp-json\/wp\/v2\/media\/23039"}],"wp:attachment":[{"href":"https:\/\/bulkgenetics.com\/de\/wp-json\/wp\/v2\/media?parent=10178"}],"wp:term":[{"taxonomy":"product_brand","embeddable":true,"href":"https:\/\/bulkgenetics.com\/de\/wp-json\/wp\/v2\/product_brand?post=10178"},{"taxonomy":"product_cat","embeddable":true,"href":"https:\/\/bulkgenetics.com\/de\/wp-json\/wp\/v2\/product_cat?post=10178"},{"taxonomy":"product_tag","embeddable":true,"href":"https:\/\/bulkgenetics.com\/de\/wp-json\/wp\/v2\/product_tag?post=10178"}],"curies":[{"name":"wp","href":"https:\/\/api.w.org\/{rel}","templated":true}]}}