{"id":10179,"date":"2022-10-04T17:08:33","date_gmt":"2022-10-04T15:08:33","guid":{"rendered":"https:\/\/www.bulkgenetics.com\/lila-punsch-auto\/"},"modified":"2024-10-08T01:13:47","modified_gmt":"2024-10-07T23:13:47","slug":"purple-punch-auto","status":"publish","type":"product","link":"https:\/\/bulkgenetics.com\/de\/purple-punch-auto\/","title":{"rendered":"Purple Punch Auto"},"content":{"rendered":"\n<p>Wir stellen Ihnen Purple Punch Auto vor, die schnelle Version eines der gro\u00dfen amerikanischen Hybriden, Gewinner von zwei Auszeichnungen beim Santa Cruz Cup 2018, einschlie\u00dflich der besten Outdoor-Indica-Cannabissorte.<\/p>\n\n\n\n<p><a href=\"https:\/\/bulkgenetics.com\/de\/purple-punch\/\"><strong>Purple Punch<\/strong><\/a> ist eine Kreuzung mit gro\u00dfer Indica-Dominanz, die Larry OG und <strong><a href=\"https:\/\/bulkgenetics.com\/de\/granddaddy-purple\/\">Granddaddy Purple<\/a><\/strong> kombiniert, von der sie auff\u00e4llige und sch\u00f6ne Farben erbt, die sie zu einer der K\u00f6niginnen jeder Kultur machen.<\/p>\n\n\n\n<p>Banken wie Barney&#8217;s Farm oder FastBuds bieten Versionen dieser amerikanischen Legende an. Aber der Kauf unserer Samen in gro\u00dfen Mengen wird billiger sein.<\/p>\n\n\n\n<h2 class=\"wp-block-heading\">Wie man Purple Punch Auto anbaut <\/h2>\n\n\n\n<p>Es ist eine einfache Pflanze, die jeder G\u00e4rtner, egal wie unerfahren, gerne haben wird. Sie bleibt unter einer H\u00f6he von 100 cm, perfekt f\u00fcr Terrassen oder Balkone.<\/p>\n\n\n\n<p>Wir raten Ihnen, vom ersten Tag an einen gro\u00dfen Topf zu verwenden. So wachsen die Pflanzen ohne den Stillstand, der manchmal nach einer Transplantation auftritt, und sie erreichen eine gr\u00f6\u00dfere Gr\u00f6\u00dfe.<\/p>\n\n\n\n<p>Sie wird nach nur 60 Tagen ab der Keimung geerntet. Da sie so schnell ist, k\u00f6nnen in den Fr\u00fchlings- und Sommermonaten bis zu 3 aufeinanderfolgende Kulturen angelegt werden.<\/p>\n\n\n\n<h2 class=\"wp-block-heading\">Eigenschaften von Purple Punch Auto <\/h2>\n\n\n\n<p>Die Knospen sind sehr auff\u00e4llig mit ihren lila Farben, die im Kontrast zur Helligkeit ihrer dicken Harzschicht stehen. Sie sind lang, hart und dick wie Baseballschl\u00e4ger.<\/p>\n\n\n\n<p>Das Aroma und der Geschmack sind sehr s\u00fc\u00df und fruchtig. G\u00e4rtner sprechen von einem Geschmack wie Apfelkuchen mit Beerenmarmeladen-Topping.<\/p>\n\n\n\n<p>Die Wirkung ist stark und von guter Indica, sehr entspannend und ideal, um nach einem anstrengenden Tag abzuschalten oder lange Stunden ohne Sorgen zu schlafen.<\/p>\n\n\n\n<p>Die Ertr\u00e4ge sind trotz ihrer diskreten Gr\u00f6\u00dfe \u00fcberdurchschnittlich. In Innenr\u00e4umen erreicht jeder G\u00e4rtner mit einer 300-350 W LED-Paneele problemlos 500 Gramm pro m\u00b2. Im Freien haben die gr\u00f6\u00dferen Pflanzen eine Produktion von bis zu 120 Gramm.<\/p>\n\n\n\n<div style=\"height:50px\" aria-hidden=\"true\" class=\"wp-block-spacer uag-hide-mob\"><\/div>\n\n\n\n<div class=\"wp-block-columns is-layout-flex wp-container-core-columns-is-layout-28f84493 wp-block-columns-is-layout-flex\">\n<div class=\"wp-block-column is-layout-flow wp-block-column-is-layout-flow\">\n<p class=\"has-text-align-center has-medium-font-size\"><strong>Was wir am meisten m\u00f6gen<\/strong><\/p>\n\n\n\n<ul class=\"wp-block-list\">\n<li>Sehr einfach zu z\u00fcchten. <\/li>\n\n\n\n<li>Lila farbene Knospen. <\/li>\n\n\n\n<li>Nach nur 60 Tagen geerntet. <\/li>\n\n\n\n<li>Apfelkuchen- und Beerengeschmack. <\/li>\n\n\n\n<li>Sehr entspannende Wirkung. <\/li>\n\n\n\n<li>Sein Preis.<\/li>\n<\/ul>\n<\/div>\n\n\n\n<div class=\"wp-block-column is-layout-flow wp-block-column-is-layout-flow\">\n<p class=\"has-text-align-center\"><strong>Was uns am wenigsten gef\u00e4llt<\/strong><\/p>\n\n\n\n<ul class=\"wp-block-list\">\n<li>Es ist sehr geruchsintensiv bei der Bl\u00fcte.<\/li>\n<\/ul>\n<\/div>\n<\/div>\n\n\n\n<div style=\"height:50px\" aria-hidden=\"true\" class=\"wp-block-spacer uag-hide-mob\"><\/div>\n\n\n\n<h2 class=\"wp-block-heading\">H\u00e4ufig gestellte Fragen<\/h2>\n\n\n\n<p>Im Folgenden finden Sie die Antwort auf die am h\u00e4ufigsten gestellten Fragen von G\u00e4rtnern, die an dieser Genetik interessiert sind:<\/p>\n\n\n<div id=\"rank-math-faq\" class=\"rank-math-block\">\n<div class=\"rank-math-list \">\n<div id=\"faq-question-1663029074962\" class=\"rank-math-list-item\">\n<h3 class=\"rank-math-question \">Wann beginnt Purple Punch Auto zu bl\u00fchen?<\/h3>\n<div class=\"rank-math-answer \">\n\n<p>3-4 Wochen nach der Keimung der Samen beginnen die Pflanzen zu bl\u00fchen.<\/p>\n\n<\/div>\n<\/div>\n<div id=\"faq-question-1663029159933\" class=\"rank-math-list-item\">\n<h3 class=\"rank-math-question \">Wie lange dauert es, eine Purple Punch Auto von der Keimung bis zur Ernte?<\/h3>\n<div class=\"rank-math-answer \">\n\n<p>Es handelt sich um eine sehr schnelle selbstbl\u00fchende Marihuanasorte, die insgesamt 60 Tage geerntet wird.<\/p>\n\n<\/div>\n<\/div>\n<div id=\"faq-question-1663029165861\" class=\"rank-math-list-item\">\n<h3 class=\"rank-math-question \">Wie z\u00fcchtet man eine feminisierte Purple Punch Auto?<\/h3>\n<div class=\"rank-math-answer \">\n\n<p>Sie ist sehr einfach und erfordert nicht viel Pflege. Setzen Sie von Anfang an auf einen gro\u00dfen Topf anstelle von Transplantationen. Die Produktion wird h\u00f6her sein.<\/p>\n\n<\/div>\n<\/div>\n<div id=\"faq-question-1666780029954\" class=\"rank-math-list-item\">\n<h3 class=\"rank-math-question \">Welche Wirkungen hat Purple Punch Auto in gro\u00dfen Mengen?<\/h3>\n<div class=\"rank-math-answer \">\n\n<p>Die Wirkungen sind entspannend und schlafansto\u00dfend. Es ist eine perfekte Cannabis-Sorte f\u00fcr die Nacht.<\/p>\n\n<\/div>\n<\/div>\n<\/div>\n<\/div>","protected":false},"excerpt":{"rendered":"<p>Purple Punch Auto ist die schnellste Version eines der gro\u00dfen amerikanischen Klassiker. Sie l\u00e4sst sich leicht im Haus und im Freien anbauen, wo sie mit ihrer dezenten H\u00f6he von unter einem Meter sehr unauff\u00e4llig ist. Von der Keimung an dauert es nur 60 Tage, bis sie gro\u00dfe, klebrige, auffallend violette Knospen bildet. Er hat einen sehr s\u00fc\u00dfen, beeren- und apfelkuchenartigen Geschmack und eine sehr entspannende Wirkung. Sie ist ideal f\u00fcr den sp\u00e4ten Tag.<\/p>\n","protected":false},"featured_media":18712,"comment_status":"open","ping_status":"closed","template":"","meta":{"_acf_changed":false,"inline_featured_image":false,"_uag_custom_page_level_css":""},"product_brand":[],"product_cat":[2114],"product_tag":[],"class_list":{"0":"post-10179","1":"product","2":"type-product","3":"status-publish","4":"has-post-thumbnail","6":"product_cat-autoflowering-cannabis-samen","8":"first","9":"instock","10":"taxable","11":"shipping-taxable","12":"purchasable","13":"product-type-simple"},"acf":[],"uagb_featured_image_src":{"full":["https:\/\/bulkgenetics.com\/wp-content\/uploads\/2022\/10\/Purple-Punch-Auto-1.jpg",1600,1600,false],"thumbnail":["https:\/\/bulkgenetics.com\/wp-content\/uploads\/2022\/10\/Purple-Punch-Auto-1-150x150.jpg",150,150,true],"medium":["https:\/\/bulkgenetics.com\/wp-content\/uploads\/2022\/10\/Purple-Punch-Auto-1-300x300.jpg",300,300,true],"medium_large":["https:\/\/bulkgenetics.com\/wp-content\/uploads\/2022\/10\/Purple-Punch-Auto-1-768x768.jpg",768,768,true],"large":["https:\/\/bulkgenetics.com\/wp-content\/uploads\/2022\/10\/Purple-Punch-Auto-1-1024x1024.jpg",1024,1024,true],"1536x1536":["https:\/\/bulkgenetics.com\/wp-content\/uploads\/2022\/10\/Purple-Punch-Auto-1-1536x1536.jpg",1536,1536,true],"2048x2048":["https:\/\/bulkgenetics.com\/wp-content\/uploads\/2022\/10\/Purple-Punch-Auto-1.jpg",1600,1600,false],"commercegurus-pdp-large":["https:\/\/bulkgenetics.com\/wp-content\/uploads\/2022\/10\/Purple-Punch-Auto-1-990x990.jpg",990,990,true],"commercegurus-plp-mobile":["https:\/\/bulkgenetics.com\/wp-content\/uploads\/2022\/10\/Purple-Punch-Auto-1-441x441.jpg",441,441,true],"cgkit_image_swatch":["https:\/\/bulkgenetics.com\/wp-content\/uploads\/2022\/10\/Purple-Punch-Auto-1-100x100.jpg",100,100,true],"woocommerce_thumbnail":["https:\/\/bulkgenetics.com\/wp-content\/uploads\/2022\/10\/Purple-Punch-Auto-1-300x300.jpg",300,300,true],"woocommerce_single":["https:\/\/bulkgenetics.com\/wp-content\/uploads\/2022\/10\/Purple-Punch-Auto-1-800x800.jpg",800,800,true],"woocommerce_gallery_thumbnail":["https:\/\/bulkgenetics.com\/wp-content\/uploads\/2022\/10\/Purple-Punch-Auto-1-150x150.jpg",150,150,true],"dgwt-wcas-product-suggestion":["https:\/\/bulkgenetics.com\/wp-content\/uploads\/2022\/10\/Purple-Punch-Auto-1-64x64.jpg",64,64,true]},"uagb_author_info":{"display_name":"\u00c1ngel Flores","author_link":"https:\/\/bulkgenetics.com\/de\/author\/"},"uagb_comment_info":0,"uagb_excerpt":"Purple Punch Auto ist die schnellste Version eines der gro\u00dfen amerikanischen Klassiker. Sie l\u00e4sst sich leicht im Haus und im Freien anbauen, wo sie mit ihrer dezenten H\u00f6he von unter einem Meter sehr unauff\u00e4llig ist. Von der Keimung an dauert es nur 60 Tage, bis sie gro\u00dfe, klebrige, auffallend violette Knospen bildet. Er hat einen&hellip;","_links":{"self":[{"href":"https:\/\/bulkgenetics.com\/de\/wp-json\/wp\/v2\/product\/10179","targetHints":{"allow":["GET"]}}],"collection":[{"href":"https:\/\/bulkgenetics.com\/de\/wp-json\/wp\/v2\/product"}],"about":[{"href":"https:\/\/bulkgenetics.com\/de\/wp-json\/wp\/v2\/types\/product"}],"replies":[{"embeddable":true,"href":"https:\/\/bulkgenetics.com\/de\/wp-json\/wp\/v2\/comments?post=10179"}],"wp:featuredmedia":[{"embeddable":true,"href":"https:\/\/bulkgenetics.com\/de\/wp-json\/wp\/v2\/media\/18712"}],"wp:attachment":[{"href":"https:\/\/bulkgenetics.com\/de\/wp-json\/wp\/v2\/media?parent=10179"}],"wp:term":[{"taxonomy":"product_brand","embeddable":true,"href":"https:\/\/bulkgenetics.com\/de\/wp-json\/wp\/v2\/product_brand?post=10179"},{"taxonomy":"product_cat","embeddable":true,"href":"https:\/\/bulkgenetics.com\/de\/wp-json\/wp\/v2\/product_cat?post=10179"},{"taxonomy":"product_tag","embeddable":true,"href":"https:\/\/bulkgenetics.com\/de\/wp-json\/wp\/v2\/product_tag?post=10179"}],"curies":[{"name":"wp","href":"https:\/\/api.w.org\/{rel}","templated":true}]}}