{"id":10180,"date":"2022-10-04T17:31:05","date_gmt":"2022-10-04T15:31:05","guid":{"rendered":"https:\/\/www.bulkgenetics.com\/rote-beere-cbd-auto\/"},"modified":"2024-10-08T01:13:47","modified_gmt":"2024-10-07T23:13:47","slug":"red-berry-cbd-auto","status":"publish","type":"product","link":"https:\/\/bulkgenetics.com\/de\/red-berry-cbd-auto\/","title":{"rendered":"Red Berry CBD Auto"},"content":{"rendered":"\n<p><strong>Red Berry CBD Auto<\/strong> ist eine unserer autoflowering Sorten mit dem niedrigsten <strong>THC-Gehalt, weniger als 0,5%<\/strong>. Es ist eine Sorte, die besonders f\u00fcr Z\u00fcchter geeignet ist, die nach den therapeutischen Vorteilen von CBD suchen, ohne die typischen psychoaktiven Effekte von Marihuana.<\/p>\n\n\n\n<p>Diese Sorte ist das Ergebnis der Kombination einer sch\u00f6nen rotbl\u00fchenden <a href=\"https:\/\/bulkgenetics.com\/de\/red-skunk-auto\/\">Red Skunk Auto<\/a> mit einer Green Poison CBD, von der sie ihren extrem hohen Cannabiodiol-Gehalt geerbt hat, ein Cannabinoid mit <strong>krampfl\u00f6senden, schmerzstillenden, angstl\u00f6senden, neuroprotektiven<\/strong>, gegen \u00dcbelkeit und Brechreiz wirkenden Eigenschaften. Sie ist der Red Pure Auto CBD von Sweet Seeds \u00e4hnlich, aber viel billiger.<\/p>\n\n\n\n<h2 class=\"wp-block-heading\">Wie man Red Berry CBD Auto anbaut<\/h2>\n\n\n\n<p>Es handelt sich um eine Pflanze, die jeder ohne Vorkenntnisse anbauen kann. Sie ist auch sehr diskret, ideal f\u00fcr Terrassen oder Balkone. <strong>Sie wird in der Regel nicht h\u00f6her als 90 cm<\/strong>, so dass sie keine Aufmerksamkeit auf sich ziehen wird.<\/p>\n\n\n\n<p>Diese Arten von autoflowering Sorten werden am besten vom ersten Tag an in einen gro\u00dfen Topf gepflanzt. Auf diese Weise k\u00f6nnen sie wachsen, ohne dass es zu einer Verlangsamung kommt, wie es manchmal bei einer Transplantation der Fall ist, und sie erreichen die gr\u00f6\u00dfte Gr\u00f6\u00dfe und die Ertr\u00e4ge werden besser sein.<\/p>\n\n\n\n<p><strong>Von der Keimung an dauert es nur 9 Wochen,<\/strong> bis sie geschnitten werden kann. Da sie so schnell w\u00e4chst, ist es m\u00f6glich, in den Fr\u00fchjahrs- und Sommermonaten bis zu 3 Ernten anzubauen.<\/p>\n\n\n\n<p>In Innenr\u00e4umen und aufgrund ihrer Skunk-Gene ist sie in der Bl\u00fctezeit sehr duftend. Wir raten Ihnen, einen guten Geruchsfilter zu verwenden, um Probleme mit den Nachbarn zu vermeiden.<\/p>\n\n\n\n<h2 class=\"wp-block-heading\">Eigenschaften von Red Berry CBD Auto<\/h2>\n\n\n\n<p>Die Ertr\u00e4ge sind hoch und im Innenbereich kann man mit einer 300-350W LED-Beleuchtung bis zu <strong>500 Gramm pro m\u00b2<\/strong> produzieren. Im Freien werden die gr\u00f6\u00dften Pflanzen bis zu <strong>120 Gramm<\/strong> produzieren.<br><\/p>\n\n\n\n<p>Jeder Z\u00fcchter wird von den sch\u00f6nen, tiefroten Knospen beeindruckt sein, die gro\u00df und gl\u00e4nzend sind, da sie eine gro\u00dfe Menge an Harz ansammeln. Auch bei der Verarbeitung zu Haschisch hat sie eine r\u00f6tliche Farbe.<\/p>\n\n\n\n<p>Das <strong>Aroma und der Geschmack<\/strong> sind sehr s\u00fc\u00df und k\u00f6stlich. Der Wein hat einen lang anhaltenden, klaren Hauch von Beeren, Erde und Zypresse, der die Geschmacks- und Geruchssinne anregt.<\/p>\n\n\n\n<p>Die psychoaktiven Wirkungen sind aufgrund der weitgehenden Abwesenheit von THC gleich null. Der CBD-Gehalt ist sehr <strong>hoch und liegt zwischen 15% und 17%<\/strong>. Sie erzeugt ein entspannendes Gef\u00fchl und h\u00e4lt den Geist frei, ohne jegliche Blockaden.<\/p>\n\n\n\n<div class=\"wp-block-columns is-layout-flex wp-container-core-columns-is-layout-28f84493 wp-block-columns-is-layout-flex\">\n<div class=\"wp-block-column is-layout-flow wp-block-column-is-layout-flow\">\n<p class=\"has-text-align-center\"><strong>Ce qui nous plait le plus <\/strong><\/p>\n<\/div>\n\n\n\n<div class=\"wp-block-column is-layout-flow wp-block-column-is-layout-flow\">\n<p class=\"has-text-align-center\"><strong>Ce qui nous plait le moins <\/strong><\/p>\n<\/div>\n<\/div>\n\n\n\n<div class=\"wp-block-columns is-layout-flex wp-container-core-columns-is-layout-28f84493 wp-block-columns-is-layout-flex\">\n<div class=\"wp-block-column is-layout-flow wp-block-column-is-layout-flow\">\n<ul class=\"wp-block-list\">\n<li>Sehr einfach zu z\u00fcchten.<\/li>\n\n\n\n<li>Hohe Ertr\u00e4ge.<\/li>\n\n\n\n<li>Ernte in nur 63 Tagen.<\/li>\n\n\n\n<li>Sch\u00f6ne rote Knospen.<\/li>\n\n\n\n<li>Entspannende, nicht-blockierende Wirkung.<\/li>\n\n\n\n<li>Niedriger Preis<\/li>\n<\/ul>\n<\/div>\n\n\n\n<div class=\"wp-block-column is-layout-flow wp-block-column-is-layout-flow\">\n<ul class=\"wp-block-list\">\n<li>In der Bl\u00fctezeit ist sie sehr duftend.<\/li>\n<\/ul>\n<\/div>\n<\/div>\n\n\n\n<div style=\"height:100px\" aria-hidden=\"true\" class=\"wp-block-spacer\"><\/div>\n\n\n\n<h2 class=\"wp-block-heading\">H\u00e4ufig gestellte Fragen<\/h2>\n\n\n\n<p>Wenn Sie Fragen zum Anbau dieser medizinischen Massensamen haben, finden Sie hier die am h\u00e4ufigsten gestellten Fragen unserer Kunden:<\/p>\n\n\n<div id=\"rank-math-faq\" class=\"rank-math-block\">\n<div class=\"rank-math-list \">\n<div id=\"faq-question-1681720528745\" class=\"rank-math-list-item\">\n<h3 class=\"rank-math-question \">Wann beginnt die Bl\u00fctezeit von Red Berry CBD Auto?<\/h3>\n<div class=\"rank-math-answer \">\n\n<p>Etwa 3-4 Wochen nach der Keimung beginnen die Pflanzen zu bl\u00fchen.<\/p>\n\n<\/div>\n<\/div>\n<div id=\"faq-question-1681720576995\" class=\"rank-math-list-item\">\n<h3 class=\"rank-math-question \">Wie lange dauert es, Red Berry CBD Auto nach der Keimung zu ernten?<\/h3>\n<div class=\"rank-math-answer \">\n\n<p>Es ist eine sehr schnelle autoflowering Marihuana-Sorte, die in insgesamt 9 Wochen geerntet wird.<\/p>\n\n<\/div>\n<\/div>\n<div id=\"faq-question-1681720598546\" class=\"rank-math-list-item\">\n<h3 class=\"rank-math-question \">Wie z\u00fcchte ich eine feminisierte Red Berry CBD Auto?<\/h3>\n<div class=\"rank-math-answer \">\n\n<p>Sie ist sehr einfach, widerstandsf\u00e4hig und unauff\u00e4llig. Verwenden Sie gleich zu Beginn einen gro\u00dfen Topf, um die gr\u00f6\u00dften Pflanzen zu erhalten.<\/p>\n\n<\/div>\n<\/div>\n<div id=\"faq-question-1681720657730\" class=\"rank-math-list-item\">\n<h3 class=\"rank-math-question \">Was sind die Auswirkungen von Red Skunk Auto in gro\u00dfen Mengen?<\/h3>\n<div class=\"rank-math-answer \">\n\n<p>Was sind die Auswirkungen von Red Berry CBD Auto in gro\u00dfen Mengen?<\/p>\n\n<\/div>\n<\/div>\n<\/div>\n<\/div>","protected":false},"excerpt":{"rendered":"<p>Red Berry CBD Auto ist eine selbstbl\u00fchende Pflanze mit einem THC-Gehalt von weniger als 0,5%. Es ist eine diskrete Pflanze, die nicht mehr als 90 cm hoch wird, perfekt f\u00fcr Terrassen oder Balkone. Sie ist sehr einfach zu z\u00fcchten und sehr schnell, mit einer Erntezeit von insgesamt 9 Wochen ab der Keimung. Die Knospen sind gro\u00df, von sch\u00f6ner roter Farbe und mit einer dicken Harzschicht \u00fcberzogen. Der Geschmack erinnert an s\u00fc\u00dfe Beeren mit einem Hauch von Zypresse und Erde. Sie hat keine psychoaktiven Wirkungen, ist aber sehr therapeutisch.<\/p>\n","protected":false},"featured_media":9198,"comment_status":"open","ping_status":"closed","template":"","meta":{"_acf_changed":false,"inline_featured_image":false,"_uag_custom_page_level_css":""},"product_brand":[],"product_cat":[1123,2114],"product_tag":[],"class_list":{"0":"post-10180","1":"product","2":"type-product","3":"status-publish","4":"has-post-thumbnail","6":"product_cat-cbd-bulk-samen","7":"product_cat-autoflowering-cannabis-samen","9":"first","10":"instock","11":"taxable","12":"shipping-taxable","13":"purchasable","14":"product-type-simple"},"acf":[],"uagb_featured_image_src":{"full":["https:\/\/bulkgenetics.com\/wp-content\/uploads\/2022\/10\/Red-Berry-CBD-Auto.jpg",1600,1600,false],"thumbnail":["https:\/\/bulkgenetics.com\/wp-content\/uploads\/2022\/10\/Red-Berry-CBD-Auto-150x150.jpg",150,150,true],"medium":["https:\/\/bulkgenetics.com\/wp-content\/uploads\/2022\/10\/Red-Berry-CBD-Auto-300x300.jpg",300,300,true],"medium_large":["https:\/\/bulkgenetics.com\/wp-content\/uploads\/2022\/10\/Red-Berry-CBD-Auto-768x768.jpg",768,768,true],"large":["https:\/\/bulkgenetics.com\/wp-content\/uploads\/2022\/10\/Red-Berry-CBD-Auto-1024x1024.jpg",1024,1024,true],"1536x1536":["https:\/\/bulkgenetics.com\/wp-content\/uploads\/2022\/10\/Red-Berry-CBD-Auto-1536x1536.jpg",1536,1536,true],"2048x2048":["https:\/\/bulkgenetics.com\/wp-content\/uploads\/2022\/10\/Red-Berry-CBD-Auto.jpg",1600,1600,false],"commercegurus-pdp-large":["https:\/\/bulkgenetics.com\/wp-content\/uploads\/2022\/10\/Red-Berry-CBD-Auto-990x990.jpg",990,990,true],"commercegurus-plp-mobile":["https:\/\/bulkgenetics.com\/wp-content\/uploads\/2022\/10\/Red-Berry-CBD-Auto-441x441.jpg",441,441,true],"cgkit_image_swatch":["https:\/\/bulkgenetics.com\/wp-content\/uploads\/2022\/10\/Red-Berry-CBD-Auto-100x100.jpg",100,100,true],"woocommerce_thumbnail":["https:\/\/bulkgenetics.com\/wp-content\/uploads\/2022\/10\/Red-Berry-CBD-Auto-300x300.jpg",300,300,true],"woocommerce_single":["https:\/\/bulkgenetics.com\/wp-content\/uploads\/2022\/10\/Red-Berry-CBD-Auto-800x800.jpg",800,800,true],"woocommerce_gallery_thumbnail":["https:\/\/bulkgenetics.com\/wp-content\/uploads\/2022\/10\/Red-Berry-CBD-Auto-150x150.jpg",150,150,true],"dgwt-wcas-product-suggestion":["https:\/\/bulkgenetics.com\/wp-content\/uploads\/2022\/10\/Red-Berry-CBD-Auto-64x64.jpg",64,64,true]},"uagb_author_info":{"display_name":"J\u00e9r\u00f4me","author_link":"https:\/\/bulkgenetics.com\/de\/author\/"},"uagb_comment_info":0,"uagb_excerpt":"Red Berry CBD Auto ist eine selbstbl\u00fchende Pflanze mit einem THC-Gehalt von weniger als 0,5%. Es ist eine diskrete Pflanze, die nicht mehr als 90 cm hoch wird, perfekt f\u00fcr Terrassen oder Balkone. Sie ist sehr einfach zu z\u00fcchten und sehr schnell, mit einer Erntezeit von insgesamt 9 Wochen ab der Keimung. Die Knospen sind&hellip;","_links":{"self":[{"href":"https:\/\/bulkgenetics.com\/de\/wp-json\/wp\/v2\/product\/10180","targetHints":{"allow":["GET"]}}],"collection":[{"href":"https:\/\/bulkgenetics.com\/de\/wp-json\/wp\/v2\/product"}],"about":[{"href":"https:\/\/bulkgenetics.com\/de\/wp-json\/wp\/v2\/types\/product"}],"replies":[{"embeddable":true,"href":"https:\/\/bulkgenetics.com\/de\/wp-json\/wp\/v2\/comments?post=10180"}],"wp:featuredmedia":[{"embeddable":true,"href":"https:\/\/bulkgenetics.com\/de\/wp-json\/wp\/v2\/media\/9198"}],"wp:attachment":[{"href":"https:\/\/bulkgenetics.com\/de\/wp-json\/wp\/v2\/media?parent=10180"}],"wp:term":[{"taxonomy":"product_brand","embeddable":true,"href":"https:\/\/bulkgenetics.com\/de\/wp-json\/wp\/v2\/product_brand?post=10180"},{"taxonomy":"product_cat","embeddable":true,"href":"https:\/\/bulkgenetics.com\/de\/wp-json\/wp\/v2\/product_cat?post=10180"},{"taxonomy":"product_tag","embeddable":true,"href":"https:\/\/bulkgenetics.com\/de\/wp-json\/wp\/v2\/product_tag?post=10180"}],"curies":[{"name":"wp","href":"https:\/\/api.w.org\/{rel}","templated":true}]}}