{"id":10194,"date":"2022-10-04T17:31:58","date_gmt":"2022-10-04T15:31:58","guid":{"rendered":"https:\/\/www.bulkgenetics.com\/erdbeer-banane-auto\/"},"modified":"2024-10-08T01:13:47","modified_gmt":"2024-10-07T23:13:47","slug":"strawberry-banana-auto","status":"publish","type":"product","link":"https:\/\/bulkgenetics.com\/de\/strawberry-banana-auto\/","title":{"rendered":"Strawberry Banana Auto"},"content":{"rendered":"\n<p>Strawberry Banana Auto ist die selbstbl\u00fchende und schnellere Version einer der besten Arbeiten der Saatgutbank Reserva Privada, einer Tochtergesellschaft von DNA Genetics.<\/p>\n\n\n\n<p>Strawberry Banana ist eine Indica-dominante Hybride aus Banana Kush und Bubblegum, ber\u00fchmt f\u00fcr ihren au\u00dfergew\u00f6hnlichen Geschmack. Sie gewann im Jahr 2018 einen ersten Preis beim Santa Cruz Cup in der Kategorie bester Outdoor-Hybrid.<\/p>\n\n\n\n<p>Es ist eine Cannabis-Sorte, die von Banken wie Sweet Seeds und FastBuds sehr gesch\u00e4tzt wird. Und auf Websites wie Growdiaries oder Leafly erh\u00e4lt sie sehr positive Bewertungen oder skandal\u00f6se Verfolgungen.<\/p>\n\n\n\n<h2 class=\"wp-block-heading\">Wie man Strawberry Banana Auto anbaut <\/h2>\n\n\n\n<p>Sie ist eine widerstandsf\u00e4hige Sorte, ben\u00f6tigt wenig Pflege und w\u00e4chst vom ersten Tag an kr\u00e4ftig, bis sie eine diskrete H\u00f6he von 1 Meter erreicht. Sie ist perfekt f\u00fcr Terrassen oder Balkone, wo sie nicht auff\u00e4llt.<\/p>\n\n\n\n<p>Diese Art von selbstbl\u00fchenden Sorten hat eine sehr kurze Wachstumsphase. Bereits 3-4 Wochen nach der Keimung beginnen die Pflanzen zu bl\u00fchen, unabh\u00e4ngig von ihrer Gr\u00f6\u00dfe oder der Menge an Licht, die sie erhalten.<\/p>\n\n\n\n<p>Z\u00fcchter verwenden von Anfang an gro\u00dfe T\u00f6pfe, um zu verhindern, dass die Pflanzen in ihrer Entwicklung ins Stocken geraten, was bei einigen Pflanzen nach dem Umpflanzen typisch ist.<\/p>\n\n\n\n<p>Insgesamt ernten Sie in nur 70 Tagen die duftendsten Bl\u00fcten, die Sie sich vorstellen k\u00f6nnen. Im Freien k\u00f6nnen in den Fr\u00fchjahrs- und Sommermonaten bis zu 3 Ernten erzielt werden.<\/p>\n\n\n\n<h2 class=\"wp-block-heading\">Eigenschaften von Strawberry Banana Auto <\/h2>\n\n\n\n<p>Die Bl\u00fcten sind gro\u00df, schwer, sehr kompakt und mit einer dicken Schicht \u00f6ligen und gl\u00e4nzenden Harzes bedeckt. Die meisten Ph\u00e4notypen erwerben auch sehr auff\u00e4llige Farben gegen Ende der Bl\u00fcte. Es ist eine Sorte, die sich gut f\u00fcr Extraktionen eignet.<\/p>\n\n\n\n<p>Das Aroma und der Geschmack sind zweifellos ihre St\u00e4rken. Ein dichter Rauch mit Ankl\u00e4ngen an Erdbeere und Banane wird Ihre Geschmacksknospen zum Springen bringen. Eine leichte holzige Note rundet das au\u00dfergew\u00f6hnliche Bouquet ab.<\/p>\n\n\n\n<p>Die Effekte sind kraftvoll und anhaltend, ein starker energetischer und kreativer Aufstieg wird Sie f\u00fcr lange Stunden sehr hoch halten. Sie ist perfekt f\u00fcr den Tagesrauch.<\/p>\n\n\n\n<p>Die Ertr\u00e4ge sind hoch f\u00fcr ihre diskrete Gr\u00f6\u00dfe. Jeder Indoor-Z\u00fcchter erreicht 500 Gramm pro Quadratmeter mit einem 300-350 W LED-Scheinwerfer. Die gr\u00f6\u00dferen Indoor-Pflanzen haben eine Produktion von bis zu 120 Gramm.<\/p>\n\n\n\n<div style=\"height:50px\" aria-hidden=\"true\" class=\"wp-block-spacer uag-hide-mob\"><\/div>\n\n\n\n<div class=\"wp-block-columns is-layout-flex wp-container-core-columns-is-layout-28f84493 wp-block-columns-is-layout-flex\">\n<div class=\"wp-block-column is-layout-flow wp-block-column-is-layout-flow\">\n<p class=\"has-text-align-center has-medium-font-size\"><strong>Was wir am meisten m\u00f6gen<\/strong><\/p>\n\n\n\n<ul class=\"wp-block-list\">\n<li>Sehr einfach zu z\u00fcchten.<\/li>\n\n\n\n<li>Sehr diskret. <\/li>\n\n\n\n<li>In nur 70 Tagen geerntet. <\/li>\n\n\n\n<li>K\u00f6stlicher Erdbeer- und Bananengeschmack.<\/li>\n\n\n\n<li>Sehr kreative und energetische Effekte. <\/li>\n\n\n\n<li>Ihr Preis.<\/li>\n<\/ul>\n<\/div>\n\n\n\n<div class=\"wp-block-column is-layout-flow wp-block-column-is-layout-flow\">\n<p class=\"has-text-align-center has-medium-font-size\"><strong>Was wir am wenigsten m\u00f6gen<\/strong><\/p>\n\n\n\n<ul class=\"wp-block-list\">\n<li>Sie riecht w\u00e4hrend der Bl\u00fcte sehr stark.<\/li>\n<\/ul>\n<\/div>\n<\/div>\n\n\n\n<div style=\"height:50px\" aria-hidden=\"true\" class=\"wp-block-spacer uag-hide-mob\"><\/div>\n\n\n\n<h2 class=\"wp-block-heading\">H\u00e4ufig gestellte Fragen<\/h2>\n\n\n\n<p>Im Folgenden beantworten wir die am h\u00e4ufigsten gestellten Fragen von Z\u00fcchtern, die an dieser Sorte interessiert sind:<\/p>\n\n\n<div id=\"rank-math-faq\" class=\"rank-math-block\">\n<div class=\"rank-math-list \">\n<div id=\"faq-question-1663029074962\" class=\"rank-math-list-item\">\n<h3 class=\"rank-math-question \">Wann beginnt die Strawberry Banana Auto zu bl\u00fchen?<\/h3>\n<div class=\"rank-math-answer \">\n\n<p>Die Bl\u00fcte beginnt 3-4 Wochen nach der Keimung.<\/p>\n\n<\/div>\n<\/div>\n<div id=\"faq-question-1663029159933\" class=\"rank-math-list-item\">\n<h3 class=\"rank-math-question \">Wie lange dauert es, eine Strawberry Banana Auto von der Keimung bis zur Ernte?<\/h3>\n<div class=\"rank-math-answer \">\n\n<p>Von der Keimung bis zur Ernte dauert es nur 10 Wochen.<\/p>\n\n<\/div>\n<\/div>\n<div id=\"faq-question-1663029165861\" class=\"rank-math-list-item\">\n<h3 class=\"rank-math-question \">Wie z\u00fcchtet man eine feminisierte Strawberry Banana Auto?<\/h3>\n<div class=\"rank-math-answer \">\n\n<p>Es ist eine sehr einfach zu z\u00fcchtende und widerstandsf\u00e4hige Pflanze. Ihre Gr\u00f6\u00dfe ist diskret, ideal f\u00fcr Terrassen, Balkone oder kleine G\u00e4rten. Verwenden Sie von Anfang an einen gro\u00dfen Topf.<\/p>\n\n<\/div>\n<\/div>\n<div id=\"faq-question-1666780029954\" class=\"rank-math-list-item\">\n<h3 class=\"rank-math-question \">Welche sind die Effekte von Strawberry Banana Auto in Bulk?<\/h3>\n<div class=\"rank-math-answer \">\n\n<p>Die Effekte sind sehr energisch und kreativ. Es ist eine perfekte Marihuanasorte f\u00fcr den Tagesgebrauch.<\/p>\n\n<\/div>\n<\/div>\n<\/div>\n<\/div>","protected":false},"excerpt":{"rendered":"<p>Strawberry Banana Auto ist eine sehr schnelle Version der ber\u00fchmten Sorte Reserva Privada. Sie ist eine pflegeleichte Pflanze mit einer kompakten und diskreten Gr\u00f6\u00dfe, die normalerweise 100 cm nicht \u00fcberschreitet. Der Lebenszyklus ist kurz und es dauert nur etwa 70-75 Tage, bis du kompakte Buds mit gl\u00e4nzenden Trichomen ernten kannst. Ein spektakul\u00e4rer Rauch mit einem Hauch von Erdbeere und Banane, der dich in ein tropisches Paradies versetzt, w\u00e4hrend sich dein K\u00f6rper langsam mit Energie und Kreativit\u00e4t f\u00fcllt.<\/p>\n","protected":false},"featured_media":11109,"comment_status":"open","ping_status":"closed","template":"","meta":{"_acf_changed":false,"inline_featured_image":false,"_uag_custom_page_level_css":""},"product_brand":[],"product_cat":[2114],"product_tag":[],"class_list":{"0":"post-10194","1":"product","2":"type-product","3":"status-publish","4":"has-post-thumbnail","6":"product_cat-autoflowering-cannabis-samen","8":"first","9":"instock","10":"taxable","11":"shipping-taxable","12":"purchasable","13":"product-type-simple"},"acf":[],"uagb_featured_image_src":{"full":["https:\/\/bulkgenetics.com\/wp-content\/uploads\/2022\/10\/strawberry-banana-auto.jpg",1600,1600,false],"thumbnail":["https:\/\/bulkgenetics.com\/wp-content\/uploads\/2022\/10\/strawberry-banana-auto-150x150.png",150,150,true],"medium":["https:\/\/bulkgenetics.com\/wp-content\/uploads\/2022\/10\/strawberry-banana-auto-300x300.png",300,300,true],"medium_large":["https:\/\/bulkgenetics.com\/wp-content\/uploads\/2022\/10\/strawberry-banana-auto-768x768.png",768,768,true],"large":["https:\/\/bulkgenetics.com\/wp-content\/uploads\/2022\/10\/strawberry-banana-auto-1024x1024.png",1024,1024,true],"1536x1536":["https:\/\/bulkgenetics.com\/wp-content\/uploads\/2022\/10\/strawberry-banana-auto-1536x1536.png",1536,1536,true],"2048x2048":["https:\/\/bulkgenetics.com\/wp-content\/uploads\/2022\/10\/strawberry-banana-auto.jpg",1600,1600,false],"commercegurus-pdp-large":["https:\/\/bulkgenetics.com\/wp-content\/uploads\/2022\/10\/strawberry-banana-auto-990x990.png",990,990,true],"commercegurus-plp-mobile":["https:\/\/bulkgenetics.com\/wp-content\/uploads\/2022\/10\/strawberry-banana-auto-441x441.png",441,441,true],"cgkit_image_swatch":["https:\/\/bulkgenetics.com\/wp-content\/uploads\/2022\/10\/strawberry-banana-auto-100x100.png",100,100,true],"woocommerce_thumbnail":["https:\/\/bulkgenetics.com\/wp-content\/uploads\/2022\/10\/strawberry-banana-auto-300x300.png",300,300,true],"woocommerce_single":["https:\/\/bulkgenetics.com\/wp-content\/uploads\/2022\/10\/strawberry-banana-auto-800x800.png",800,800,true],"woocommerce_gallery_thumbnail":["https:\/\/bulkgenetics.com\/wp-content\/uploads\/2022\/10\/strawberry-banana-auto-150x150.png",150,150,true],"dgwt-wcas-product-suggestion":["https:\/\/bulkgenetics.com\/wp-content\/uploads\/2022\/10\/strawberry-banana-auto-64x64.png",64,64,true]},"uagb_author_info":{"display_name":"\u00c1ngel Flores","author_link":"https:\/\/bulkgenetics.com\/de\/author\/"},"uagb_comment_info":0,"uagb_excerpt":"Strawberry Banana Auto ist eine sehr schnelle Version der ber\u00fchmten Sorte Reserva Privada. Sie ist eine pflegeleichte Pflanze mit einer kompakten und diskreten Gr\u00f6\u00dfe, die normalerweise 100 cm nicht \u00fcberschreitet. Der Lebenszyklus ist kurz und es dauert nur etwa 70-75 Tage, bis du kompakte Buds mit gl\u00e4nzenden Trichomen ernten kannst. Ein spektakul\u00e4rer Rauch mit einem&hellip;","_links":{"self":[{"href":"https:\/\/bulkgenetics.com\/de\/wp-json\/wp\/v2\/product\/10194","targetHints":{"allow":["GET"]}}],"collection":[{"href":"https:\/\/bulkgenetics.com\/de\/wp-json\/wp\/v2\/product"}],"about":[{"href":"https:\/\/bulkgenetics.com\/de\/wp-json\/wp\/v2\/types\/product"}],"replies":[{"embeddable":true,"href":"https:\/\/bulkgenetics.com\/de\/wp-json\/wp\/v2\/comments?post=10194"}],"wp:featuredmedia":[{"embeddable":true,"href":"https:\/\/bulkgenetics.com\/de\/wp-json\/wp\/v2\/media\/11109"}],"wp:attachment":[{"href":"https:\/\/bulkgenetics.com\/de\/wp-json\/wp\/v2\/media?parent=10194"}],"wp:term":[{"taxonomy":"product_brand","embeddable":true,"href":"https:\/\/bulkgenetics.com\/de\/wp-json\/wp\/v2\/product_brand?post=10194"},{"taxonomy":"product_cat","embeddable":true,"href":"https:\/\/bulkgenetics.com\/de\/wp-json\/wp\/v2\/product_cat?post=10194"},{"taxonomy":"product_tag","embeddable":true,"href":"https:\/\/bulkgenetics.com\/de\/wp-json\/wp\/v2\/product_tag?post=10194"}],"curies":[{"name":"wp","href":"https:\/\/api.w.org\/{rel}","templated":true}]}}