{"id":10195,"date":"2022-10-04T17:32:21","date_gmt":"2022-10-04T15:32:21","guid":{"rendered":"https:\/\/www.bulkgenetics.com\/runtz-muffin-xl-auto\/"},"modified":"2024-10-08T01:13:47","modified_gmt":"2024-10-07T23:13:47","slug":"runtz-muffin-xl-auto","status":"publish","type":"product","link":"https:\/\/bulkgenetics.com\/de\/runtz-muffin-xl-auto\/","title":{"rendered":"Runtz Muffin XL Auto"},"content":{"rendered":"\n<p>Runtz Muffin XL Auto ist die Version einer der angesagtesten Sorten der letzten Jahre, bekannt sowohl f\u00fcr ihren au\u00dfergew\u00f6hnlichen Geschmack als auch ihre starken Wirkungen.<\/p>\n\n\n\n<p>Runtz Muffin ist ein Hybrid mit Indica-Dominanz, eine Kreuzung zwischen <strong><a href=\"https:\/\/bulkgenetics.com\/de\/runtz\/\">Runtz<\/a><\/strong> (Zkittlez und Gelato) und Orange Punch (Larry OG x Granddaddy Purple).<\/p>\n\n\n\n<p>Es ist eine sehr vielseitige Sorte, die einige riesige selbstbl\u00fchende Pflanzen hervorgebracht hat, wie Skywalker OG Runtz XL Auto oder Runtz XL Auto von Sweet Seeds. Der Hauptunterschied besteht darin, dass unsere Gro\u00dfhandels-Cannabissamen die g\u00fcnstigsten sind.<\/p>\n\n\n\n<h2 class=\"wp-block-heading\">Wie man Runtz Muffin XL Auto anbaut <\/h2>\n\n\n\n<p>Es ist eine Pflanze, die wegen ihrer Kraft und Widerstandsf\u00e4higkeit jedem Z\u00fcchter gef\u00e4llt. Ihre maximale H\u00f6he von 110 cm macht sie sehr diskret und perfekt f\u00fcr Terrassen oder Balkone.<\/p>\n\n\n\n<p>Z\u00fcchter entscheiden sich meist von Anfang an f\u00fcr einen gro\u00dfen Topf. Eine Verpflanzung bedeutet immer einen gewissen Stress und die Pflanzen k\u00f6nnen darauf reagieren, indem sie ihr Wachstum f\u00fcr ein paar Tage verlangsamen.<\/p>\n\n\n\n<p>Von dem Zeitpunkt an, an dem die Samen keimen, m\u00fcssen Sie nur noch 9 Wochen warten, um Meisterbl\u00fcten zu ernten. Da sie so schnell ist, k\u00f6nnen Sie in den Fr\u00fchjahrs- und Sommermonaten bis zu 3 aufeinanderfolgende Ernten einbringen.<\/p>\n\n\n\n<h2 class=\"wp-block-heading\">Merkmale von Runtz Muffin XL Auto <\/h2>\n\n\n\n<p>Die Bl\u00fcten sind dick und l\u00e4nglich wie Limonadenflaschen, mit wundersch\u00f6nen lila Farben, die gegen Ende der Bl\u00fcte bei milden Temperaturen noch st\u00e4rker hervortreten. Und sie sind sehr, sehr harzig, sogar die nahen Bl\u00e4tter sammeln eine spektakul\u00e4re Schicht von Trichomen.<\/p>\n\n\n\n<p>Der Geschmack und das Aroma sind ein Genuss, man kann s\u00fc\u00dfe, blumige und fruchtige Noten mit leichten zitrusartigen Ankl\u00e4ngen an Orange sp\u00fcren, die von ihrer Mutter Orange Punch geerbt wurden.<\/p>\n\n\n\n<p>Die Wirkungen sind aufgrund ihres hohen THC-Gehalts, der nahe an 20% liegt, stark. Sie sorgt f\u00fcr einen energetischen und sehr fr\u00f6hlichen Rausch, der dann langsam zu ruhigeren und entspannenderen Gef\u00fchlen abklingt.<\/p>\n\n\n\n<p>Der Ertrag ist trotz ihrer kompakten und unauff\u00e4lligen Gr\u00f6\u00dfe hoch. Im Freien k\u00f6nnen die gr\u00f6\u00dften Pflanzen bis zu 150 Gramm produzieren. Im Innenbereich kann jeder mit einem 300-350 W LED-Scheinwerfer bis zu 550 Gramm pro m\u00b2 erzielen.<\/p>\n\n\n\n<div style=\"height:50px\" aria-hidden=\"true\" class=\"wp-block-spacer uag-hide-mob\"><\/div>\n\n\n\n<div class=\"wp-block-columns is-layout-flex wp-container-core-columns-is-layout-28f84493 wp-block-columns-is-layout-flex\">\n<div class=\"wp-block-column is-layout-flow wp-block-column-is-layout-flow\">\n<p class=\"has-text-align-center has-medium-font-size\"><strong>Was wir am meisten m\u00f6gen<\/strong><\/p>\n\n\n\n<ul class=\"wp-block-list\">\n<li>Sehr einfach zu z\u00fcchten.<\/li>\n\n\n\n<li>Unauff\u00e4llig. <\/li>\n\n\n\n<li>Hoher Ertrag. <\/li>\n\n\n\n<li>In nur 9 Wochen geerntet. <\/li>\n\n\n\n<li>Sehr starke und ausgewogene Wirkungen.<\/li>\n\n\n\n<li>Sein Preis.<\/li>\n<\/ul>\n<\/div>\n\n\n\n<div class=\"wp-block-column is-layout-flow wp-block-column-is-layout-flow\">\n<p class=\"has-text-align-center\"><strong>Was uns am wenigsten gef\u00e4llt<\/strong><\/p>\n\n\n\n<ul class=\"wp-block-list\">\n<li>Intensiver Geruch w\u00e4hrend der Bl\u00fcte. <\/li>\n\n\n\n<li>Sehr, sehr stark.<\/li>\n<\/ul>\n<\/div>\n<\/div>\n\n\n\n<div style=\"height:50px\" aria-hidden=\"true\" class=\"wp-block-spacer uag-hide-mob\"><\/div>\n\n\n\n<h2 class=\"wp-block-heading\">H\u00e4ufig gestellte Fragen<\/h2>\n\n\n\n<p>Im Folgenden finden Sie die Antwort auf die am h\u00e4ufigsten gestellten Fragen von Z\u00fcchtern, die an dieser Genetik interessiert sind:<\/p>\n\n\n<div id=\"rank-math-faq\" class=\"rank-math-block\">\n<div class=\"rank-math-list \">\n<div id=\"faq-question-1663029074962\" class=\"rank-math-list-item\">\n<h3 class=\"rank-math-question \">Wann beginnt Runtz Muffin XL Auto zu bl\u00fchen?<\/h3>\n<div class=\"rank-math-answer \">\n\n<p>Die Bl\u00fcte beginnt zwischen der dritten und vierten Woche ab der Keimung der Samen.<\/p>\n\n<\/div>\n<\/div>\n<div id=\"faq-question-1663029159933\" class=\"rank-math-list-item\">\n<h3 class=\"rank-math-question \">Wie lange dauert es, eine Runtz Muffin XL Auto ab ihrer Keimung zu ernten?<\/h3>\n<div class=\"rank-math-answer \">\n\n<p>Es handelt sich um eine sehr schnelle selbstbl\u00fchende Marihuanasorte, die in insgesamt 9 Wochen geerntet wird.<\/p>\n\n<\/div>\n<\/div>\n<div id=\"faq-question-1663029165861\" class=\"rank-math-list-item\">\n<h3 class=\"rank-math-question \">Wie baut man eine feminisierte Runtz Muffin XL Auto an?<\/h3>\n<div class=\"rank-math-answer \">\n\n<p>Es ist eine diskrete, einfache und widerstandsf\u00e4hige Cannabissorte. Verwenden Sie von Anfang an einen gro\u00dfen Topf, um die gr\u00f6\u00dften und produktivsten Pflanzen zu bekommen.<\/p>\n\n<\/div>\n<\/div>\n<div id=\"faq-question-1666780029954\" class=\"rank-math-list-item\">\n<h3 class=\"rank-math-question \">Welche sind die Wirkungen von Runtz Muffin XL Auto im Gro\u00dfhandel?<\/h3>\n<div class=\"rank-math-answer \">\n\n<p>Sie hat sehr, sehr starke Wirkungen. Nach einem sehr energetischen und fr\u00f6hlichen Aufstieg folgt ein langer und entspannender Abstieg.<\/p>\n\n<\/div>\n<\/div>\n<\/div>\n<\/div>","protected":false},"excerpt":{"rendered":"<p>Runtz Muffin XL Auto ist eine der potentesten autoflowering Sorten, deren THC-Gehalt in manchen Pflanzen bis zu 25% betr\u00e4gt. Sie ist eine sehr schnell wachsende Sorte mit einer sehr diskreten Gr\u00f6\u00dfe von etwas mehr als einem Meter. Sie hat einen sehr kurzen Lebenszyklus und wird in insgesamt 9 Wochen geerntet. Sie produziert gro\u00dfe Knospen mit viel, viel Harz und einem intensiven und berauschenden fruchtigen, s\u00fc\u00dfen und blumigen Aroma. Die Effekte sind sehr stark, selbst f\u00fcr die Erfahrensten zu stark. Eine entspannende Welle der Ruhe l\u00e4sst dich f\u00fcr lange Stunden in einem ruhigen Ozean treiben.<\/p>\n","protected":false},"featured_media":18718,"comment_status":"open","ping_status":"closed","template":"","meta":{"_acf_changed":false,"inline_featured_image":false,"_uag_custom_page_level_css":""},"product_brand":[],"product_cat":[2114],"product_tag":[],"class_list":{"0":"post-10195","1":"product","2":"type-product","3":"status-publish","4":"has-post-thumbnail","6":"product_cat-autoflowering-cannabis-samen","8":"first","9":"instock","10":"taxable","11":"shipping-taxable","12":"purchasable","13":"product-type-simple"},"acf":[],"uagb_featured_image_src":{"full":["https:\/\/bulkgenetics.com\/wp-content\/uploads\/2022\/10\/Runtz-Muffin-XL-Auto.jpg",1600,1600,false],"thumbnail":["https:\/\/bulkgenetics.com\/wp-content\/uploads\/2022\/10\/Runtz-Muffin-XL-Auto-150x150.jpg",150,150,true],"medium":["https:\/\/bulkgenetics.com\/wp-content\/uploads\/2022\/10\/Runtz-Muffin-XL-Auto-300x300.jpg",300,300,true],"medium_large":["https:\/\/bulkgenetics.com\/wp-content\/uploads\/2022\/10\/Runtz-Muffin-XL-Auto-768x768.jpg",768,768,true],"large":["https:\/\/bulkgenetics.com\/wp-content\/uploads\/2022\/10\/Runtz-Muffin-XL-Auto-1024x1024.jpg",1024,1024,true],"1536x1536":["https:\/\/bulkgenetics.com\/wp-content\/uploads\/2022\/10\/Runtz-Muffin-XL-Auto-1536x1536.jpg",1536,1536,true],"2048x2048":["https:\/\/bulkgenetics.com\/wp-content\/uploads\/2022\/10\/Runtz-Muffin-XL-Auto.jpg",1600,1600,false],"commercegurus-pdp-large":["https:\/\/bulkgenetics.com\/wp-content\/uploads\/2022\/10\/Runtz-Muffin-XL-Auto-990x990.jpg",990,990,true],"commercegurus-plp-mobile":["https:\/\/bulkgenetics.com\/wp-content\/uploads\/2022\/10\/Runtz-Muffin-XL-Auto-441x441.jpg",441,441,true],"cgkit_image_swatch":["https:\/\/bulkgenetics.com\/wp-content\/uploads\/2022\/10\/Runtz-Muffin-XL-Auto-100x100.jpg",100,100,true],"woocommerce_thumbnail":["https:\/\/bulkgenetics.com\/wp-content\/uploads\/2022\/10\/Runtz-Muffin-XL-Auto-300x300.jpg",300,300,true],"woocommerce_single":["https:\/\/bulkgenetics.com\/wp-content\/uploads\/2022\/10\/Runtz-Muffin-XL-Auto-800x800.jpg",800,800,true],"woocommerce_gallery_thumbnail":["https:\/\/bulkgenetics.com\/wp-content\/uploads\/2022\/10\/Runtz-Muffin-XL-Auto-150x150.jpg",150,150,true],"dgwt-wcas-product-suggestion":["https:\/\/bulkgenetics.com\/wp-content\/uploads\/2022\/10\/Runtz-Muffin-XL-Auto-64x64.jpg",64,64,true]},"uagb_author_info":{"display_name":"\u00c1ngel Flores","author_link":"https:\/\/bulkgenetics.com\/de\/author\/"},"uagb_comment_info":0,"uagb_excerpt":"Runtz Muffin XL Auto ist eine der potentesten autoflowering Sorten, deren THC-Gehalt in manchen Pflanzen bis zu 25% betr\u00e4gt. Sie ist eine sehr schnell wachsende Sorte mit einer sehr diskreten Gr\u00f6\u00dfe von etwas mehr als einem Meter. Sie hat einen sehr kurzen Lebenszyklus und wird in insgesamt 9 Wochen geerntet. Sie produziert gro\u00dfe Knospen mit&hellip;","_links":{"self":[{"href":"https:\/\/bulkgenetics.com\/de\/wp-json\/wp\/v2\/product\/10195","targetHints":{"allow":["GET"]}}],"collection":[{"href":"https:\/\/bulkgenetics.com\/de\/wp-json\/wp\/v2\/product"}],"about":[{"href":"https:\/\/bulkgenetics.com\/de\/wp-json\/wp\/v2\/types\/product"}],"replies":[{"embeddable":true,"href":"https:\/\/bulkgenetics.com\/de\/wp-json\/wp\/v2\/comments?post=10195"}],"wp:featuredmedia":[{"embeddable":true,"href":"https:\/\/bulkgenetics.com\/de\/wp-json\/wp\/v2\/media\/18718"}],"wp:attachment":[{"href":"https:\/\/bulkgenetics.com\/de\/wp-json\/wp\/v2\/media?parent=10195"}],"wp:term":[{"taxonomy":"product_brand","embeddable":true,"href":"https:\/\/bulkgenetics.com\/de\/wp-json\/wp\/v2\/product_brand?post=10195"},{"taxonomy":"product_cat","embeddable":true,"href":"https:\/\/bulkgenetics.com\/de\/wp-json\/wp\/v2\/product_cat?post=10195"},{"taxonomy":"product_tag","embeddable":true,"href":"https:\/\/bulkgenetics.com\/de\/wp-json\/wp\/v2\/product_tag?post=10195"}],"curies":[{"name":"wp","href":"https:\/\/api.w.org\/{rel}","templated":true}]}}