{"id":10196,"date":"2022-10-04T17:32:50","date_gmt":"2022-10-04T15:32:50","guid":{"rendered":"https:\/\/www.bulkgenetics.com\/weissrussisches-auto\/"},"modified":"2024-10-08T01:13:46","modified_gmt":"2024-10-07T23:13:46","slug":"russian-snow-auto","status":"publish","type":"product","link":"https:\/\/bulkgenetics.com\/de\/russian-snow-auto\/","title":{"rendered":"Russian Snow Auto"},"content":{"rendered":"\n<p>Russian Snow Auto ist unsere autoflowering Version einer der harzigsten und produktivsten niederl\u00e4ndischen Sorten, Gewinnerin des HighTimes Cannabis Cup im Jahr 1996.<\/p>\n\n\n\n<p>Russian Snow ist eine der Flaggschiffsorten von Serious Seeds, entwickelt durch die Kombination ihrer besten <strong><a href=\"https:\/\/bulkgenetics.com\/de\/ak-47\/\">AK-47<\/a><\/strong> und einer <strong><a href=\"https:\/\/bulkgenetics.com\/de\/white-widow\/\">White Widow<\/a><\/strong>.<\/p>\n\n\n\n<p>Seit ihrem Erscheinen in den Mitte der 90er Jahre ist sie das Objekt der Begierde aller Grower. Besonders in Hydrokultursystemen ist es eine der Marihuanasorten, die den gr\u00f6\u00dften Ertrag bieten.<\/p>\n\n\n\n<h2 class=\"wp-block-heading\">Wie man Russian Snow Auto anbaut<\/h2>\n\n\n\n<p>Es ist sehr einfach und erfordert keine umfangreiche Pflege, sogar Anf\u00e4nger erhalten schnell wachsende Pflanzen mit gro\u00dfer Resistenz.<\/p>\n\n\n\n<p>Sie bleibt sehr diskret und \u00fcberschreitet normalerweise nicht 110 cm, eine ideale H\u00f6he f\u00fcr kleine Terrassen oder Balkone, wo sie unbemerkt bleibt.<\/p>\n\n\n\n<p>Es wird empfohlen, autoflowering Pflanzen ab dem ersten Tag in einem gro\u00dfen Topf zu kultivieren. Wenn Transplantationen vermieden werden, erreichen die Pflanzen eine gr\u00f6\u00dfere H\u00f6he, bevor die Bl\u00fcte beginnt.<\/p>\n\n\n\n<p>Insgesamt dauert die Ernte etwa 70-75 Tage, gerechnet ab der Keimung der Samen. W\u00e4hrend der Fr\u00fchlings- und Sommermonate k\u00f6nnen zwei Outdoor-Ernten eingefahren werden. Selbst drei, wenn der Oktober trocken ist.<\/p>\n\n\n\n<h2 class=\"wp-block-heading\">Eigenschaften von Russian Snow Auto<\/h2>\n\n\n\n<p>Sie produziert gro\u00dfe, harte und runde Knospen wie Golfb\u00e4lle. Und sehr viel Harz, Liebhaber von Extrakten werden es selten so genie\u00dfen.<\/p>\n\n\n\n<p>Ihr Geschmack ist sehr exotisch und tropisch. Sie hat sehr skunky Nuancen mit s\u00fc\u00dfen, fruchtigen und sehr intensiven floralen Noten, die sehr ansprechend sind.<\/p>\n\n\n\n<p>Die Wirkungen sind potent, und ein paar Z\u00fcge reichen aus, um Ihren K\u00f6rper von einer energetischen, anregenden und kreativen Welle treffen zu lassen. Ihr Ende ist entspannender und ruhiger.<\/p>\n\n\n\n<p>In Bezug auf die Ertr\u00e4ge sind sie hoch. Im Freien produzieren die gr\u00f6\u00dferen Pflanzen bis zu 150 Gramm. Bei der Indoor-Kultivierung kann jeder bis zu 550 Gramm pro Quadratmeter mit einer 300-350 W LED-Einrichtung erzielen.<\/p>\n\n\n\n<div style=\"height:50px\" aria-hidden=\"true\" class=\"wp-block-spacer uag-hide-mob\"><\/div>\n\n\n\n<div class=\"wp-block-columns is-layout-flex wp-container-core-columns-is-layout-28f84493 wp-block-columns-is-layout-flex\">\n<div class=\"wp-block-column is-layout-flow wp-block-column-is-layout-flow\">\n<p class=\"has-text-align-center has-medium-font-size\"><strong>Was wir am meisten m\u00f6gen<\/strong><\/p>\n\n\n\n<ul class=\"wp-block-list\">\n<li>Sehr einfach zu kultivieren. <\/li>\n\n\n\n<li>Hoher Ertrag. <\/li>\n\n\n\n<li>Ernte in nur 10 Wochen. <\/li>\n\n\n\n<li>Sehr potente Effekte. <\/li>\n\n\n\n<li>Ihr Preis.<\/li>\n<\/ul>\n<\/div>\n\n\n\n<div class=\"wp-block-column is-layout-flow wp-block-column-is-layout-flow\">\n<p class=\"has-text-align-center\"><strong>Was uns am wenigsten gef\u00e4llt<\/strong><\/p>\n\n\n\n<ul class=\"wp-block-list\">\n<li>Sie duftet sehr stark w\u00e4hrend der Bl\u00fcte.<\/li>\n<\/ul>\n<\/div>\n<\/div>\n\n\n\n<div style=\"height:50px\" aria-hidden=\"true\" class=\"wp-block-spacer uag-hide-mob\"><\/div>\n\n\n\n<h2 class=\"wp-block-heading\">H\u00e4ufig gestellte Fragen<\/h2>\n\n\n\n<p>Im Folgenden finden Sie die Antwort auf die am h\u00e4ufigsten gestellten Fragen, die uns Grower stellen, die an dieser autoflowering Cannabissorte interessiert sind:<\/p>\n\n\n<div id=\"rank-math-faq\" class=\"rank-math-block\">\n<div class=\"rank-math-list \">\n<div id=\"faq-question-1663029074962\" class=\"rank-math-list-item\">\n<h3 class=\"rank-math-question \">Wann beginnt die Russian Snow Auto zu bl\u00fchen?<\/h3>\n<div class=\"rank-math-answer \">\n\n<p>Die Bl\u00fcte beginnt nach etwa 3-4 Wochen ab der Keimung.<\/p>\n\n<\/div>\n<\/div>\n<div id=\"faq-question-1663029159933\" class=\"rank-math-list-item\">\n<h3 class=\"rank-math-question \">Wie lange dauert es, eine Russian Snow Auto ab Keimung zu ernten?<\/h3>\n<div class=\"rank-math-answer \">\n\n<p>Insgesamt dauert die Ernte etwa 70-75 Tage, gerechnet ab der Keimung.<\/p>\n\n<\/div>\n<\/div>\n<div id=\"faq-question-1663029165861\" class=\"rank-math-list-item\">\n<h3 class=\"rank-math-question \">Wie baut man eine feminisierte Russian Snow Auto an?<\/h3>\n<div class=\"rank-math-answer \">\n\n<p>Es ist eine sehr einfache und diskrete Cannabissorte. Wenn Sie sie von Anfang an in einem gro\u00dfen Topf anbauen, erreicht sie eine H\u00f6he von 110 cm und eine Produktion von 150 Gramm.<\/p>\n\n<\/div>\n<\/div>\n<div id=\"faq-question-1666780029954\" class=\"rank-math-list-item\">\n<h3 class=\"rank-math-question \">Welche Effekte hat die Russian Snow Auto im Gro\u00dfhandel?<\/h3>\n<div class=\"rank-math-answer \">\n\n<p>Sie hat potente Effekte, die sehr energetisch, euphorisch und kreativ sind, mit einem langsamen und entspannenden Ende.<\/p>\n\n<\/div>\n<\/div>\n<\/div>\n<\/div>","protected":false},"excerpt":{"rendered":"<p>Russian Snow Auto ist die schnellste autoflowering Version der gro\u00dfen Legende von Serious Seeds. Sie ist eine sehr indicadominierte Sorte, die sehr einfach anzubauen und widerstandsf\u00e4hig ist. Mit einer H\u00f6he zwischen 80 und 110 cm ist er au\u00dferdem sehr diskret und ideal f\u00fcr kleine Terrassen oder Balkone. In insgesamt 70-75 Tagen nach der Keimung wirst du dichte, mega-klebrige Knospen mit einem sehr fruchtigen, blumigen Aroma und Geschmack ernten, mit einem Hauch von <em>skuniky. <\/em>Die Wirkung ist sehr stark, sie l\u00e4dt deine Batterien zu jeder Tageszeit wieder auf und gibt dir Energie mit einer leicht entspannenden Wirkung.<\/p>\n","protected":false},"featured_media":23920,"comment_status":"open","ping_status":"closed","template":"","meta":{"_acf_changed":false,"inline_featured_image":false,"_uag_custom_page_level_css":""},"product_brand":[],"product_cat":[2114],"product_tag":[],"class_list":{"0":"post-10196","1":"product","2":"type-product","3":"status-publish","4":"has-post-thumbnail","6":"product_cat-autoflowering-cannabis-samen","8":"first","9":"instock","10":"taxable","11":"shipping-taxable","12":"purchasable","13":"product-type-simple"},"acf":[],"uagb_featured_image_src":{"full":["https:\/\/bulkgenetics.com\/wp-content\/uploads\/2022\/10\/auto-russian-snow.jpg",1600,1600,false],"thumbnail":["https:\/\/bulkgenetics.com\/wp-content\/uploads\/2022\/10\/auto-russian-snow-150x150.jpg",150,150,true],"medium":["https:\/\/bulkgenetics.com\/wp-content\/uploads\/2022\/10\/auto-russian-snow-300x300.jpg",300,300,true],"medium_large":["https:\/\/bulkgenetics.com\/wp-content\/uploads\/2022\/10\/auto-russian-snow-768x768.jpg",768,768,true],"large":["https:\/\/bulkgenetics.com\/wp-content\/uploads\/2022\/10\/auto-russian-snow-1024x1024.jpg",1024,1024,true],"1536x1536":["https:\/\/bulkgenetics.com\/wp-content\/uploads\/2022\/10\/auto-russian-snow-1536x1536.jpg",1536,1536,true],"2048x2048":["https:\/\/bulkgenetics.com\/wp-content\/uploads\/2022\/10\/auto-russian-snow.jpg",1600,1600,false],"commercegurus-pdp-large":["https:\/\/bulkgenetics.com\/wp-content\/uploads\/2022\/10\/auto-russian-snow-990x990.jpg",990,990,true],"commercegurus-plp-mobile":["https:\/\/bulkgenetics.com\/wp-content\/uploads\/2022\/10\/auto-russian-snow-441x441.jpg",441,441,true],"cgkit_image_swatch":["https:\/\/bulkgenetics.com\/wp-content\/uploads\/2022\/10\/auto-russian-snow-100x100.jpg",100,100,true],"woocommerce_thumbnail":["https:\/\/bulkgenetics.com\/wp-content\/uploads\/2022\/10\/auto-russian-snow-300x300.jpg",300,300,true],"woocommerce_single":["https:\/\/bulkgenetics.com\/wp-content\/uploads\/2022\/10\/auto-russian-snow-800x800.jpg",800,800,true],"woocommerce_gallery_thumbnail":["https:\/\/bulkgenetics.com\/wp-content\/uploads\/2022\/10\/auto-russian-snow-150x150.jpg",150,150,true],"dgwt-wcas-product-suggestion":["https:\/\/bulkgenetics.com\/wp-content\/uploads\/2022\/10\/auto-russian-snow-64x64.jpg",64,64,true]},"uagb_author_info":{"display_name":"\u00c1ngel Flores","author_link":"https:\/\/bulkgenetics.com\/de\/author\/"},"uagb_comment_info":0,"uagb_excerpt":"Russian Snow Auto ist die schnellste autoflowering Version der gro\u00dfen Legende von Serious Seeds. Sie ist eine sehr indicadominierte Sorte, die sehr einfach anzubauen und widerstandsf\u00e4hig ist. Mit einer H\u00f6he zwischen 80 und 110 cm ist er au\u00dferdem sehr diskret und ideal f\u00fcr kleine Terrassen oder Balkone. In insgesamt 70-75 Tagen nach der Keimung wirst&hellip;","_links":{"self":[{"href":"https:\/\/bulkgenetics.com\/de\/wp-json\/wp\/v2\/product\/10196","targetHints":{"allow":["GET"]}}],"collection":[{"href":"https:\/\/bulkgenetics.com\/de\/wp-json\/wp\/v2\/product"}],"about":[{"href":"https:\/\/bulkgenetics.com\/de\/wp-json\/wp\/v2\/types\/product"}],"replies":[{"embeddable":true,"href":"https:\/\/bulkgenetics.com\/de\/wp-json\/wp\/v2\/comments?post=10196"}],"wp:featuredmedia":[{"embeddable":true,"href":"https:\/\/bulkgenetics.com\/de\/wp-json\/wp\/v2\/media\/23920"}],"wp:attachment":[{"href":"https:\/\/bulkgenetics.com\/de\/wp-json\/wp\/v2\/media?parent=10196"}],"wp:term":[{"taxonomy":"product_brand","embeddable":true,"href":"https:\/\/bulkgenetics.com\/de\/wp-json\/wp\/v2\/product_brand?post=10196"},{"taxonomy":"product_cat","embeddable":true,"href":"https:\/\/bulkgenetics.com\/de\/wp-json\/wp\/v2\/product_cat?post=10196"},{"taxonomy":"product_tag","embeddable":true,"href":"https:\/\/bulkgenetics.com\/de\/wp-json\/wp\/v2\/product_tag?post=10196"}],"curies":[{"name":"wp","href":"https:\/\/api.w.org\/{rel}","templated":true}]}}