{"id":10197,"date":"2022-10-04T17:35:29","date_gmt":"2022-10-04T15:35:29","guid":{"rendered":"https:\/\/www.bulkgenetics.com\/blue-kush-auto\/"},"modified":"2024-10-08T01:13:46","modified_gmt":"2024-10-07T23:13:46","slug":"blue-kush-auto","status":"publish","type":"product","link":"https:\/\/bulkgenetics.com\/de\/blue-kush-auto\/","title":{"rendered":"Blue Kush Auto"},"content":{"rendered":"\n<p>Blue Kush Auto ist eine selbstbl\u00fchende Cannabissorte, die zwei Legenden wie <a href=\"https:\/\/bulkgenetics.com\/de\/blueberry\/\"><strong>Blueberry<\/strong><\/a> und <strong><a href=\"https:\/\/bulkgenetics.com\/de\/og-kush\/\">OG Kush<\/a><\/strong> vereint. Sie erbt die besten Eigenschaften von beiden, wie den gro\u00dfartigen Geschmack der Blue und die starken Effekte der OG.<\/p>\n\n\n\n<p>Es handelt sich um eine sehr h\u00e4ufig vorkommende Indica\/Sativa-Hybride, die viele Samenbanken, wie Dinafem oder Xtreme Seeds (Blue Kush 99 Auto), bearbeiten. Der Hauptunterschied zu unseren Gro\u00dfsamen ist nicht die Qualit\u00e4t, sondern der Preis.<\/p>\n\n\n\n<h2 class=\"wp-block-heading\">Wie man Blue Kush Auto anbaut <\/h2>\n\n\n\n<p>Es handelt sich um eine typische Marihuanapflanze, die sehr einfach zu pflegen ist und nicht viel Pflege erfordert. Wenn Sie ihr von Anfang an einen gro\u00dfen Topf geben, w\u00e4chst sie bis zu einer Gr\u00f6\u00dfe von 1,3 Metern heran. Sie ist nicht die unauff\u00e4lligste selbstbl\u00fchende Pflanze, aber hinsichtlich der Produktion liegt sie \u00fcber dem Durchschnitt.<\/p>\n\n\n\n<p>Es ist wichtig, Umpflanzungen zu vermeiden. Sie stellen einen kleinen Stress dar und bei einigen Pflanzen verlangsamt sich das Wachstum f\u00fcr einige Tage, was ihre Endh\u00f6he und Ertragsleistung beeinflusst.<\/p>\n\n\n\n<p>Von dem Moment an, in dem die Samen keimen, werden sie innerhalb von insgesamt 70-75 Tagen geerntet. Die Z\u00fcchter k\u00f6nnen im Laufe der Freiluftsaison zwei aufeinanderfolgende Kulturen durchf\u00fchren.<\/p>\n\n\n\n<h2 class=\"wp-block-heading\">Eigenschaften von Blue Kush Auto Die <\/h2>\n\n\n\n<p>Knospen sind gro\u00df, sehr kompakt und super klebrig. Von der Mutterpflanze Blueberry erben einige Ph\u00e4notypen am Ende der Bl\u00fctezeit sch\u00f6ne bl\u00e4uliche T\u00f6ne, die in Klimazonen mit milden Temperaturen intensiviert werden.<\/p>\n\n\n\n<p>Der Geschmack und die Aromen sind eine gro\u00dfartige Fusion von s\u00fc\u00dfen Noten von Waldfr\u00fcchten wie Beeren von der Berry, mit angenehmen Zitrus- und Kiefernoten von der OG. Einfach k\u00f6stlich.<\/p>\n\n\n\n<p>Die Effekte sind stark und haupts\u00e4chlich zerebral. Eine Welle der Energie wird Sie \u00fcbernehmen und Ihnen fr\u00f6hliche und anregende Empfindungen bereiten.<\/p>\n\n\n\n<p>Die Ertr\u00e4ge sind hoch und im Innenraum kann jeder bis zu 450 Gramm pro m\u00b2 mit einem 300W LED-Beleuchtungssystem ernten. Im Freien werden gr\u00f6\u00dfere Pflanzen bis zu 150 Gramm erzeugen.<\/p>\n\n\n\n<div style=\"height:50px\" aria-hidden=\"true\" class=\"wp-block-spacer uag-hide-mob\"><\/div>\n\n\n\n<div class=\"wp-block-columns is-layout-flex wp-container-core-columns-is-layout-28f84493 wp-block-columns-is-layout-flex\">\n<div class=\"wp-block-column is-layout-flow wp-block-column-is-layout-flow\">\n<p class=\"has-text-align-center has-medium-font-size\"><strong>Was wir am meisten m\u00f6gen<\/strong><\/p>\n\n\n\n<ul class=\"wp-block-list\">\n<li>Sehr einfach zu z\u00fcchten.<\/li>\n\n\n\n<li>Hohe Produktion. <\/li>\n\n\n\n<li>Ernte in nur 70-75 Tagen.<\/li>\n\n\n\n<li>K\u00f6stlicher Geschmack nach Beeren und Zitrone. <\/li>\n\n\n\n<li>Anregende, fr\u00f6hliche und energetische Wirkungen.<\/li>\n\n\n\n<li>Sein Preis.<\/li>\n<\/ul>\n<\/div>\n\n\n\n<div class=\"wp-block-column is-layout-flow wp-block-column-is-layout-flow\">\n<p class=\"has-text-align-center has-medium-font-size\"><strong>Was wir am wenigsten m\u00f6gen<\/strong><\/p>\n\n\n\n<ul class=\"wp-block-list\">\n<li>Es riecht ziemlich stark w\u00e4hrend der Bl\u00fcte.<\/li>\n<\/ul>\n<\/div>\n<\/div>\n\n\n\n<div style=\"height:50px\" aria-hidden=\"true\" class=\"wp-block-spacer uag-hide-mob\"><\/div>\n\n\n\n<h2 class=\"wp-block-heading\">H\u00e4ufig gestellte Fragen<\/h2>\n\n\n\n<p>Wenn Sie Fragen zum Anbau dieser billigen Gro\u00dfsamen haben, beantworten wir unten einige der h\u00e4ufigsten Fragen:<\/p>\n\n\n<div id=\"rank-math-faq\" class=\"rank-math-block\">\n<div class=\"rank-math-list \">\n<div id=\"faq-question-1663029074962\" class=\"rank-math-list-item\">\n<h3 class=\"rank-math-question \">Wann beginnt Blue Kush Auto zu bl\u00fchen?<\/h3>\n<div class=\"rank-math-answer \">\n\n<p>Etwa 3-4 Wochen nach der Keimung der Samen beginnt die Bl\u00fctephase.<\/p>\n\n<\/div>\n<\/div>\n<div id=\"faq-question-1663029159933\" class=\"rank-math-list-item\">\n<h3 class=\"rank-math-question \">Wie lange dauert es, eine Blue Kush Auto von der Keimung zu ernten?<\/h3>\n<div class=\"rank-math-answer \">\n\n<p>Es handelt sich um eine selbstbl\u00fchende Marihuanasorte, die innerhalb von insgesamt 70-75 Tagen geerntet wird.<\/p>\n\n<\/div>\n<\/div>\n<div id=\"faq-question-1663029165861\" class=\"rank-math-list-item\">\n<h3 class=\"rank-math-question \">Wie z\u00fcchtet man eine feminisierte Blue Kush Auto?<\/h3>\n<div class=\"rank-math-answer \">\n\n<p>Es handelt sich um eine Pflanze, die nicht viel Pflege erfordert. Wenn Sie gro\u00dfe Pflanzen bekommen wollen, verwenden Sie von Anfang an einen gro\u00dfen Topf.<\/p>\n\n<\/div>\n<\/div>\n<div id=\"faq-question-1666780029954\" class=\"rank-math-list-item\">\n<h3 class=\"rank-math-question \">Was sind die Wirkungen von Blue Kush Auto im Gro\u00dfhandel?<\/h3>\n<div class=\"rank-math-answer \">\n\n<p>Die Wirkungen sind stark, sehr energisch, anregend und f\u00fchren leicht zum Lachen. Es ist eine perfekte Sorte, um tags\u00fcber in guter Gesellschaft zu rauchen.<\/p>\n\n<\/div>\n<\/div>\n<\/div>\n<\/div>","protected":false},"excerpt":{"rendered":"<p>Blue Kush Auto ist eine autoflowering Sorte, die zwei Legenden wie Blueberry und OG Kush vereint. Sie ist einfach im Innen- und Au\u00dfenbereich anzubauen, hat eine diskrete H\u00f6he zwischen 80 und 100 cm und einen sehr kurzen Lebenszyklus. In nur 70-75 Tagen nach der Keimung wirst du gro\u00dfe, l\u00e4ngliche Knospen ernten, die mit einer dicken, gl\u00e4nzenden Harzschicht bedeckt sind. Sein Geschmack ist ein reines Spektakel, mit Noten von Blaubeeren und Zitrone sehr eindrucksvoll. Die Wirkungen sind sehr stark, ungeheuer anregend und aufregend und werden Liebesbeziehungen in ungeahnte H\u00f6hen treiben.<\/p>\n","protected":false},"featured_media":11032,"comment_status":"open","ping_status":"closed","template":"","meta":{"_acf_changed":false,"inline_featured_image":false,"_uag_custom_page_level_css":""},"product_brand":[],"product_cat":[2114],"product_tag":[],"class_list":{"0":"post-10197","1":"product","2":"type-product","3":"status-publish","4":"has-post-thumbnail","6":"product_cat-autoflowering-cannabis-samen","8":"first","9":"instock","10":"taxable","11":"shipping-taxable","12":"purchasable","13":"product-type-simple"},"acf":[],"uagb_featured_image_src":{"full":["https:\/\/bulkgenetics.com\/wp-content\/uploads\/2022\/10\/blue-kush-auto.jpg",1600,1600,false],"thumbnail":["https:\/\/bulkgenetics.com\/wp-content\/uploads\/2022\/10\/blue-kush-auto-150x150.jpg",150,150,true],"medium":["https:\/\/bulkgenetics.com\/wp-content\/uploads\/2022\/10\/blue-kush-auto-300x300.jpg",300,300,true],"medium_large":["https:\/\/bulkgenetics.com\/wp-content\/uploads\/2022\/10\/blue-kush-auto-768x768.jpg",768,768,true],"large":["https:\/\/bulkgenetics.com\/wp-content\/uploads\/2022\/10\/blue-kush-auto-1024x1024.jpg",1024,1024,true],"1536x1536":["https:\/\/bulkgenetics.com\/wp-content\/uploads\/2022\/10\/blue-kush-auto-1536x1536.jpg",1536,1536,true],"2048x2048":["https:\/\/bulkgenetics.com\/wp-content\/uploads\/2022\/10\/blue-kush-auto.jpg",1600,1600,false],"commercegurus-pdp-large":["https:\/\/bulkgenetics.com\/wp-content\/uploads\/2022\/10\/blue-kush-auto-990x990.jpg",990,990,true],"commercegurus-plp-mobile":["https:\/\/bulkgenetics.com\/wp-content\/uploads\/2022\/10\/blue-kush-auto-441x441.jpg",441,441,true],"cgkit_image_swatch":["https:\/\/bulkgenetics.com\/wp-content\/uploads\/2022\/10\/blue-kush-auto-100x100.jpg",100,100,true],"woocommerce_thumbnail":["https:\/\/bulkgenetics.com\/wp-content\/uploads\/2022\/10\/blue-kush-auto-300x300.jpg",300,300,true],"woocommerce_single":["https:\/\/bulkgenetics.com\/wp-content\/uploads\/2022\/10\/blue-kush-auto-800x800.jpg",800,800,true],"woocommerce_gallery_thumbnail":["https:\/\/bulkgenetics.com\/wp-content\/uploads\/2022\/10\/blue-kush-auto-150x150.jpg",150,150,true],"dgwt-wcas-product-suggestion":["https:\/\/bulkgenetics.com\/wp-content\/uploads\/2022\/10\/blue-kush-auto-64x64.jpg",64,64,true]},"uagb_author_info":{"display_name":"\u00c1ngel Flores","author_link":"https:\/\/bulkgenetics.com\/de\/author\/"},"uagb_comment_info":0,"uagb_excerpt":"Blue Kush Auto ist eine autoflowering Sorte, die zwei Legenden wie Blueberry und OG Kush vereint. Sie ist einfach im Innen- und Au\u00dfenbereich anzubauen, hat eine diskrete H\u00f6he zwischen 80 und 100 cm und einen sehr kurzen Lebenszyklus. In nur 70-75 Tagen nach der Keimung wirst du gro\u00dfe, l\u00e4ngliche Knospen ernten, die mit einer dicken,&hellip;","_links":{"self":[{"href":"https:\/\/bulkgenetics.com\/de\/wp-json\/wp\/v2\/product\/10197","targetHints":{"allow":["GET"]}}],"collection":[{"href":"https:\/\/bulkgenetics.com\/de\/wp-json\/wp\/v2\/product"}],"about":[{"href":"https:\/\/bulkgenetics.com\/de\/wp-json\/wp\/v2\/types\/product"}],"replies":[{"embeddable":true,"href":"https:\/\/bulkgenetics.com\/de\/wp-json\/wp\/v2\/comments?post=10197"}],"wp:featuredmedia":[{"embeddable":true,"href":"https:\/\/bulkgenetics.com\/de\/wp-json\/wp\/v2\/media\/11032"}],"wp:attachment":[{"href":"https:\/\/bulkgenetics.com\/de\/wp-json\/wp\/v2\/media?parent=10197"}],"wp:term":[{"taxonomy":"product_brand","embeddable":true,"href":"https:\/\/bulkgenetics.com\/de\/wp-json\/wp\/v2\/product_brand?post=10197"},{"taxonomy":"product_cat","embeddable":true,"href":"https:\/\/bulkgenetics.com\/de\/wp-json\/wp\/v2\/product_cat?post=10197"},{"taxonomy":"product_tag","embeddable":true,"href":"https:\/\/bulkgenetics.com\/de\/wp-json\/wp\/v2\/product_tag?post=10197"}],"curies":[{"name":"wp","href":"https:\/\/api.w.org\/{rel}","templated":true}]}}