{"id":10199,"date":"2022-10-04T17:35:45","date_gmt":"2022-10-04T15:35:45","guid":{"rendered":"https:\/\/www.bulkgenetics.com\/stinktier-auto\/"},"modified":"2024-10-08T01:13:46","modified_gmt":"2024-10-07T23:13:46","slug":"skunk-auto","status":"publish","type":"product","link":"https:\/\/bulkgenetics.com\/de\/skunk-auto\/","title":{"rendered":"Skunk Auto"},"content":{"rendered":"\n<p>Skunk Auto ist unsere autoflowering Version der meistgez\u00fcchteten und einflussreichsten Sorte der Geschichte, ohne die viele der heutigen Hybriden nicht denkbar w\u00e4ren.<\/p>\n\n\n\n<p><a href=\"https:\/\/bulkgenetics.com\/es\/producto\/skunk-1\/\">Skunk #1<\/a> ist eine Sorte, die urspr\u00fcnglich aus den USA stammt, aber in Holland weltber\u00fchmt wurde. Sie ist ein <strong>Mexico x Colombia x Afghan<\/strong> Hybrid und eines der Flaggschiffe von Sensi Seeds, einer der Banken, die noch mit der urspr\u00fcnglichen Linie arbeiten.<\/p>\n\n\n\n<p>Sie war eine der ersten Hybriden, die f\u00fcr den Indoor-Anbau geeignet waren und brachte so legend\u00e4re Sorten wie <strong>Amnesia, Jack Herer, Diesel oder Super Silver Haze<\/strong> hervor. Man kann mit Sicherheit sagen, dass mehr als 80% der heutigen Sorten auf die eine oder andere Weise Skunk-Gene enthalten.<\/p>\n\n\n\n<h2 class=\"wp-block-heading\">Wie man <strong>Skunk Auto<\/strong> anbaut<\/h2>\n\n\n\n<p>Sie ist eine der einfachsten Pflanzen, die Anf\u00e4ngern am h\u00e4ufigsten empfohlen wird, weil sie sowohl im Innen- als auch im Au\u00dfenbereich zuverl\u00e4ssig gute Ergebnisse liefert. F\u00fcr den erfahrenen Anbauer wird es wahrscheinlich eine R\u00fcckkehr zu den Urspr\u00fcngen sein.<\/p>\n\n\n\n<p><strong>Im Freien<\/strong> erreicht er unter optimalen Bedingungen eine diskrete <strong>H\u00f6he von 1-1,3 Metern<\/strong>, ideal f\u00fcr Terrassen und kleine Balkone, wo er von neugierigen Blicken unbemerkt bleibt.<\/p>\n\n\n\n<p><strong>In Innenr\u00e4umen<\/strong> erschwert es aufgrund seiner mittleren Dehnbarkeit die Ernte nicht. Aber sie ist eine der <strong>am intensivsten<\/strong> und am deutlichsten <strong>riechenden<\/strong> Cannabissorten, weshalb es notwendig ist, ein gutes Anti-Geruchs-System zu verwenden.<\/p>\n\n\n\n<p>Um die gr\u00f6\u00dften und produktivsten Pflanzen zu erhalten, empfehlen wir, von Anfang an einen gro\u00dfen Topf zu verwenden. Die Pflanzen werden etwa 3-4 Wochen lang ungest\u00f6rt wachsen und dann anfangen zu bl\u00fchen.  <strong>In insgesamt 9 Wochen kann sie geerntet werden.<\/strong><\/p>\n\n\n\n<h2 class=\"wp-block-heading\">Merkmale von Skunk Auto<\/h2>\n\n\n\n<p>Die Knospen sind gro\u00df, kompakt, harzig und stinkend. Ihr <strong>Aroma und ihr Geschmack<\/strong> sind ber\u00fchmt f\u00fcr ihre Intensit\u00e4t und geh\u00f6ren zu den ersten. Die erdigen, scharfen und <em>stinkenden<\/em> Noten werden mehr oder weniger stark an alle Nachkommen vererbt.<\/p>\n\n\n\n<p><strong>Die Wirkung ist sehr ausgewogen<\/strong>, mit einem schnellen High, das sehr energiegeladen und kreativ ist, und einem eher entspannenden und beruhigenden Ende, das dich nicht das Gef\u00fchl gibt, nichts zu tun.<\/p>\n\n\n\n<p>Die Ertr\u00e4ge sind sehr hoch, wobei gr\u00f6\u00dfere Freilandpflanzen unglaubliche <strong>150 Gramm<\/strong> erreichen. In Innenr\u00e4umen und mit einer Leistung von 300-350 W LED-Beleuchtung wird es nicht schwierig sein, <strong>zwischen 450 und 500 Gramm pro m\u00b2<\/strong> zu ernten.<\/p>\n\n\n\n<div style=\"height:50px\" aria-hidden=\"true\" class=\"wp-block-spacer uag-hide-mob\"><\/div>\n\n\n\n<div class=\"wp-block-columns is-layout-flex wp-container-core-columns-is-layout-28f84493 wp-block-columns-is-layout-flex\">\n<div class=\"wp-block-column is-layout-flow wp-block-column-is-layout-flow\">\n<p class=\"has-text-align-center has-medium-font-size\"><strong>Was wir am meisten m\u00f6gen<\/strong><\/p>\n\n\n\n<ul class=\"wp-block-list\">\n<li>Sehr pflegeleicht und widerstandsf\u00e4hig.<\/li>\n\n\n\n<li>Hohe Produktion.<\/li>\n\n\n\n<li>Sie wird in nur 63 Tagen geerntet.<\/li>\n\n\n\n<li>Starke und ausgewogene Effekte.<\/li>\n\n\n\n<li>Sein Preis.<\/li>\n<\/ul>\n<\/div>\n\n\n\n<div class=\"wp-block-column is-layout-flow wp-block-column-is-layout-flow\">\n<p class=\"has-text-align-center has-medium-font-size\"><strong>Was wir am wenigsten m\u00f6gen<\/strong><\/p>\n\n\n\n<ul class=\"wp-block-list\">\n<li>In der Bl\u00fctezeit duftet sie sehr gut.<\/li>\n<\/ul>\n<\/div>\n<\/div>\n\n\n\n<div style=\"height:50px\" aria-hidden=\"true\" class=\"wp-block-spacer uag-hide-mob\"><\/div>\n\n\n\n<h2 class=\"wp-block-heading\">H\u00e4ufig gestellte Fragen<\/h2>\n\n\n\n<p>Im Folgenden findest du die Antworten auf die am h\u00e4ufigsten gestellten Fragen von Z\u00fcchtern, die sich f\u00fcr diese Genetik interessieren:<\/p>\n\n\n<div id=\"rank-math-faq\" class=\"rank-math-block\">\n<div class=\"rank-math-list \">\n<div id=\"faq-question-1663029074962\" class=\"rank-math-list-item\">\n<h3 class=\"rank-math-question \">Wann beginnt Skunk Auto im Freien zu bl\u00fchen?<\/h3>\n<div class=\"rank-math-answer \">\n\n<p>Die Wachstumszeit ist sehr schnell und nach etwa 3-4 Wochen nach der Keimung der Samen beginnen die Pflanzen zu bl\u00fchen.<\/p>\n\n<\/div>\n<\/div>\n<div id=\"faq-question-1663029159933\" class=\"rank-math-list-item\">\n<h3 class=\"rank-math-question \">Wie lange dauert es, Skunk Auto nach der Keimung zu ernten?<\/h3>\n<div class=\"rank-math-answer \">\n\n<p>Von der Keimung bis zur Ernte in insgesamt 63 Tagen.<\/p>\n\n<\/div>\n<\/div>\n<div id=\"faq-question-1663029165861\" class=\"rank-math-list-item\">\n<h3 class=\"rank-math-question \">Wie baut man eine feminisierte Skunk Auto an?<\/h3>\n<div class=\"rank-math-answer \">\n\n<p>Sie ist eine der einfachsten Pflanzen, ideal f\u00fcr Anf\u00e4nger. Es ist diskret und sehr produktiv, aber sehr stinkend.<\/p>\n\n<\/div>\n<\/div>\n<div id=\"faq-question-1666780029954\" class=\"rank-math-list-item\">\n<h3 class=\"rank-math-question \">Was sind die Auswirkungen von Skunk Auto in gro\u00dfen Mengen?<\/h3>\n<div class=\"rank-math-answer \">\n\n<p>Die Wirkung ist stark und ausgewogen zwischen k\u00f6rperlicher und zerebraler Wirkung, die dich mit Energie und Kreativit\u00e4t erf\u00fcllt, dich aber auch entspannt h\u00e4lt.<\/p>\n\n<\/div>\n<\/div>\n<\/div>\n<\/div>","protected":false},"excerpt":{"rendered":"<p>Skunk Auto beh\u00e4lt den ganzen Charme der urspr\u00fcnglichen Genetik, aber konzentriert in einer viel diskreteren und schnelleren Pflanze, ideal f\u00fcr Terrassen, Balkone oder kleine G\u00e4rten, wo sie keine Aufmerksamkeit erregen soll. Es dauert nur 9 Wochen von der Keimung bis zur Ernte. Seine Knospen sind sehr stinkend, gro\u00df, steinhart und mega-klebrig. Sie hat einen dichten, <em>stinkenden,<\/em> bei\u00dfenden, erdigen Rauch der alten Schule, dessen Wirkung von ihren Sativa-Eigenschaften beeinflusst wird. Ein Schub an Energie und Kreativit\u00e4t wird in deinen K\u00f6rper eindringen, ideal um ihn zu jeder Tageszeit zu genie\u00dfen.<\/p>\n","protected":false},"featured_media":12277,"comment_status":"open","ping_status":"closed","template":"","meta":{"_acf_changed":false,"inline_featured_image":false,"_uag_custom_page_level_css":""},"product_brand":[],"product_cat":[2114,4113],"product_tag":[],"class_list":{"0":"post-10199","1":"product","2":"type-product","3":"status-publish","4":"has-post-thumbnail","6":"product_cat-autoflowering-cannabis-samen","7":"product_cat-cannabis-samen-unter-1-euro","9":"first","10":"instock","11":"sale","12":"taxable","13":"shipping-taxable","14":"purchasable","15":"product-type-simple"},"acf":[],"uagb_featured_image_src":{"full":["https:\/\/bulkgenetics.com\/wp-content\/uploads\/2022\/10\/skunk-auto-3.jpg",1600,1600,false],"thumbnail":["https:\/\/bulkgenetics.com\/wp-content\/uploads\/2022\/10\/skunk-auto-3-150x150.jpg",150,150,true],"medium":["https:\/\/bulkgenetics.com\/wp-content\/uploads\/2022\/10\/skunk-auto-3-300x300.jpg",300,300,true],"medium_large":["https:\/\/bulkgenetics.com\/wp-content\/uploads\/2022\/10\/skunk-auto-3-768x768.jpg",768,768,true],"large":["https:\/\/bulkgenetics.com\/wp-content\/uploads\/2022\/10\/skunk-auto-3-1024x1024.jpg",1024,1024,true],"1536x1536":["https:\/\/bulkgenetics.com\/wp-content\/uploads\/2022\/10\/skunk-auto-3-1536x1536.jpg",1536,1536,true],"2048x2048":["https:\/\/bulkgenetics.com\/wp-content\/uploads\/2022\/10\/skunk-auto-3.jpg",1600,1600,false],"commercegurus-pdp-large":["https:\/\/bulkgenetics.com\/wp-content\/uploads\/2022\/10\/skunk-auto-3-990x990.jpg",990,990,true],"commercegurus-plp-mobile":["https:\/\/bulkgenetics.com\/wp-content\/uploads\/2022\/10\/skunk-auto-3-441x441.jpg",441,441,true],"cgkit_image_swatch":["https:\/\/bulkgenetics.com\/wp-content\/uploads\/2022\/10\/skunk-auto-3-100x100.jpg",100,100,true],"woocommerce_thumbnail":["https:\/\/bulkgenetics.com\/wp-content\/uploads\/2022\/10\/skunk-auto-3-300x300.jpg",300,300,true],"woocommerce_single":["https:\/\/bulkgenetics.com\/wp-content\/uploads\/2022\/10\/skunk-auto-3-800x800.jpg",800,800,true],"woocommerce_gallery_thumbnail":["https:\/\/bulkgenetics.com\/wp-content\/uploads\/2022\/10\/skunk-auto-3-150x150.jpg",150,150,true],"dgwt-wcas-product-suggestion":["https:\/\/bulkgenetics.com\/wp-content\/uploads\/2022\/10\/skunk-auto-3-64x64.jpg",64,64,true]},"uagb_author_info":{"display_name":"\u00c1ngel Flores","author_link":"https:\/\/bulkgenetics.com\/de\/author\/"},"uagb_comment_info":0,"uagb_excerpt":"Skunk Auto beh\u00e4lt den ganzen Charme der urspr\u00fcnglichen Genetik, aber konzentriert in einer viel diskreteren und schnelleren Pflanze, ideal f\u00fcr Terrassen, Balkone oder kleine G\u00e4rten, wo sie keine Aufmerksamkeit erregen soll. Es dauert nur 9 Wochen von der Keimung bis zur Ernte. Seine Knospen sind sehr stinkend, gro\u00df, steinhart und mega-klebrig. Sie hat einen dichten,&hellip;","_links":{"self":[{"href":"https:\/\/bulkgenetics.com\/de\/wp-json\/wp\/v2\/product\/10199","targetHints":{"allow":["GET"]}}],"collection":[{"href":"https:\/\/bulkgenetics.com\/de\/wp-json\/wp\/v2\/product"}],"about":[{"href":"https:\/\/bulkgenetics.com\/de\/wp-json\/wp\/v2\/types\/product"}],"replies":[{"embeddable":true,"href":"https:\/\/bulkgenetics.com\/de\/wp-json\/wp\/v2\/comments?post=10199"}],"wp:featuredmedia":[{"embeddable":true,"href":"https:\/\/bulkgenetics.com\/de\/wp-json\/wp\/v2\/media\/12277"}],"wp:attachment":[{"href":"https:\/\/bulkgenetics.com\/de\/wp-json\/wp\/v2\/media?parent=10199"}],"wp:term":[{"taxonomy":"product_brand","embeddable":true,"href":"https:\/\/bulkgenetics.com\/de\/wp-json\/wp\/v2\/product_brand?post=10199"},{"taxonomy":"product_cat","embeddable":true,"href":"https:\/\/bulkgenetics.com\/de\/wp-json\/wp\/v2\/product_cat?post=10199"},{"taxonomy":"product_tag","embeddable":true,"href":"https:\/\/bulkgenetics.com\/de\/wp-json\/wp\/v2\/product_tag?post=10199"}],"curies":[{"name":"wp","href":"https:\/\/api.w.org\/{rel}","templated":true}]}}