{"id":10214,"date":"2022-10-04T17:36:01","date_gmt":"2022-10-04T15:36:01","guid":{"rendered":"https:\/\/www.bulkgenetics.com\/somango-auto\/"},"modified":"2025-02-03T09:32:04","modified_gmt":"2025-02-03T08:32:04","slug":"somango-auto","status":"publish","type":"product","link":"https:\/\/bulkgenetics.com\/de\/somango-auto\/","title":{"rendered":"Somango Auto"},"content":{"rendered":"\n<p><strong>Somango Auto<\/strong> ist unsere autoflowering Version einer der exotischsten Sorten, die jemals erschaffen wurde. Jeder Verbraucher ist von seinem au\u00dfergew\u00f6hnlichen Geschmack begeistert, der ihm zu wichtigen Auszeichnungen und in die Herzen tausender Menschen verholfen hat.<\/p>\n\n<p><a href=\"https:\/\/bulkgenetics.com\/es\/somango\/\">Somango <\/a>ist ein <strong>stark indicadominierter Hybrid<\/strong>, der von Soma Seeds entwickelt wurde. Zuerst war er als Soma #5 bekannt, aber aufgrund seines intensiven und ausgepr\u00e4gten Mangogeschmacks wurde er in den heutigen Namen umbenannt. Dies ist eine <strong>Jack Herer x Big Skunk Koreanische<\/strong> Kreuzung, die einfach perfekt ist.<\/p>\n\n<p>Viele feminisierte und autoflowering Versionen sind von Banken wie Advanded Seeds und Spanish Seeds erh\u00e4ltlich. Der einzige Unterschied, den du feststellen wirst, ist, dass unser loses Saatgut viel billiger ist.<\/p>\n\n<h2 class=\"wp-block-heading\">Wie man Somango Auto anbaut<\/h2>\n\n<p>Dies ist eine Pflanze, die nicht viel Pflege braucht. Seine Vorfahren sind f\u00fcr ihre gro\u00dfe Ausdauer bekannt, etwas, das die Somango Automatic geerbt hat. Sie w\u00e4chst mit einer typischen Fichtenstruktur, deren \u00c4ste das Gewicht der Bl\u00fcten kaum tragen k\u00f6nnen.<\/p>\n\n<p>Mit einer <strong>H\u00f6he von ca. 90-120 cm<\/strong> ist sie ideal f\u00fcr Terrassen und Balkone, wo sie diskret und au\u00dfer Sichtweite von neugierigen Blicken bleibt. Um die gr\u00f6\u00dften Pflanzen zu erhalten, raten wir dir, das Umpflanzen zu vermeiden. Entscheide dich vom ersten Tag an f\u00fcr einen gro\u00dfen Topf mit einem guten, n\u00e4hrstoffreichen Substrat.<\/p>\n\n<p>Von der Keimung der Samen <strong>k\u00f6nnen<\/strong> die Knospen <strong>in einer Rekordzeit von 60-65 Tagen geerntet werden<\/strong>, was bis zu 3 aufeinanderfolgende Ernten w\u00e4hrend der Freilandsaison erm\u00f6glicht.<\/p>\n\n<h2 class=\"wp-block-heading\">Merkmale von Somango Auto<\/h2>\n\n<p>Die Bl\u00fcten sind riesig, steinhart und klebrig wie Leim. Sie ist die perfekte Marihuanasorte, um die k\u00f6stlichsten Cannabisextrakte herzustellen, die in niederl\u00e4ndischen Coffee-Shops sehr legend\u00e4r sind.<\/p>\n\n<p>Sein Name ist ein tolles Wortspiel, das sich auf sein <strong>Aroma und seinen Geschmack<\/strong> bezieht. Es ist, als w\u00fcrde man eine s\u00fc\u00dfe Mango riechen und essen, ein sehr s\u00fc\u00dfes, sehr lang anhaltendes <em>Bouquet <\/em>am Gaumen.<\/p>\n\n<p><strong>Die Wirkung<\/strong> ist eine Achterbahn der Gef\u00fchle, beginnend mit einem schnellen und energiegeladenen High, gefolgt von einem Gef\u00fchl des Schwebens und der totalen Entspannung in einem ruhigen Meer.<\/p>\n\n<p>Die Ertr\u00e4ge unserer g\u00fcnstigen Somango Auto-Samen sind trotz ihrer diskreten Gr\u00f6\u00dfe sehr hoch. In Innenr\u00e4umen kommst du mit 300-350 W LED-Beleuchtung auf mindestens <strong>400-450 Gramm pro m\u00b2<\/strong>. Im Freien bringen gr\u00f6\u00dfere Pflanzen bis zu <strong>150 Gramm<\/strong> ein.<\/p>\n\n<div style=\"height:50px\" aria-hidden=\"true\" class=\"wp-block-spacer uag-hide-mob\"><\/div>\n\n<div class=\"wp-block-columns is-layout-flex wp-container-core-columns-is-layout-28f84493 wp-block-columns-is-layout-flex\">\n<div class=\"wp-block-column is-layout-flow wp-block-column-is-layout-flow\">\n<p class=\"has-text-align-center has-medium-font-size\"><strong>Was wir am meisten m\u00f6gen<\/strong><\/p>\n\n\n\n<ul class=\"wp-block-list\">\n<li>Sehr pflegeleicht und widerstandsf\u00e4hig.<\/li>\n\n\n\n<li>XXL-Produktion.<\/li>\n\n\n\n<li>Ernte in nur 60-65 Tagen.<\/li>\n\n\n\n<li>Leckerer s\u00fc\u00dfer Mangogeschmack.<\/li>\n\n\n\n<li>Starke Effekte.<\/li>\n\n\n\n<li>Sein Preis.<\/li>\n<\/ul>\n<\/div>\n\n\n\n<div class=\"wp-block-column is-layout-flow wp-block-column-is-layout-flow\">\n<p class=\"has-text-align-center has-medium-font-size\"><strong>Was wir am wenigsten m\u00f6gen<\/strong><\/p>\n\n\n\n<ul class=\"wp-block-list\">\n<li>In der Bl\u00fctezeit duftet sie sehr gut.<\/li>\n<\/ul>\n<\/div>\n<\/div>\n\n<div style=\"height:50px\" aria-hidden=\"true\" class=\"wp-block-spacer uag-hide-mob\"><\/div>\n\n<h2 class=\"wp-block-heading\">H\u00e4ufig gestellte Fragen<\/h2>\n\n<p>Im Folgenden findest du Antworten auf einige der am h\u00e4ufigsten gestellten Fragen von Z\u00fcchtern, die sich f\u00fcr diese Massensamen interessieren:<\/p>\n<div id=\"rank-math-faq\" class=\"rank-math-block\">\n<div class=\"rank-math-list \">\n<div id=\"faq-question-1663029074962\" class=\"rank-math-list-item\">\n<h3 class=\"rank-math-question \">Wann beginnt die Somango Auto im Freien zu bl\u00fchen?<\/h3>\n<div class=\"rank-math-answer \">\n\n<p>Die Wachstumsperiode ist sehr schnell. Etwa 3-4 Wochen nach der Keimung der Samen beginnt die Bl\u00fcte.<\/p>\n\n<\/div>\n<\/div>\n<div id=\"faq-question-1663029159933\" class=\"rank-math-list-item\">\n<h3 class=\"rank-math-question \">Wie lange dauert es, eine Somango Auto nach der Keimung zu ernten?<\/h3>\n<div class=\"rank-math-answer \">\n\n<p>Es ist eine sehr schnelle Sorte, die ab der Keimung in insgesamt 60-65 Tagen geerntet wird.<\/p>\n\n<\/div>\n<\/div>\n<div id=\"faq-question-1663029165861\" class=\"rank-math-list-item\">\n<h3 class=\"rank-math-question \">Wie z\u00fcchte ich eine feminisierte Somango Auto?<\/h3>\n<div class=\"rank-math-answer \">\n\n<p>Sie ist eine sehr einfache Pflanze, ideal f\u00fcr Anf\u00e4nger, die einen unkomplizierten Anbau suchen. Verwende vom ersten Tag an einen gro\u00dfen Topf, um gr\u00f6\u00dfere und produktivere Pflanzen zu bekommen.<\/p>\n\n<\/div>\n<\/div>\n<div id=\"faq-question-1666780029954\" class=\"rank-math-list-item\">\n<h3 class=\"rank-math-question \">Was sind die Auswirkungen von Somango Auto in gro\u00dfen Mengen?<\/h3>\n<div class=\"rank-math-answer \">\n\n<p>Die Wirkung ist anfangs energiegeladen und endet entspannend. Ideal f\u00fcr die sp\u00e4ten Stunden des Tages.<\/p>\n\n<\/div>\n<\/div>\n<\/div>\n<\/div>","protected":false},"excerpt":{"rendered":"<p>Somango Auto ist eine leicht anbaubare und sehr schnelle Sorte. Dies ist die autoflowering Version der legend\u00e4ren Sorte Soma Seeds, von der sie das k\u00f6stliche Mango-Aroma und den Geschmack geerbt hat. Sie ist eine diskrete, 90-120 cm hohe Pflanze, die in nur 60-65 Tagen nach der Keimung die coolsten Buds liefert, die du dir vorstellen kannst. Sie sind nicht nur fett und klebrig, sondern ihr s\u00fc\u00dfer und berauschender Geruch, so s\u00fc\u00df und tropisch, ist ein Genuss f\u00fcr die Sinne. Die Wirkung ist kraftvoll, sie beginnt mit einem schnellen Schub an Energie und Kreativit\u00e4t und sinkt langsam in einen ruhigen Abgrund.<\/p>\n","protected":false},"featured_media":29918,"comment_status":"open","ping_status":"closed","template":"","meta":{"_acf_changed":false,"inline_featured_image":false,"_uag_custom_page_level_css":""},"product_brand":[],"product_cat":[2114,4113],"product_tag":[],"class_list":{"0":"post-10214","1":"product","2":"type-product","3":"status-publish","4":"has-post-thumbnail","6":"product_cat-autoflowering-cannabis-samen","7":"product_cat-cannabis-samen-unter-1-euro","9":"first","10":"instock","11":"sale","12":"taxable","13":"shipping-taxable","14":"purchasable","15":"product-type-simple"},"acf":[],"uagb_featured_image_src":{"full":["https:\/\/bulkgenetics.com\/wp-content\/uploads\/2022\/10\/somango-auto-autoflower-cannabis-seeds-1.jpg",1600,1600,false],"thumbnail":["https:\/\/bulkgenetics.com\/wp-content\/uploads\/2022\/10\/somango-auto-autoflower-cannabis-seeds-1-150x150.jpg",150,150,true],"medium":["https:\/\/bulkgenetics.com\/wp-content\/uploads\/2022\/10\/somango-auto-autoflower-cannabis-seeds-1-300x300.jpg",300,300,true],"medium_large":["https:\/\/bulkgenetics.com\/wp-content\/uploads\/2022\/10\/somango-auto-autoflower-cannabis-seeds-1-768x768.jpg",768,768,true],"large":["https:\/\/bulkgenetics.com\/wp-content\/uploads\/2022\/10\/somango-auto-autoflower-cannabis-seeds-1-1024x1024.jpg",1024,1024,true],"1536x1536":["https:\/\/bulkgenetics.com\/wp-content\/uploads\/2022\/10\/somango-auto-autoflower-cannabis-seeds-1-1536x1536.jpg",1536,1536,true],"2048x2048":["https:\/\/bulkgenetics.com\/wp-content\/uploads\/2022\/10\/somango-auto-autoflower-cannabis-seeds-1.jpg",1600,1600,false],"commercegurus-pdp-large":["https:\/\/bulkgenetics.com\/wp-content\/uploads\/2022\/10\/somango-auto-autoflower-cannabis-seeds-1-990x990.jpg",990,990,true],"commercegurus-plp-mobile":["https:\/\/bulkgenetics.com\/wp-content\/uploads\/2022\/10\/somango-auto-autoflower-cannabis-seeds-1-441x441.jpg",441,441,true],"cgkit_image_swatch":["https:\/\/bulkgenetics.com\/wp-content\/uploads\/2022\/10\/somango-auto-autoflower-cannabis-seeds-1-100x100.jpg",100,100,true],"woocommerce_thumbnail":["https:\/\/bulkgenetics.com\/wp-content\/uploads\/2022\/10\/somango-auto-autoflower-cannabis-seeds-1-300x300.jpg",300,300,true],"woocommerce_single":["https:\/\/bulkgenetics.com\/wp-content\/uploads\/2022\/10\/somango-auto-autoflower-cannabis-seeds-1-800x800.jpg",800,800,true],"woocommerce_gallery_thumbnail":["https:\/\/bulkgenetics.com\/wp-content\/uploads\/2022\/10\/somango-auto-autoflower-cannabis-seeds-1-150x150.jpg",150,150,true],"dgwt-wcas-product-suggestion":["https:\/\/bulkgenetics.com\/wp-content\/uploads\/2022\/10\/somango-auto-autoflower-cannabis-seeds-1-64x64.jpg",64,64,true]},"uagb_author_info":{"display_name":"Bruno Crespo","author_link":"https:\/\/bulkgenetics.com\/de\/author\/"},"uagb_comment_info":1,"uagb_excerpt":"Somango Auto ist eine leicht anbaubare und sehr schnelle Sorte. Dies ist die autoflowering Version der legend\u00e4ren Sorte Soma Seeds, von der sie das k\u00f6stliche Mango-Aroma und den Geschmack geerbt hat. Sie ist eine diskrete, 90-120 cm hohe Pflanze, die in nur 60-65 Tagen nach der Keimung die coolsten Buds liefert, die du dir vorstellen&hellip;","_links":{"self":[{"href":"https:\/\/bulkgenetics.com\/de\/wp-json\/wp\/v2\/product\/10214","targetHints":{"allow":["GET"]}}],"collection":[{"href":"https:\/\/bulkgenetics.com\/de\/wp-json\/wp\/v2\/product"}],"about":[{"href":"https:\/\/bulkgenetics.com\/de\/wp-json\/wp\/v2\/types\/product"}],"replies":[{"embeddable":true,"href":"https:\/\/bulkgenetics.com\/de\/wp-json\/wp\/v2\/comments?post=10214"}],"wp:featuredmedia":[{"embeddable":true,"href":"https:\/\/bulkgenetics.com\/de\/wp-json\/wp\/v2\/media\/29918"}],"wp:attachment":[{"href":"https:\/\/bulkgenetics.com\/de\/wp-json\/wp\/v2\/media?parent=10214"}],"wp:term":[{"taxonomy":"product_brand","embeddable":true,"href":"https:\/\/bulkgenetics.com\/de\/wp-json\/wp\/v2\/product_brand?post=10214"},{"taxonomy":"product_cat","embeddable":true,"href":"https:\/\/bulkgenetics.com\/de\/wp-json\/wp\/v2\/product_cat?post=10214"},{"taxonomy":"product_tag","embeddable":true,"href":"https:\/\/bulkgenetics.com\/de\/wp-json\/wp\/v2\/product_tag?post=10214"}],"curies":[{"name":"wp","href":"https:\/\/api.w.org\/{rel}","templated":true}]}}