{"id":10218,"date":"2022-10-04T17:42:40","date_gmt":"2022-10-04T15:42:40","guid":{"rendered":"https:\/\/www.bulkgenetics.com\/weisse-witwe-auto\/"},"modified":"2025-05-26T23:46:49","modified_gmt":"2025-05-26T21:46:49","slug":"white-widow-auto","status":"publish","type":"product","link":"https:\/\/bulkgenetics.com\/de\/white-widow-auto\/","title":{"rendered":"White Widow Auto"},"content":{"rendered":"\n<p><strong>White Widow Auto<\/strong> ist die kleine und schnelle Schwester der legend\u00e4ren holl\u00e4ndischen Sorte, einer der ber\u00fchmtesten, am meisten angebauten und ausgezeichneten Sorten der Welt.<\/p>\n\n\n\n<p>Seit ihrer Einf\u00fchrung durch Greenhouse Mitte der 1990er Jahre ist die <a href=\"https:\/\/bulkgenetics.com\/de\/white-widow\/\">White Widow<\/a> ein Objekt der Begierde f\u00fcr alle Anbauer geworden. Dies ist eine stabilisierte Indica\/Sativa-Hybride aus Brasilien und Indien, einfach perfekt.<\/p>\n\n\n\n<p>Seitdem wurden neue Versionen und neue Hybriden von Banken wie Dutch Passion, Pyramid Seeds, Nirvana, Dinafem oder Sweet Seeds entwickelt.<\/p>\n\n\n\n<h2 class=\"wp-block-heading\">Wie man White Widow Auto anbaut<\/h2>\n\n\n\n<p>Es ist eine Pflanze, die nicht viel Pflege braucht, um drinnen oder drau\u00dfen gute Ergebnisse zu erzielen. Sie ist eine typische Cannabissorte, die sich aufgrund ihrer Einfachheit perfekt f\u00fcr Anf\u00e4nger eignet, aber auch f\u00fcr erfahrene Anbauer wegen ihrer hervorragenden Qualit\u00e4t.<\/p>\n\n\n\n<p>Gr\u00f6\u00dfere Pflanzen, bis zu 130 cm hoch, erreicht man, wenn man vom ersten Tag an ein gutes Substrat und einen gro\u00dfen Topf verwendet. Die Pflanzen wachsen ohne die typische Verpflanzungspause bis zum Beginn der Bl\u00fctephase.  <\/p>\n\n\n\n<p>Es dauert nur 9-10 Wochen von der Keimung bis zur Ernte. Da sie so schnell ist, kann sie in den Fr\u00fchlings- und Sommermonaten bis zu dreimal im Freien angebaut werden.<\/p>\n\n\n\n<h2 class=\"wp-block-heading\">Merkmale der White Widow Auto<\/h2>\n\n\n\n<p>Alle Z\u00fcchter schw\u00e4rmen von seinen Knospen, die gro\u00df, steinhart und mit einer dicken Schicht aus geschmeidigem Harz bedeckt sind. Er produziert ein hochwertiges Haschisch, das sehr typisch f\u00fcr niederl\u00e4ndische Coffe-Shops ist.<\/p>\n\n\n\n<p>Sein Aroma und Geschmack ist intensiv, ein dichter Rauch mit w\u00fcrzigen, kr\u00e4uterigen und erdigen Noten \u00fcberflutet deinen Gaumen. Au\u00dferdem gibt es einen sehr subtilen Nachgeschmack von Edelh\u00f6lzern.<\/p>\n\n\n\n<p>Die Wirkungen sind kraftvoll, sehr gl\u00fccklich, fr\u00f6hlich, kichernd, energisch, kreativ und sozial. Es ist die perfekte Sorte, die du zu jeder Tageszeit genie\u00dfen kannst und die dir ein L\u00e4cheln ins Gesicht zaubert.<\/p>\n\n\n\n<p>Der Ertrag ist XXL. Gr\u00f6\u00dfere Pflanzen, die im Freien angebaut werden, k\u00f6nnen bis zu 200 Gramm produzieren. Im Innenbereich und mit 300-350 W LED-Beleuchtung erhalten die Anbauer 450-550 Gramm pro m\u00b2.<\/p>\n\n\n\n<div style=\"height:50px\" aria-hidden=\"true\" class=\"wp-block-spacer uag-hide-mob\"><\/div>\n\n\n\n<div class=\"wp-block-columns is-layout-flex wp-container-core-columns-is-layout-28f84493 wp-block-columns-is-layout-flex\">\n<div class=\"wp-block-column is-layout-flow wp-block-column-is-layout-flow\">\n<p class=\"has-text-align-center has-medium-font-size\"><strong>Was wir am meisten m\u00f6gen<\/strong><\/p>\n\n\n\n<ul class=\"wp-block-list\">\n<li>Eine der einfachsten Sorten.<\/li>\n\n\n\n<li>XXL-Produktion.<\/li>\n\n\n\n<li>Ernte in nur 9-10 Wochen.<\/li>\n\n\n\n<li>Mega-harzige Knospen.<\/li>\n\n\n\n<li>Sehr fr\u00f6hliche Effekte.<\/li>\n\n\n\n<li>Sein Preis.<\/li>\n<\/ul>\n<\/div>\n\n\n\n<div class=\"wp-block-column is-layout-flow wp-block-column-is-layout-flow\">\n<p class=\"has-text-align-center has-medium-font-size\"><strong>Was wir am wenigsten m\u00f6gen<\/strong><\/p>\n\n\n\n<ul class=\"wp-block-list\">\n<li>In der Bl\u00fctezeit sehr wohlriechend.<\/li>\n<\/ul>\n<\/div>\n<\/div>\n\n\n\n<div style=\"height:50px\" aria-hidden=\"true\" class=\"wp-block-spacer uag-hide-mob\"><\/div>\n\n\n\n<h2 class=\"wp-block-heading\">H\u00e4ufig gestellte Fragen<\/h2>\n\n\n\n<p>Im Folgenden findest du die Antworten auf die am h\u00e4ufigsten gestellten Fragen von Z\u00fcchtern, die daran interessiert sind, diese Samen in gro\u00dfen Mengen anzubauen:<\/p>\n\n\n<div id=\"rank-math-faq\" class=\"rank-math-block\">\n<div class=\"rank-math-list \">\n<div id=\"faq-question-1663029074962\" class=\"rank-math-list-item\">\n<h3 class=\"rank-math-question \">Wann beginnt die White Widow Auto im Freien zu bl\u00fchen?<\/h3>\n<div class=\"rank-math-answer \">\n\n<p>Die Wachstumsperiode ist sehr schnell. Nach etwa 3-4 Wochen nach der Keimung beginnen die Pflanzen zu bl\u00fchen.<\/p>\n\n<\/div>\n<\/div>\n<div id=\"faq-question-1663029159933\" class=\"rank-math-list-item\">\n<h3 class=\"rank-math-question \">Wie lange dauert es, White Widow Auto nach der Keimung zu ernten?<\/h3>\n<div class=\"rank-math-answer \">\n\n<p>Von der Keimung bis zur Ernte vergehen insgesamt 9-10 Wochen.<\/p>\n\n<\/div>\n<\/div>\n<div id=\"faq-question-1663029165861\" class=\"rank-math-list-item\">\n<h3 class=\"rank-math-question \">Wie baut man eine feminisierte White Widow Auto an?<\/h3>\n<div class=\"rank-math-answer \">\n\n<p>Sie ist eine sehr einfach anzubauende Pflanze f\u00fcr drinnen und drau\u00dfen, ideal f\u00fcr Anf\u00e4nger. Sie ist unauff\u00e4llig und sehr produktiv, wenn sie in einem gro\u00dfen Topf angebaut wird.<\/p>\n\n<\/div>\n<\/div>\n<div id=\"faq-question-1666780029954\" class=\"rank-math-list-item\">\n<h3 class=\"rank-math-question \">Was sind die Auswirkungen von White Widow Auto in gro\u00dfen Mengen?<\/h3>\n<div class=\"rank-math-answer \">\n\n<p>Die Wirkung ist stark, energiegeladen, sozial und sehr fr\u00f6hlich, f\u00fcr jede Tageszeit.<\/p>\n\n<\/div>\n<\/div>\n<\/div>\n<\/div>","protected":false},"excerpt":{"rendered":"<p>White Widow Auto ist die schnelle Version eines niederl\u00e4ndischen Klassikers, der f\u00fcr seine hohe Qualit\u00e4t mehrfach ausgezeichnet wurde. Es ist eine Pflanze, die wenig Pflege braucht und immer unschlagbare Ertr\u00e4ge garantiert. Er hat eine diskrete Gr\u00f6\u00dfe, zwischen 100 und 130 cm. Und sie hat einen sehr kurzen Lebenszyklus, in nur 9-10 Wochen ist sie bereit, riesige, komplett wei\u00dfe Knospen zu schneiden, weil sie so viel Harz ansammelt. Sein klassischer erdiger und pflanzlicher Geschmack wird von einer sehr starken, energetischen und angenehmen Wirkung begleitet. Du wirst immer mehr wollen.<\/p>\n","protected":false},"featured_media":26513,"comment_status":"open","ping_status":"closed","template":"","meta":{"_acf_changed":false,"inline_featured_image":false,"_uag_custom_page_level_css":""},"product_brand":[],"product_cat":[2114,4113],"product_tag":[],"class_list":{"0":"post-10218","1":"product","2":"type-product","3":"status-publish","4":"has-post-thumbnail","6":"product_cat-autoflowering-cannabis-samen","7":"product_cat-cannabis-samen-unter-1-euro","9":"first","10":"instock","11":"sale","12":"taxable","13":"shipping-taxable","14":"purchasable","15":"product-type-simple"},"acf":[],"uagb_featured_image_src":{"full":["https:\/\/bulkgenetics.com\/wp-content\/uploads\/2022\/10\/white-widow-auto-autoflowering-cannabis-seeds.jpg",1600,1600,false],"thumbnail":["https:\/\/bulkgenetics.com\/wp-content\/uploads\/2022\/10\/white-widow-auto-autoflowering-cannabis-seeds-150x150.jpg",150,150,true],"medium":["https:\/\/bulkgenetics.com\/wp-content\/uploads\/2022\/10\/white-widow-auto-autoflowering-cannabis-seeds-300x300.jpg",300,300,true],"medium_large":["https:\/\/bulkgenetics.com\/wp-content\/uploads\/2022\/10\/white-widow-auto-autoflowering-cannabis-seeds-768x768.jpg",768,768,true],"large":["https:\/\/bulkgenetics.com\/wp-content\/uploads\/2022\/10\/white-widow-auto-autoflowering-cannabis-seeds-1024x1024.jpg",1024,1024,true],"1536x1536":["https:\/\/bulkgenetics.com\/wp-content\/uploads\/2022\/10\/white-widow-auto-autoflowering-cannabis-seeds-1536x1536.jpg",1536,1536,true],"2048x2048":["https:\/\/bulkgenetics.com\/wp-content\/uploads\/2022\/10\/white-widow-auto-autoflowering-cannabis-seeds.jpg",1600,1600,false],"commercegurus-pdp-large":["https:\/\/bulkgenetics.com\/wp-content\/uploads\/2022\/10\/white-widow-auto-autoflowering-cannabis-seeds-990x990.jpg",990,990,true],"commercegurus-plp-mobile":["https:\/\/bulkgenetics.com\/wp-content\/uploads\/2022\/10\/white-widow-auto-autoflowering-cannabis-seeds-441x441.jpg",441,441,true],"cgkit_image_swatch":["https:\/\/bulkgenetics.com\/wp-content\/uploads\/2022\/10\/white-widow-auto-autoflowering-cannabis-seeds-100x100.jpg",100,100,true],"woocommerce_thumbnail":["https:\/\/bulkgenetics.com\/wp-content\/uploads\/2022\/10\/white-widow-auto-autoflowering-cannabis-seeds-300x300.jpg",300,300,true],"woocommerce_single":["https:\/\/bulkgenetics.com\/wp-content\/uploads\/2022\/10\/white-widow-auto-autoflowering-cannabis-seeds-800x800.jpg",800,800,true],"woocommerce_gallery_thumbnail":["https:\/\/bulkgenetics.com\/wp-content\/uploads\/2022\/10\/white-widow-auto-autoflowering-cannabis-seeds-150x150.jpg",150,150,true],"dgwt-wcas-product-suggestion":["https:\/\/bulkgenetics.com\/wp-content\/uploads\/2022\/10\/white-widow-auto-autoflowering-cannabis-seeds-64x64.jpg",64,64,true]},"uagb_author_info":{"display_name":"Bruno Crespo","author_link":"https:\/\/bulkgenetics.com\/de\/author\/"},"uagb_comment_info":0,"uagb_excerpt":"White Widow Auto ist die schnelle Version eines niederl\u00e4ndischen Klassikers, der f\u00fcr seine hohe Qualit\u00e4t mehrfach ausgezeichnet wurde. Es ist eine Pflanze, die wenig Pflege braucht und immer unschlagbare Ertr\u00e4ge garantiert. Er hat eine diskrete Gr\u00f6\u00dfe, zwischen 100 und 130 cm. Und sie hat einen sehr kurzen Lebenszyklus, in nur 9-10 Wochen ist sie bereit,&hellip;","_links":{"self":[{"href":"https:\/\/bulkgenetics.com\/de\/wp-json\/wp\/v2\/product\/10218","targetHints":{"allow":["GET"]}}],"collection":[{"href":"https:\/\/bulkgenetics.com\/de\/wp-json\/wp\/v2\/product"}],"about":[{"href":"https:\/\/bulkgenetics.com\/de\/wp-json\/wp\/v2\/types\/product"}],"replies":[{"embeddable":true,"href":"https:\/\/bulkgenetics.com\/de\/wp-json\/wp\/v2\/comments?post=10218"}],"wp:featuredmedia":[{"embeddable":true,"href":"https:\/\/bulkgenetics.com\/de\/wp-json\/wp\/v2\/media\/26513"}],"wp:attachment":[{"href":"https:\/\/bulkgenetics.com\/de\/wp-json\/wp\/v2\/media?parent=10218"}],"wp:term":[{"taxonomy":"product_brand","embeddable":true,"href":"https:\/\/bulkgenetics.com\/de\/wp-json\/wp\/v2\/product_brand?post=10218"},{"taxonomy":"product_cat","embeddable":true,"href":"https:\/\/bulkgenetics.com\/de\/wp-json\/wp\/v2\/product_cat?post=10218"},{"taxonomy":"product_tag","embeddable":true,"href":"https:\/\/bulkgenetics.com\/de\/wp-json\/wp\/v2\/product_tag?post=10218"}],"curies":[{"name":"wp","href":"https:\/\/api.w.org\/{rel}","templated":true}]}}