{"id":10219,"date":"2022-10-04T17:36:14","date_gmt":"2022-10-04T15:36:14","guid":{"rendered":"https:\/\/www.bulkgenetics.com\/sour-diesel-auto\/"},"modified":"2022-11-10T16:07:16","modified_gmt":"2022-11-10T15:07:16","slug":"sour-diesel-auto","status":"publish","type":"product","link":"https:\/\/bulkgenetics.com\/de\/sour-diesel-auto\/","title":{"rendered":"Sour Diesel Auto"},"content":{"rendered":"\n<p><strong>Sour Diesel Auto<\/strong> ist die schnellste Version einer der gro\u00dfen Hybriden, die in den Vereinigten Staaten entwickelt wurden, und eine ihrer repr\u00e4sentativsten Sorten.<\/p>\n\n<p>Sie ist eine sativadominierte Kreuzung aus <strong>Chem Dawg und Super Skunk<\/strong>, zwei Genetikern des neuen und alten Kontinents, die zusammen eine der einflussreichsten Cannabissorten der Geschichte hervorgebracht haben.<\/p>\n\n<p>Viele Banken haben ihre eigenen Versionen von <a href=\"https:\/\/bulkgenetics.com\/es\/sour-diesel\/\">Sour Diesel<\/a> entwickelt oder sie f\u00fcr neue Kreuzungen verwendet. Von Dinafem oder Humboldt nach Growbarato. Der einzige Unterschied ist, dass unser loses Saatgut bei gleicher Qualit\u00e4t am billigsten ist.<\/p>\n\n<h2 class=\"wp-block-heading\">Wie man Sour Diesel Auto anbaut<\/h2>\n\n<p>Es handelt sich um eine sehr einfache Pflanze, die auch f\u00fcr Anf\u00e4nger keine Probleme bereitet, hervorragende Ergebnisse zu erzielen. <strong>Sie ist sehr unauff\u00e4llig und wird nicht h\u00f6her als 130 cm<\/strong>, eine perfekte H\u00f6he f\u00fcr Terrassen und Balkone, wo sie nicht auff\u00e4llt.<\/p>\n\n<p>Wie jede andere autoflowering Sorte hat sie eine Wachstumszeit von 3-4 Wochen, unabh\u00e4ngig von ihrer Gr\u00f6\u00dfe oder der Anzahl der Lichtstunden, die sie erh\u00e4lt.  <\/p>\n\n<p>W\u00e4hrend das Umpflanzen bei normal bl\u00fchenden Sorten von Vorteil ist, ist es bei autoflowering Sorten kontraproduktiv. Sie sind ein wenig stressig und die Pflanzen k\u00f6nnen ihr Wachstum f\u00fcr ein paar wertvolle Tage verlangsamen. Am besten ist es, wenn du von Anfang an <strong>einen gro\u00dfen Topf mit gutem Substrat verwendest<\/strong>.<\/p>\n\n<p>Von der Keimung der Samen bis <strong>zur Ernte<\/strong> der Meisterschaftsbl\u00fcten solltest du <strong>nur 65-70 Tage<\/strong> warten. Es ist m\u00f6glich, bis zu 3 Pflanzen pro Saison im Freien anzubauen, wenn der Oktober trocken ist.<\/p>\n\n<h2 class=\"wp-block-heading\">Merkmale von Sour Diesel Auto<\/h2>\n\n<p>Sour Diesel ist keine Sorte, die besonders f\u00fcr ihre Produktion bekannt ist. Die Knospen sind mittelgro\u00df, aber von unvergleichlicher H\u00e4rte. Au\u00dferdem sehen sie wegen der gro\u00dfen Menge an Harz, die sie ansammeln, wie mit Zucker \u00fcberzogen aus.<\/p>\n\n<p>Sein <strong>Geschmack und sein Aroma<\/strong> sind der klassische Diesel, sauer und <em>skunky<\/em>, so charakteristisch f\u00fcr die amerikanische Schule. Die Meinungen gehen auseinander, aber die gro\u00dfe Mehrheit der Verbraucher findet den Geschmack sehr angenehm.<\/p>\n\n<p><strong>Die Wirkung ist sehr stark<\/strong>, eine Welle von Energie und Kreativit\u00e4t wird durch deinen K\u00f6rper und deinen Geist schwappen. Sie ist die perfekte Cannabissorte f\u00fcr den Tag.<\/p>\n\n<div style=\"height:50px\" aria-hidden=\"true\" class=\"wp-block-spacer uag-hide-mob\"><\/div>\n\n<div class=\"wp-block-columns is-layout-flex wp-container-core-columns-is-layout-28f84493 wp-block-columns-is-layout-flex\">\n<div class=\"wp-block-column is-layout-flow wp-block-column-is-layout-flow\">\n<p class=\"has-text-align-center has-medium-font-size\"><strong>Was wir am meisten m\u00f6gen<\/strong><\/p>\n\n\n\n<ul class=\"wp-block-list\">\n<li>Sehr einfach zu z\u00fcchten.<\/li>\n\n\n\n<li>Die Erntezeit betr\u00e4gt nur 65-70 Tage.<\/li>\n\n\n\n<li>Echter Dieselgeschmack.<\/li>\n\n\n\n<li>Sehr entspannende und gl\u00fcckliche Effekte.<\/li>\n\n\n\n<li>Sein niedriger Preis.<\/li>\n<\/ul>\n<\/div>\n\n\n\n<div class=\"wp-block-column is-layout-flow wp-block-column-is-layout-flow\">\n<p class=\"has-text-align-center has-medium-font-size\"><strong>Was wir am wenigsten m\u00f6gen<\/strong><\/p>\n\n\n\n<ul class=\"wp-block-list\">\n<li>In der Bl\u00fctezeit duftet sie sehr gut.<\/li>\n<\/ul>\n<\/div>\n<\/div>\n\n<div style=\"height:50px\" aria-hidden=\"true\" class=\"wp-block-spacer uag-hide-mob\"><\/div>\n\n<h2 class=\"wp-block-heading\">H\u00e4ufig gestellte Fragen<\/h2>\n\n<p>Im Folgenden beantworten wir einige der h\u00e4ufigsten Fragen, die uns von Z\u00fcchtern gestellt werden, die sich f\u00fcr diese g\u00fcnstigen Samen interessieren:<\/p>\n<div id=\"rank-math-faq\" class=\"rank-math-block\">\n<div class=\"rank-math-list \">\n<div id=\"faq-question-1663029074962\" class=\"rank-math-list-item\">\n<h3 class=\"rank-math-question \">Wann beginnt die Bl\u00fctezeit von Sour Diesel Auto im Freien?<\/h3>\n<div class=\"rank-math-answer \">\n\n<p>Die Wachstumszeit ist sehr schnell und nach etwa 3-4 Wochen nach der Keimung der Samen beginnen die Pflanzen zu bl\u00fchen.<\/p>\n\n<\/div>\n<\/div>\n<div id=\"faq-question-1663029159933\" class=\"rank-math-list-item\">\n<h3 class=\"rank-math-question \">Wie lange dauert es, eine Sour Diesel Auto nach der Keimung zu ernten?<\/h3>\n<div class=\"rank-math-answer \">\n\n<p>Sie ist eine sehr schnelle Sorte, die in insgesamt 65-70 Tagen geerntet wird.<\/p>\n\n<\/div>\n<\/div>\n<div id=\"faq-question-1663029165861\" class=\"rank-math-list-item\">\n<h3 class=\"rank-math-question \">Wie z\u00fcchte ich eine feminisierte Sour Diesel Auto?<\/h3>\n<div class=\"rank-math-answer \">\n\n<p>Sie ist sehr einfach und widerstandsf\u00e4hig und au\u00dferdem diskret. W\u00e4hle ein gutes Substrat und einen Topf von mindestens 20 Litern, um die gr\u00f6\u00dften Pflanzen zu bekommen.<\/p>\n\n<\/div>\n<\/div>\n<div id=\"faq-question-1666780029954\" class=\"rank-math-list-item\">\n<h3 class=\"rank-math-question \">Was sind die Auswirkungen von Sour Diesel Auto in loser Sch\u00fcttung?<\/h3>\n<div class=\"rank-math-answer \">\n\n<p>Die Effekte sind energiegeladen, sozial und kreativ, ideal f\u00fcr geselliges Beisammensein und Vergn\u00fcgen zu jeder Zeit des Tages.<\/p>\n\n<\/div>\n<\/div>\n<\/div>\n<\/div>","protected":false},"excerpt":{"rendered":"<p>Sour Diesel Auto ist die schnelle Version der echten amerikanischen Sorte, die seit Jahrzehnten ein Klassiker der Cannabis-Szene ist. Sie ist eine sehr pflegeleichte und unauff\u00e4llige Pflanze, denn sie wird nur 100-130 cm hoch, perfekt f\u00fcr kleine G\u00e4rten, Terrassen oder Balkone. Die Bl\u00fcten sind dicht, l\u00e4nglich und klebrig wie Honig. Sein s\u00e4uerlicher, dieselartiger und <em>skunkiger <\/em>Geschmack erinnert uns an die Urspr\u00fcnge einiger der angesagtesten Genetika von heute, wie Gorilla Glue, Gelato oder Sunset Sherbert. Die Effekte sind kraftvoll, energiegeladen und kreativ, um angenehme Momente in Gesellschaft zu genie\u00dfen.<\/p>\n","protected":false},"featured_media":10867,"comment_status":"open","ping_status":"closed","template":"","meta":{"_acf_changed":false,"inline_featured_image":false,"_uag_custom_page_level_css":""},"product_brand":[],"product_cat":[2114,4113],"product_tag":[],"class_list":{"0":"post-10219","1":"product","2":"type-product","3":"status-publish","4":"has-post-thumbnail","6":"product_cat-autoflowering-cannabis-samen","7":"product_cat-cannabis-samen-unter-1-euro","9":"first","10":"instock","11":"sale","12":"taxable","13":"shipping-taxable","14":"purchasable","15":"product-type-simple"},"acf":[],"uagb_featured_image_src":{"full":["https:\/\/bulkgenetics.com\/wp-content\/uploads\/2022\/10\/sour-diesel-auto.jpg",1600,1600,false],"thumbnail":["https:\/\/bulkgenetics.com\/wp-content\/uploads\/2022\/10\/sour-diesel-auto-150x150.jpg",150,150,true],"medium":["https:\/\/bulkgenetics.com\/wp-content\/uploads\/2022\/10\/sour-diesel-auto-300x300.jpg",300,300,true],"medium_large":["https:\/\/bulkgenetics.com\/wp-content\/uploads\/2022\/10\/sour-diesel-auto-768x768.jpg",768,768,true],"large":["https:\/\/bulkgenetics.com\/wp-content\/uploads\/2022\/10\/sour-diesel-auto-1024x1024.jpg",1024,1024,true],"1536x1536":["https:\/\/bulkgenetics.com\/wp-content\/uploads\/2022\/10\/sour-diesel-auto-1536x1536.jpg",1536,1536,true],"2048x2048":["https:\/\/bulkgenetics.com\/wp-content\/uploads\/2022\/10\/sour-diesel-auto.jpg",1600,1600,false],"commercegurus-pdp-large":["https:\/\/bulkgenetics.com\/wp-content\/uploads\/2022\/10\/sour-diesel-auto-990x990.jpg",990,990,true],"commercegurus-plp-mobile":["https:\/\/bulkgenetics.com\/wp-content\/uploads\/2022\/10\/sour-diesel-auto-441x441.jpg",441,441,true],"cgkit_image_swatch":["https:\/\/bulkgenetics.com\/wp-content\/uploads\/2022\/10\/sour-diesel-auto-100x100.jpg",100,100,true],"woocommerce_thumbnail":["https:\/\/bulkgenetics.com\/wp-content\/uploads\/2022\/10\/sour-diesel-auto-300x300.jpg",300,300,true],"woocommerce_single":["https:\/\/bulkgenetics.com\/wp-content\/uploads\/2022\/10\/sour-diesel-auto-800x800.jpg",800,800,true],"woocommerce_gallery_thumbnail":["https:\/\/bulkgenetics.com\/wp-content\/uploads\/2022\/10\/sour-diesel-auto-150x150.jpg",150,150,true],"dgwt-wcas-product-suggestion":["https:\/\/bulkgenetics.com\/wp-content\/uploads\/2022\/10\/sour-diesel-auto-64x64.jpg",64,64,true]},"uagb_author_info":{"display_name":"Bruno Crespo","author_link":"https:\/\/bulkgenetics.com\/de\/author\/"},"uagb_comment_info":0,"uagb_excerpt":"Sour Diesel Auto ist die schnelle Version der echten amerikanischen Sorte, die seit Jahrzehnten ein Klassiker der Cannabis-Szene ist. Sie ist eine sehr pflegeleichte und unauff\u00e4llige Pflanze, denn sie wird nur 100-130 cm hoch, perfekt f\u00fcr kleine G\u00e4rten, Terrassen oder Balkone. Die Bl\u00fcten sind dicht, l\u00e4nglich und klebrig wie Honig. Sein s\u00e4uerlicher, dieselartiger und skunkiger&hellip;","_links":{"self":[{"href":"https:\/\/bulkgenetics.com\/de\/wp-json\/wp\/v2\/product\/10219","targetHints":{"allow":["GET"]}}],"collection":[{"href":"https:\/\/bulkgenetics.com\/de\/wp-json\/wp\/v2\/product"}],"about":[{"href":"https:\/\/bulkgenetics.com\/de\/wp-json\/wp\/v2\/types\/product"}],"replies":[{"embeddable":true,"href":"https:\/\/bulkgenetics.com\/de\/wp-json\/wp\/v2\/comments?post=10219"}],"wp:featuredmedia":[{"embeddable":true,"href":"https:\/\/bulkgenetics.com\/de\/wp-json\/wp\/v2\/media\/10867"}],"wp:attachment":[{"href":"https:\/\/bulkgenetics.com\/de\/wp-json\/wp\/v2\/media?parent=10219"}],"wp:term":[{"taxonomy":"product_brand","embeddable":true,"href":"https:\/\/bulkgenetics.com\/de\/wp-json\/wp\/v2\/product_brand?post=10219"},{"taxonomy":"product_cat","embeddable":true,"href":"https:\/\/bulkgenetics.com\/de\/wp-json\/wp\/v2\/product_cat?post=10219"},{"taxonomy":"product_tag","embeddable":true,"href":"https:\/\/bulkgenetics.com\/de\/wp-json\/wp\/v2\/product_tag?post=10219"}],"curies":[{"name":"wp","href":"https:\/\/api.w.org\/{rel}","templated":true}]}}