{"id":10220,"date":"2022-10-04T17:44:57","date_gmt":"2022-10-04T15:44:57","guid":{"rendered":"https:\/\/www.bulkgenetics.com\/zkittlez-auto\/"},"modified":"2024-06-06T08:49:08","modified_gmt":"2024-06-06T06:49:08","slug":"zkittlez-auto","status":"publish","type":"product","link":"https:\/\/bulkgenetics.com\/de\/zkittlez-auto\/","title":{"rendered":"Zkittlez Auto"},"content":{"rendered":"\n<p>Zkittlez Auto ist die autoflowering Version von Zikittlez, einer der angesagtesten und begehrtesten Sorten der Welt. Au\u00dferdem wirst du damit die schnellsten Ernten einfahren.<\/p>\n\n<p>Zkittlez ist eine indicadominierte Cannabissorte, die in Nordamerika aus einem Grape Ape\/Grapefruit-Hybrid in Kombination mit einer Sorte unbekannter Herkunft gez\u00fcchtet wurde.  <\/p>\n\n<p>Sein Name bezieht sich auf das legend\u00e4re Fruchtbonbon Skittles. Das liegt daran, dass es gut schmeckt und sehr an diese kleinen, bunten Bonbons erinnert.<\/p>\n\n<p>Heutzutage gibt es viele Samenbanken, die ihre eigene feminisierte oder autoflowering Version anbieten, wie FastBuds oder Advanced Seeds. Sie diente auch zur Entwicklung neuer Hybride wie Gorilla Zkittlez Auto oder Watermelon Zkittlez Auto.<\/p>\n\n<p>Auf Websites wie Growdiaries, Seedfinder und Leafly ist sie eine Marihuana-Sorte, die hervorragende Kommentare, Bewertungen und eine wahrhaft skandal\u00f6se Anh\u00e4ngerschaft genie\u00dft.<\/p>\n\n<h2 class=\"wp-block-heading\">Wie man Zkittlez Auto anbaut<\/h2>\n\n<p>Sie ist eine einfach anzubauende Pflanze, die sich sowohl f\u00fcr Anf\u00e4nger eignet, die einen unkomplizierten Anbau suchen, als auch f\u00fcr Veteranen, die fr\u00fche Ernten von h\u00f6chster Qualit\u00e4t anstreben.<\/p>\n\n<p>Seine Struktur ist typisch f\u00fcr einen Weihnachtsbaum, mit dicken \u00c4sten, die verk\u00fcrzt sind und in einer langen Spitze enden. Seine H\u00f6he bleibt unter 110 cm, was ihn sehr diskret und ideal f\u00fcr Terrassen und Balkone macht.<\/p>\n\n<p>Wir empfehlen, dass du dich von Anfang an f\u00fcr einen gro\u00dfen Topf entscheidest. Auf diese Weise wachsen die Pflanzen ohne die Unterbrechung durch das Umpflanzen und erreichen die gr\u00f6\u00dftm\u00f6gliche H\u00f6he, bevor die Bl\u00fcte beginnt.<\/p>\n\n<p>Von der Keimung bis zur Ernte vergehen insgesamt 65-70 Tage, was den Anbau von 3 aufeinanderfolgenden Ernten in der Freilandsaison erm\u00f6glicht.<\/p>\n\n<h2 class=\"wp-block-heading\">Merkmale von Zkittlez Auto<\/h2>\n\n<p>Die Bl\u00fcten sind gro\u00df, hart und verbinden sich zu langen Schw\u00e4nzen, die sehr leicht zu manik\u00fcren sind. Einige Exemplare bekommen in der Bl\u00fctezeit wundersch\u00f6ne violette Farbt\u00f6ne, die mit der gro\u00dfen Menge an gl\u00e4nzendem Harz kontrastieren.<\/p>\n\n<p>Das Aroma und der Geschmack sind einfach k\u00f6stlich, wie eine Orgie aus tropischen Fr\u00fcchten. Klare, s\u00fc\u00dfe Noten von Grapefruit, Trauben und Beeren werden deine Geschmacksnerven begeistern.<\/p>\n\n<p>Mit einem THC-Gehalt von bis zu 25 % ist dies eine Marihuanasorte mit sehr starker Wirkung. Zu Beginn sp\u00fcrst du ein Kribbeln im ganzen K\u00f6rper und begibst dich dann in eine Welt des Friedens, die dich in die tiefste Ruhe f\u00fchrt.<\/p>\n\n<p>Die Ertr\u00e4ge sind f\u00fcr seine geringe Gr\u00f6\u00dfe sehr hoch. Im Freien bringt sie bei gr\u00f6\u00dferen Pflanzen bis zu 150 Gramm ein. In Innenr\u00e4umen liegt der Ertrag bei 450-550 Gramm pro m\u00b2 mit 300-350W LED-Beleuchtung.<\/p>\n\n<div style=\"height:50px\" aria-hidden=\"true\" class=\"wp-block-spacer uag-hide-mob\"><\/div>\n\n<div class=\"wp-block-columns is-layout-flex wp-container-core-columns-is-layout-28f84493 wp-block-columns-is-layout-flex\">\n<div class=\"wp-block-column is-layout-flow wp-block-column-is-layout-flow\">\n<p class=\"has-text-align-center has-medium-font-size\"><strong>Was wir am meisten m\u00f6gen<\/strong><\/p>\n\n\n\n<ul class=\"wp-block-list\">\n<li>Sehr einfach zu z\u00fcchten.<\/li>\n\n\n\n<li>Hohe Produktion.<\/li>\n\n\n\n<li>Sehr diskret.<\/li>\n\n\n\n<li>In 65-70 Tagen erntereif.<\/li>\n\n\n\n<li>Geschmack: Fruchtbonbon.<\/li>\n\n\n\n<li>Sein Preis.<\/li>\n<\/ul>\n<\/div>\n\n\n\n<div class=\"wp-block-column is-layout-flow wp-block-column-is-layout-flow\">\n<p class=\"has-text-align-center has-medium-font-size\"><strong>Was wir am wenigsten m\u00f6gen<\/strong><\/p>\n\n\n\n<ul class=\"wp-block-list\">\n<li>In der Bl\u00fctezeit duftet sie sehr gut.<\/li>\n<\/ul>\n<\/div>\n<\/div>\n\n<div style=\"height:50px\" aria-hidden=\"true\" class=\"wp-block-spacer uag-hide-mob\"><\/div>\n\n<h2 class=\"wp-block-heading\">H\u00e4ufig gestellte Fragen<\/h2>\n\n<p>Nachfolgend findest du die Antworten auf die h\u00e4ufigsten Fragen, die von Z\u00fcchtern gestellt werden, die sich f\u00fcr diese g\u00fcnstigen Samen interessieren:<\/p>\n<div id=\"rank-math-faq\" class=\"rank-math-block\">\n<div class=\"rank-math-list \">\n<div id=\"faq-question-1663029074962\" class=\"rank-math-list-item\">\n<h3 class=\"rank-math-question \">Wann beginnt die Bl\u00fctezeit von Zkittlez Auto im Freien?<\/h3>\n<div class=\"rank-math-answer \">\n\n<p>Die Wachstumszeit ist sehr schnell, nur 3-4 Wochen.<\/p>\n\n<\/div>\n<\/div>\n<div id=\"faq-question-1663029159933\" class=\"rank-math-list-item\">\n<h3 class=\"rank-math-question \">Wie lange dauert es, ein Zkittlez Auto nach der Keimung zu ernten?<\/h3>\n<div class=\"rank-math-answer \">\n\n<p>Von der Keimung bis zur Ernte dauert es insgesamt 65-70 Tage.<\/p>\n\n<\/div>\n<\/div>\n<div id=\"faq-question-1663029165861\" class=\"rank-math-list-item\">\n<h3 class=\"rank-math-question \">Wie z\u00fcchte ich eine feminisierte Zkittlez Auto?<\/h3>\n<div class=\"rank-math-answer \">\n\n<p>Sie ist eine sehr einfache und diskrete Pflanze, ideal f\u00fcr Terrassen und Balkone. Verwende einen gro\u00dfen Topf und ein n\u00e4hrstoffreiches Substrat.<\/p>\n\n<\/div>\n<\/div>\n<div id=\"faq-question-1666780029954\" class=\"rank-math-list-item\">\n<h3 class=\"rank-math-question \">Welche Auswirkungen hat Zkittlez Auto in bulk?<\/h3>\n<div class=\"rank-math-answer \">\n\n<p>Die Wirkung ist entspannend und schl\u00e4frig, ideal f\u00fcr den sp\u00e4ten Tag.<\/p>\n\n<\/div>\n<\/div>\n<\/div>\n<\/div>","protected":false},"excerpt":{"rendered":"<p>Zkittlez Auto ist die autoflowering Version einer der angesagtesten und erfolgreichsten Sorten der Welt. Sie ist eine anspruchslose Pflanze, die eine diskrete H\u00f6he von 80-110 cm erreicht. Von der Keimung bis zur Ernte vergehen nur 65-70 Tage, wodurch in Rekordzeit die fettesten und klebrigsten Knospen entstehen, die man sich vorstellen kann. Ein intensiver Duft und Geschmack von Trauben, Beeren und Grapefruit wird deinen Gaumen ersch\u00fcttern. Aber die st\u00e4rkste Wirkung ist die, die dich auf die Couch oder ins Bett treibt.<\/p>\n","protected":false},"featured_media":30417,"comment_status":"open","ping_status":"closed","template":"","meta":{"_acf_changed":false,"inline_featured_image":false,"_uag_custom_page_level_css":""},"product_brand":[],"product_cat":[2114,4113],"product_tag":[],"class_list":{"0":"post-10220","1":"product","2":"type-product","3":"status-publish","4":"has-post-thumbnail","6":"product_cat-autoflowering-cannabis-samen","7":"product_cat-cannabis-samen-unter-1-euro","9":"first","10":"instock","11":"sale","12":"taxable","13":"shipping-taxable","14":"purchasable","15":"product-type-simple"},"acf":[],"uagb_featured_image_src":{"full":["https:\/\/bulkgenetics.com\/wp-content\/uploads\/2022\/10\/zkittlez-auto-autoflower-cannabis-seeds.jpg",1600,1600,false],"thumbnail":["https:\/\/bulkgenetics.com\/wp-content\/uploads\/2022\/10\/zkittlez-auto-autoflower-cannabis-seeds-150x150.jpg",150,150,true],"medium":["https:\/\/bulkgenetics.com\/wp-content\/uploads\/2022\/10\/zkittlez-auto-autoflower-cannabis-seeds-300x300.jpg",300,300,true],"medium_large":["https:\/\/bulkgenetics.com\/wp-content\/uploads\/2022\/10\/zkittlez-auto-autoflower-cannabis-seeds-768x768.jpg",768,768,true],"large":["https:\/\/bulkgenetics.com\/wp-content\/uploads\/2022\/10\/zkittlez-auto-autoflower-cannabis-seeds-1024x1024.jpg",1024,1024,true],"1536x1536":["https:\/\/bulkgenetics.com\/wp-content\/uploads\/2022\/10\/zkittlez-auto-autoflower-cannabis-seeds-1536x1536.jpg",1536,1536,true],"2048x2048":["https:\/\/bulkgenetics.com\/wp-content\/uploads\/2022\/10\/zkittlez-auto-autoflower-cannabis-seeds.jpg",1600,1600,false],"commercegurus-pdp-large":["https:\/\/bulkgenetics.com\/wp-content\/uploads\/2022\/10\/zkittlez-auto-autoflower-cannabis-seeds-990x990.jpg",990,990,true],"commercegurus-plp-mobile":["https:\/\/bulkgenetics.com\/wp-content\/uploads\/2022\/10\/zkittlez-auto-autoflower-cannabis-seeds-441x441.jpg",441,441,true],"cgkit_image_swatch":["https:\/\/bulkgenetics.com\/wp-content\/uploads\/2022\/10\/zkittlez-auto-autoflower-cannabis-seeds-100x100.jpg",100,100,true],"woocommerce_thumbnail":["https:\/\/bulkgenetics.com\/wp-content\/uploads\/2022\/10\/zkittlez-auto-autoflower-cannabis-seeds-300x300.jpg",300,300,true],"woocommerce_single":["https:\/\/bulkgenetics.com\/wp-content\/uploads\/2022\/10\/zkittlez-auto-autoflower-cannabis-seeds-800x800.jpg",800,800,true],"woocommerce_gallery_thumbnail":["https:\/\/bulkgenetics.com\/wp-content\/uploads\/2022\/10\/zkittlez-auto-autoflower-cannabis-seeds-150x150.jpg",150,150,true],"dgwt-wcas-product-suggestion":["https:\/\/bulkgenetics.com\/wp-content\/uploads\/2022\/10\/zkittlez-auto-autoflower-cannabis-seeds-64x64.jpg",64,64,true]},"uagb_author_info":{"display_name":"Bruno Crespo","author_link":"https:\/\/bulkgenetics.com\/de\/author\/"},"uagb_comment_info":2,"uagb_excerpt":"Zkittlez Auto ist die autoflowering Version einer der angesagtesten und erfolgreichsten Sorten der Welt. Sie ist eine anspruchslose Pflanze, die eine diskrete H\u00f6he von 80-110 cm erreicht. Von der Keimung bis zur Ernte vergehen nur 65-70 Tage, wodurch in Rekordzeit die fettesten und klebrigsten Knospen entstehen, die man sich vorstellen kann. Ein intensiver Duft und&hellip;","_links":{"self":[{"href":"https:\/\/bulkgenetics.com\/de\/wp-json\/wp\/v2\/product\/10220","targetHints":{"allow":["GET"]}}],"collection":[{"href":"https:\/\/bulkgenetics.com\/de\/wp-json\/wp\/v2\/product"}],"about":[{"href":"https:\/\/bulkgenetics.com\/de\/wp-json\/wp\/v2\/types\/product"}],"replies":[{"embeddable":true,"href":"https:\/\/bulkgenetics.com\/de\/wp-json\/wp\/v2\/comments?post=10220"}],"wp:featuredmedia":[{"embeddable":true,"href":"https:\/\/bulkgenetics.com\/de\/wp-json\/wp\/v2\/media\/30417"}],"wp:attachment":[{"href":"https:\/\/bulkgenetics.com\/de\/wp-json\/wp\/v2\/media?parent=10220"}],"wp:term":[{"taxonomy":"product_brand","embeddable":true,"href":"https:\/\/bulkgenetics.com\/de\/wp-json\/wp\/v2\/product_brand?post=10220"},{"taxonomy":"product_cat","embeddable":true,"href":"https:\/\/bulkgenetics.com\/de\/wp-json\/wp\/v2\/product_cat?post=10220"},{"taxonomy":"product_tag","embeddable":true,"href":"https:\/\/bulkgenetics.com\/de\/wp-json\/wp\/v2\/product_tag?post=10220"}],"curies":[{"name":"wp","href":"https:\/\/api.w.org\/{rel}","templated":true}]}}