{"id":10222,"date":"2022-10-04T17:54:54","date_gmt":"2022-10-04T15:54:54","guid":{"rendered":"https:\/\/www.bulkgenetics.com\/nicole-kush\/"},"modified":"2024-10-08T01:09:04","modified_gmt":"2024-10-07T23:09:04","slug":"nicole-kush","status":"publish","type":"product","link":"https:\/\/bulkgenetics.com\/de\/nicole-kush\/","title":{"rendered":"Nicole Kush"},"content":{"rendered":"\n<p><strong>Nicole Kush<\/strong> entsteht aus der perfekten Kombination zweier legend\u00e4rer Strains. Einerseits <a href=\"https:\/\/bulkgenetics.com\/de\/kosher-kush\/\"><strong>Kosher Kush<\/strong><\/a>, bekannt f\u00fcr ihre entspannende Wirkung und ihre F\u00e4higkeit, reichlich Harz zu produzieren. Andererseits bringt <strong>Nicole<\/strong> diesen besonderen Touch mit, der diesen Strain zu einer unvergleichlichen Wahl macht. Zusammen haben sie eine robuste und einfach zu handhabende Pflanze hervorgebracht, die perfekt f\u00fcr Grower aller Erfahrungsstufen ist.<\/p>\n\n\n\n<p>Dieser Hybrid, entwickelt von den Z\u00fcchtern von DNA Genetics, wird von Samenbanken wie Universal Seeds oder Nirvana angeboten. Auf Seiten wie Seedfinder oder Leafly erh\u00e4lt er hervorragende Bewertungen, wobei besonders hervorgehoben wird, wie hervorragend er sich zur Haschischherstellung eignet, dank der gro\u00dfen Menge an Harz, die er produziert.<\/p>\n\n\n\n<p>Nicole Kush ist wirklich beeindruckend. Sie w\u00e4chst kr\u00e4ftig und erreicht sowohl indoor als auch outdoor eine mittlere Gr\u00f6\u00dfe. Ihre Struktur ist robust, mit mittleren Internodien und gro\u00dfen Bl\u00e4ttern, die gegen Ende der Bl\u00fctezeit orange und violette Farbt\u00f6ne annehmen. Die Buds sind lang, dicht und kompakt und neigen ebenfalls dazu, intensive violette T\u00f6ne zu entwickeln, besonders wenn die Temperaturen mild sind.<\/p>\n\n\n\n<h2 class=\"wp-block-heading\">Geschmack und Wirkung<\/h2>\n\n\n\n<p>Das Aroma und der Geschmack von Nicole Kush sind komplex und tief angenehm. Beim Rauchen nimmt man Zitrusnoten von reifer Zitrone und s\u00fc\u00dfer Grapefruit wahr, begleitet von frischen Minznoten und einem erdigen Kush-Unterton. Diese Kombination von Aromen macht jeden Zug zu einem einzigartigen und k\u00f6stlichen Erlebnis.<\/p>\n\n\n\n<p>Die Wirkung von Nicole Kush ist <strong>sehr stark und wird dich auf eine Achterbahn der Gef\u00fchle mitnehmen<\/strong>. Zun\u00e4chst erlebst du einen gl\u00fccklichen und energetischen High, der dich mit Euphorie und Positivit\u00e4t erf\u00fcllt. Im weiteren Verlauf sp\u00fcrst du eine tiefe und beruhigende Entspannung, perfekt zum Abschalten und Relaxen am Ende des Tages. In hohen Dosen kann die Wirkung einschl\u00e4fernd sein und zu einem erholsamen und tiefen Schlaf f\u00fchren.<\/p>\n\n\n\n<p>Der THC-Gehalt von Nicole Kush variiert zwischen <strong>15% und 20%<\/strong>, was eine starke und langanhaltende Erfahrung garantiert. Ihr CBD-Gehalt ist hingegen niedrig, meist unter <strong>1%<\/strong>, was sie mehr auf den psychoaktiven Effekt als auf den therapeutischen Fokus ausrichtet, obwohl sie dennoch signifikante medizinische Vorteile bietet.<\/p>\n\n\n\n<h3 class=\"wp-block-heading\">Terpene von Nicole Kush<\/h3>\n\n\n\n<p>Die Terpene von Nicole Kush spielen eine entscheidende Rolle in ihrem aromatischen Profil und ihren Effekten. Die dominierenden Aromen umfassen Zitronen-, Minz- und s\u00fc\u00dfe Grapefruitnoten, die von Terpenen wie Limonen und Pinen stammen. Diese Terpene tragen nicht nur zu ihrem k\u00f6stlichen Geschmack bei, sondern auch zu ihren therapeutischen Wirkungen.<\/p>\n\n\n\n<p>Limonen, verantwortlich f\u00fcr die Zitrusaromen, ist bekannt f\u00fcr seine stimmungsaufhellenden und angstl\u00f6senden Eigenschaften. Pinen, mit seinem frischen Minz- und Kiefern-Duft, hilft, das Ged\u00e4chtnis und die Konzentration zu verbessern und hat zudem entz\u00fcndungshemmende Eigenschaften. Schlie\u00dflich tr\u00e4gt das Terpen Myrcen, obwohl nicht direkt in den Aromen erw\u00e4hnt, zur tiefen Entspannung bei und hat beruhigende Eigenschaften, die die beruhigenden Effekte von Nicole Kush erg\u00e4nzen.<\/p>\n\n\n\n<p>Zusammen bereichern diese Terpene nicht nur die sensorische Erfahrung beim Konsum von Nicole Kush, sondern verst\u00e4rken auch ihre therapeutischen Vorteile und machen diesen Strain zu einer ausgezeichneten Wahl f\u00fcr sowohl den Freizeit- als auch den medizinischen Gebrauch.<\/p>\n\n\n\n<h2 class=\"wp-block-heading\">Ertrag und Bl\u00fctezeit<\/h2>\n\n\n\n<p>Nicole Kush besticht nicht nur durch ihre einfache Anbauweise, sondern auch durch ihre gro\u00dfz\u00fcgige Ernte sowohl indoor als auch outdoor. Indoor ist dieser Strain ideal f\u00fcr jede Anbaumethode, vom SCROG bis zum SOG. Mit nur 4-5 Pflanzen kannst du in wenigen Wochen einen 100&#215;100 cm Schrank f\u00fcllen und eine beeindruckende Ernte erzielen. Mit einer 300-350 W LED-Lampe ist es m\u00f6glich, bis zu <strong>550 Gramm<\/strong> pro Quadratmeter zu ernten.<\/p>\n\n\n\n<p>Outdoor erreicht Nicole Kush eine mittlere Gr\u00f6\u00dfe von 2 bis 2,5 Metern, abh\u00e4ngig vom Pflanzzeitpunkt. Trotz ihrer robusten Struktur und starken \u00c4ste kann das Gewicht der Buds zus\u00e4tzliche Unterst\u00fctzung erfordern. Die Outdoor-Ernte ist ebenso bemerkenswert, mit gr\u00f6\u00dferen Pflanzen, die zwischen <strong>700 und 900 Gramm<\/strong> produzieren k\u00f6nnen.<\/p>\n\n\n\n<p>Die Bl\u00fctezeit von Nicole Kush ist relativ kurz, was sie attraktiv f\u00fcr Grower macht, die schnelle Ergebnisse suchen. Indoor ist die Bl\u00fcte in nur 8-9 Wochen nach der Umstellung auf den Bl\u00fctezyklus abgeschlossen. Outdoor erfolgt die Ernte zwischen Ende September und Anfang Oktober, was diesen Strain zu einer geeigneten Wahl f\u00fcr eine Vielzahl von Klimazonen macht.<\/p>\n\n\n\n<h2 class=\"wp-block-heading\">Wie man Nicole Kush anbaut<\/h2>\n\n\n\n<p>Nicole Kush ist einer jener Strains, die das Leben eines Growers erleichtern. Ihre <strong>geringe Anbauschwierigkeit<\/strong> macht sie ideal f\u00fcr Anf\u00e4nger und erfahrene Grower gleicherma\u00dfen. Diese Sorte ist sehr widerstandsf\u00e4hig und tolerant gegen\u00fcber verschiedenen Anbaumethoden, vom SCROG bis zum SOG, und passt sich perfekt an jedes Anbauumfeld an.<\/p>\n\n\n\n<p>Um die besten Ergebnisse zu erzielen, empfehlen wir, Nicole Kush in einem warmen und mediterranen Klima anzubauen. Obwohl sie auch in k\u00fchleren Klimazonen gedeihen kann, bevorzugt sie milde und stabile Temperaturen. Indoor ist es wichtig, die Luftfeuchtigkeit und Temperatur angemessen zu kontrollieren, um optimale Bedingungen nachzuahmen.<\/p>\n\n\n\n<p>Nicole Kush ist <strong>sehr widerstandsf\u00e4hig gegen Sch\u00e4dlinge und Krankheiten<\/strong>, was das Risiko von Problemen w\u00e4hrend des Anbaus erheblich reduziert. Ihre robuste Struktur und gro\u00dfen Bl\u00e4tter sch\u00fctzen die Buds und halten die Pflanze w\u00e4hrend ihres gesamten Wachstumszyklus gesund.<\/p>\n\n\n\n<div style=\"height:50px\" aria-hidden=\"true\" class=\"wp-block-spacer uag-hide-mob\"><\/div>\n\n\n\n<div class=\"wp-block-columns is-layout-flex wp-container-core-columns-is-layout-28f84493 wp-block-columns-is-layout-flex\">\n<div class=\"wp-block-column is-layout-flow wp-block-column-is-layout-flow\">\n<p class=\"has-text-align-center has-medium-font-size\"><strong>Was wir am meisten m\u00f6gen<\/strong><\/p>\n\n\n\n<ul class=\"wp-block-list\">\n<li>Sehr einfach anzubauen.<\/li>\n\n\n\n<li>XXL-Ertrag.<\/li>\n\n\n\n<li>Zitronig und minzig im Geschmack.<\/li>\n\n\n\n<li>Sehr starke Wirkung.<\/li>\n<\/ul>\n<\/div>\n\n\n\n<div class=\"wp-block-column is-layout-flow wp-block-column-is-layout-flow\">\n<p class=\"has-text-align-center has-medium-font-size\"><strong>Was wir weniger m\u00f6gen<\/strong><\/p>\n\n\n\n<ul class=\"wp-block-list\">\n<li>W\u00e4hrend der Bl\u00fctezeit intensiver Geruch.<\/li>\n<\/ul>\n<\/div>\n<\/div>\n\n\n\n<div style=\"height:50px\" aria-hidden=\"true\" class=\"wp-block-spacer uag-hide-mob\"><\/div>\n\n\n\n<h2 class=\"wp-block-heading\">H\u00e4ufig gestellte Fragen<\/h2>\n\n\n\n<p>Wenn du Fragen zum Anbau dieser g\u00fcnstigen Bulk-Samen hast, findest du hier die am h\u00e4ufigsten gestellten Fragen:<\/p>\n\n\n<div id=\"rank-math-faq\" class=\"rank-math-block\">\n<div class=\"rank-math-list \">\n<div id=\"faq-question-1663029074962\" class=\"rank-math-list-item\">\n<h3 class=\"rank-math-question \">Ist Nicole Kush sativa oder indica?<\/h3>\n<div class=\"rank-math-answer \">\n\n<p>Nicole Kush ist \u00fcberwiegend Indica, mit 75% Indica-Genetik und 25% Sativa. Indica-Strains wie Nicole Kush sind in der Regel kompakter und haben eine entspannendere, sedierende Wirkung. Im Gegensatz dazu neigen Sativa-Strains dazu, gr\u00f6\u00dfer und schlanker zu sein, mit energetischeren und euphorischen Effekten.<\/p>\n\n<\/div>\n<\/div>\n<div id=\"faq-question-1721728618431\" class=\"rank-math-list-item\">\n<h3 class=\"rank-math-question \">Welche Kreuzung ist Nicole Kush?<\/h3>\n<div class=\"rank-math-answer \">\n\n<p>Nicole Kush ist das Ergebnis der Kreuzung der ber\u00fchmten Kosher Kush mit Nicole. Diese Kreuzung kombiniert die besten Eigenschaften beider Strains und bietet eine robuste, leicht anzubauende Pflanze mit sehr starken Effekten.<\/p>\n\n<\/div>\n<\/div>\n<div id=\"faq-question-1721728620748\" class=\"rank-math-list-item\">\n<h3 class=\"rank-math-question \">Wann beginnt die Bl\u00fctezeit von Nicole Kush?<\/h3>\n<div class=\"rank-math-answer \">\n\n<p>Die Bl\u00fctezeit von Nicole Kush im Freien beginnt in den ersten zwei Augustwochen, abh\u00e4ngig von der geografischen Lage des Anbaus. Indoor beginnt die Bl\u00fcte nach der Umstellung auf den Bl\u00fctezyklus.<\/p>\n\n<\/div>\n<\/div>\n<div id=\"faq-question-1721728621725\" class=\"rank-math-list-item\">\n<h3 class=\"rank-math-question \">Wann wird Nicole Kush geerntet?<\/h3>\n<div class=\"rank-math-answer \">\n\n<p>Nicole Kush ist ein schnell bl\u00fchender Strain, der im Freien zwischen Ende September und Anfang Oktober geerntet wird. Indoor erfolgt die Ernte etwa 8-9 Wochen nach Beginn der Bl\u00fctezeit.<\/p>\n\n<\/div>\n<\/div>\n<div id=\"faq-question-1721728622487\" class=\"rank-math-list-item\">\n<h3 class=\"rank-math-question \">Wie baut man Nicole Kush an?<\/h3>\n<div class=\"rank-math-answer \">\n\n<p>Nicole Kush ist sehr einfach anzubauen und sehr widerstandsf\u00e4hig, ideal f\u00fcr Anf\u00e4nger. Es ist eine robuste Pflanze von mittlerer Gr\u00f6\u00dfe mit sehr hohen Ertr\u00e4gen. Sie passt sich gut an verschiedene Anbaumethoden an und ist sehr resistent gegen Sch\u00e4dlinge und Krankheiten.<\/p>\n\n<\/div>\n<\/div>\n<div id=\"faq-question-1721728623860\" class=\"rank-math-list-item\">\n<h3 class=\"rank-math-question \">Wie schmeckt Nicole Kush?<\/h3>\n<div class=\"rank-math-answer \">\n\n<p>Der Geschmack von Nicole Kush ist komplex und k\u00f6stlich, mit Zitrusnoten von reifer Zitrone und s\u00fc\u00dfer Grapefruit, frischen Minznoten und einem erdigen Kush-Unterton. Jeder Zug bietet ein einzigartiges sensorisches Erlebnis.<\/p>\n\n<\/div>\n<\/div>\n<div id=\"faq-question-1721728624810\" class=\"rank-math-list-item\">\n<h3 class=\"rank-math-question \">Wie hoch ist der Cannabinoidgehalt von Nicole Kush?<\/h3>\n<div class=\"rank-math-answer \">\n\n<p>Nicole Kush hat einen THC-Gehalt von 15% bis 20%, was eine starke und langanhaltende Erfahrung bietet. Ihr CBD-Gehalt ist niedrig, meist unter 1%.<\/p>\n\n<\/div>\n<\/div>\n<div id=\"faq-question-1721728625594\" class=\"rank-math-list-item\">\n<h3 class=\"rank-math-question \">Welche Effekte hat Nicole Kush?<\/h3>\n<div class=\"rank-math-answer \">\n\n<p>Die Effekte von Nicole Kush sind sehr stark und beginnen mit einem gl\u00fccklichen und energetischen High, gefolgt von einer tiefen und beruhigenden Entspannung. Sie ist perfekt zum Abschalten und Entspannen, und in hohen Dosen kann sie schlaff\u00f6rdernd sein und einen erholsamen, tiefen Schlaf erm\u00f6glichen.<\/p>\n\n<\/div>\n<\/div>\n<\/div>\n<\/div>","protected":false},"excerpt":{"rendered":"<p><strong>Nicole Kush<\/strong> bietet eine einfache und lohnende Anbauerfahrung mit einer <strong>XXL-Produktion<\/strong>. Genie\u00dfe ihre starken, entspannenden Effekte und ihren exquisiten <strong>zitronigen und minzigen Geschmack<\/strong>. Ideal sowohl f\u00fcr Anf\u00e4nger als auch f\u00fcr Experten, garantiert diese Sorte <strong>harzige und farbenfrohe Buds<\/strong>, die jede Ernte zu einem echten Schatz machen.<\/p>\n","protected":false},"featured_media":26597,"comment_status":"open","ping_status":"closed","template":"","meta":{"_acf_changed":false,"inline_featured_image":false,"_uag_custom_page_level_css":""},"product_brand":[],"product_cat":[1097,4113],"product_tag":[],"class_list":{"0":"post-10222","1":"product","2":"type-product","3":"status-publish","4":"has-post-thumbnail","6":"product_cat-feminisierte-cannabis-samen","7":"product_cat-cannabis-samen-unter-1-euro","9":"first","10":"instock","11":"sale","12":"taxable","13":"shipping-taxable","14":"purchasable","15":"product-type-simple"},"acf":[],"uagb_featured_image_src":{"full":["https:\/\/bulkgenetics.com\/wp-content\/uploads\/2022\/10\/nicole-kush-1.jpeg",1600,1600,false],"thumbnail":["https:\/\/bulkgenetics.com\/wp-content\/uploads\/2022\/10\/nicole-kush-1-150x150.jpeg",150,150,true],"medium":["https:\/\/bulkgenetics.com\/wp-content\/uploads\/2022\/10\/nicole-kush-1-300x300.jpeg",300,300,true],"medium_large":["https:\/\/bulkgenetics.com\/wp-content\/uploads\/2022\/10\/nicole-kush-1-768x768.jpeg",768,768,true],"large":["https:\/\/bulkgenetics.com\/wp-content\/uploads\/2022\/10\/nicole-kush-1-1024x1024.jpeg",1024,1024,true],"1536x1536":["https:\/\/bulkgenetics.com\/wp-content\/uploads\/2022\/10\/nicole-kush-1-1536x1536.jpeg",1536,1536,true],"2048x2048":["https:\/\/bulkgenetics.com\/wp-content\/uploads\/2022\/10\/nicole-kush-1.jpeg",1600,1600,false],"commercegurus-pdp-large":["https:\/\/bulkgenetics.com\/wp-content\/uploads\/2022\/10\/nicole-kush-1-990x990.jpeg",990,990,true],"commercegurus-plp-mobile":["https:\/\/bulkgenetics.com\/wp-content\/uploads\/2022\/10\/nicole-kush-1-441x441.jpeg",441,441,true],"cgkit_image_swatch":["https:\/\/bulkgenetics.com\/wp-content\/uploads\/2022\/10\/nicole-kush-1-100x100.jpeg",100,100,true],"woocommerce_thumbnail":["https:\/\/bulkgenetics.com\/wp-content\/uploads\/2022\/10\/nicole-kush-1-300x300.jpeg",300,300,true],"woocommerce_single":["https:\/\/bulkgenetics.com\/wp-content\/uploads\/2022\/10\/nicole-kush-1-800x800.jpeg",800,800,true],"woocommerce_gallery_thumbnail":["https:\/\/bulkgenetics.com\/wp-content\/uploads\/2022\/10\/nicole-kush-1-150x150.jpeg",150,150,true],"dgwt-wcas-product-suggestion":["https:\/\/bulkgenetics.com\/wp-content\/uploads\/2022\/10\/nicole-kush-1-64x64.jpeg",64,64,true]},"uagb_author_info":{"display_name":"Bruno Crespo","author_link":"https:\/\/bulkgenetics.com\/de\/author\/"},"uagb_comment_info":0,"uagb_excerpt":"Nicole Kush bietet eine einfache und lohnende Anbauerfahrung mit einer XXL-Produktion. Genie\u00dfe ihre starken, entspannenden Effekte und ihren exquisiten zitronigen und minzigen Geschmack. Ideal sowohl f\u00fcr Anf\u00e4nger als auch f\u00fcr Experten, garantiert diese Sorte harzige und farbenfrohe Buds, die jede Ernte zu einem echten Schatz machen.","_links":{"self":[{"href":"https:\/\/bulkgenetics.com\/de\/wp-json\/wp\/v2\/product\/10222","targetHints":{"allow":["GET"]}}],"collection":[{"href":"https:\/\/bulkgenetics.com\/de\/wp-json\/wp\/v2\/product"}],"about":[{"href":"https:\/\/bulkgenetics.com\/de\/wp-json\/wp\/v2\/types\/product"}],"replies":[{"embeddable":true,"href":"https:\/\/bulkgenetics.com\/de\/wp-json\/wp\/v2\/comments?post=10222"}],"wp:featuredmedia":[{"embeddable":true,"href":"https:\/\/bulkgenetics.com\/de\/wp-json\/wp\/v2\/media\/26597"}],"wp:attachment":[{"href":"https:\/\/bulkgenetics.com\/de\/wp-json\/wp\/v2\/media?parent=10222"}],"wp:term":[{"taxonomy":"product_brand","embeddable":true,"href":"https:\/\/bulkgenetics.com\/de\/wp-json\/wp\/v2\/product_brand?post=10222"},{"taxonomy":"product_cat","embeddable":true,"href":"https:\/\/bulkgenetics.com\/de\/wp-json\/wp\/v2\/product_cat?post=10222"},{"taxonomy":"product_tag","embeddable":true,"href":"https:\/\/bulkgenetics.com\/de\/wp-json\/wp\/v2\/product_tag?post=10222"}],"curies":[{"name":"wp","href":"https:\/\/api.w.org\/{rel}","templated":true}]}}