{"id":10238,"date":"2022-10-04T18:07:59","date_gmt":"2022-10-04T16:07:59","guid":{"rendered":"https:\/\/www.bulkgenetics.com\/kritische-gruene-cbd\/"},"modified":"2024-10-08T01:09:03","modified_gmt":"2024-10-07T23:09:03","slug":"critical-green-cbd","status":"publish","type":"product","link":"https:\/\/bulkgenetics.com\/de\/critical-green-cbd\/","title":{"rendered":"Critical Green CBD"},"content":{"rendered":"\n<p>Green Poison von Sweet Seeds<\/p>\n","protected":false},"excerpt":{"rendered":"<p>Critical Green CBD ist eine Sorte mit einem sehr hohen Cannabidiol-Gehalt, die aus der Kreuzung von Critical CBD und Green Poison entstanden ist. Sie ist sehr widerstandsf\u00e4hig und pflegeleicht und eignet sich aufgrund ihrer kurzen Bl\u00fctezeit von 7 Wochen sehr gut f\u00fcr Gebiete mit kurzen Sommern. Sie wird bis zu 3 Meter hoch und liefert einen gewaltigen Ertrag an sehr klebrigen Megakugeln. Sein Geschmack ist zitrisch, blumig und fruchtig, mit deutlichen <em>skunkigen<\/em> Noten. Aufgrund des niedrigen THC- und hohen CBD-Gehalts sind die zerebralen Effekte praktisch gleich null. Du wirst dich freudig, entspannt und frei von jeglichen Blockaden f\u00fchlen.<\/p>\n","protected":false},"featured_media":9188,"comment_status":"open","ping_status":"closed","template":"","meta":{"_acf_changed":false,"inline_featured_image":false,"_uag_custom_page_level_css":""},"product_brand":[],"product_cat":[1123],"product_tag":[],"class_list":{"0":"post-10238","1":"product","2":"type-product","3":"status-publish","4":"has-post-thumbnail","6":"product_cat-cbd-bulk-samen","8":"first","9":"instock","10":"taxable","11":"shipping-taxable","12":"purchasable","13":"product-type-simple"},"acf":[],"uagb_featured_image_src":{"full":["https:\/\/bulkgenetics.com\/wp-content\/uploads\/2022\/10\/Critical-Green-CBD.jpg",1600,1600,false],"thumbnail":["https:\/\/bulkgenetics.com\/wp-content\/uploads\/2022\/10\/Critical-Green-CBD-150x150.jpg",150,150,true],"medium":["https:\/\/bulkgenetics.com\/wp-content\/uploads\/2022\/10\/Critical-Green-CBD-300x300.jpg",300,300,true],"medium_large":["https:\/\/bulkgenetics.com\/wp-content\/uploads\/2022\/10\/Critical-Green-CBD-768x768.jpg",768,768,true],"large":["https:\/\/bulkgenetics.com\/wp-content\/uploads\/2022\/10\/Critical-Green-CBD-1024x1024.jpg",1024,1024,true],"1536x1536":["https:\/\/bulkgenetics.com\/wp-content\/uploads\/2022\/10\/Critical-Green-CBD-1536x1536.jpg",1536,1536,true],"2048x2048":["https:\/\/bulkgenetics.com\/wp-content\/uploads\/2022\/10\/Critical-Green-CBD.jpg",1600,1600,false],"commercegurus-pdp-large":["https:\/\/bulkgenetics.com\/wp-content\/uploads\/2022\/10\/Critical-Green-CBD-990x990.jpg",990,990,true],"commercegurus-plp-mobile":["https:\/\/bulkgenetics.com\/wp-content\/uploads\/2022\/10\/Critical-Green-CBD-441x441.jpg",441,441,true],"cgkit_image_swatch":["https:\/\/bulkgenetics.com\/wp-content\/uploads\/2022\/10\/Critical-Green-CBD-100x100.jpg",100,100,true],"woocommerce_thumbnail":["https:\/\/bulkgenetics.com\/wp-content\/uploads\/2022\/10\/Critical-Green-CBD-300x300.jpg",300,300,true],"woocommerce_single":["https:\/\/bulkgenetics.com\/wp-content\/uploads\/2022\/10\/Critical-Green-CBD-800x800.jpg",800,800,true],"woocommerce_gallery_thumbnail":["https:\/\/bulkgenetics.com\/wp-content\/uploads\/2022\/10\/Critical-Green-CBD-150x150.jpg",150,150,true],"dgwt-wcas-product-suggestion":["https:\/\/bulkgenetics.com\/wp-content\/uploads\/2022\/10\/Critical-Green-CBD-64x64.jpg",64,64,true]},"uagb_author_info":{"display_name":"Chris","author_link":"https:\/\/bulkgenetics.com\/de\/author\/"},"uagb_comment_info":0,"uagb_excerpt":"Critical Green CBD ist eine Sorte mit einem sehr hohen Cannabidiol-Gehalt, die aus der Kreuzung von Critical CBD und Green Poison entstanden ist. Sie ist sehr widerstandsf\u00e4hig und pflegeleicht und eignet sich aufgrund ihrer kurzen Bl\u00fctezeit von 7 Wochen sehr gut f\u00fcr Gebiete mit kurzen Sommern. Sie wird bis zu 3 Meter hoch und liefert&hellip;","_links":{"self":[{"href":"https:\/\/bulkgenetics.com\/de\/wp-json\/wp\/v2\/product\/10238","targetHints":{"allow":["GET"]}}],"collection":[{"href":"https:\/\/bulkgenetics.com\/de\/wp-json\/wp\/v2\/product"}],"about":[{"href":"https:\/\/bulkgenetics.com\/de\/wp-json\/wp\/v2\/types\/product"}],"replies":[{"embeddable":true,"href":"https:\/\/bulkgenetics.com\/de\/wp-json\/wp\/v2\/comments?post=10238"}],"wp:featuredmedia":[{"embeddable":true,"href":"https:\/\/bulkgenetics.com\/de\/wp-json\/wp\/v2\/media\/9188"}],"wp:attachment":[{"href":"https:\/\/bulkgenetics.com\/de\/wp-json\/wp\/v2\/media?parent=10238"}],"wp:term":[{"taxonomy":"product_brand","embeddable":true,"href":"https:\/\/bulkgenetics.com\/de\/wp-json\/wp\/v2\/product_brand?post=10238"},{"taxonomy":"product_cat","embeddable":true,"href":"https:\/\/bulkgenetics.com\/de\/wp-json\/wp\/v2\/product_cat?post=10238"},{"taxonomy":"product_tag","embeddable":true,"href":"https:\/\/bulkgenetics.com\/de\/wp-json\/wp\/v2\/product_tag?post=10238"}],"curies":[{"name":"wp","href":"https:\/\/api.w.org\/{rel}","templated":true}]}}