{"id":10239,"date":"2022-10-04T18:01:13","date_gmt":"2022-10-04T16:01:13","guid":{"rendered":"https:\/\/www.bulkgenetics.com\/rot-kalifornien-orange-schnelle-version\/"},"modified":"2024-11-08T23:33:40","modified_gmt":"2024-11-08T22:33:40","slug":"red-california-orange-fast-version","status":"publish","type":"product","link":"https:\/\/bulkgenetics.com\/de\/red-california-orange-fast-version\/","title":{"rendered":"Red California Orange Fast Version"},"content":{"rendered":"\n<p><strong>Red California Orange Fast Version<\/strong> ist eine unserer spektakul\u00e4rsten schnell bl\u00fchenden Sorten, \u00fcber die wir die besten Kommentare erhalten.<\/p>\n\n\n\n<p>Es handelt sich um einen Hybrid mit Indica-Dominanz, der den s\u00fc\u00dfen und orangefarbenen Geschmack von <strong>Tangie<\/strong> mit den gro\u00dfen, schweren und roten Knospen von <strong><a href=\"https:\/\/bulkgenetics.com\/de\/red-skunk-auto\/\">Red Skunk Auto<\/a><\/strong> kombiniert. <\/p>\n\n\n\n<p>Es ist ein Strain \u00e4hnlich dem Red Mandarine F1 Fast Version von Sweet Seeds, der so gute Bewertungen auf Websites wie Leafly hat, aber mit einem intensiveren Geschmack und zu einem viel niedrigeren Preis.<\/p>\n\n\n\n<h2 class=\"wp-block-heading\">Wie man Red California Orange Fast Version anbaut<\/h2>\n\n\n\n<p>Es ist eine sehr einfache Cannabis-Sorte, die keine besondere Pflege ben\u00f6tigt. Aufgrund ihrer schnellen Bl\u00fctezeit eignet sie sich f\u00fcr fast jede Region, auch f\u00fcr solche mit kurzen Sommern.<\/p>\n\n\n\n<p><strong>Im Freien<\/strong>, wenn sie im fr\u00fchen Fr\u00fchjahr keimt und die Bedingungen optimal sind, kann sie <strong>bis zu einer beeindruckenden Gr\u00f6\u00dfe von 2,5 Metern<\/strong> wachsen. <\/p>\n\n\n\n<p>Die Ernte erfolgt sehr fr\u00fch, <strong>zwischen Mitte und Ende September werden Sie<\/strong> die aromatischsten Bl\u00fcten schneiden, die Sie sich vorstellen k\u00f6nnen.<\/p>\n\n\n\n<p><strong>Indoor<\/strong> passt sie sich jeder Anbaumethode an. Bei SOG aus kleinen Stecklingen konzentriert sie die Produktion auf die Hauptspitzen. Bei SCROG verzweigt sie sich schnell, wenn die \u00c4ste beschnitten oder geleitet werden.<\/p>\n\n\n\n<p>Von der \u00c4nderung des Lichtzyklus bis zur Bl\u00fcte <strong>erntet man in 50-55 Tagen<\/strong>. In den letzten Wochen werden die D\u00fcfte sehr intensiv und es wird empfohlen, ein gutes Geruchsneutralisationssystem zu verwenden.<\/p>\n\n\n\n<h2 class=\"wp-block-heading\">Eigenschaften von Red California Orange Fast Version<\/h2>\n\n\n\n<p>Diese Marihuana-Sorte wird zweifellos die K\u00f6nigin in jedem Garten sein. Ihre roten Knospen werden alle beneiden. Sie sind gro\u00df, steinhart und sehr harzig.<\/p>\n\n\n\n<p>Die Ernte ist sehr hoch und indoor kann man mit einer 300-350 W LED-Lampe leicht <strong>bis zu 550 Gramm pro m\u00b2<\/strong> erreichen. Im Freien k\u00f6nnen die gr\u00f6\u00dften Pflanzen eine Produktion von bis zu <strong>800 Gramm pro Pflanze<\/strong> erzielen.<\/p>\n\n\n\n<p>Ihr <strong>Duft<\/strong> wird den gesamten Anbau durchdringen. Ihr <strong>Geschmack<\/strong> wird Sie an ein s\u00fc\u00dfes Zitrusgetr\u00e4nk wie Mandarine erinnern, mit leichten Kiefernoten.<\/p>\n\n\n\n<p><strong>Die Wirkung ist stark<\/strong> und ziemlich ausgewogen. Nach einem anf\u00e4nglichen Kribbeln wird Ihr K\u00f6rper voller Energie sein, die allm\u00e4hlich in entspannendere und immer gl\u00fccklichere Gef\u00fchle \u00fcbergeht.<\/p>\n\n\n\n<div style=\"height:50px\" aria-hidden=\"true\" class=\"wp-block-spacer uag-hide-mob\"><\/div>\n\n\n\n<div class=\"wp-block-columns is-layout-flex wp-container-core-columns-is-layout-28f84493 wp-block-columns-is-layout-flex\">\n<div class=\"wp-block-column is-layout-flow wp-block-column-is-layout-flow\">\n<p class=\"has-text-align-center has-medium-font-size\"><strong>Was uns am meisten gef\u00e4llt<\/strong><\/p>\n\n\n\n<ul class=\"wp-block-list\">\n<li>Sehr einfach anzubauen.<\/li>\n\n\n\n<li>Hoher Ertrag.<\/li>\n\n\n\n<li>Mandarinengeschmack.<\/li>\n\n\n\n<li>Sehr ausgewogene Effekte.<\/li>\n\n\n\n<li>Der Preis.<\/li>\n<\/ul>\n<\/div>\n\n\n\n<div class=\"wp-block-column is-layout-flow wp-block-column-is-layout-flow\">\n<p class=\"has-text-align-center has-medium-font-size\"><strong>Was k\u00f6nnte besser sein<\/strong><\/p>\n\n\n\n<ul class=\"wp-block-list\">\n<li>Die Intensit\u00e4t des Geruchs k\u00f6nnte f\u00fcr einige zu stark sein.<\/li>\n<\/ul>\n<\/div>\n<\/div>\n\n\n\n<p>Dieser Strain ist aufgrund seiner Kombination aus Geschmack, Produktion und einfacher Handhabung eine sichere Wette f\u00fcr jeden Z\u00fcchter. <\/p>\n\n\n\n<h2 class=\"wp-block-heading\">H\u00e4ufig gestellte Fragen<\/h2>\n\n\n\n<p>Im Folgenden finden Sie die h\u00e4ufigsten Fragen, die uns Interessenten dieser Gro\u00dfhandelssamen oft stellen:<\/p>\n\n\n<div id=\"rank-math-faq\" class=\"rank-math-block\">\n<div class=\"rank-math-list \">\n<div id=\"faq-question-1663029074962\" class=\"rank-math-list-item\">\n<h3 class=\"rank-math-question \">Wann beginnt die Red California Orange Fast Version im Freien zu bl\u00fchen?<\/h3>\n<div class=\"rank-math-answer \">\n\n<p>Je nach Breitengrad des Anbaus beginnt die Bl\u00fctezeit zwischen Ende September und Mitte August.<\/p>\n\n<\/div>\n<\/div>\n<div id=\"faq-question-1663029159933\" class=\"rank-math-list-item\">\n<h3 class=\"rank-math-question \">Wann sollte man eine im Freien wachsende Red California Orange Fast Version ernten?<\/h3>\n<div class=\"rank-math-answer \">\n\n<p>Es handelt sich um eine sehr schnell bl\u00fchende Marihuanasorte, die in der zweiten Septemberh\u00e4lfte geerntet wird.<\/p>\n\n<\/div>\n<\/div>\n<div id=\"faq-question-1663029165861\" class=\"rank-math-list-item\">\n<h3 class=\"rank-math-question \">Wie kultiviert man eine feminisierte Red California Orange Fast Version?<\/h3>\n<div class=\"rank-math-answer \">\n\n<p>Es ist eine sehr einfache Cannabispflanze, ideal auch f\u00fcr Gebiete mit k\u00fcrzeren Sommern, da sie in nur 50-55 Tagen geerntet wird.<\/p>\n\n<\/div>\n<\/div>\n<div id=\"faq-question-1666780029954\" class=\"rank-math-list-item\">\n<h3 class=\"rank-math-question \">Welche Wirkungen hat die Red California Orange Fast Version im Gro\u00dfhandel?<\/h3>\n<div class=\"rank-math-answer \">\n\n<p>Die Wirkungen sind ausgewogen, sehr fr\u00f6hlich und potent. Nach einem sehr energischen Start tritt eine sehr angenehme Entspannung ein.<\/p>\n\n<\/div>\n<\/div>\n<\/div>\n<\/div>","protected":false},"excerpt":{"rendered":"<p>Red California Orange Fast Version ist eine feminisierte Kreuzung zwischen Tangie und Critical Red. Sie ist eine pflegeleichte, winterharte Pflanze und eine ausgezeichnete Wahl f\u00fcr Gebiete mit kurzen Sommern. Sie hat eine sehr schnelle Bl\u00fctezeit und wird in 7-8 Wochen geerntet. Sie produziert eine riesige Menge hochharziger, rot gef\u00e4rbter Knospen, die sich zu langen, dichten Colas von der Gr\u00f6\u00dfe eines Baseballschl\u00e4gers zusammenfinden. Sein Geschmack ist spektakul\u00e4r, sehr s\u00fc\u00df und orangig mit einem Hauch von Zypresse. Die Wirkung ist stark, ein Energieschub durchstr\u00f6mt deinen K\u00f6rper und du f\u00e4llst langsam in eine gl\u00fcckselige Entspannung.<\/p>\n","protected":false},"featured_media":18905,"comment_status":"open","ping_status":"closed","template":"","meta":{"_acf_changed":false,"inline_featured_image":false,"_uag_custom_page_level_css":""},"product_brand":[],"product_cat":[3569],"product_tag":[],"class_list":{"0":"post-10239","1":"product","2":"type-product","3":"status-publish","4":"has-post-thumbnail","6":"product_cat-fast-version-seeds","8":"first","9":"outofstock","10":"taxable","11":"shipping-taxable","12":"purchasable","13":"product-type-simple"},"acf":[],"uagb_featured_image_src":{"full":["https:\/\/bulkgenetics.com\/wp-content\/uploads\/2022\/10\/Red-California-Orange-Fast-Version-Weed-Strain.jpg",1600,1600,false],"thumbnail":["https:\/\/bulkgenetics.com\/wp-content\/uploads\/2022\/10\/Red-California-Orange-Fast-Version-Weed-Strain-150x150.jpg",150,150,true],"medium":["https:\/\/bulkgenetics.com\/wp-content\/uploads\/2022\/10\/Red-California-Orange-Fast-Version-Weed-Strain-300x300.jpg",300,300,true],"medium_large":["https:\/\/bulkgenetics.com\/wp-content\/uploads\/2022\/10\/Red-California-Orange-Fast-Version-Weed-Strain-768x768.jpg",768,768,true],"large":["https:\/\/bulkgenetics.com\/wp-content\/uploads\/2022\/10\/Red-California-Orange-Fast-Version-Weed-Strain-1024x1024.jpg",1024,1024,true],"1536x1536":["https:\/\/bulkgenetics.com\/wp-content\/uploads\/2022\/10\/Red-California-Orange-Fast-Version-Weed-Strain-1536x1536.jpg",1536,1536,true],"2048x2048":["https:\/\/bulkgenetics.com\/wp-content\/uploads\/2022\/10\/Red-California-Orange-Fast-Version-Weed-Strain.jpg",1600,1600,false],"commercegurus-pdp-large":["https:\/\/bulkgenetics.com\/wp-content\/uploads\/2022\/10\/Red-California-Orange-Fast-Version-Weed-Strain-990x990.jpg",990,990,true],"commercegurus-plp-mobile":["https:\/\/bulkgenetics.com\/wp-content\/uploads\/2022\/10\/Red-California-Orange-Fast-Version-Weed-Strain-441x441.jpg",441,441,true],"cgkit_image_swatch":["https:\/\/bulkgenetics.com\/wp-content\/uploads\/2022\/10\/Red-California-Orange-Fast-Version-Weed-Strain-100x100.jpg",100,100,true],"woocommerce_thumbnail":["https:\/\/bulkgenetics.com\/wp-content\/uploads\/2022\/10\/Red-California-Orange-Fast-Version-Weed-Strain-300x300.jpg",300,300,true],"woocommerce_single":["https:\/\/bulkgenetics.com\/wp-content\/uploads\/2022\/10\/Red-California-Orange-Fast-Version-Weed-Strain-800x800.jpg",800,800,true],"woocommerce_gallery_thumbnail":["https:\/\/bulkgenetics.com\/wp-content\/uploads\/2022\/10\/Red-California-Orange-Fast-Version-Weed-Strain-150x150.jpg",150,150,true],"dgwt-wcas-product-suggestion":["https:\/\/bulkgenetics.com\/wp-content\/uploads\/2022\/10\/Red-California-Orange-Fast-Version-Weed-Strain-64x64.jpg",64,64,true]},"uagb_author_info":{"display_name":"\u00c1ngel Flores","author_link":"https:\/\/bulkgenetics.com\/de\/author\/"},"uagb_comment_info":1,"uagb_excerpt":"Red California Orange Fast Version ist eine feminisierte Kreuzung zwischen Tangie und Critical Red. Sie ist eine pflegeleichte, winterharte Pflanze und eine ausgezeichnete Wahl f\u00fcr Gebiete mit kurzen Sommern. Sie hat eine sehr schnelle Bl\u00fctezeit und wird in 7-8 Wochen geerntet. Sie produziert eine riesige Menge hochharziger, rot gef\u00e4rbter Knospen, die sich zu langen, dichten&hellip;","_links":{"self":[{"href":"https:\/\/bulkgenetics.com\/de\/wp-json\/wp\/v2\/product\/10239","targetHints":{"allow":["GET"]}}],"collection":[{"href":"https:\/\/bulkgenetics.com\/de\/wp-json\/wp\/v2\/product"}],"about":[{"href":"https:\/\/bulkgenetics.com\/de\/wp-json\/wp\/v2\/types\/product"}],"replies":[{"embeddable":true,"href":"https:\/\/bulkgenetics.com\/de\/wp-json\/wp\/v2\/comments?post=10239"}],"wp:featuredmedia":[{"embeddable":true,"href":"https:\/\/bulkgenetics.com\/de\/wp-json\/wp\/v2\/media\/18905"}],"wp:attachment":[{"href":"https:\/\/bulkgenetics.com\/de\/wp-json\/wp\/v2\/media?parent=10239"}],"wp:term":[{"taxonomy":"product_brand","embeddable":true,"href":"https:\/\/bulkgenetics.com\/de\/wp-json\/wp\/v2\/product_brand?post=10239"},{"taxonomy":"product_cat","embeddable":true,"href":"https:\/\/bulkgenetics.com\/de\/wp-json\/wp\/v2\/product_cat?post=10239"},{"taxonomy":"product_tag","embeddable":true,"href":"https:\/\/bulkgenetics.com\/de\/wp-json\/wp\/v2\/product_tag?post=10239"}],"curies":[{"name":"wp","href":"https:\/\/api.w.org\/{rel}","templated":true}]}}